{"id":124,"date":"2021-03-08T16:12:21","date_gmt":"2021-03-08T16:12:21","guid":{"rendered":"https:\/\/templatemonster.vecuro.com\/wordpress\/foodelio\/product\/import-placeholder-for-87\/"},"modified":"2025-07-17T12:48:56","modified_gmt":"2025-07-17T12:48:56","slug":"arachides-cacahuetes","status":"publish","type":"product","link":"https:\/\/oncleachour.ma\/ar\/product\/arachides-cacahuetes\/","title":{"rendered":"Arachides Cacahu\u00e8tes nature d\u00e9cortiqu\u00e9es &#8211; \u0643\u0627\u0648\u0643\u0627\u0648 &#8211; \u0627\u0644\u0641\u0648\u0644 \u0627\u0644\u0633\u0648\u062f\u0627\u0646\u064a"},"content":{"rendered":"<h4>Arachides Cacahu\u00e8tes nature d\u00e9cortiqu\u00e9es &#8211; \u0643\u0627\u0648\u0643\u0627\u0648 &#8211; \u0627\u0644\u0641\u0648\u0644 \u0627\u0644\u0633\u0648\u062f\u0627\u0646\u064a<\/h4>\n<p>\u062e\u0645\u0633\u0629 \u0641\u0648\u0627\u0626\u062f \u0645\u0630\u0647\u0644\u0629 \u0644\u0644\u0641\u0648\u0644 \u0627\u0644\u0633\u0648\u062f\u0627\u0646\u064a  (\u0643\u0627\u0648\u0643\u0627\u0648 ) :<\/p>\n<ol>\n<li><strong>\u0627\u0644\u0628\u0631\u0648\u062a\u064a\u0646\u0627\u062a \u0627\u0644\u0646\u0628\u0627\u062a\u064a\u0629<\/strong>\u00a0\u2013 \u063a\u0646\u064a\u0651 \u0628\u0627\u0644\u0628\u0631\u0648\u062a\u064a\u0646\u0627\u062a \u0627\u0644\u0646\u0628\u0627\u062a\u064a\u0629: \u064a\u062d\u062a\u0648\u064a \u0639\u0644\u0649 \u0645\u0627 \u064a\u0642\u0627\u0631\u0628 23 \u062c\u0631\u0627\u0645\u064b\u0627 \u0645\u0646 \u0627\u0644\u0628\u0631\u0648\u062a\u064a\u0646 \u0644\u0643\u0644 100 \u062c\u0631\u0627\u0645 \u0645\u0646 \u0627\u0644\u0641\u0648\u0644 \u0627\u0644\u0633\u0648\u062f\u0627\u0646\u064a\u060c \u0645\u0645\u0627 \u064a\u062c\u0639\u0644\u0647 \u062e\u064a\u0627\u0631\u064b\u0627 \u0645\u062b\u0627\u0644\u064a\u064b\u0627 \u0644\u0644\u0646\u0628\u0627\u062a\u064a\u064a\u0646.<\/li>\n<li><strong>\u0627\u0644\u0623\u0644\u064a\u0627\u0641<\/strong>\u00a0\u2013 \u063a\u0646\u064a \u0628\u0627\u0644\u0623\u0644\u064a\u0627\u0641 \u0627\u0644\u062a\u064a \u062a\u0633\u0627\u0647\u0645 \u0641\u064a \u062a\u062d\u0633\u064a\u0646 \u062d\u0631\u0643\u0629 \u0627\u0644\u0623\u0645\u0639\u0627\u0621\u060c \u0645\u0645\u0627 \u064a\u0633\u0627\u0639\u062f \u0639\u0644\u0649 \u0645\u0643\u0627\u0641\u062d\u0629 \u0627\u0636\u0637\u0631\u0627\u0628\u0627\u062a \u0627\u0644\u062c\u0647\u0627\u0632 \u0627\u0644\u0647\u0636\u0645\u064a \u0648\u0627\u0644\u0645\u0639\u062f\u064a. \u0643\u0645\u0627 \u064a\u0633\u0631\u0651\u0639 \u0645\u0646 \u0627\u0644\u0634\u0639\u0648\u0631 \u0628\u0627\u0644\u0634\u0628\u0639\u060c \u0645\u0645\u0627 \u064a\u0624\u062e\u0651\u0631 \u0625\u062d\u0633\u0627\u0633 \u0627\u0644\u062c\u0648\u0639 \u0648\u064a\u0642\u0644\u0644 \u0645\u0646 \u0627\u062d\u062a\u0645\u0627\u0644\u064a\u0629 \u0627\u0644\u0625\u0641\u0631\u0627\u0637 \u0641\u064a \u062a\u0646\u0627\u0648\u0644 \u0627\u0644\u0637\u0639\u0627\u0645\u060c \u0648\u0628\u0627\u0644\u062a\u0627\u0644\u064a \u064a\u0633\u0627\u0647\u0645 \u0641\u064a \u062a\u0642\u0644\u064a\u0644 \u062e\u0637\u0631 \u0627\u0644\u0633\u0645\u0646\u0629.<\/li>\n<li><strong>\u0641\u064a\u062a\u0627\u0645\u064a\u0646\u0627\u062a<\/strong>\u00a0\u2013 \u064a\u062a\u0645\u064a\u0632 \u0628\u062a\u0631\u0643\u064a\u0632 \u0639\u0627\u0644\u064d \u0645\u0646 \u0627\u0644\u0641\u064a\u062a\u0627\u0645\u064a\u0646\u0627\u062a \u0627\u0644\u0645\u062a\u0646\u0648\u0639\u0629.<br \/>\n<h4><strong>(\u063a\u0646\u064a \u0628\u0641\u064a\u062a\u0627\u0645\u064a\u0646\u0627\u062a B1\u060c B3\u060c B9 \u0648\u0643\u0630\u0644\u0643 \u0641\u064a\u062a\u0627\u0645\u064a\u0646 E)<\/strong>\u064a\u062d\u062a\u0648\u064a \u0639\u0644\u0649 \u0627\u0644\u0639\u062f\u064a\u062f \u0645\u0646 \u0627\u0644\u062c\u0632\u064a\u0626\u0627\u062a \u0627\u0644\u0645\u0641\u064a\u062f\u0629 \u0644\u062c\u0633\u0645\u0646\u0627 \u0648\u0644\u062c\u0647\u0627\u0632 \u0627\u0644\u0645\u0646\u0627\u0639\u0629.\n\u0641\u064a\u062a\u0627\u0645\u064a\u0646 E \u0639\u0644\u0649 \u0648\u062c\u0647 \u0627\u0644\u062e\u0635\u0648\u0635 \u064a\u062e\u0641\u0641 \u0645\u0646 \u0645\u0634\u0627\u0643\u0644 \u0627\u0644\u062f\u0648\u0631\u0629 \u0627\u0644\u0634\u0647\u0631\u064a\u0629\u060c \u0648\u064a\u0642\u0644\u0644 \u0645\u0646 \u062e\u0637\u0631 \u0627\u0644\u0625\u0635\u0627\u0628\u0629 \u0628\u0639\u062f\u0629 \u0623\u0645\u0631\u0627\u0636\u060c \u062e\u0627\u0635\u0629 \u0623\u0645\u0631\u0627\u0636 \u0627\u0644\u0642\u0644\u0628 \u0648\u0627\u0644\u0623\u0648\u0639\u064a\u0629 \u0627\u0644\u062f\u0645\u0648\u064a\u0629.<\/h4>\n<\/li>\n<li><strong>\u062f\u0647\u0648\u0646 \u0635\u062d\u064a\u0629<\/strong>\u00a0\u2013 \u062a\u062d\u062a\u0648\u064a \u0639\u0644\u0649 \u062f\u0647\u0648\u0646 \u0635\u062d\u064a\u0629\u060c \u0645\u062b\u0644 \u0627\u0644\u0623\u062d\u0645\u0627\u0636 \u0627\u0644\u062f\u0647\u0646\u064a\u0629 \u0627\u0644\u0623\u062d\u0627\u062f\u064a\u0629 \u063a\u064a\u0631 \u0627\u0644\u0645\u0634\u0628\u0639\u0629 \u0648\u0627\u0644\u0645\u062a\u0639\u062f\u062f\u0629 .\n\u0628\u0645\u0639\u0646\u0649 \u0622\u062e\u0631\u060c \u062a\u064f\u0639\u062a\u0628\u064e\u0631 \u0645\u0635\u062f\u0631\u064b\u0627 \u0645\u0645\u062a\u0627\u0632\u064b\u0627 \u0644\u0644\u062f\u0647\u0648\u0646 \u0627\u0644\u062c\u064a\u0651\u062f\u0629\u060c \u0645\u0645\u0627 \u064a\u064f\u0633\u0627\u0647\u0645 \u0641\u064a \u062f\u0639\u0645 \u0635\u062d\u0629 \u0627\u0644\u0642\u0644\u0628 \u0648\u0627\u0644\u062f\u0648\u0631\u0629 \u0627\u0644\u062f\u0645\u0648\u064a\u0629.<\/li>\n<li><strong>\u0645\u0639\u0627\u062f\u0646<\/strong>\u00a0\u2013 \u0648\u0623\u062e\u064a\u0631\u064b\u0627\u060c \u064a\u062d\u062a\u0648\u064a \u0627\u0644\u0641\u0648\u0644 \u0627\u0644\u0633\u0648\u062f\u0627\u0646\u064a \u0639\u0644\u0649 \u0639\u062f\u0629 \u0645\u0639\u0627\u062f\u0646\u060c \u062e\u0627\u0635\u0629 \u0627\u0644\u0646\u062d\u0627\u0633\u060c \u0627\u0644\u0632\u0646\u0643\u060c \u0627\u0644\u0645\u063a\u0646\u064a\u0633\u064a\u0648\u0645\u060c \u0648\u0627\u0644\u0641\u0633\u0641\u0648\u0631 (\u0627\u0644\u0630\u064a \u064a\u064f\u0639\u062f \u0636\u0631\u0648\u0631\u064a\u064b\u0627 \u0644\u062a\u0643\u0648\u064a\u0646 \u0627\u0644\u0623\u0633\u0646\u0627\u0646 \u0648\u0627\u0644\u0639\u0638\u0627\u0645 \u0625\u0644\u0649 \u062c\u0627\u0646\u0628 \u0627\u0644\u0643\u0627\u0644\u0633\u064a\u0648\u0645).<\/li>\n<\/ol>\n<p>\u062a\u0634\u064a\u0631 \u062f\u0631\u0627\u0633\u0629 \u0645\u0648\u0633\u0651\u0639\u0629 \u0646\u064f\u0634\u0631\u062a \u0645\u0624\u062e\u0631\u064b\u0627 \u0625\u0644\u0649 \u0623\u0646 \u0627\u0633\u062a\u0647\u0644\u0627\u0643 \u0627\u0644\u0641\u0648\u0644 \u0627\u0644\u0633\u0648\u062f\u0627\u0646\u064a\u060c \u062d\u062a\u0649 \u0628\u0643\u0645\u064a\u0627\u062a \u0635\u063a\u064a\u0631\u0629\u060c \u0642\u062f \u064a\u064f\u0642\u0644\u0651\u0644 \u0645\u0646 \u0645\u0639\u062f\u0644\u0627\u062a \u0627\u0644\u0648\u0641\u0627\u0629\u060c \u0648\u062e\u0635\u0648\u0635\u064b\u0627 \u062a\u0644\u0643 \u0627\u0644\u0645\u0631\u062a\u0628\u0637\u0629 \u0628\u0623\u0645\u0631\u0627\u0636 \u0627\u0644\u0642\u0644\u0628 \u0648\u0627\u0644\u0623\u0648\u0639\u064a\u0629 \u0627\u0644\u062f\u0645\u0648\u064a\u0629\u060c \u0645\u0645\u0627 \u064a\u064f\u0639\u0632\u0651\u0632 \u0646\u062a\u0627\u0626\u062c \u062f\u0631\u0627\u0633\u0627\u062a \u0633\u0627\u0628\u0642\u0629 \u0641\u064a \u0647\u0630\u0627 \u0627\u0644\u0645\u062c\u0627\u0644.<\/p>\n<h2><\/h2>\n<h2><a id=\"valeur-nutritionnelle-cacahuetes\" name=\"valeur-nutritionnelle-cacahuetes\"><\/a>\u0627\u0644\u0642\u064a\u0645 \u0627\u0644\u063a\u0630\u0627\u0626\u064a\u0629<\/h2>\n<table style=\"height: 430px;\" border=\"1\" width=\"680\" cellspacing=\"1\" cellpadding=\"1\">\n<thead>\n<tr>\n<th scope=\"col\">\u0627\u0644\u0645\u063a\u0630\u0651\u064a\u0627\u062a<\/th>\n<th scope=\"col\">\u0627\u0644\u0642\u064a\u0645\u0629 \u0627\u0644\u063a\u0630\u0627\u0626\u064a\u0629 \u0644\u0644\u0641\u0648\u0644 \u0627\u0644\u0633\u0648\u062f\u0627\u0646\u064a \u0644\u0643\u0644 100 \u063a\u0631\u0627\u0645<\/th>\n<th scope=\"col\">\u0627\u0644\u0641\u0648\u0644 \u0627\u0644\u0633\u0648\u062f\u0627\u0646\u064a \u0627\u0644\u0645\u062d\u0645\u0651\u0635 \u0648\u0627\u0644\u0645\u0645\u0644\u0651\u062d: \u0627\u0644\u0642\u064a\u0645\u0629 \u0644\u0643\u0644 100 \u063a\u0631\u0627\u0645<\/th>\n<\/tr>\n<tr>\n<td><strong>\u0628\u0631\u0648\u062a\u064a\u0646\u0627\u062a<\/strong><\/td>\n<td><strong>22,8 g<\/strong><\/td>\n<td><strong>22,9 g<\/strong><\/td>\n<\/tr>\n<tr>\n<td><strong>\u0627\u0644\u0643\u0631\u0628\u0648\u0647\u064a\u062f\u0631\u0627\u062a<\/strong><\/td>\n<td><strong>14,8 g<\/strong><\/td>\n<td><strong>15 g<\/strong><\/td>\n<\/tr>\n<tr>\n<td>\u2013 \u0645\u0646 \u0628\u064a\u0646\u0647\u0627 \u0627\u0644\u0633\u0643\u0631\u064a\u0627\u062a<\/td>\n<td>5,9 g<\/td>\n<td>4,22 g<\/td>\n<\/tr>\n<tr>\n<td>\u2013 \u0645\u0646 \u0628\u064a\u0646\u0647\u0627 \u0627\u0644\u0646\u0634\u0627<\/td>\n<td>5\u00a0g<\/td>\n<td>8,87 g<\/td>\n<\/tr>\n<tr>\n<td><strong>\u0627\u0644\u0623\u0644\u064a\u0627\u0641 \u0627\u0644\u063a\u0630\u0627\u0626\u064a\u0629 \u0627\u0644\u0637\u0628\u064a\u0639\u064a\u0629<\/strong><\/td>\n<td><strong>8,6 g<\/strong><\/td>\n<td><strong>8,04 g<\/strong><\/td>\n<\/tr>\n<tr>\n<td><strong>\u0627\u0644\u062f\u0647\u0648\u0646<\/strong><\/td>\n<td><strong>49,1 g<\/strong><\/td>\n<td><strong>50 g<\/strong><\/td>\n<\/tr>\n<tr>\n<td>\u2013 \u0645\u0646 \u0628\u064a\u0646\u0647\u0627 \u0627\u0644\u0643\u0648\u0644\u064a\u0633\u062a\u0631\u0648\u0644<\/td>\n<td>0,0\u00a0mg<\/td>\n<td>0,1\u00a0mg<\/td>\n<\/tr>\n<tr>\n<td>\u2013 \u0645\u0646 \u0628\u064a\u0646\u0647\u0627 \u0627\u0644\u0623\u062d\u0645\u0627\u0636 \u0627\u0644\u062f\u0647\u0646\u064a\u0629 \u0627\u0644\u0645\u0634\u0628\u0639\u0629<\/td>\n<td>8,4 g<\/td>\n<td>8,64 g<\/td>\n<\/tr>\n<tr>\n<td>\u2013 \u0645\u0646 \u0628\u064a\u0646\u0647\u0627 \u0627\u0644\u0623\u062d\u0645\u0627\u0636 \u0627\u0644\u062f\u0647\u0646\u064a\u0629 \u0627\u0644\u0623\u062d\u0627\u062f\u064a\u0629 \u063a\u064a\u0631 \u0627\u0644\u0645\u0634\u0628\u0639\u0629<\/td>\n<td>25,5 g<\/td>\n<td>24,9 g<\/td>\n<\/tr>\n<tr>\n<td>\u2013 \u0645\u0646 \u0628\u064a\u0646\u0647\u0627 \u0627\u0644\u0623\u062d\u0645\u0627\u0636 \u0627\u0644\u062f\u0647\u0646\u064a\u0629 \u0627\u0644\u0645\u062a\u0639\u062f\u062f\u0629 \u063a\u064a\u0631 \u0627\u0644\u0645\u0634\u0628\u0639\u0629<\/td>\n<td>12,9 g<\/td>\n<td>13,6 g<\/td>\n<\/tr>\n<tr>\n<td><strong>\u0645\u0627\u0621<\/strong><\/td>\n<td><strong>2,2 g<\/strong><\/td>\n<td><strong>1,22 g<\/strong><\/td>\n<\/tr>\n<\/thead>\n<\/table>\n<div id=\"ctn_native_mtf\" class=\"ads--insertor-casper\">\n<div id=\"hbv-native-native_MTF\" class=\"hbv-native\"><\/div>\n<\/div>","protected":false},"excerpt":{"rendered":"<div class=\"product-feature-list\">\n<h3 class=\"\" data-start=\"1084\" data-end=\"1104\"><\/h3>\n<ul data-start=\"1105\" data-end=\"1316\">\n<li class=\"\" data-start=\"1105\" data-end=\"1173\">\n<p class=\"\" data-start=\"1107\" data-end=\"1173\">\u0645\u0635\u062f\u0631 \u0645\u0645\u062a\u0627\u0632 \u0644\u0644\u0637\u0627\u0642\u0629\u060c \u0627\u0644\u0623\u0644\u064a\u0627\u0641 \u0648\u0627\u0644\u0645\u063a\u0646\u064a\u0633\u064a\u0648\u0645.<\/p>\n<\/li>\n<li class=\"\" data-start=\"1174\" data-end=\"1225\">\n<p class=\"\" data-start=\"1176\" data-end=\"1225\">\u0645\u0635\u062f\u0631 \u0645\u0645\u062a\u0627\u0632 \u0644\u0644\u0637\u0627\u0642\u0629\u060c \u0627\u0644\u0623\u0644\u064a\u0627\u0641 \u0648\u0627\u0644\u0645\u063a\u0646\u064a\u0633\u064a\u0648\u0645.<\/p>\n<\/li>\n<li class=\"\" data-start=\"1226\" data-end=\"1261\">\n<p class=\"\" data-start=\"1228\" data-end=\"1261\">\u0645\u0646\u0627\u0633\u0628 \u0644\u0644\u0623\u0646\u0638\u0645\u0629 \u0627\u0644\u063a\u0630\u0627\u0626\u064a\u0629 \u0627\u0644\u0646\u0628\u0627\u062a\u064a\u0629.<\/p>\n<\/li>\n<li class=\"\" data-start=\"1262\" data-end=\"1316\">\n<p class=\"\" data-start=\"1264\" data-end=\"1316\">\u064a\u0646\u0627\u0633\u0628 \u0627\u0644\u062a\u0646\u0627\u0648\u0644 \u0643\u0648\u062c\u0628\u0629 \u062e\u0641\u064a\u0641\u0629 \u0623\u0648 \u0644\u0644\u0627\u0633\u062a\u062e\u062f\u0627\u0645 \u0641\u064a \u0627\u0644\u0637\u0628\u062e.<\/p>\n<\/li>\n<\/ul>\n<h3 class=\"\" data-start=\"1318\" data-end=\"1348\"><\/h3>\n<\/div>","protected":false},"featured_media":4834,"comment_status":"open","ping_status":"closed","template":"","meta":{"iawp_total_views":806,"_joinchat":[]},"product_brand":[],"product_cat":[40],"product_tag":[],"class_list":{"0":"post-124","1":"product","2":"type-product","3":"status-publish","4":"has-post-thumbnail","6":"product_cat-fruits-secs","8":"first","9":"instock","10":"shipping-taxable","11":"purchasable","12":"product-type-variable"},"aioseo_notices":[],"jetpack_sharing_enabled":true,"_links":{"self":[{"href":"https:\/\/oncleachour.ma\/ar\/wp-json\/wp\/v2\/product\/124","targetHints":{"allow":["GET"]}}],"collection":[{"href":"https:\/\/oncleachour.ma\/ar\/wp-json\/wp\/v2\/product"}],"about":[{"href":"https:\/\/oncleachour.ma\/ar\/wp-json\/wp\/v2\/types\/product"}],"replies":[{"embeddable":true,"href":"https:\/\/oncleachour.ma\/ar\/wp-json\/wp\/v2\/comments?post=124"}],"wp:featuredmedia":[{"embeddable":true,"href":"https:\/\/oncleachour.ma\/ar\/wp-json\/wp\/v2\/media\/4834"}],"wp:attachment":[{"href":"https:\/\/oncleachour.ma\/ar\/wp-json\/wp\/v2\/media?parent=124"}],"wp:term":[{"taxonomy":"product_brand","embeddable":true,"href":"https:\/\/oncleachour.ma\/ar\/wp-json\/wp\/v2\/product_brand?post=124"},{"taxonomy":"product_cat","embeddable":true,"href":"https:\/\/oncleachour.ma\/ar\/wp-json\/wp\/v2\/product_cat?post=124"},{"taxonomy":"product_tag","embeddable":true,"href":"https:\/\/oncleachour.ma\/ar\/wp-json\/wp\/v2\/product_tag?post=124"}],"curies":[{"name":"wp","href":"https:\/\/api.w.org\/{rel}","templated":true}]}}