{"id":2367,"date":"2022-06-30T08:50:31","date_gmt":"2022-06-30T08:50:31","guid":{"rendered":"https:\/\/templatemonster.vecuro.com\/wordpress\/foodelio\/?post_type=product&#038;p=2367"},"modified":"2025-06-23T12:38:29","modified_gmt":"2025-06-23T12:38:29","slug":"pistaches-au-sel","status":"publish","type":"product","link":"https:\/\/oncleachour.ma\/ar\/product\/pistaches-au-sel\/","title":{"rendered":"Pistaches Coques Grill\u00e9es au sel &#8211; \u0628\u064a\u0633\u0637\u0627\u062c  \u0645\u0645\u0644\u062d"},"content":{"rendered":"<h2>Pistaches Coques Grill\u00e9es Sal\u00e9es\u00a0 \u0628\u064a\u0633\u0637\u0627\u062c\u00a0 \u0645\u0645\u0644\u062d <strong>\u00a0<\/strong><\/h2>\n<p>Le pistache est un des fruits secs les plus riches en anti-oxydant, qui permet de prot\u00e9ger les cellules du corps des dommages caus\u00e9s par les radicaux libres, donc\u00a0<strong>contre le vieillissement pr\u00e9matur\u00e9 et toutes les maladies qui en d\u00e9coulent<\/strong>\u00a0: Alzheimer,\u00a0Parkinson cancers, etc\u2026<\/p>\n<p>&nbsp;<\/p>\n<p>La pistache est riche en nutriments : plus de 30 vitamines, min\u00e9raux et phyto-nutriments. De plus, c&#8217;est l\u2019<strong>une des noix les plus pauvres en calories<\/strong>, 3 \u00e0 4 calories par noix, et l&#8217;une des plus riches en fibres. Cela lui conf\u00e8re de\u00a0<strong>nombreux effets pour la sant\u00e9<\/strong>\u00a0: am\u00e9lioration du syst\u00e8me immunitaire et du syst\u00e8me digestif, apaisant du syst\u00e8me nerveux, ou encore pr\u00e9vention des calculs biliaires.<\/p>\n<p><strong>Valeur nutritive des pistaches\u00a0<\/strong><strong>(100 g)<\/strong><\/p>\n<table>\n<thead>\n<tr>\n<td width=\"300\"><strong>\u0627\u0644\u0645\u063a\u0630\u0651\u064a\u0627\u062a<\/strong><\/td>\n<td width=\"152\"><strong>PISTACHE\u00a0: TENEUR POUR 100\u00a0G<\/strong><\/td>\n<\/tr>\n<\/thead>\n<tbody>\n<tr>\n<td><strong>\u0628\u0631\u0648\u062a\u064a\u0646\u0627\u062a<\/strong><\/td>\n<td><strong>24,9 g<\/strong><\/td>\n<\/tr>\n<tr>\n<td><strong>\u0627\u0644\u0643\u0631\u0628\u0648\u0647\u064a\u062f\u0631\u0627\u062a<\/strong><\/td>\n<td><strong>12,0 g<\/strong><\/td>\n<\/tr>\n<tr>\n<td>\u2013 \u0645\u0646 \u0628\u064a\u0646\u0647\u0627 \u0627\u0644\u0633\u0643\u0631\u064a\u0627\u062a<\/td>\n<td>5,4 g<\/td>\n<\/tr>\n<tr>\n<td>\u2013 \u0645\u0646 \u0628\u064a\u0646\u0647\u0627 \u0627\u0644\u0646\u0634\u0627<\/td>\n<td>2,1 g<\/td>\n<\/tr>\n<tr>\n<td>&#8211; dont fibres alimentaires<\/td>\n<td>11 g<\/td>\n<\/tr>\n<tr>\n<td><strong>\u0627\u0644\u062f\u0647\u0648\u0646<\/strong><\/td>\n<td><strong>46,4 g<\/strong><\/td>\n<\/tr>\n<tr>\n<td>\u2013 \u0645\u0646 \u0628\u064a\u0646\u0647\u0627 \u0627\u0644\u0643\u0648\u0644\u064a\u0633\u062a\u0631\u0648\u0644<\/td>\n<td>0,3 mg<\/td>\n<\/tr>\n<tr>\n<td>\u2013 \u0645\u0646 \u0628\u064a\u0646\u0647\u0627 \u0627\u0644\u0623\u062d\u0645\u0627\u0636 \u0627\u0644\u062f\u0647\u0646\u064a\u0629 \u0627\u0644\u0645\u0634\u0628\u0639\u0629<\/td>\n<td>5,6 g<\/td>\n<\/tr>\n<tr>\n<td>\u2013 \u0645\u0646 \u0628\u064a\u0646\u0647\u0627 \u0627\u0644\u0623\u062d\u0645\u0627\u0636 \u0627\u0644\u062f\u0647\u0646\u064a\u0629 \u0627\u0644\u0623\u062d\u0627\u062f\u064a\u0629 \u063a\u064a\u0631 \u0627\u0644\u0645\u0634\u0628\u0639\u0629<\/td>\n<td>24,9 g<\/td>\n<\/tr>\n<tr>\n<td>\u2013 \u0645\u0646 \u0628\u064a\u0646\u0647\u0627 \u0627\u0644\u0623\u062d\u0645\u0627\u0636 \u0627\u0644\u062f\u0647\u0646\u064a\u0629 \u0627\u0644\u0645\u062a\u0639\u062f\u062f\u0629 \u063a\u064a\u0631 \u0627\u0644\u0645\u0634\u0628\u0639\u0629<\/td>\n<td>14,1 g<\/td>\n<\/tr>\n<tr>\n<td><strong>\u0645\u0627\u0621<\/strong><\/td>\n<td><strong>2 g<\/strong><\/td>\n<\/tr>\n<\/tbody>\n<\/table>","protected":false},"excerpt":{"rendered":"<div class=\"product-feature-list\">\n<ul>\n<li>\u0641\u0633\u062a\u0642 (\u0628\u064a\u0633\u0637\u0627\u062c) \u0639\u0627\u0644\u064a \u0627\u0644\u062c\u0648\u062f\u0629\u060c \u0645\u062d\u0645\u0635 \u0628\u0625\u062a\u0642\u0627\u0646 \u0648\u0645\u0645\u0644\u062d \u0637\u0628\u064a\u0639\u064a\u0627\u064b.<\/li>\n<li data-start=\"1254\" data-end=\"1300\">\u063a\u0646\u064a \u0628\u0627\u0644\u0628\u0631\u0648\u062a\u064a\u0646\u0627\u062a\u060c \u0648\u0627\u0644\u0623\u0644\u064a\u0627\u0641\u060c \u0648\u0627\u0644\u062f\u0647\u0648\u0646 \u0627\u0644\u0635\u062d\u064a\u0629.<\/li>\n<li data-start=\"1303\" data-end=\"1336\">\u064a\u0639\u0632\u0632 \u0627\u0644\u0634\u0639\u0648\u0631 \u0628\u0627\u0644\u0634\u0628\u0639 \u0648\u064a\u0645\u062f\u0651 \u0628\u0627\u0644\u0637\u0627\u0642\u0629.<\/li>\n<li data-start=\"1339\" data-end=\"1394\">\u0645\u062b\u0627\u0644\u064a \u0643\u0645\u0642\u0628\u0644\u0627\u062a\u060c \u0648\u0644\u0644\u062c\u0644\u0633\u0627\u062a \u0627\u0644\u0627\u062c\u062a\u0645\u0627\u0639\u064a\u0629\u060c \u0648\u0648\u062c\u0628\u0629 \u062e\u0641\u064a\u0641\u0629 \u0635\u062d\u064a\u0629 \u064a\u0648\u0645\u064a\u0629.<\/li>\n<\/ul>\n<\/div>","protected":false},"featured_media":4810,"comment_status":"open","ping_status":"closed","template":"","meta":{"iawp_total_views":1695,"_joinchat":[]},"product_brand":[],"product_cat":[40,67],"product_tag":[],"class_list":{"0":"post-2367","1":"product","2":"type-product","3":"status-publish","4":"has-post-thumbnail","6":"product_cat-fruits-secs","7":"product_cat-fruits-secs-grilles-avec-sel","9":"first","10":"instock","11":"shipping-taxable","12":"purchasable","13":"product-type-variable"},"aioseo_notices":[],"jetpack_sharing_enabled":true,"_links":{"self":[{"href":"https:\/\/oncleachour.ma\/ar\/wp-json\/wp\/v2\/product\/2367","targetHints":{"allow":["GET"]}}],"collection":[{"href":"https:\/\/oncleachour.ma\/ar\/wp-json\/wp\/v2\/product"}],"about":[{"href":"https:\/\/oncleachour.ma\/ar\/wp-json\/wp\/v2\/types\/product"}],"replies":[{"embeddable":true,"href":"https:\/\/oncleachour.ma\/ar\/wp-json\/wp\/v2\/comments?post=2367"}],"wp:featuredmedia":[{"embeddable":true,"href":"https:\/\/oncleachour.ma\/ar\/wp-json\/wp\/v2\/media\/4810"}],"wp:attachment":[{"href":"https:\/\/oncleachour.ma\/ar\/wp-json\/wp\/v2\/media?parent=2367"}],"wp:term":[{"taxonomy":"product_brand","embeddable":true,"href":"https:\/\/oncleachour.ma\/ar\/wp-json\/wp\/v2\/product_brand?post=2367"},{"taxonomy":"product_cat","embeddable":true,"href":"https:\/\/oncleachour.ma\/ar\/wp-json\/wp\/v2\/product_cat?post=2367"},{"taxonomy":"product_tag","embeddable":true,"href":"https:\/\/oncleachour.ma\/ar\/wp-json\/wp\/v2\/product_tag?post=2367"}],"curies":[{"name":"wp","href":"https:\/\/api.w.org\/{rel}","templated":true}]}}