{"id":4903,"date":"2025-05-19T13:42:29","date_gmt":"2025-05-19T13:42:29","guid":{"rendered":"https:\/\/oncleachour.ma\/?post_type=product&#038;p=4903"},"modified":"2025-05-27T13:21:13","modified_gmt":"2025-05-27T13:21:13","slug":"melange-epices-viande-hachee","status":"publish","type":"product","link":"https:\/\/oncleachour.ma\/ar\/product\/melange-epices-viande-hachee\/","title":{"rendered":"M\u00e9lange \u00e9pices Viande hach\u00e9e &#8211; \u062a\u0648\u0627\u0628\u0644 \u0627\u0644\u0644\u062d\u0645 \u0627\u0644\u0645\u0641\u0631\u0648\u0645"},"content":{"rendered":"<h2 class=\"\" data-start=\"993\" data-end=\"1089\">\u062e\u0644\u064a\u0637 \u0628\u0647\u0627\u0631\u0627\u062a \u0627\u0644\u0644\u062d\u0645 \u0627\u0644\u0645\u0641\u0631\u0648\u0645 \u2013 \u0646\u0643\u0647\u0629 \u0645\u0646\u0632\u0644\u064a\u0629 \u063a\u0646\u064a\u0629 \u0648\u0645\u062a\u0648\u0627\u0632\u0646\u0629<\/h2>\n<p class=\"\" data-start=\"1091\" data-end=\"1318\">---&gt; <strong data-start=\"1094\" data-end=\"1133\">\u062e\u0644\u064a\u0637 \u0628\u0647\u0627\u0631\u0627\u062a \u0627\u0644\u0644\u062d\u0645 \u0627\u0644\u0645\u0641\u0631\u0648\u0645<\/strong> \u0645\u0646 \" \u0623\u0646\u0643\u0644 \u0639\u0627\u0634\u0648\u0631\" \u0647\u0648 \u0645\u0632\u064a\u062c \u0645\u062b\u0627\u0644\u064a \u0645\u0646 \u0627\u0644\u062a\u0648\u0627\u0628\u0644 \u0648\u0627\u0644\u0623\u0639\u0634\u0627\u0628 \u0627\u0644\u0639\u0637\u0631\u064a\u0629\u060c \u0635\u064f\u0645\u0645 \u0644\u0625\u0628\u0631\u0627\u0632 \u0646\u0643\u0647\u0629 \u062c\u0645\u064a\u0639 \u062a\u062d\u0636\u064a\u0631\u0627\u062a\u0643\u0645 \u0627\u0644\u062a\u064a \u062a\u0639\u062a\u0645\u062f \u0639\u0644\u0649 \u0627\u0644\u0644\u062d\u0645 \u0627\u0644\u0645\u0641\u0631\u0648\u0645: \u0643\u0631\u064a\u0627\u062a \u0627\u0644\u0644\u062d\u0645\u060c \u0627\u0644\u0628\u0631\u063a\u0631\u060c \u0627\u0644\u062d\u0634\u0648\u0627\u062a\u060c \u0648\u063a\u064a\u0631\u0647\u0627.<\/p>\n<h3 class=\"\" data-start=\"1508\" data-end=\"1528\">\u2705 \u0627\u0644\u0645\u0645\u064a\u0632\u0627\u062a :<\/h3>\n<ul data-start=\"1529\" data-end=\"1782\">\n<li class=\"\" data-start=\"1529\" data-end=\"1576\">\n<p class=\"\" data-start=\"1531\" data-end=\"1576\">\u0637\u0628\u064a\u0639\u064a 100%\u060c \u0628\u062f\u0648\u0646 \u0625\u0636\u0627\u0641\u0627\u062a \u0623\u0648 \u0645\u0648\u0627\u062f \u062d\u0627\u0641\u0638\u0629.<\/p>\n<\/li>\n<li class=\"\" data-start=\"1577\" data-end=\"1638\">\n<p class=\"\" data-start=\"1579\" data-end=\"1638\">\u0631\u0627\u0626\u062d\u0629 \u063a\u0646\u064a\u0629 \u0648\u0645\u0645\u062a\u0639\u0629\u060c \u062f\u0648\u0646 \u0623\u0646 \u062a\u0637\u063a\u0649 \u0639\u0644\u0649 \u0637\u0639\u0645 \u0627\u0644\u0644\u062d\u0645.<\/p>\n<\/li>\n<li class=\"\" data-start=\"1639\" data-end=\"1706\">\n<p class=\"\" data-start=\"1641\" data-end=\"1706\">\u0645\u062a\u0639\u062f\u062f \u0627\u0644\u0627\u0633\u062a\u062e\u062f\u0627\u0645\u0627\u062a: \u0645\u0646\u0627\u0633\u0628 \u0644\u0644\u0648\u0635\u0641\u0627\u062a \u0627\u0644\u0634\u0631\u0642\u064a\u0629 \u0648\u0627\u0644\u063a\u0631\u0628\u064a\u0629 \u0639\u0644\u0649 \u062d\u062f \u0633\u0648\u0627\u0621.<\/p>\n<\/li>\n<li class=\"\" data-start=\"1707\" data-end=\"1782\">\n<p class=\"\" data-start=\"1709\" data-end=\"1782\">\u064a\u0639\u0632\u0632 \u0627\u0644\u0623\u0637\u0628\u0627\u0642 \u0627\u0644\u0628\u0633\u064a\u0637\u0629 \u0628\u0644\u0645\u0633\u0629 \u0645\u0646\u0632\u0644\u064a\u0629 \u0623\u0635\u064a\u0644\u0629.<\/p>\n<\/li>\n<\/ul>\n<h3 class=\"\" data-start=\"1784\" data-end=\"1813\">\ud83c\udf7d\ufe0f \u0627\u0641\u0643\u0627\u0631 \u0644\u0644\u0627\u0633\u062a\u0639\u0645\u0627\u0644 :<\/h3>\n<ul data-start=\"1814\" data-end=\"2031\">\n<li class=\"\" data-start=\"1814\" data-end=\"1911\">\n<p class=\"\" data-start=\"1816\" data-end=\"1911\">\u064a\u064f\u062e\u0644\u0637 \u0645\u0628\u0627\u0634\u0631\u0629 \u0645\u0639 \u0627\u0644\u0644\u062d\u0645 \u0627\u0644\u0645\u0641\u0631\u0648\u0645 (\u0645\u0639 \u0627\u0644\u0632\u064a\u062a\u060c \u0623\u0648 \u0627\u0644\u0628\u064a\u0636\u060c \u0623\u0648 \u0627\u0644\u062e\u0628\u0632 \u0627\u0644\u0645\u0637\u062d\u0648\u0646 \u062d\u0633\u0628 \u0627\u0644\u0648\u0635\u0641\u0629).<\/p>\n<\/li>\n<li class=\"\" data-start=\"1912\" data-end=\"1988\">\n<p class=\"\" data-start=\"1914\" data-end=\"1988\">\u0645\u062b\u0627\u0644\u064a \u0644\u0644\u0643\u064f\u0641\u062a\u0629\u060c \u0627\u0644\u0628\u0631\u063a\u0631\u060c \u0635\u0644\u0635\u0627\u062a \u0627\u0644\u0644\u062d\u0645\u060c \u0627\u0644\u0628\u0631\u064a\u0648\u0627\u062a\u060c \u0648\u063a\u064a\u0631\u0647\u0627.<\/p>\n<\/li>\n<li class=\"\" data-start=\"1989\" data-end=\"2031\">\n<p class=\"\" data-start=\"1991\" data-end=\"2031\">\u064a\u064f\u0637\u0647\u0649 \u0639\u0644\u0649 \u0627\u0644\u0634\u0648\u0627\u064a\u0629\u060c \u0641\u064a \u0627\u0644\u0645\u0642\u0644\u0627\u0629\u060c \u0623\u0648 \u0641\u064a \u0627\u0644\u0641\u0631\u0646.<\/p>\n<\/li>\n<\/ul>\n<h3 class=\"\" data-start=\"2033\" data-end=\"2057\">\ud83e\uddfa\u0627\u0644\u062a\u063a\u0644\u064a\u0641:<\/h3>\n<p class=\"\" data-start=\"2058\" data-end=\"2131\">\u0645\u062a\u0648\u0641\u0631 \u0641\u064a \u0623\u0643\u064a\u0627\u0633 \u0645\u063a\u0644\u0642\u0629 \u0623\u0648 \u0635\u0646\u0627\u062f\u064a\u0642 \u0645\u062d\u0643\u0645\u0629 \u0627\u0644\u063a\u0644\u0642 \u0644\u0644\u062d\u0641\u0627\u0638 \u0639\u0644\u064a\u0647 \u0628\u0634\u0643\u0644 \u0645\u062b\u0627\u0644\u064a.<\/p>","protected":false},"excerpt":{"rendered":"<div class=\"product-feature-list\">\n<ul>\n<li class=\"\" data-start=\"1529\" data-end=\"1576\">\n<p class=\"\" data-start=\"1531\" data-end=\"1576\">\u0637\u0628\u064a\u0639\u064a 100%\u060c \u0628\u062f\u0648\u0646 \u0625\u0636\u0627\u0641\u0627\u062a \u0623\u0648 \u0645\u0648\u0627\u062f \u062d\u0627\u0641\u0638\u0629.<\/p>\n<\/li>\n<li class=\"\" data-start=\"1577\" data-end=\"1638\">\n<p class=\"\" data-start=\"1579\" data-end=\"1638\">\u0631\u0627\u0626\u062d\u0629 \u063a\u0646\u064a\u0629 \u0648\u0645\u0645\u062a\u0639\u0629\u060c \u062f\u0648\u0646 \u0623\u0646 \u062a\u0637\u063a\u0649 \u0639\u0644\u0649 \u0637\u0639\u0645 \u0627\u0644\u0644\u062d\u0645.<\/p>\n<\/li>\n<li class=\"\" data-start=\"1639\" data-end=\"1706\">\n<p class=\"\" data-start=\"1641\" data-end=\"1706\">\u0645\u062a\u0639\u062f\u062f \u0627\u0644\u0627\u0633\u062a\u062e\u062f\u0627\u0645\u0627\u062a: \u0645\u0646\u0627\u0633\u0628 \u0644\u0644\u0648\u0635\u0641\u0627\u062a \u0627\u0644\u0634\u0631\u0642\u064a\u0629 \u0648\u0627\u0644\u063a\u0631\u0628\u064a\u0629 \u0639\u0644\u0649 \u062d\u062f \u0633\u0648\u0627\u0621.<\/p>\n<\/li>\n<li class=\"\" data-start=\"1707\" data-end=\"1782\">\n<p class=\"\" data-start=\"1709\" data-end=\"1782\">\u064a\u0639\u0632\u0632 \u0627\u0644\u0623\u0637\u0628\u0627\u0642 \u0627\u0644\u0628\u0633\u064a\u0637\u0629 \u0628\u0644\u0645\u0633\u0629 \u0645\u0646\u0632\u0644\u064a\u0629 \u0623\u0635\u064a\u0644\u0629.<\/p>\n<\/li>\n<\/ul>\n<\/div>","protected":false},"featured_media":5259,"comment_status":"open","ping_status":"closed","template":"","meta":{"iawp_total_views":254,"_joinchat":[]},"product_brand":[],"product_cat":[37,73],"product_tag":[],"class_list":{"0":"post-4903","1":"product","2":"type-product","3":"status-publish","4":"has-post-thumbnail","6":"product_cat-epices","7":"product_cat-melange-des-epices","9":"first","10":"instock","11":"shipping-taxable","12":"purchasable","13":"product-type-variable"},"aioseo_notices":[],"jetpack_sharing_enabled":true,"_links":{"self":[{"href":"https:\/\/oncleachour.ma\/ar\/wp-json\/wp\/v2\/product\/4903","targetHints":{"allow":["GET"]}}],"collection":[{"href":"https:\/\/oncleachour.ma\/ar\/wp-json\/wp\/v2\/product"}],"about":[{"href":"https:\/\/oncleachour.ma\/ar\/wp-json\/wp\/v2\/types\/product"}],"replies":[{"embeddable":true,"href":"https:\/\/oncleachour.ma\/ar\/wp-json\/wp\/v2\/comments?post=4903"}],"wp:featuredmedia":[{"embeddable":true,"href":"https:\/\/oncleachour.ma\/ar\/wp-json\/wp\/v2\/media\/5259"}],"wp:attachment":[{"href":"https:\/\/oncleachour.ma\/ar\/wp-json\/wp\/v2\/media?parent=4903"}],"wp:term":[{"taxonomy":"product_brand","embeddable":true,"href":"https:\/\/oncleachour.ma\/ar\/wp-json\/wp\/v2\/product_brand?post=4903"},{"taxonomy":"product_cat","embeddable":true,"href":"https:\/\/oncleachour.ma\/ar\/wp-json\/wp\/v2\/product_cat?post=4903"},{"taxonomy":"product_tag","embeddable":true,"href":"https:\/\/oncleachour.ma\/ar\/wp-json\/wp\/v2\/product_tag?post=4903"}],"curies":[{"name":"wp","href":"https:\/\/api.w.org\/{rel}","templated":true}]}}