{"id":4995,"date":"2025-05-20T14:57:49","date_gmt":"2025-05-20T14:57:49","guid":{"rendered":"https:\/\/oncleachour.ma\/?post_type=product&#038;p=4995"},"modified":"2025-05-20T15:03:46","modified_gmt":"2025-05-20T15:03:46","slug":"amandes-caramelisees-a-la-noix-de-coco","status":"publish","type":"product","link":"https:\/\/oncleachour.ma\/ar\/product\/amandes-caramelisees-a-la-noix-de-coco\/","title":{"rendered":"Amandes caram\u00e9lis\u00e9es \u00e0 la noix de coco &#8211; \u0627\u0644\u0644\u0648\u0632 \u0628\u0627\u0644\u0643\u0648\u0643"},"content":{"rendered":"<h2 class=\"\" data-start=\"854\" data-end=\"949\">\u0644\u0648\u0632 \u0628\u062c\u0648\u0632 \u0627\u0644\u0647\u0646\u062f ( \u0627\u0644\u0643\u0648\u0643 ) \u2013 \u062d\u0644\u0627\u0648\u0629 \u0627\u0633\u062a\u0648\u0627\u0626\u064a\u0629 \u0628\u0642\u0631\u0645\u0634\u0629 \u0644\u0630\u064a\u0630\u0629<\/h2>\n<p class=\"\" data-start=\"951\" data-end=\"1149\">---&gt; <strong data-start=\"955\" data-end=\"997\">\u0644\u0648\u0632 \u0645\u063a\u0637\u0651\u0649 \u0628\u0627\u0644\u0643\u0631\u0627\u0645\u064a\u0644 \u0648\u062c\u0648\u0632 \u0627\u0644\u0647\u0646\u062f<\/strong> \u0645\u0646 \" \u0623\u0648\u0646\u0643\u0644 \u0639\u0627\u0634\u0648\u0631\" \u0647\u0648 \u0648\u062c\u0628\u0629 \u062e\u0641\u064a\u0641\u0629 \u0631\u0627\u0642\u064a\u0629 \u062a\u062c\u0645\u0639 \u0628\u064a\u0646 \u0642\u0631\u0645\u0634\u0629 \u0627\u0644\u0644\u0648\u0632 \u0627\u0644\u0645\u062d\u0645\u0651\u0635\u060c \u062d\u0644\u0627\u0648\u0629 \u0627\u0644\u0643\u0631\u0627\u0645\u064a\u0644  \u0648\u0639\u0637\u0631 \u062c\u0648\u0632 \u0627\u0644\u0647\u0646\u062f \u0627\u0644\u0627\u0633\u062a\u0648\u0627\u0626\u064a \u0627\u0644\u0645\u0628\u0634\u0648\u0631.<\/p>\n<p class=\"\" data-start=\"1173\" data-end=\"1249\">\n<h3 class=\"\" data-start=\"1251\" data-end=\"1267\">\u2705 \u0627\u0644\u0645\u0645\u064a\u0632\u0627\u062a:<\/h3>\n<ul data-start=\"1268\" data-end=\"1470\">\n<li class=\"\" data-start=\"1268\" data-end=\"1323\">\n<p class=\"\" data-start=\"1270\" data-end=\"1323\">\u0646\u0643\u0647\u0629 \u0637\u0628\u064a\u0639\u064a\u0629\u060c \u062d\u0644\u0648\u0629 \u0648\u0623\u0635\u064a\u0644\u0629.<\/p>\n<\/li>\n<li class=\"\" data-start=\"1324\" data-end=\"1391\">\n<p class=\"\" data-start=\"1326\" data-end=\"1391\">\u0645\u062b\u0627\u0644\u064a \u0644\u0644\u0648\u062c\u0628\u0627\u062a \u0627\u0644\u062e\u0641\u064a\u0641\u0629 \u0627\u0644\u0644\u0630\u064a\u0630\u0629 \u0623\u0648 \u0645\u0639 \u0641\u0646\u062c\u0627\u0646 \u0642\u0647\u0648\u0629 \u0623\u0648 \u0634\u0627\u064a.<\/p>\n<\/li>\n<li class=\"\" data-start=\"1392\" data-end=\"1440\">\n<p class=\"\" data-start=\"1394\" data-end=\"1440\">\u0628\u062f\u0648\u0646 \u0645\u0648\u0627\u062f \u062d\u0627\u0641\u0638\u0629 \u0623\u0648 \u0645\u0644\u0648\u0646\u0627\u062a \u0635\u0646\u0627\u0639\u064a\u0629.<\/p>\n<\/li>\n<li class=\"\" data-start=\"1441\" data-end=\"1470\">\n<p class=\"\" data-start=\"1443\" data-end=\"1470\">\u0645\u0635\u062f\u0631 \u0637\u0628\u064a\u0639\u064a \u0644\u0644\u0637\u0627\u0642\u0629.<\/p>\n<\/li>\n<\/ul>\n<h3 class=\"\" data-start=\"1472\" data-end=\"1498\">\ud83e\uddfa\u0627\u0644\u062a\u063a\u0644\u064a\u0641:<\/h3>\n<p class=\"\" data-start=\"1499\" data-end=\"1591\">\u0645\u064f\u0639\u0628\u0651\u0623 \u0641\u064a \u0623\u0643\u064a\u0627\u0633 \u0634\u0641\u0627\u0641\u0629 \u0648 \u0639\u0644\u0628 \u0623\u0646\u064a\u0642\u0629 \u0644\u0636\u0645\u0627\u0646 \u0627\u0644\u062d\u0641\u0627\u0638 \u0639\u0644\u0649 \u0627\u0644\u0637\u0632\u0627\u062c\u0629.<\/p>\n<h3 class=\"\" data-start=\"1593\" data-end=\"1616\">\ud83c\udf7d\ufe0f  \u0623\u0641\u0643\u0627\u0631 \u0644\u0644\u0627\u0633\u062a\u0647\u0644\u0627\u0643 :<\/h3>\n<p class=\"\" data-start=\"1617\" data-end=\"1675\">\u0645\u062b\u0627\u0644\u064a \u0644\u0644\u0627\u0633\u062a\u0645\u062a\u0627\u0639 \u0628\u0647 \u0644\u0648\u062d\u062f\u0647 \u0623\u0648 \u0645\u0639 \u0645\u0634\u0631\u0648\u0628\u0627\u062a \u062f\u0627\u0641\u0626\u0629.<\/p>","protected":false},"excerpt":{"rendered":"<div class=\"product-feature-list\">\n<ul>\n<li class=\"\" data-start=\"1417\" data-end=\"1457\">\n<ul data-start=\"1268\" data-end=\"1470\">\n<li class=\"\" data-start=\"1268\" data-end=\"1323\">\n<p class=\"\" data-start=\"1270\" data-end=\"1323\">\u0646\u0643\u0647\u0629 \u0637\u0628\u064a\u0639\u064a\u0629\u060c \u062d\u0644\u0648\u0629 \u0648\u0623\u0635\u064a\u0644\u0629.<\/p>\n<\/li>\n<li class=\"\" data-start=\"1324\" data-end=\"1391\">\n<p class=\"\" data-start=\"1326\" data-end=\"1391\">\u0645\u062b\u0627\u0644\u064a \u0644\u0644\u0648\u062c\u0628\u0627\u062a \u0627\u0644\u062e\u0641\u064a\u0641\u0629 \u0627\u0644\u0644\u0630\u064a\u0630\u0629 \u0623\u0648 \u0645\u0639 \u0641\u0646\u062c\u0627\u0646 \u0642\u0647\u0648\u0629 \u0623\u0648 \u0634\u0627\u064a.<\/p>\n<\/li>\n<li class=\"\" data-start=\"1392\" data-end=\"1440\">\n<p class=\"\" data-start=\"1394\" data-end=\"1440\">\u0628\u062f\u0648\u0646 \u0645\u0648\u0627\u062f \u062d\u0627\u0641\u0638\u0629 \u0623\u0648 \u0645\u0644\u0648\u0646\u0627\u062a \u0635\u0646\u0627\u0639\u064a\u0629.<\/p>\n<\/li>\n<li class=\"\" data-start=\"1441\" data-end=\"1470\">\n<p class=\"\" data-start=\"1443\" data-end=\"1470\">\u0645\u0635\u062f\u0631 \u0637\u0628\u064a\u0639\u064a \u0644\u0644\u0637\u0627\u0642\u0629.<\/p>\n<\/li>\n<\/ul>\n<\/li>\n<\/ul>\n<\/div>","protected":false},"featured_media":4808,"comment_status":"open","ping_status":"closed","template":"","meta":{"iawp_total_views":710,"_joinchat":[]},"product_brand":[],"product_cat":[40,68],"product_tag":[],"class_list":{"0":"post-4995","1":"product","2":"type-product","3":"status-publish","4":"has-post-thumbnail","6":"product_cat-fruits-secs","7":"product_cat-fruits-secs-grilles-sucres","9":"first","10":"instock","11":"shipping-taxable","12":"purchasable","13":"product-type-variable"},"aioseo_notices":[],"jetpack_sharing_enabled":true,"_links":{"self":[{"href":"https:\/\/oncleachour.ma\/ar\/wp-json\/wp\/v2\/product\/4995","targetHints":{"allow":["GET"]}}],"collection":[{"href":"https:\/\/oncleachour.ma\/ar\/wp-json\/wp\/v2\/product"}],"about":[{"href":"https:\/\/oncleachour.ma\/ar\/wp-json\/wp\/v2\/types\/product"}],"replies":[{"embeddable":true,"href":"https:\/\/oncleachour.ma\/ar\/wp-json\/wp\/v2\/comments?post=4995"}],"wp:featuredmedia":[{"embeddable":true,"href":"https:\/\/oncleachour.ma\/ar\/wp-json\/wp\/v2\/media\/4808"}],"wp:attachment":[{"href":"https:\/\/oncleachour.ma\/ar\/wp-json\/wp\/v2\/media?parent=4995"}],"wp:term":[{"taxonomy":"product_brand","embeddable":true,"href":"https:\/\/oncleachour.ma\/ar\/wp-json\/wp\/v2\/product_brand?post=4995"},{"taxonomy":"product_cat","embeddable":true,"href":"https:\/\/oncleachour.ma\/ar\/wp-json\/wp\/v2\/product_cat?post=4995"},{"taxonomy":"product_tag","embeddable":true,"href":"https:\/\/oncleachour.ma\/ar\/wp-json\/wp\/v2\/product_tag?post=4995"}],"curies":[{"name":"wp","href":"https:\/\/api.w.org\/{rel}","templated":true}]}}