{"id":5204,"date":"2025-05-23T11:59:37","date_gmt":"2025-05-23T11:59:37","guid":{"rendered":"https:\/\/oncleachour.ma\/?post_type=product&#038;p=5204"},"modified":"2025-11-17T13:31:19","modified_gmt":"2025-11-17T13:31:19","slug":"dattes-majhoul-jombo","status":"publish","type":"product","link":"https:\/\/oncleachour.ma\/ar\/product\/dattes-majhoul-jombo\/","title":{"rendered":"Dattes Majhoul jombo &#8211; \u062a\u0645\u0631 \u0645\u062c\u0647\u0648\u0644 \u062c\u0648\u0645\u0628\u0648"},"content":{"rendered":"<h2 data-start=\"708\" data-end=\"790\">Dattes Majhoul Jumbo \u2013 Des fruits g\u00e9ants au go\u00fbt exquis<\/h2>\n<p data-start=\"792\" data-end=\"1026\">---&gt; <strong data-start=\"796\" data-end=\"820\">dattes Majhoul Jumbo<\/strong> d\u2019Oncle Achour sont parmi les plus grosses et savoureuses. Leur texture fondante et leur go\u00fbt naturellement sucr\u00e9 en font une douceur saine et d\u00e9licieuse, id\u00e9ale pour le quotidien ou les grandes occasions.<\/p>\n<h3 data-start=\"1028\" data-end=\"1042\">\u2705 \u0627\u0644\u0645\u0645\u064a\u0632\u0627\u062a:<\/h3>\n<ul data-start=\"1043\" data-end=\"1255\">\n<li data-start=\"1043\" data-end=\"1089\">\n<p data-start=\"1045\" data-end=\"1089\">Vari\u00e9t\u00e9 Majhoul Jumbo d\u2019origine marocaine.<\/p>\n<\/li>\n<li data-start=\"1090\" data-end=\"1138\">\n<p data-start=\"1092\" data-end=\"1138\">Fruits tr\u00e8s gros, tendres et riches en go\u00fbt.<\/p>\n<\/li>\n<li data-start=\"1139\" data-end=\"1203\">\n<p data-start=\"1141\" data-end=\"1203\">Naturellement sucr\u00e9es, sans conservateurs ni sucres ajout\u00e9s.<\/p>\n<\/li>\n<li data-start=\"1204\" data-end=\"1255\">\n<p data-start=\"1206\" data-end=\"1255\">Source naturelle de fibres, potassium et \u00e9nergie.<\/p>\n<\/li>\n<\/ul>\n<h3 data-start=\"1257\" data-end=\"1283\">\ud83e\uddfa\u0627\u0644\u062a\u063a\u0644\u064a\u0641:<\/h3>\n<p data-start=\"1284\" data-end=\"1347\">Disponibles en barquettes scell\u00e9es ou bo\u00eetes cadeaux luxueuses.<\/p>","protected":false},"excerpt":{"rendered":"<div class=\"product-feature-list\">\n<ul data-start=\"1011\" data-end=\"1186\">\n<li data-start=\"1011\" data-end=\"1048\">\n<ul data-start=\"1030\" data-end=\"1197\">\n<li data-start=\"1030\" data-end=\"1067\">\n<ul data-start=\"1043\" data-end=\"1255\">\n<li data-start=\"1043\" data-end=\"1089\">\n<p data-start=\"1045\" data-end=\"1089\">Vari\u00e9t\u00e9 Majhoul Jumbo d\u2019origine marocaine.<\/p>\n<\/li>\n<li data-start=\"1090\" data-end=\"1138\">\n<p data-start=\"1092\" data-end=\"1138\">Fruits tr\u00e8s gros, tendres et riches en go\u00fbt.<\/p>\n<\/li>\n<li data-start=\"1139\" data-end=\"1203\">\n<p data-start=\"1141\" data-end=\"1203\">Naturellement sucr\u00e9es, sans conservateurs ni sucres ajout\u00e9s.<\/p>\n<\/li>\n<li data-start=\"1204\" data-end=\"1255\">\n<p data-start=\"1206\" data-end=\"1255\">Source naturelle de fibres, potassium et \u00e9nergie.<\/p>\n<\/li>\n<\/ul>\n<\/li>\n<\/ul>\n<\/li>\n<\/ul>\n<\/div>","protected":false},"featured_media":5237,"comment_status":"open","ping_status":"closed","template":"","meta":{"iawp_total_views":2086,"_joinchat":[]},"product_brand":[],"product_cat":[95,78],"product_tag":[],"class_list":{"0":"post-5204","1":"product","2":"type-product","3":"status-publish","4":"has-post-thumbnail","6":"product_cat-dattes-b","7":"product_cat-dattes-marocaines","9":"first","10":"instock","11":"shipping-taxable","12":"purchasable","13":"product-type-variable"},"aioseo_notices":[],"jetpack_sharing_enabled":true,"_links":{"self":[{"href":"https:\/\/oncleachour.ma\/ar\/wp-json\/wp\/v2\/product\/5204","targetHints":{"allow":["GET"]}}],"collection":[{"href":"https:\/\/oncleachour.ma\/ar\/wp-json\/wp\/v2\/product"}],"about":[{"href":"https:\/\/oncleachour.ma\/ar\/wp-json\/wp\/v2\/types\/product"}],"replies":[{"embeddable":true,"href":"https:\/\/oncleachour.ma\/ar\/wp-json\/wp\/v2\/comments?post=5204"}],"wp:featuredmedia":[{"embeddable":true,"href":"https:\/\/oncleachour.ma\/ar\/wp-json\/wp\/v2\/media\/5237"}],"wp:attachment":[{"href":"https:\/\/oncleachour.ma\/ar\/wp-json\/wp\/v2\/media?parent=5204"}],"wp:term":[{"taxonomy":"product_brand","embeddable":true,"href":"https:\/\/oncleachour.ma\/ar\/wp-json\/wp\/v2\/product_brand?post=5204"},{"taxonomy":"product_cat","embeddable":true,"href":"https:\/\/oncleachour.ma\/ar\/wp-json\/wp\/v2\/product_cat?post=5204"},{"taxonomy":"product_tag","embeddable":true,"href":"https:\/\/oncleachour.ma\/ar\/wp-json\/wp\/v2\/product_tag?post=5204"}],"curies":[{"name":"wp","href":"https:\/\/api.w.org\/{rel}","templated":true}]}}