{"id":5478,"date":"2025-08-16T02:13:13","date_gmt":"2025-08-16T02:13:13","guid":{"rendered":"https:\/\/oncleachour.ma\/?post_type=product&#038;p=5478"},"modified":"2025-12-25T00:32:13","modified_gmt":"2025-12-25T00:32:13","slug":"pack-larada-royal-lexcellence-pour-vos-invites","status":"publish","type":"product","link":"https:\/\/oncleachour.ma\/ar\/product\/pack-larada-royal-lexcellence-pour-vos-invites\/","title":{"rendered":"\u0628\u0627\u0642\u0629 \u0644\u0627\u0631\u0627\u062f\u0627 \u0631\u0648\u064a\u0627\u0644 - \u0627\u0644\u062a\u0645\u064a\u0632 \u0644\u0636\u064a\u0648\u0641\u0643"},"content":{"rendered":"<h3 data-start=\"173\" data-end=\"199\"><\/h3>\n<p data-start=\"200\" data-end=\"467\">Offrez \u00e0 vos convives une exp\u00e9rience <strong data-start=\"237\" data-end=\"265\">raffin\u00e9e et prestigieuse<\/strong> avec le <strong data-start=\"274\" data-end=\"296\">Pack L\u2019\u00c2rada Royal<\/strong> \u2728.<br data-start=\"299\" data-end=\"302\" \/>Une s\u00e9lection royale de fruits secs et de dattes de premi\u00e8re qualit\u00e9, pens\u00e9e sp\u00e9cialement pour les grandes occasions, les r\u00e9ceptions et les moments d\u2019exception. \ud83c\udf1f<\/p>\n<h3 data-start=\"474\" data-end=\"503\"><\/h3>\n<h3 data-start=\"474\" data-end=\"503\">\u2728 <strong data-start=\"480\" data-end=\"501\">\u0645\u0643\u0648\u0646\u0627\u062a \u0627\u0644\u0628\u0627\u0643<\/strong><\/h3>\n<ul data-start=\"504\" data-end=\"721\">\n<li data-start=\"504\" data-end=\"518\">\n<p data-start=\"506\" data-end=\"518\">\ud83c\udf30 Amandes<\/p>\n<\/li>\n<li data-start=\"519\" data-end=\"540\">\n<p data-start=\"521\" data-end=\"540\">\ud83c\udf30 Noix (Walnuts)<\/p>\n<\/li>\n<li data-start=\"541\" data-end=\"562\">\n<p data-start=\"543\" data-end=\"562\">\ud83c\udf30 Noix du Br\u00e9sil<\/p>\n<\/li>\n<li data-start=\"563\" data-end=\"583\">\n<p data-start=\"565\" data-end=\"583\">\u0627\u0643\u0627\u062c\u0648<\/p>\n<\/li>\n<li data-start=\"584\" data-end=\"604\">\n<p data-start=\"586\" data-end=\"604\">\ud83c\udf30 Noix de p\u00e9can<\/p>\n<\/li>\n<li data-start=\"605\" data-end=\"621\">\n<p data-start=\"607\" data-end=\"621\">\u0628\u064a\u0633\u0637\u0627\u0634<\/p>\n<\/li>\n<li data-start=\"622\" data-end=\"642\">\n<p data-start=\"624\" data-end=\"642\">\ud83c\udf47 Baies de goji<\/p>\n<\/li>\n<li data-start=\"643\" data-end=\"664\">\n<p data-start=\"645\" data-end=\"664\">\ud83c\udf34 Dattes premium<\/p>\n<\/li>\n<li data-start=\"665\" data-end=\"696\">\n<p data-start=\"667\" data-end=\"696\">\ud83e\udd5c Noix de cajou avec coque<\/p>\n<\/li>\n<li data-start=\"697\" data-end=\"721\">\n<p data-start=\"699\" data-end=\"721\">\ud83c\udf30 Noix de macadamia<\/p>\n<\/li>\n<\/ul>\n<h3 data-start=\"728\" data-end=\"752\"><\/h3>\n<h3 data-start=\"728\" data-end=\"752\">\ud83c\udf1f <strong data-start=\"735\" data-end=\"750\">\u2705 \u0627\u0644\u0645\u0645\u064a\u0632\u0627\u062a :<\/strong><\/h3>\n<p data-start=\"753\" data-end=\"958\">\u2714\ufe0f Une s\u00e9lection <strong data-start=\"770\" data-end=\"787\">haut de gamme<\/strong> de fruits secs premium<br data-start=\"810\" data-end=\"813\" \/>\u2714\ufe0f Id\u00e9al pour impressionner vos invit\u00e9s \ud83d\udc4c<br data-start=\"855\" data-end=\"858\" \/>\u2714\ufe0f Parfait pour les f\u00eates, c\u00e9r\u00e9monies et cadeaux \ud83c\udf81<br data-start=\"909\" data-end=\"912\" \/>\u2714\ufe0f Go\u00fbt raffin\u00e9 + bienfaits nutritionnels \ud83d\udcaa<\/p>\n<h3 data-start=\"965\" data-end=\"1018\"><\/h3>\n<h3 data-start=\"965\" data-end=\"1018\">\ud83c\udfaf <strong data-start=\"972\" data-end=\"1016\">Pourquoi choisir le Pack L\u2019\u00c2rada Royal ?<\/strong><\/h3>\n<p data-start=\"1019\" data-end=\"1171\">Parce que chaque moment m\u00e9rite d\u2019\u00eatre c\u00e9l\u00e9br\u00e9 avec <strong data-start=\"1070\" data-end=\"1098\">\u00e9l\u00e9gance et authenticit\u00e9<\/strong> \ud83d\udc51.<br data-start=\"1102\" data-end=\"1105\" \/><strong data-start=\"1105\" data-end=\"1167\">Un coffret d\u2019exception\u2026 pour des r\u00e9ceptions inoubliables !<\/strong> \u2728<\/p>\n<h3 data-start=\"1178\" data-end=\"1204\"><\/h3>\n<h3 data-start=\"1178\" data-end=\"1204\">\ud83d\uded2 <strong data-start=\"1185\" data-end=\"1202\">\u0627\u0644\u0627\u0633\u062a\u0639\u0645\u0627\u0644\u0627\u062a<\/strong><\/h3>\n<p data-start=\"1205\" data-end=\"1349\">\u27a1\ufe0f Pr\u00e9sentation sur vos tables lors des grandes occasions<br data-start=\"1262\" data-end=\"1265\" \/>\u27a1\ufe0f Cadeau raffin\u00e9 \u00e0 offrir \ud83d\udc9d<br data-start=\"1294\" data-end=\"1297\" \/>\u27a1\ufe0f Accompagnement parfait avec du th\u00e9 ou du caf\u00e9 \u2615<\/p>\n<h3 data-start=\"1356\" data-end=\"1399\">\ud83d\udccd <strong data-start=\"1363\" data-end=\"1397\">\u0645\u0639\u0644\u0648\u0645\u0627\u062a \u0625\u0636\u0627\u0641\u064a\u0629:<\/strong><\/h3>\n<ul data-start=\"1400\" data-end=\"1551\">\n<li data-start=\"1400\" data-end=\"1455\">\n<p data-start=\"1402\" data-end=\"1455\">\u0645\u062f\u0629 \u0627\u0644\u0635\u0644\u0627\u062d\u064a\u0629: 6 \u0623\u0634\u0647\u0631 \u0628\u0639\u062f \u0627\u0644\u0625\u0646\u062a\u0627\u062c<\/p>\n<\/li>\n<li data-start=\"1456\" data-end=\"1507\">\n<p data-start=\"1458\" data-end=\"1507\">\u0645\u062f\u0629 \u0627\u0644\u0635\u0644\u0627\u062d\u064a\u0629: 6 \u0623\u0634\u0647\u0631 \u0628\u0639\u062f \u0627\u0644\u0625\u0646\u062a\u0627\u062c<\/p>\n<\/li>\n<li data-start=\"1508\" data-end=\"1551\">\n<p data-start=\"1510\" data-end=\"1551\">Stockage : dans un endroit frais et sec<\/p>\n<\/li>\n<\/ul>","protected":false},"excerpt":{"rendered":"<p data-start=\"207\" data-end=\"357\">---&gt; <strong data-start=\"262\" data-end=\"287\">Pack El Hadka Moulaty<\/strong> est une s\u00e9lection exclusive d\u2019\u00e9pices et d\u2019aromates pour sublimer vos plats au quotidien\u2026 le tout, pr\u00eat \u00e0 l\u2019emploi<\/p>","protected":false},"featured_media":6132,"comment_status":"open","ping_status":"closed","template":"","meta":{"iawp_total_views":1897,"_joinchat":[]},"product_brand":[],"product_cat":[71],"product_tag":[],"class_list":{"0":"post-5478","1":"product","2":"type-product","3":"status-publish","4":"has-post-thumbnail","6":"product_cat-pack","8":"first","9":"instock","10":"shipping-taxable","11":"purchasable","12":"product-type-simple"},"aioseo_notices":[],"jetpack_sharing_enabled":true,"_links":{"self":[{"href":"https:\/\/oncleachour.ma\/ar\/wp-json\/wp\/v2\/product\/5478","targetHints":{"allow":["GET"]}}],"collection":[{"href":"https:\/\/oncleachour.ma\/ar\/wp-json\/wp\/v2\/product"}],"about":[{"href":"https:\/\/oncleachour.ma\/ar\/wp-json\/wp\/v2\/types\/product"}],"replies":[{"embeddable":true,"href":"https:\/\/oncleachour.ma\/ar\/wp-json\/wp\/v2\/comments?post=5478"}],"wp:featuredmedia":[{"embeddable":true,"href":"https:\/\/oncleachour.ma\/ar\/wp-json\/wp\/v2\/media\/6132"}],"wp:attachment":[{"href":"https:\/\/oncleachour.ma\/ar\/wp-json\/wp\/v2\/media?parent=5478"}],"wp:term":[{"taxonomy":"product_brand","embeddable":true,"href":"https:\/\/oncleachour.ma\/ar\/wp-json\/wp\/v2\/product_brand?post=5478"},{"taxonomy":"product_cat","embeddable":true,"href":"https:\/\/oncleachour.ma\/ar\/wp-json\/wp\/v2\/product_cat?post=5478"},{"taxonomy":"product_tag","embeddable":true,"href":"https:\/\/oncleachour.ma\/ar\/wp-json\/wp\/v2\/product_tag?post=5478"}],"curies":[{"name":"wp","href":"https:\/\/api.w.org\/{rel}","templated":true}]}}