{"id":5480,"date":"2025-08-16T02:16:22","date_gmt":"2025-08-16T02:16:22","guid":{"rendered":"https:\/\/oncleachour.ma\/?post_type=product&#038;p=5480"},"modified":"2026-02-13T09:41:40","modified_gmt":"2026-02-13T09:41:40","slug":"pack-healthy-100-naturel-sans-sel","status":"publish","type":"product","link":"https:\/\/oncleachour.ma\/ar\/product\/pack-healthy-100-naturel-sans-sel\/","title":{"rendered":"\u0639\u0628\u0648\u0629 \u0635\u062d\u064a\u0629 - 100% \u0637\u0628\u064a\u0639\u064a\u0629 \u0648\u062e\u0627\u0644\u064a\u0629 \u0645\u0646 \u0627\u0644\u0645\u0644\u062d"},"content":{"rendered":"<h3 data-start=\"658\" data-end=\"723\">\ud83d\udd30 <strong data-start=\"665\" data-end=\"723\">Le Pack Healthy : votre alli\u00e9 nutrition et performance<\/strong><\/h3>\n<p data-start=\"725\" data-end=\"925\">Ce pack est con\u00e7u pour les sportifs, les personnes en perte de poids, et toute personne souhaitant adopter un mode de vie sain.<br data-start=\"852\" data-end=\"855\" \/>100% naturel, sans sucres ajout\u00e9s, sans conservateurs, sans colorants.<\/p>\n<h3 data-start=\"927\" data-end=\"984\">\ud83d\udce6 <strong data-start=\"934\" data-end=\"984\">Contenu du pack (200g chacun, sauf avoine 1Kg)<\/strong><\/h3>\n<ul data-start=\"986\" data-end=\"1228\">\n<li data-start=\"986\" data-end=\"1003\">\n<p data-start=\"988\" data-end=\"1003\">Noix de p\u00e9can<\/p>\n<\/li>\n<li data-start=\"1004\" data-end=\"1022\">\n<p data-start=\"1006\" data-end=\"1022\">Noix (karkaa3)<\/p>\n<\/li>\n<li data-start=\"1023\" data-end=\"1036\">\n<p data-start=\"1025\" data-end=\"1036\">Pistaches<\/p>\n<\/li>\n<li data-start=\"1037\" data-end=\"1054\">\n<p data-start=\"1039\" data-end=\"1054\">Noix de cajou<\/p>\n<\/li>\n<li data-start=\"1055\" data-end=\"1074\">\n<p data-start=\"1057\" data-end=\"1074\">Graines de chia<\/p>\n<\/li>\n<li data-start=\"1075\" data-end=\"1096\">\n<p data-start=\"1077\" data-end=\"1096\">\u0632\u0631\u064a\u0639\u0629 \u0627\u0644\u0642\u0631\u0639\u0629<\/p>\n<\/li>\n<li data-start=\"1097\" data-end=\"1113\">\n<p data-start=\"1099\" data-end=\"1113\">\u0627\u0644\u0632\u0628\u064a\u0628<\/p>\n<\/li>\n<li data-start=\"1114\" data-end=\"1132\">\n<p data-start=\"1116\" data-end=\"1132\">\u0627\u0644\u062c\u0648\u0632 \u0627\u0644\u0628\u0631\u0627\u0632\u064a\u0644\u064a<\/p>\n<\/li>\n<li data-start=\"1133\" data-end=\"1144\">\n<p data-start=\"1135\" data-end=\"1144\">\u0627\u0644\u0644\u0648\u0632<\/p>\n<\/li>\n<li data-start=\"1145\" data-end=\"1162\">\n<p data-start=\"1147\" data-end=\"1162\">\u0627\u0644\u0643\u0631\u0643\u0627\u0639<\/p>\n<\/li>\n<li data-start=\"1163\" data-end=\"1173\">\n<p data-start=\"1165\" data-end=\"1173\">Quinoa<\/p>\n<\/li>\n<li data-start=\"1174\" data-end=\"1191\">\n<p data-start=\"1176\" data-end=\"1191\">Baies de Goji<\/p>\n<\/li>\n<li data-start=\"1192\" data-end=\"1228\">\n<ul data-start=\"1194\" data-end=\"1228\">\n<li data-start=\"1194\" data-end=\"1228\">\n<p data-start=\"1196\" data-end=\"1228\"><strong data-start=\"1196\" data-end=\"1228\">1Kg Flocons d&#8217;avoine premium<\/strong><\/p>\n<\/li>\n<\/ul>\n<\/li>\n<\/ul>\n<hr data-start=\"1230\" data-end=\"1233\" \/>\n<h3 data-start=\"1235\" data-end=\"1280\">\ud83d\udd25 <strong data-start=\"1242\" data-end=\"1280\">Pourquoi choisir le Pack Healthy ?<\/strong><\/h3>\n<ul data-start=\"1282\" data-end=\"1494\">\n<li data-start=\"1282\" data-end=\"1323\">\n<p data-start=\"1284\" data-end=\"1323\">Aide \u00e0 construire la masse musculaire<\/p>\n<\/li>\n<li data-start=\"1324\" data-end=\"1352\">\n<p data-start=\"1326\" data-end=\"1352\">Source d\u2019\u00e9nergie durable<\/p>\n<\/li>\n<li data-start=\"1353\" data-end=\"1391\">\n<p data-start=\"1355\" data-end=\"1391\">Id\u00e9al pour les personnes en r\u00e9gime<\/p>\n<\/li>\n<li data-start=\"1392\" data-end=\"1408\">\n<p data-start=\"1394\" data-end=\"1408\">100% naturel<\/p>\n<\/li>\n<li data-start=\"1409\" data-end=\"1443\">\n<p data-start=\"1411\" data-end=\"1443\">Sans additifs ni conservateurs<\/p>\n<\/li>\n<li data-start=\"1444\" data-end=\"1494\">\n<p data-start=\"1446\" data-end=\"1494\">Riche en fibres, om\u00e9ga, min\u00e9raux et antioxydants<\/p>\n<\/li>\n<\/ul>\n<hr data-start=\"1496\" data-end=\"1499\" \/>\n<h3 data-start=\"1501\" data-end=\"1526\">\ud83e\udd47 <strong data-start=\"1508\" data-end=\"1526\">Parfait pour :<\/strong><\/h3>\n<ul data-start=\"1528\" data-end=\"1702\">\n<li data-start=\"1528\" data-end=\"1556\">\n<p data-start=\"1530\" data-end=\"1556\">Sportifs (Gym \/ Fitness)<\/p>\n<\/li>\n<li data-start=\"1557\" data-end=\"1575\">\n<p data-start=\"1559\" data-end=\"1575\">Perte de poids<\/p>\n<\/li>\n<li data-start=\"1576\" data-end=\"1611\">\n<p data-start=\"1578\" data-end=\"1611\">Am\u00e9lioration de peau et cheveux<\/p>\n<\/li>\n<li data-start=\"1612\" data-end=\"1643\">\n<p data-start=\"1614\" data-end=\"1643\">\u00c9tudiants pour snacks sains<\/p>\n<\/li>\n<li data-start=\"1644\" data-end=\"1702\">\n<p data-start=\"1646\" data-end=\"1702\">Employ\u00e9s cherchant une \u00e9nergie propre toute la journ\u00e9e<\/p>\n<\/li>\n<\/ul>","protected":false},"excerpt":{"rendered":"<p data-start=\"340\" data-end=\"600\">Un <strong data-start=\"343\" data-end=\"367\">pack Healthy complet<\/strong> pour le sport, l\u2019\u00e9nergie et une alimentation \u00e9quilibr\u00e9e :<br data-start=\"425\" data-end=\"428\" \/><strong data-start=\"428\" data-end=\"496\">12 vari\u00e9t\u00e9s de fruits secs 100% naturels + 1Kg d\u2019avoine premium.<\/strong><br data-start=\"496\" data-end=\"499\" \/>Riche en fibres, prot\u00e9ines naturelles et \u00e9nergie durable. Id\u00e9al pour fitness, r\u00e9gime et snacks sains.<\/p>","protected":false},"featured_media":5823,"comment_status":"open","ping_status":"closed","template":"","meta":{"iawp_total_views":2623,"_joinchat":[]},"product_brand":[],"product_cat":[71],"product_tag":[],"class_list":{"0":"post-5480","1":"product","2":"type-product","3":"status-publish","4":"has-post-thumbnail","6":"product_cat-pack","8":"first","9":"instock","10":"shipping-taxable","11":"purchasable","12":"product-type-simple"},"aioseo_notices":[],"jetpack_sharing_enabled":true,"_links":{"self":[{"href":"https:\/\/oncleachour.ma\/ar\/wp-json\/wp\/v2\/product\/5480","targetHints":{"allow":["GET"]}}],"collection":[{"href":"https:\/\/oncleachour.ma\/ar\/wp-json\/wp\/v2\/product"}],"about":[{"href":"https:\/\/oncleachour.ma\/ar\/wp-json\/wp\/v2\/types\/product"}],"replies":[{"embeddable":true,"href":"https:\/\/oncleachour.ma\/ar\/wp-json\/wp\/v2\/comments?post=5480"}],"wp:featuredmedia":[{"embeddable":true,"href":"https:\/\/oncleachour.ma\/ar\/wp-json\/wp\/v2\/media\/5823"}],"wp:attachment":[{"href":"https:\/\/oncleachour.ma\/ar\/wp-json\/wp\/v2\/media?parent=5480"}],"wp:term":[{"taxonomy":"product_brand","embeddable":true,"href":"https:\/\/oncleachour.ma\/ar\/wp-json\/wp\/v2\/product_brand?post=5480"},{"taxonomy":"product_cat","embeddable":true,"href":"https:\/\/oncleachour.ma\/ar\/wp-json\/wp\/v2\/product_cat?post=5480"},{"taxonomy":"product_tag","embeddable":true,"href":"https:\/\/oncleachour.ma\/ar\/wp-json\/wp\/v2\/product_tag?post=5480"}],"curies":[{"name":"wp","href":"https:\/\/api.w.org\/{rel}","templated":true}]}}