{"id":5494,"date":"2025-08-23T14:30:34","date_gmt":"2025-08-23T14:30:34","guid":{"rendered":"https:\/\/oncleachour.ma\/?post_type=product&#038;p=5494"},"modified":"2026-02-09T18:08:21","modified_gmt":"2026-02-09T18:08:21","slug":"melange-de-fruits-confit","status":"publish","type":"product","link":"https:\/\/oncleachour.ma\/ar\/product\/melange-de-fruits-confit\/","title":{"rendered":"M\u00e9lange de Fruits Confit"},"content":{"rendered":"<p>D\u00e9couvrez la saveur unique de notre M\u00e9lange de Fruits Confit.<br \/>\nPr\u00e9par\u00e9 \u00e0 partir de fruits soigneusement confits, ce m\u00e9lange apporte couleur, go\u00fbt et \u00e9l\u00e9gance \u00e0 vos cr\u00e9ations culinaires.<br \/>\nParfait pour la p\u00e2tisserie traditionnelle ou moderne, il peut \u00eatre utilis\u00e9 dans les cakes, tartes, pains sp\u00e9ciaux, ou d\u00e9gust\u00e9 directement pour un plaisir sucr\u00e9 et raffin\u00e9.<\/p>","protected":false},"excerpt":{"rendered":"<p>D\u00e9couvrez la saveur unique de notre M\u00e9lange de Fruits Confit. Pr\u00e9par\u00e9 \u00e0 partir de fruits soigneusement confits, ce m\u00e9lange apporte couleur, go\u00fbt et \u00e9l\u00e9gance \u00e0 vos cr\u00e9ations culinaires. Parfait pour la p\u00e2tisserie traditionnelle ou moderne, il peut \u00eatre utilis\u00e9 dans les cakes, tartes, pains sp\u00e9ciaux, ou d\u00e9gust\u00e9 directement pour un plaisir sucr\u00e9 et raffin\u00e9.<\/p>","protected":false},"featured_media":6354,"comment_status":"open","ping_status":"closed","template":"","meta":{"iawp_total_views":196,"_joinchat":[]},"product_brand":[],"product_cat":[66],"product_tag":[],"class_list":{"0":"post-5494","1":"product","2":"type-product","3":"status-publish","4":"has-post-thumbnail","6":"product_cat-fruits-seche","8":"first","9":"instock","10":"shipping-taxable","11":"purchasable","12":"product-type-variable"},"aioseo_notices":[],"jetpack_sharing_enabled":true,"_links":{"self":[{"href":"https:\/\/oncleachour.ma\/ar\/wp-json\/wp\/v2\/product\/5494","targetHints":{"allow":["GET"]}}],"collection":[{"href":"https:\/\/oncleachour.ma\/ar\/wp-json\/wp\/v2\/product"}],"about":[{"href":"https:\/\/oncleachour.ma\/ar\/wp-json\/wp\/v2\/types\/product"}],"replies":[{"embeddable":true,"href":"https:\/\/oncleachour.ma\/ar\/wp-json\/wp\/v2\/comments?post=5494"}],"wp:featuredmedia":[{"embeddable":true,"href":"https:\/\/oncleachour.ma\/ar\/wp-json\/wp\/v2\/media\/6354"}],"wp:attachment":[{"href":"https:\/\/oncleachour.ma\/ar\/wp-json\/wp\/v2\/media?parent=5494"}],"wp:term":[{"taxonomy":"product_brand","embeddable":true,"href":"https:\/\/oncleachour.ma\/ar\/wp-json\/wp\/v2\/product_brand?post=5494"},{"taxonomy":"product_cat","embeddable":true,"href":"https:\/\/oncleachour.ma\/ar\/wp-json\/wp\/v2\/product_cat?post=5494"},{"taxonomy":"product_tag","embeddable":true,"href":"https:\/\/oncleachour.ma\/ar\/wp-json\/wp\/v2\/product_tag?post=5494"}],"curies":[{"name":"wp","href":"https:\/\/api.w.org\/{rel}","templated":true}]}}