{"id":5584,"date":"2025-08-25T10:39:57","date_gmt":"2025-08-25T10:39:57","guid":{"rendered":"https:\/\/oncleachour.ma\/?post_type=product&#038;p=5584"},"modified":"2025-08-25T10:39:58","modified_gmt":"2025-08-25T10:39:58","slug":"figues-seche-%d8%a7%d9%84%d8%b4%d8%b1%d9%8a%d8%ad%d8%a9","status":"publish","type":"product","link":"https:\/\/oncleachour.ma\/ar\/product\/figues-seche-%d8%a7%d9%84%d8%b4%d8%b1%d9%8a%d8%ad%d8%a9\/","title":{"rendered":"figues s\u00e8che &#8211; \u0627\u0644\u0634\u0631\u064a\u062d\u0629"},"content":{"rendered":"<p data-start=\"426\" data-end=\"810\">Savourez nos <strong data-start=\"439\" data-end=\"456\">Figues S\u00e8ches<\/strong> soigneusement s\u00e9lectionn\u00e9es et s\u00e9ch\u00e9es de mani\u00e8re naturelle pour pr\u00e9server toutes leurs qualit\u00e9s nutritives.<br data-start=\"565\" data-end=\"568\" \/>Riches en fibres, en potassium et en antioxydants, elles constituent une source d\u2019\u00e9nergie id\u00e9ale pour vos journ\u00e9es actives.<br data-start=\"691\" data-end=\"694\" \/>Parfaites comme en-cas, pour accompagner le th\u00e9 ou comme ingr\u00e9dient dans vos recettes traditionnelles et modernes.<\/p>","protected":false},"excerpt":{"rendered":"<p data-start=\"271\" data-end=\"396\">Des figues s\u00e9ch\u00e9es naturellement, riches en fibres, min\u00e9raux et \u00e9nergie. Un en-cas sain et d\u00e9licieux pour toute la famille.<\/p>","protected":false},"featured_media":0,"comment_status":"open","ping_status":"closed","template":"","meta":{"iawp_total_views":131,"_joinchat":[]},"product_brand":[],"product_cat":[66],"product_tag":[],"class_list":{"0":"post-5584","1":"product","2":"type-product","3":"status-publish","5":"product_cat-fruits-seche","7":"first","8":"instock","9":"shipping-taxable","10":"purchasable","11":"product-type-variable"},"aioseo_notices":[],"jetpack_sharing_enabled":true,"_links":{"self":[{"href":"https:\/\/oncleachour.ma\/ar\/wp-json\/wp\/v2\/product\/5584","targetHints":{"allow":["GET"]}}],"collection":[{"href":"https:\/\/oncleachour.ma\/ar\/wp-json\/wp\/v2\/product"}],"about":[{"href":"https:\/\/oncleachour.ma\/ar\/wp-json\/wp\/v2\/types\/product"}],"replies":[{"embeddable":true,"href":"https:\/\/oncleachour.ma\/ar\/wp-json\/wp\/v2\/comments?post=5584"}],"wp:attachment":[{"href":"https:\/\/oncleachour.ma\/ar\/wp-json\/wp\/v2\/media?parent=5584"}],"wp:term":[{"taxonomy":"product_brand","embeddable":true,"href":"https:\/\/oncleachour.ma\/ar\/wp-json\/wp\/v2\/product_brand?post=5584"},{"taxonomy":"product_cat","embeddable":true,"href":"https:\/\/oncleachour.ma\/ar\/wp-json\/wp\/v2\/product_cat?post=5584"},{"taxonomy":"product_tag","embeddable":true,"href":"https:\/\/oncleachour.ma\/ar\/wp-json\/wp\/v2\/product_tag?post=5584"}],"curies":[{"name":"wp","href":"https:\/\/api.w.org\/{rel}","templated":true}]}}