{"id":6222,"date":"2026-01-24T16:55:34","date_gmt":"2026-01-24T16:55:34","guid":{"rendered":"https:\/\/oncleachour.ma\/?post_type=product&#038;p=6222"},"modified":"2026-01-29T16:04:39","modified_gmt":"2026-01-29T16:04:39","slug":"pack-sfoufe","status":"publish","type":"product","link":"https:\/\/oncleachour.ma\/ar\/product\/pack-sfoufe\/","title":{"rendered":"\u0628\u0627\u0643 \u0627\u0644\u0633\u0641\u0648\u0641 ( \u0633\u0644\u0648 , \u0627\u0644\u0632\u0645\u064a\u062a\u0629 ) \u0645\u0646 \u0623\u0648\u0646\u0643\u0644 \u0639\u0627\u0634\u0648\u0631 | Pack Sfouf (Sellou \/ Zammita)"},"content":{"rendered":"<p data-start=\"1194\" data-end=\"1441\">---&gt; <strong data-start=\"1197\" data-end=\"1215\">Sfouf marocain<\/strong>, connu \u00e9galement sous les noms de <strong data-start=\"1250\" data-end=\"1260\">Sellou<\/strong> ou <strong data-start=\"1264\" data-end=\"1275\">Zammita<\/strong>,<br data-start=\"1276\" data-end=\"1279\" \/>est une pr\u00e9paration traditionnelle \u00e0 base d\u2019ingr\u00e9dients naturels riches en \u00e9nergie, consomm\u00e9e tout au long du <strong data-start=\"1389\" data-end=\"1408\">mois de Ramadan<\/strong> et lors des grandes occasions.<\/p>\n<p data-start=\"1443\" data-end=\"1702\">Avec le <strong data-start=\"1451\" data-end=\"1480\">Pack Sfouf d\u2019Oncle Achour<\/strong>, vous disposez de <strong data-start=\"1499\" data-end=\"1536\">tous les ingr\u00e9dients authentiques<\/strong> r\u00e9unis dans un seul coffret pratique,<br data-start=\"1574\" data-end=\"1577\" \/>s\u00e9lectionn\u00e9s avec soin pour pr\u00e9server la <strong data-start=\"1618\" data-end=\"1629\">\u0627\u0644\u062c\u0648\u062f\u0629<\/strong>, l\u2019<strong data-start=\"1633\" data-end=\"1659\">\u00e9quilibre nutritionnel<\/strong> et le <strong data-start=\"1666\" data-end=\"1683\">go\u00fbt original<\/strong> du Sfouf marocain.<\/p>\n<hr data-start=\"1704\" data-end=\"1707\" \/>\n<h3 data-start=\"1709\" data-end=\"1747\">\ud83c\udf3f <strong data-start=\"1716\" data-end=\"1747\">Ingr\u00e9dients du Pack Sfouf :<\/strong><\/h3>\n<ul data-start=\"1749\" data-end=\"2189\">\n<li data-start=\"1749\" data-end=\"1785\">\n<p data-start=\"1751\" data-end=\"1785\">\ud83e\udd63 <strong data-start=\"1754\" data-end=\"1783\">1 kg de graines de s\u00e9same<\/strong><\/p>\n<\/li>\n<li data-start=\"1786\" data-end=\"1822\">\n<p data-start=\"1788\" data-end=\"1822\">\ud83c\udf30 <strong data-start=\"1791\" data-end=\"1820\">1 kg d\u2019amandes naturelles<\/strong><\/p>\n<\/li>\n<li data-start=\"1823\" data-end=\"1861\">\n<p data-start=\"1825\" data-end=\"1861\">\ud83e\udd5c <strong data-start=\"1828\" data-end=\"1859\">1 kg de cacahu\u00e8tes grill\u00e9es<\/strong><\/p>\n<\/li>\n<li data-start=\"1862\" data-end=\"1896\">\n<p data-start=\"1864\" data-end=\"1896\">\ud83c\udf3e <strong data-start=\"1867\" data-end=\"1894\">450 g de graines de lin<\/strong><\/p>\n<\/li>\n<li data-start=\"1897\" data-end=\"1938\">\n<p data-start=\"1899\" data-end=\"1938\">\ud83c\udf3e <strong data-start=\"1902\" data-end=\"1936\">450 g de graines d\u2019orge (ilan)<\/strong><\/p>\n<\/li>\n<li data-start=\"1939\" data-end=\"1977\">\n<p data-start=\"1941\" data-end=\"1977\">\ud83c\udf3f <strong data-start=\"1944\" data-end=\"1975\">200 g de graines de fenouil<\/strong><\/p>\n<\/li>\n<li data-start=\"1978\" data-end=\"2012\">\n<p data-start=\"1980\" data-end=\"2012\">\ud83c\udf3f <strong data-start=\"1983\" data-end=\"2010\">200 g de graines d\u2019anis<\/strong><\/p>\n<\/li>\n<li data-start=\"2013\" data-end=\"2051\">\n<p data-start=\"2015\" data-end=\"2051\">\ud83c\udf42 <strong data-start=\"2018\" data-end=\"2049\">100 g de b\u00e2tons de cannelle<\/strong><\/p>\n<\/li>\n<li data-start=\"2052\" data-end=\"2089\">\n<p data-start=\"2054\" data-end=\"2089\">\ud83c\udf30 <strong data-start=\"2057\" data-end=\"2087\">2 noix de muscade enti\u00e8res<\/strong><\/p>\n<\/li>\n<li data-start=\"2090\" data-end=\"2137\">\n<p data-start=\"2092\" data-end=\"2137\">\ud83d\udc8e<strong data-start=\"2095\" data-end=\"2135\">\u00a0gomme arabique (meska horra)<\/strong><\/p>\n<\/li>\n<li data-start=\"2138\" data-end=\"2189\">\n<p data-start=\"2140\" data-end=\"2189\">\ud83c\udf38 <strong data-start=\"2143\" data-end=\"2189\">\u00bd litre d\u2019eau de fleur d\u2019oranger naturelle<\/strong><\/p>\n<\/li>\n<\/ul>\n<p data-start=\"2191\" data-end=\"2293\">Chaque ingr\u00e9dient est issu de sources naturelles marocaines pour un r\u00e9sultat savoureux et authentique.<\/p>\n<hr data-start=\"2295\" data-end=\"2298\" \/>\n<h3 data-start=\"2300\" data-end=\"2358\">\ud83c\udf6f <strong data-start=\"2307\" data-end=\"2358\">Pourquoi choisir le Pack Sfouf d\u2019Oncle Achour ?<\/strong><\/h3>\n<p data-start=\"2360\" data-end=\"2693\">\u2705 <strong data-start=\"2362\" data-end=\"2402\">Ingr\u00e9dients 100 % naturels et locaux<\/strong><br data-start=\"2402\" data-end=\"2405\" \/>\u2705 <strong data-start=\"2407\" data-end=\"2428\">\u00c9quilibre parfait<\/strong> pour obtenir la texture et le go\u00fbt du Sfouf traditionnel<br data-start=\"2485\" data-end=\"2488\" \/>\u2705 <strong data-start=\"2490\" data-end=\"2511\">Facile \u00e0 pr\u00e9parer<\/strong>, id\u00e9al pour les familles<br data-start=\"2536\" data-end=\"2539\" \/>\u2705 <strong data-start=\"2541\" data-end=\"2573\">Produit marocain authentique<\/strong>, parfait pour <strong data-start=\"2588\" data-end=\"2602\">le Ramadan<\/strong> ou les c\u00e9l\u00e9brations<br data-start=\"2622\" data-end=\"2625\" \/>\u2705 <strong data-start=\"2627\" data-end=\"2643\">Go\u00fbt garanti<\/strong> : la qualit\u00e9 Oncle Achour dans chaque cuiller\u00e9e<\/p>\n<hr data-start=\"2695\" data-end=\"2698\" \/>\n<h3 data-start=\"2700\" data-end=\"2736\">\ud83d\udc69\u200d\ud83c\udf73 <strong data-start=\"2710\" data-end=\"2736\">Pr\u00e9paration sugg\u00e9r\u00e9e :<\/strong><\/h3>\n<ol data-start=\"2738\" data-end=\"3094\">\n<li data-start=\"2738\" data-end=\"2803\">\n<p data-start=\"2741\" data-end=\"2803\">Faites griller l\u00e9g\u00e8rement les amandes, cacahu\u00e8tes et s\u00e9same.<\/p>\n<\/li>\n<li data-start=\"2804\" data-end=\"2847\">\n<p data-start=\"2807\" data-end=\"2847\">Mixez ou broyez les graines avec soin.<\/p>\n<\/li>\n<li data-start=\"2848\" data-end=\"2949\">\n<p data-start=\"2851\" data-end=\"2949\">M\u00e9langez le tout avec du miel, du sucre, du beurre fondu ou de l\u2019huile d\u2019olive selon la recette.<\/p>\n<\/li>\n<li data-start=\"2950\" data-end=\"3013\">\n<p data-start=\"2953\" data-end=\"3013\">Ajoutez de l\u2019eau de fleur d\u2019oranger pour sublimer le go\u00fbt.<\/p>\n<\/li>\n<li data-start=\"3014\" data-end=\"3094\">\n<p data-start=\"3017\" data-end=\"3094\">Servez votre <strong data-start=\"3030\" data-end=\"3058\">Sellou \/ Sfouf \/ Zammita<\/strong> dans un plat traditionnel marocain.<\/p>\n<\/li>\n<\/ol>\n<hr data-start=\"3096\" data-end=\"3099\" \/>\n<h3 data-start=\"3101\" data-end=\"3143\">\ud83d\udc9a <strong data-start=\"3108\" data-end=\"3143\">Valeur ajout\u00e9e d\u2019Oncle Achour :<\/strong><\/h3>\n<p data-start=\"3145\" data-end=\"3341\">\ud83c\udf34 Fabrication marocaine, respectant le savoir-faire ancestral.<br data-start=\"3208\" data-end=\"3211\" \/>\ud83c\udf3f S\u00e9lection rigoureuse des meilleurs produits du terroir.<br data-start=\"3269\" data-end=\"3272\" \/>\ud83d\udc9a Engagement envers la qualit\u00e9, la transparence et l\u2019authenticit\u00e9.<\/p>\n<hr data-start=\"3343\" data-end=\"3346\" \/>\n<h3 data-start=\"3348\" data-end=\"3378\">\ud83c\udff7\ufe0f <strong data-start=\"3356\" data-end=\"3378\">D\u00e9tails du produit<\/strong><\/h3>\n<div class=\"TyagGW_tableContainer\">\n<div class=\"group TyagGW_tableWrapper flex flex-col-reverse w-fit\" tabindex=\"-1\">\n<table class=\"w-fit min-w-(--thread-content-width)\" data-start=\"3380\" data-end=\"3781\">\n<thead data-start=\"3380\" data-end=\"3404\">\n<tr data-start=\"3380\" data-end=\"3404\">\n<th data-start=\"3380\" data-end=\"3389\" data-col-size=\"sm\">D\u00e9tail<\/th>\n<th data-start=\"3389\" data-end=\"3404\" data-col-size=\"md\">\u0627\u0644\u0648\u0635\u0641<\/th>\n<\/tr>\n<\/thead>\n<tbody data-start=\"3430\" data-end=\"3781\">\n<tr data-start=\"3430\" data-end=\"3484\">\n<td data-start=\"3430\" data-end=\"3451\" data-col-size=\"sm\"><strong data-start=\"3432\" data-end=\"3450\">Nom du produit<\/strong><\/td>\n<td data-start=\"3451\" data-end=\"3484\" data-col-size=\"md\">Pack Sfouf (Sellou \/ Zammita)<\/td>\n<\/tr>\n<tr data-start=\"3485\" data-end=\"3514\">\n<td data-start=\"3485\" data-end=\"3498\" data-col-size=\"sm\"><strong data-start=\"3487\" data-end=\"3497\">Marque<\/strong><\/td>\n<td data-start=\"3498\" data-end=\"3514\" data-col-size=\"md\">Oncle Achour<\/td>\n<\/tr>\n<tr data-start=\"3515\" data-end=\"3549\">\n<td data-start=\"3515\" data-end=\"3533\" data-col-size=\"sm\"><strong data-start=\"3517\" data-end=\"3532\">Poids total<\/strong><\/td>\n<td data-start=\"3533\" data-end=\"3549\" data-col-size=\"md\">Environ 4 kg<\/td>\n<\/tr>\n<tr data-start=\"3550\" data-end=\"3578\">\n<td data-start=\"3550\" data-end=\"3564\" data-col-size=\"sm\"><strong data-start=\"3552\" data-end=\"3563\">Origine<\/strong><\/td>\n<td data-start=\"3564\" data-end=\"3578\" data-col-size=\"md\">Maroc \ud83c\uddf2\ud83c\udde6<\/td>\n<\/tr>\n<tr data-start=\"3579\" data-end=\"3656\">\n<td data-start=\"3579\" data-end=\"3595\" data-col-size=\"sm\"><strong data-start=\"3581\" data-end=\"3594\">Cat\u00e9gorie<\/strong><\/td>\n<td data-col-size=\"md\" data-start=\"3595\" data-end=\"3656\">Produits traditionnels \/ Ramadan \/ Pr\u00e9paration artisanale<\/td>\n<\/tr>\n<tr data-start=\"3657\" data-end=\"3716\">\n<td data-start=\"3657\" data-end=\"3676\" data-col-size=\"sm\"><strong data-start=\"3659\" data-end=\"3675\">Conservation<\/strong><\/td>\n<td data-start=\"3676\" data-end=\"3716\" data-col-size=\"md\">12 mois dans un endroit frais et sec<\/td>\n<\/tr>\n<tr data-start=\"3717\" data-end=\"3781\">\n<td data-start=\"3717\" data-end=\"3733\" data-col-size=\"sm\"><strong data-start=\"3719\" data-end=\"3732\">Livraison<\/strong><\/td>\n<td data-start=\"3733\" data-end=\"3781\" data-col-size=\"md\">Disponible dans toutes les villes marocaines<\/td>\n<\/tr>\n<\/tbody>\n<\/table>\n<\/div>\n<\/div>\n<hr data-start=\"3783\" data-end=\"3786\" \/>\n<h3 data-start=\"3788\" data-end=\"3817\">\ud83d\udce2 <strong data-start=\"3795\" data-end=\"3817\">Appel \u00e0 l\u2019action :<\/strong><\/h3>\n<p data-start=\"3819\" data-end=\"4078\">\ud83d\uded2 Commandez votre <strong data-start=\"3838\" data-end=\"3871\">Pack Sfouf (Sellou \/ Zammita)<\/strong> d\u00e8s aujourd\u2019hui pour <strong data-start=\"3893\" data-end=\"3904\">279 MAD<\/strong><br data-start=\"3904\" data-end=\"3907\" \/>et red\u00e9couvrez la saveur authentique du Maroc \u00e0 la maison \ud83c\udf3f<br data-start=\"3967\" data-end=\"3970\" \/>\ud83d\udc49 <a class=\"decorated-link\" href=\"https:\/\/www.oncleachour.ma\" target=\"_new\" rel=\"noopener\" data-start=\"3973\" data-end=\"4021\">www.oncleachour.ma<\/a><br data-start=\"4021\" data-end=\"4024\" \/>\ud83d\udc9a <strong data-start=\"4027\" data-end=\"4078\">Oncle Achour \u2013 Le go\u00fbt du Maroc, naturellement.<\/strong><\/p>","protected":false},"excerpt":{"rendered":"<blockquote data-start=\"683\" data-end=\"984\">\n<p data-start=\"709\" data-end=\"1001\">\u00a0D\u00e9couvrez le go\u00fbt du <strong data-start=\"733\" data-end=\"751\">Sfouf marocain<\/strong> \u2013 aussi appel\u00e9 <strong data-start=\"767\" data-end=\"777\">Sellou<\/strong> ou <strong data-start=\"781\" data-end=\"792\">Zammita<\/strong> \u2013 avec un pack complet et naturel.<br data-start=\"827\" data-end=\"830\" \/>---&gt; <strong data-start=\"833\" data-end=\"862\">Pack Sfouf d\u2019Oncle Achour<\/strong> contient tous les ingr\u00e9dients n\u00e9cessaires pour pr\u00e9parer facilement cette recette traditionnelle, riche en \u00e9nergie et symbole du Ramadan.<\/p>\n<p data-start=\"1003\" data-end=\"1044\">\ud83d\ude9a Livraison rapide dans tout le Maroc.<\/p>\n<\/blockquote>","protected":false},"featured_media":6224,"comment_status":"open","ping_status":"closed","template":"","meta":{"iawp_total_views":9713,"_joinchat":[]},"product_brand":[],"product_cat":[71],"product_tag":[],"class_list":{"0":"post-6222","1":"product","2":"type-product","3":"status-publish","4":"has-post-thumbnail","6":"product_cat-pack","8":"first","9":"instock","10":"sale","11":"shipping-taxable","12":"purchasable","13":"product-type-simple"},"aioseo_notices":[],"jetpack_sharing_enabled":true,"_links":{"self":[{"href":"https:\/\/oncleachour.ma\/ar\/wp-json\/wp\/v2\/product\/6222","targetHints":{"allow":["GET"]}}],"collection":[{"href":"https:\/\/oncleachour.ma\/ar\/wp-json\/wp\/v2\/product"}],"about":[{"href":"https:\/\/oncleachour.ma\/ar\/wp-json\/wp\/v2\/types\/product"}],"replies":[{"embeddable":true,"href":"https:\/\/oncleachour.ma\/ar\/wp-json\/wp\/v2\/comments?post=6222"}],"wp:featuredmedia":[{"embeddable":true,"href":"https:\/\/oncleachour.ma\/ar\/wp-json\/wp\/v2\/media\/6224"}],"wp:attachment":[{"href":"https:\/\/oncleachour.ma\/ar\/wp-json\/wp\/v2\/media?parent=6222"}],"wp:term":[{"taxonomy":"product_brand","embeddable":true,"href":"https:\/\/oncleachour.ma\/ar\/wp-json\/wp\/v2\/product_brand?post=6222"},{"taxonomy":"product_cat","embeddable":true,"href":"https:\/\/oncleachour.ma\/ar\/wp-json\/wp\/v2\/product_cat?post=6222"},{"taxonomy":"product_tag","embeddable":true,"href":"https:\/\/oncleachour.ma\/ar\/wp-json\/wp\/v2\/product_tag?post=6222"}],"curies":[{"name":"wp","href":"https:\/\/api.w.org\/{rel}","templated":true}]}}