{"id":6277,"date":"2026-02-02T15:48:51","date_gmt":"2026-02-02T15:48:51","guid":{"rendered":"https:\/\/oncleachour.ma\/?post_type=product&#038;p=6277"},"modified":"2026-02-02T15:52:31","modified_gmt":"2026-02-02T15:52:31","slug":"%d8%aa%d9%85%d8%b1-%d9%85%d8%ac%d9%87%d9%88%d9%84-%d9%85%d8%aa%d9%88%d8%b3%d8%b7-dattes-mejhool-calibre-moyen","status":"publish","type":"product","link":"https:\/\/oncleachour.ma\/ar\/product\/%d8%aa%d9%85%d8%b1-%d9%85%d8%ac%d9%87%d9%88%d9%84-%d9%85%d8%aa%d9%88%d8%b3%d8%b7-dattes-mejhool-calibre-moyen\/","title":{"rendered":"\u062a\u0645\u0631 \u0645\u062c\u0647\u0648\u0644 \u0645\u062a\u0648\u0633\u0637 &#8211; Dattes Mejhool calibre moyen"},"content":{"rendered":"<p data-start=\"921\" data-end=\"1082\">\u062a\u0645\u0631 \u0645\u0646 \u0641\u0626\u0629 <strong data-start=\"932\" data-end=\"949\">\u0627\u0644\u0645\u062c\u0647\u0648\u0644 \u0645\u062a\u0648\u0633\u0637<\/strong>\u060c \u064a\u062a\u0645\u064a\u0632 \u0628\u062d\u0628\u0627\u062a \u0645\u062a\u0648\u0633\u0637\u0629 \u0627\u0644\u062d\u062c\u0645 \u0648\u0642\u0648\u0627\u0645 \u0644\u064a\u0646 \u0648\u0637\u0639\u0645 \u062d\u0644\u0648 \u0637\u0628\u064a\u0639\u064a \u0628\u062f\u0648\u0646 \u0625\u0636\u0627\u0641\u0627\u062a.<br data-start=\"1013\" data-end=\"1016\" \/>\u062d\u0644\u0651 \u0645\u062b\u0627\u0644\u064a \u0644\u0644\u064a \u0628\u0627\u063a\u064a \u062a\u0645\u0631 \u0645\u062c\u0647\u0648\u0644 \u064a\u0648\u0645\u064a \u0628\u062b\u0645\u0646 \u0645\u0639\u0642\u0648\u0644 \u0645\u0639 \u0627\u0644\u062d\u0641\u0627\u0638 \u0639\u0644\u0649 \u0627\u0644\u062c\u0648\u062f\u0629.<\/p>\n<h3 data-start=\"1084\" data-end=\"1099\">\u2714\ufe0f \u0627\u0644\u0645\u0645\u064a\u0632\u0627\u062a<\/h3>\n<ul data-start=\"1100\" data-end=\"1210\">\n<li data-start=\"1100\" data-end=\"1121\">\n<p data-start=\"1102\" data-end=\"1121\">\u062d\u0628\u0627\u062a \u0645\u062a\u0648\u0633\u0637\u0629 \u0627\u0644\u062d\u062c\u0645<\/p>\n<\/li>\n<li data-start=\"1122\" data-end=\"1134\">\n<p data-start=\"1124\" data-end=\"1134\">\u0637\u0631\u064a \u0648\u0644\u064a\u0646<\/p>\n<\/li>\n<li data-start=\"1135\" data-end=\"1159\">\n<p data-start=\"1137\" data-end=\"1159\">\u062d\u0644\u0627\u0648\u0629 \u0637\u0628\u064a\u0639\u064a\u0629 \u0645\u062a\u0648\u0627\u0632\u0646\u0629<\/p>\n<\/li>\n<li data-start=\"1160\" data-end=\"1177\">\n<p data-start=\"1162\" data-end=\"1177\">\u0628\u062f\u0648\u0646 \u0633\u0643\u0631 \u0645\u0636\u0627\u0641<\/p>\n<\/li>\n<li data-start=\"1178\" data-end=\"1210\">\n<p data-start=\"1180\" data-end=\"1210\">\u062c\u0648\u062f\u0629 \u0645\u0633\u062a\u0642\u0631\u0629 \u0644\u0644\u0627\u0633\u062a\u0639\u0645\u0627\u0644 \u0627\u0644\u064a\u0648\u0645\u064a<\/p>\n<\/li>\n<\/ul>\n<h3 data-start=\"1212\" data-end=\"1231\">\ud83c\udf7d\ufe0f \u0627\u0644\u0627\u0633\u062a\u0639\u0645\u0627\u0644\u0627\u062a<\/h3>\n<ul data-start=\"1232\" data-end=\"1302\">\n<li data-start=\"1232\" data-end=\"1249\">\n<p data-start=\"1234\" data-end=\"1249\">\u0627\u0644\u0641\u0637\u0648\u0631 \u0627\u0644\u064a\u0648\u0645\u064a<\/p>\n<\/li>\n<li data-start=\"1250\" data-end=\"1265\">\n<p data-start=\"1252\" data-end=\"1265\">\u0648\u062c\u0628\u0627\u062a \u062e\u0641\u064a\u0641\u0629<\/p>\n<\/li>\n<li data-start=\"1266\" data-end=\"1288\">\n<p data-start=\"1268\" data-end=\"1288\">\u0645\u0639 \u0627\u0644\u0634\u0627\u064a \u0623\u0648 \u0627\u0644\u062d\u0644\u064a\u0628<\/p>\n<\/li>\n<li data-start=\"1289\" data-end=\"1302\">\n<p data-start=\"1291\" data-end=\"1302\">\u0634\u0647\u0631 \u0631\u0645\u0636\u0627\u0646<\/p>\n<\/li>\n<\/ul>\n<hr data-start=\"1304\" data-end=\"1307\" \/>\n<h2 data-start=\"1309\" data-end=\"1347\">\ud83c\uddeb\ud83c\uddf7 Dattes Mejhool \u2013 Calibre Moyen<\/h2>\n<p data-start=\"1348\" data-end=\"1517\">Dattes Medjool de <strong data-start=\"1366\" data-end=\"1383\">calibre moyen<\/strong>, reconnues pour leur texture tendre et leur douceur naturelle.<br data-start=\"1446\" data-end=\"1449\" \/>Un choix pratique pour une consommation quotidienne \u00e0 prix ma\u00eetris\u00e9.<\/p>\n<h3 data-start=\"1519\" data-end=\"1535\">\u2714\ufe0f Avantages<\/h3>\n<ul data-start=\"1536\" data-end=\"1666\">\n<li data-start=\"1536\" data-end=\"1562\">\n<p data-start=\"1538\" data-end=\"1562\">Calibre moyen r\u00e9gulier<\/p>\n<\/li>\n<li data-start=\"1563\" data-end=\"1581\">\n<p data-start=\"1565\" data-end=\"1581\">Texture tendre<\/p>\n<\/li>\n<li data-start=\"1582\" data-end=\"1603\">\n<p data-start=\"1584\" data-end=\"1603\">Douceur naturelle<\/p>\n<\/li>\n<li data-start=\"1604\" data-end=\"1637\">\n<p data-start=\"1606\" data-end=\"1637\">Sans additifs ni sucre ajout\u00e9<\/p>\n<\/li>\n<li data-start=\"1638\" data-end=\"1666\">\n<p data-start=\"1640\" data-end=\"1666\">Bon rapport qualit\u00e9\/prix<\/p>\n<\/li>\n<\/ul>\n<h3 data-start=\"1668\" data-end=\"1688\">\ud83c\udf7d\ufe0f Utilisations<\/h3>\n<ul data-start=\"1689\" data-end=\"1761\">\n<li data-start=\"1689\" data-end=\"1707\">\n<p data-start=\"1691\" data-end=\"1707\">Petit-d\u00e9jeuner<\/p>\n<\/li>\n<li data-start=\"1708\" data-end=\"1722\">\n<p data-start=\"1710\" data-end=\"1722\">Collations<\/p>\n<\/li>\n<li data-start=\"1723\" data-end=\"1749\">\n<p data-start=\"1725\" data-end=\"1749\">Avec le th\u00e9 ou le lait<\/p>\n<\/li>\n<li data-start=\"1750\" data-end=\"1761\">\n<p data-start=\"1752\" data-end=\"1761\">Ramadan<\/p>\n<\/li>\n<\/ul>\n<hr data-start=\"1763\" data-end=\"1766\" \/>\n<h1 data-start=\"1768\" data-end=\"1825\"><\/h1>","protected":false},"excerpt":{"rendered":"<p style=\"text-align: right;\" data-start=\"410\" data-end=\"600\"><strong data-start=\"410\" data-end=\"421\">\ud83c\uddf2\ud83c\udde6 AR<\/strong><br data-start=\"421\" data-end=\"424\" \/>\u062a\u0645\u0631 \u0645\u062c\u0647\u0648\u0644 \u0645\u062a\u0648\u0633\u0637 \u0628\u062d\u0628\u0627\u062a \u0645\u062a\u0648\u0633\u0637\u0629 \u0627\u0644\u062d\u062c\u0645\u060c \u0637\u0631\u064a \u0648\u062d\u0644\u0648 \u0628\u0637\u0639\u0645 \u0637\u0628\u064a\u0639\u064a \u0645\u062a\u0648\u0627\u0632\u0646. \u0627\u062e\u062a\u064a\u0627\u0631 \u0639\u0645\u0644\u064a \u0648\u0645\u0646\u0627\u0633\u0628 \u0644\u0644\u0627\u0633\u062a\u0647\u0644\u0627\u0643 \u0627\u0644\u064a\u0648\u0645\u064a \u0645\u0639 \u062c\u0648\u062f\u0629 \u0645\u0633\u062a\u0642\u0631\u0629 \u0648\u0633\u0639\u0631 \u0645\u0646\u0627\u0633\u0628.<br data-start=\"550\" data-end=\"553\" \/>\u2714\ufe0f \u0637\u0628\u064a\u0639\u064a 100% \u2013 \u062a\u0648\u0635\u064a\u0644 \u0633\u0631\u064a\u0639 \u2013 \u0627\u0644\u062f\u0641\u0639 \u0639\u0646\u062f \u0627\u0644\u0627\u0633\u062a\u0644\u0627\u0645<\/p>\n<p data-start=\"602\" data-end=\"852\"><strong data-start=\"602\" data-end=\"613\">\ud83c\uddeb\ud83c\uddf7 FR<\/strong><br data-start=\"613\" data-end=\"616\" \/>Dattes Medjool de calibre moyen, tendres et naturellement sucr\u00e9es, avec une qualit\u00e9 stable et un excellent rapport qualit\u00e9\/prix. Id\u00e9ales pour la consommation quotidienne.<br data-start=\"786\" data-end=\"789\" \/>\u2714\ufe0f 100% naturelles \u2013 Livraison rapide \u2013 Paiement \u00e0 la livraison<\/p>","protected":false},"featured_media":6281,"comment_status":"open","ping_status":"closed","template":"","meta":{"iawp_total_views":217,"_joinchat":[]},"product_brand":[],"product_cat":[95],"product_tag":[],"class_list":{"0":"post-6277","1":"product","2":"type-product","3":"status-publish","4":"has-post-thumbnail","6":"product_cat-dattes-b","8":"first","9":"instock","10":"shipping-taxable","11":"purchasable","12":"product-type-variable"},"aioseo_notices":[],"jetpack_sharing_enabled":true,"_links":{"self":[{"href":"https:\/\/oncleachour.ma\/ar\/wp-json\/wp\/v2\/product\/6277","targetHints":{"allow":["GET"]}}],"collection":[{"href":"https:\/\/oncleachour.ma\/ar\/wp-json\/wp\/v2\/product"}],"about":[{"href":"https:\/\/oncleachour.ma\/ar\/wp-json\/wp\/v2\/types\/product"}],"replies":[{"embeddable":true,"href":"https:\/\/oncleachour.ma\/ar\/wp-json\/wp\/v2\/comments?post=6277"}],"wp:featuredmedia":[{"embeddable":true,"href":"https:\/\/oncleachour.ma\/ar\/wp-json\/wp\/v2\/media\/6281"}],"wp:attachment":[{"href":"https:\/\/oncleachour.ma\/ar\/wp-json\/wp\/v2\/media?parent=6277"}],"wp:term":[{"taxonomy":"product_brand","embeddable":true,"href":"https:\/\/oncleachour.ma\/ar\/wp-json\/wp\/v2\/product_brand?post=6277"},{"taxonomy":"product_cat","embeddable":true,"href":"https:\/\/oncleachour.ma\/ar\/wp-json\/wp\/v2\/product_cat?post=6277"},{"taxonomy":"product_tag","embeddable":true,"href":"https:\/\/oncleachour.ma\/ar\/wp-json\/wp\/v2\/product_tag?post=6277"}],"curies":[{"name":"wp","href":"https:\/\/api.w.org\/{rel}","templated":true}]}}