{"id":6332,"date":"2026-02-09T17:08:12","date_gmt":"2026-02-09T17:08:12","guid":{"rendered":"https:\/\/oncleachour.ma\/?post_type=product&#038;p=6332"},"modified":"2026-02-16T11:39:08","modified_gmt":"2026-02-16T11:39:08","slug":"%d8%b9%d8%b3%d9%84-%d8%a7%d9%84%d8%ae%d8%b1%d9%88%d8%a8-%d8%a7%d9%84%d8%b7%d8%a8%d9%8a%d8%b9%d9%8a-100-miel-de-caroube-naturel-100","status":"publish","type":"product","link":"https:\/\/oncleachour.ma\/ar\/product\/%d8%b9%d8%b3%d9%84-%d8%a7%d9%84%d8%ae%d8%b1%d9%88%d8%a8-%d8%a7%d9%84%d8%b7%d8%a8%d9%8a%d8%b9%d9%8a-100-miel-de-caroube-naturel-100\/","title":{"rendered":"\u0639\u0633\u0644 \u0627\u0644\u062e\u0631\u0648\u0628 \u0627\u0644\u0637\u0628\u064a\u0639\u064a 100% &#8211; Miel de Caroube Naturel 100%"},"content":{"rendered":"<p style=\"text-align: left\" data-start=\"742\" data-end=\"868\">\u0639\u0633\u0644 \u0627\u0644\u062e\u0631\u0648\u0628 \u0645\u0646 \u0623\u062c\u0648\u062f \u0623\u0646\u0648\u0627\u0639 \u0627\u0644\u0639\u0633\u0644 \u0627\u0644\u0637\u0628\u064a\u0639\u064a \u0627\u0644\u0645\u0633\u062a\u062e\u0631\u062c \u0645\u0646 \u0623\u0632\u0647\u0627\u0631 \u0634\u062c\u0631\u0629 \u0627\u0644\u062e\u0631\u0648\u0628\u060c \u064a\u062a\u0645\u064a\u0632 \u0628\u0642\u064a\u0645\u062a\u0647 \u0627\u0644\u063a\u0630\u0627\u0626\u064a\u0629 \u0627\u0644\u0639\u0627\u0644\u064a\u0629 \u0648\u0645\u0630\u0627\u0642\u0647 \u0627\u0644\u0642\u0648\u064a \u0648\u0644\u0648\u0646\u0647 \u0627\u0644\u062f\u0627\u0643\u0646.<\/p>\n<p style=\"text-align: left\" data-start=\"870\" data-end=\"881\"><strong data-start=\"870\" data-end=\"881\">\u0641\u0648\u0627\u0626\u062f\u0647:<\/strong><\/p>\n<ul style=\"text-align: left\" data-start=\"882\" data-end=\"996\">\n<li data-start=\"882\" data-end=\"907\">\n<p data-start=\"884\" data-end=\"907\">\u064a\u0633\u0627\u0639\u062f \u0639\u0644\u0649 \u062a\u062d\u0633\u064a\u0646 \u0627\u0644\u0647\u0636\u0645<\/p>\n<\/li>\n<li data-start=\"908\" data-end=\"935\">\n<p data-start=\"910\" data-end=\"935\">\u063a\u0646\u064a \u0628\u0627\u0644\u062d\u062f\u064a\u062f \u0648\u0627\u0644\u0645\u063a\u0646\u064a\u0633\u064a\u0648\u0645<\/p>\n<\/li>\n<li data-start=\"936\" data-end=\"970\">\n<p data-start=\"938\" data-end=\"970\">\u064a\u062f\u0639\u0645 \u0627\u0644\u0645\u0646\u0627\u0639\u0629 \u0648\u064a\u0645\u0646\u062d \u0637\u0627\u0642\u0629 \u0637\u0628\u064a\u0639\u064a\u0629<\/p>\n<\/li>\n<li data-start=\"971\" data-end=\"996\">\n<p data-start=\"973\" data-end=\"996\">\u0628\u062f\u064a\u0644 \u0635\u062d\u064a \u0644\u0644\u0633\u0643\u0631 \u0627\u0644\u0623\u0628\u064a\u0636<\/p>\n<\/li>\n<\/ul>\n<p style=\"text-align: left\" data-start=\"998\" data-end=\"1018\"><strong data-start=\"998\" data-end=\"1018\">\u0637\u0631\u064a\u0642\u0629 \u0627\u0644\u0627\u0633\u062a\u0639\u0645\u0627\u0644:<\/strong><\/p>\n<ul style=\"text-align: left\" data-start=\"1019\" data-end=\"1107\">\n<li data-start=\"1019\" data-end=\"1045\">\n<p data-start=\"1021\" data-end=\"1045\">\u0645\u0644\u0639\u0642\u0629 \u0635\u0628\u0627\u062d\u064b\u0627 \u0639\u0644\u0649 \u0627\u0644\u0631\u064a\u0642<\/p>\n<\/li>\n<li data-start=\"1046\" data-end=\"1073\">\n<p data-start=\"1048\" data-end=\"1073\">\u062a\u062d\u0644\u064a\u0629 \u0627\u0644\u0645\u0634\u0631\u0648\u0628\u0627\u062a \u0627\u0644\u0633\u0627\u062e\u0646\u0629<\/p>\n<\/li>\n<li data-start=\"1074\" data-end=\"1107\">\n<p data-start=\"1076\" data-end=\"1107\">\u064a\u062f\u062e\u0644 \u0641\u064a \u0648\u0635\u0641\u0627\u062a \u0627\u0644\u062d\u0644\u0648\u064a\u0627\u062a \u0627\u0644\u0635\u062d\u064a\u0629<\/p>\n<\/li>\n<\/ul>\n<p style=\"text-align: left\" data-start=\"1109\" data-end=\"1168\"><strong data-start=\"1109\" data-end=\"1127\">\u0637\u0631\u064a\u0642\u0629 \u0627\u0644\u062a\u062e\u0632\u064a\u0646:<\/strong><br data-start=\"1127\" data-end=\"1130\" \/>\u064a\u064f\u062d\u0641\u0638 \u0641\u064a \u0645\u0643\u0627\u0646 \u062c\u0627\u0641 \u0648\u0628\u0639\u064a\u062f \u0639\u0646 \u0623\u0634\u0639\u0629 \u0627\u0644\u0634\u0645\u0633.<\/p>\n<hr data-start=\"1170\" data-end=\"1173\" \/>\n<h3 data-start=\"1175\" data-end=\"1192\"><\/h3>\n<p data-start=\"1193\" data-end=\"1369\">Le miel de caroube est un miel naturel de haute qualit\u00e9, extrait des fleurs du caroubier. Il se distingue par sa richesse nutritionnelle, sa texture dense et son go\u00fbt prononc\u00e9.<\/p>\n<p data-start=\"1371\" data-end=\"1386\"><strong data-start=\"1371\" data-end=\"1386\">Bienfaits :<\/strong><\/p>\n<ul data-start=\"1387\" data-end=\"1522\">\n<li data-start=\"1387\" data-end=\"1419\">\n<p data-start=\"1389\" data-end=\"1419\">Favorise une bonne digestion<\/p>\n<\/li>\n<li data-start=\"1420\" data-end=\"1452\">\n<p data-start=\"1422\" data-end=\"1452\">Riche en fer et en magn\u00e9sium<\/p>\n<\/li>\n<li data-start=\"1453\" data-end=\"1483\">\n<p data-start=\"1455\" data-end=\"1483\">Source d\u2019\u00e9nergie naturelle<\/p>\n<\/li>\n<li data-start=\"1484\" data-end=\"1522\">\n<p data-start=\"1486\" data-end=\"1522\">Alternative saine au sucre raffin\u00e9<\/p>\n<\/li>\n<\/ul>\n<p data-start=\"1524\" data-end=\"1541\"><strong data-start=\"1524\" data-end=\"1541\">\u0627\u0644\u0627\u0633\u062a\u0639\u0645\u0627\u0644\u0627\u062a<\/strong><\/p>\n<ul data-start=\"1542\" data-end=\"1649\">\n<li data-start=\"1542\" data-end=\"1574\">\n<p data-start=\"1544\" data-end=\"1574\">Une cuill\u00e8re le matin \u00e0 jeun<\/p>\n<\/li>\n<li data-start=\"1575\" data-end=\"1611\">\n<p data-start=\"1577\" data-end=\"1611\">Pour sucrer les boissons chaudes<\/p>\n<\/li>\n<li data-start=\"1612\" data-end=\"1649\">\n<p data-start=\"1614\" data-end=\"1649\">En p\u00e2tisserie et recettes healthy<\/p>\n<\/li>\n<\/ul>\n<p data-start=\"1651\" data-end=\"1728\"><strong data-start=\"1651\" data-end=\"1669\">Conservation :<\/strong><br data-start=\"1669\" data-end=\"1672\" \/>\u00c0 conserver dans un endroit sec, \u00e0 l\u2019abri de la lumi\u00e8re.<\/p>","protected":false},"excerpt":{"rendered":"<p data-start=\"326\" data-end=\"470\">\u0639\u0633\u0644 \u0627\u0644\u062e\u0631\u0648\u0628 \u0627\u0644\u0637\u0628\u064a\u0639\u064a \u0645\u0646\u062a\u062c \u0645\u063a\u0631\u0628\u064a \u0623\u0635\u064a\u0644\u060c \u063a\u0646\u064a \u0628\u0627\u0644\u0645\u0639\u0627\u062f\u0646 \u0648\u0645\u0641\u064a\u062f \u0644\u0635\u062d\u0629 \u0627\u0644\u062c\u0647\u0627\u0632 \u0627\u0644\u0647\u0636\u0645\u064a\u060c \u064a\u062a\u0645\u064a\u0632 \u0628\u0644\u0648\u0646\u0647 \u0627\u0644\u062f\u0627\u0643\u0646 \u0648\u0645\u0630\u0627\u0642\u0647 \u0627\u0644\u0642\u0648\u064a\u060c \u0645\u062b\u0627\u0644\u064a \u0644\u0644\u062a\u062d\u0644\u064a\u0629 \u0627\u0644\u0637\u0628\u064a\u0639\u064a\u0629 \u0648\u062f\u0639\u0645 \u0627\u0644\u0645\u0646\u0627\u0639\u0629.<\/p>\n<h3 data-start=\"472\" data-end=\"486\"><\/h3>\n<p data-start=\"487\" data-end=\"684\">Le miel de caroube est un produit marocain naturel, riche en min\u00e9raux et reconnu pour ses bienfaits digestifs. Sa couleur fonc\u00e9e et son go\u00fbt intense en font un excellent substitut naturel au sucre.<\/p>","protected":false},"featured_media":6334,"comment_status":"open","ping_status":"closed","template":"","meta":{"iawp_total_views":109,"_joinchat":[]},"product_brand":[],"product_cat":[59],"product_tag":[],"class_list":{"0":"post-6332","1":"product","2":"type-product","3":"status-publish","4":"has-post-thumbnail","6":"product_cat-terroir-2","8":"first","9":"instock","10":"shipping-taxable","11":"purchasable","12":"product-type-variable"},"aioseo_notices":[],"jetpack_sharing_enabled":true,"_links":{"self":[{"href":"https:\/\/oncleachour.ma\/ar\/wp-json\/wp\/v2\/product\/6332","targetHints":{"allow":["GET"]}}],"collection":[{"href":"https:\/\/oncleachour.ma\/ar\/wp-json\/wp\/v2\/product"}],"about":[{"href":"https:\/\/oncleachour.ma\/ar\/wp-json\/wp\/v2\/types\/product"}],"replies":[{"embeddable":true,"href":"https:\/\/oncleachour.ma\/ar\/wp-json\/wp\/v2\/comments?post=6332"}],"wp:featuredmedia":[{"embeddable":true,"href":"https:\/\/oncleachour.ma\/ar\/wp-json\/wp\/v2\/media\/6334"}],"wp:attachment":[{"href":"https:\/\/oncleachour.ma\/ar\/wp-json\/wp\/v2\/media?parent=6332"}],"wp:term":[{"taxonomy":"product_brand","embeddable":true,"href":"https:\/\/oncleachour.ma\/ar\/wp-json\/wp\/v2\/product_brand?post=6332"},{"taxonomy":"product_cat","embeddable":true,"href":"https:\/\/oncleachour.ma\/ar\/wp-json\/wp\/v2\/product_cat?post=6332"},{"taxonomy":"product_tag","embeddable":true,"href":"https:\/\/oncleachour.ma\/ar\/wp-json\/wp\/v2\/product_tag?post=6332"}],"curies":[{"name":"wp","href":"https:\/\/api.w.org\/{rel}","templated":true}]}}