{"id":6340,"date":"2026-02-09T17:27:21","date_gmt":"2026-02-09T17:27:21","guid":{"rendered":"https:\/\/oncleachour.ma\/?post_type=product&#038;p=6340"},"modified":"2026-02-11T18:43:24","modified_gmt":"2026-02-11T18:43:24","slug":"%d8%b9%d8%b3%d9%84-%d8%a7%d9%84%d9%84%d9%8a%d9%85%d9%88%d9%86-%d8%a7%d9%84%d8%b7%d8%a8%d9%8a%d8%b9%d9%8a-100-miel-dorange-naturel-100","status":"publish","type":"product","link":"https:\/\/oncleachour.ma\/ar\/product\/%d8%b9%d8%b3%d9%84-%d8%a7%d9%84%d9%84%d9%8a%d9%85%d9%88%d9%86-%d8%a7%d9%84%d8%b7%d8%a8%d9%8a%d8%b9%d9%8a-100-miel-dorange-naturel-100\/","title":{"rendered":"\u0639\u0633\u0644 \u0627\u0644\u0644\u064a\u0645\u0648\u0646 \u0627\u0644\u0637\u0628\u064a\u0639\u064a 100% -Miel d\u2019Orange Naturel 100%"},"content":{"rendered":"<p data-start=\"748\" data-end=\"869\">\u0639\u0633\u0644 \u0627\u0644\u0628\u0631\u062a\u0642\u0627\u0644 \u064a\u064f\u0633\u062a\u062e\u0644\u0635 \u0645\u0646 \u0623\u0632\u0647\u0627\u0631 \u0623\u0634\u062c\u0627\u0631 \u0627\u0644\u0628\u0631\u062a\u0642\u0627\u0644 \u0648\u064a\u0639\u062a\u0628\u0631 \u0645\u0646 \u0623\u0631\u0642\u0649 \u0623\u0646\u0648\u0627\u0639 \u0627\u0644\u0639\u0633\u0644 \u0627\u0644\u0637\u0628\u064a\u0639\u064a\u060c \u0644\u0645\u0627 \u0644\u0647 \u0645\u0646 \u0646\u0643\u0647\u0629 \u0645\u0645\u064a\u0632\u0629 \u0648\u0641\u0648\u0627\u0626\u062f \u0635\u062d\u064a\u0629 \u0645\u062a\u0639\u062f\u062f\u0629.<\/p>\n<p data-start=\"871\" data-end=\"882\"><strong data-start=\"871\" data-end=\"882\">\u0641\u0648\u0627\u0626\u062f\u0647:<\/strong><\/p>\n<ul data-start=\"883\" data-end=\"977\">\n<li data-start=\"883\" data-end=\"904\">\n<p data-start=\"885\" data-end=\"904\">\u064a\u0642\u0648\u064a \u062c\u0647\u0627\u0632 \u0627\u0644\u0645\u0646\u0627\u0639\u0629<\/p>\n<\/li>\n<li data-start=\"905\" data-end=\"929\">\n<p data-start=\"907\" data-end=\"929\">\u064a\u0633\u0627\u0647\u0645 \u0641\u064a \u062a\u062d\u0633\u064a\u0646 \u0627\u0644\u0647\u0636\u0645<\/p>\n<\/li>\n<li data-start=\"930\" data-end=\"949\">\n<p data-start=\"932\" data-end=\"949\">\u0645\u0641\u064a\u062f \u0644\u0635\u062d\u0629 \u0627\u0644\u0642\u0644\u0628<\/p>\n<\/li>\n<li data-start=\"950\" data-end=\"977\">\n<p data-start=\"952\" data-end=\"977\">\u064a\u0645\u0646\u062d \u0637\u0627\u0642\u0629 \u0637\u0628\u064a\u0639\u064a\u0629 \u0648\u0645\u0646\u0639\u0634\u0629<\/p>\n<\/li>\n<\/ul>\n<p data-start=\"979\" data-end=\"999\"><strong data-start=\"979\" data-end=\"999\">\u0637\u0631\u064a\u0642\u0629 \u0627\u0644\u0627\u0633\u062a\u0639\u0645\u0627\u0644:<\/strong><\/p>\n<ul data-start=\"1000\" data-end=\"1092\">\n<li data-start=\"1000\" data-end=\"1026\">\n<p data-start=\"1002\" data-end=\"1026\">\u0645\u0644\u0639\u0642\u0629 \u0635\u0628\u0627\u062d\u064b\u0627 \u0639\u0644\u0649 \u0627\u0644\u0631\u064a\u0642<\/p>\n<\/li>\n<li data-start=\"1027\" data-end=\"1061\">\n<p data-start=\"1029\" data-end=\"1061\">\u062a\u062d\u0644\u064a\u0629 \u0627\u0644\u0634\u0627\u064a \u0648\u0627\u0644\u0645\u0634\u0631\u0648\u0628\u0627\u062a \u0627\u0644\u0633\u0627\u062e\u0646\u0629<\/p>\n<\/li>\n<li data-start=\"1062\" data-end=\"1092\">\n<p data-start=\"1064\" data-end=\"1092\">\u0641\u064a \u0648\u0635\u0641\u0627\u062a \u0627\u0644\u062d\u0644\u0648\u064a\u0627\u062a \u0627\u0644\u0637\u0628\u064a\u0639\u064a\u0629<\/p>\n<\/li>\n<\/ul>\n<p data-start=\"1094\" data-end=\"1171\"><strong data-start=\"1094\" data-end=\"1112\">\u0637\u0631\u064a\u0642\u0629 \u0627\u0644\u062a\u062e\u0632\u064a\u0646:<\/strong><br data-start=\"1112\" data-end=\"1115\" \/>\u064a\u064f\u062d\u0641\u0638 \u0641\u064a \u0645\u0643\u0627\u0646 \u062c\u0627\u0641 \u0648\u0628\u0639\u064a\u062f \u0639\u0646 \u0623\u0634\u0639\u0629 \u0627\u0644\u0634\u0645\u0633 \u0644\u0644\u062d\u0641\u0627\u0638 \u0639\u0644\u0649 \u0627\u0644\u062c\u0648\u062f\u0629.<\/p>\n<hr data-start=\"1173\" data-end=\"1176\" \/>\n<h3 data-start=\"1178\" data-end=\"1195\"><\/h3>\n<p data-start=\"1196\" data-end=\"1312\">Le miel d\u2019orange est extrait du nectar des fleurs d\u2019oranger et se distingue par son go\u00fbt doux et son parfum d\u00e9licat.<\/p>\n<p data-start=\"1314\" data-end=\"1329\"><strong data-start=\"1314\" data-end=\"1329\">Bienfaits :<\/strong><\/p>\n<ul data-start=\"1330\" data-end=\"1475\">\n<li data-start=\"1330\" data-end=\"1365\">\n<p data-start=\"1332\" data-end=\"1365\">Renforce le syst\u00e8me immunitaire<\/p>\n<\/li>\n<li data-start=\"1366\" data-end=\"1398\">\n<p data-start=\"1368\" data-end=\"1398\">Favorise une bonne digestion<\/p>\n<\/li>\n<li data-start=\"1399\" data-end=\"1443\">\n<p data-start=\"1401\" data-end=\"1443\">B\u00e9n\u00e9fique pour la sant\u00e9 cardiovasculaire<\/p>\n<\/li>\n<li data-start=\"1444\" data-end=\"1475\">\n<p data-start=\"1446\" data-end=\"1475\">Apporte \u00e9nergie et vitalit\u00e9<\/p>\n<\/li>\n<\/ul>\n<p data-start=\"1477\" data-end=\"1494\"><strong data-start=\"1477\" data-end=\"1494\">\u0627\u0644\u0627\u0633\u062a\u0639\u0645\u0627\u0644\u0627\u062a<\/strong><\/p>\n<ul data-start=\"1495\" data-end=\"1621\">\n<li data-start=\"1495\" data-end=\"1527\">\n<p data-start=\"1497\" data-end=\"1527\">Une cuill\u00e8re le matin \u00e0 jeun<\/p>\n<\/li>\n<li data-start=\"1528\" data-end=\"1573\">\n<p data-start=\"1530\" data-end=\"1573\">Pour sucrer infusions et boissons chaudes<\/p>\n<\/li>\n<li data-start=\"1574\" data-end=\"1621\">\n<p data-start=\"1576\" data-end=\"1621\">Dans les recettes de p\u00e2tisseries naturelles<\/p>\n<\/li>\n<\/ul>\n<p data-start=\"1623\" data-end=\"1698\"><strong data-start=\"1623\" data-end=\"1641\">Conservation :<\/strong><br data-start=\"1641\" data-end=\"1644\" \/>\u00c0 conserver dans un endroit sec et \u00e0 l\u2019abri du soleil.<\/p>\n<h2 data-start=\"1705\" data-end=\"1725\"><\/h2>","protected":false},"excerpt":{"rendered":"<p data-start=\"329\" data-end=\"480\">\u0639\u0633\u0644 \u0627\u0644\u0628\u0631\u062a\u0642\u0627\u0644 \u0627\u0644\u0637\u0628\u064a\u0639\u064a \u063a\u0646\u064a \u0628\u0627\u0644\u0646\u0643\u0647\u0629 \u0627\u0644\u062d\u0645\u0636\u064a\u0629 \u0627\u0644\u0644\u0637\u064a\u0641\u0629\u060c \u064a\u0645\u062a\u0627\u0632 \u0628\u0644\u0648\u0646\u0647 \u0627\u0644\u0630\u0647\u0628\u064a \u0627\u0644\u0641\u0627\u062a\u062d \u0648\u0641\u0648\u0627\u0626\u062f\u0647 \u0627\u0644\u0635\u062d\u064a\u0629 \u0627\u0644\u0645\u062a\u0646\u0648\u0639\u0629\u060c \u0645\u062b\u0627\u0644\u064a \u0644\u062a\u062d\u0644\u064a\u0629 \u0627\u0644\u0634\u0627\u064a \u0648\u0627\u0644\u0645\u0634\u0631\u0648\u0628\u0627\u062a \u0627\u0644\u0635\u062d\u064a\u0629 \u0648\u062f\u0639\u0645 \u0627\u0644\u0645\u0646\u0627\u0639\u0629.<\/p>\n<h3 data-start=\"482\" data-end=\"496\"><\/h3>\n<p data-start=\"497\" data-end=\"690\">Le miel d\u2019orange naturel offre une saveur douce et l\u00e9g\u00e8rement acidul\u00e9e, sa couleur dor\u00e9e claire et ses vertus naturelles en font un alli\u00e9 id\u00e9al pour sucrer vos boissons et renforcer l\u2019immunit\u00e9.<\/p>","protected":false},"featured_media":6341,"comment_status":"open","ping_status":"closed","template":"","meta":{"iawp_total_views":94,"_joinchat":[]},"product_brand":[],"product_cat":[59],"product_tag":[],"class_list":{"0":"post-6340","1":"product","2":"type-product","3":"status-publish","4":"has-post-thumbnail","6":"product_cat-terroir-2","8":"first","9":"instock","10":"shipping-taxable","11":"purchasable","12":"product-type-variable"},"aioseo_notices":[],"jetpack_sharing_enabled":true,"_links":{"self":[{"href":"https:\/\/oncleachour.ma\/ar\/wp-json\/wp\/v2\/product\/6340","targetHints":{"allow":["GET"]}}],"collection":[{"href":"https:\/\/oncleachour.ma\/ar\/wp-json\/wp\/v2\/product"}],"about":[{"href":"https:\/\/oncleachour.ma\/ar\/wp-json\/wp\/v2\/types\/product"}],"replies":[{"embeddable":true,"href":"https:\/\/oncleachour.ma\/ar\/wp-json\/wp\/v2\/comments?post=6340"}],"wp:featuredmedia":[{"embeddable":true,"href":"https:\/\/oncleachour.ma\/ar\/wp-json\/wp\/v2\/media\/6341"}],"wp:attachment":[{"href":"https:\/\/oncleachour.ma\/ar\/wp-json\/wp\/v2\/media?parent=6340"}],"wp:term":[{"taxonomy":"product_brand","embeddable":true,"href":"https:\/\/oncleachour.ma\/ar\/wp-json\/wp\/v2\/product_brand?post=6340"},{"taxonomy":"product_cat","embeddable":true,"href":"https:\/\/oncleachour.ma\/ar\/wp-json\/wp\/v2\/product_cat?post=6340"},{"taxonomy":"product_tag","embeddable":true,"href":"https:\/\/oncleachour.ma\/ar\/wp-json\/wp\/v2\/product_tag?post=6340"}],"curies":[{"name":"wp","href":"https:\/\/api.w.org\/{rel}","templated":true}]}}