{"id":6347,"date":"2026-02-09T17:43:10","date_gmt":"2026-02-09T17:43:10","guid":{"rendered":"https:\/\/oncleachour.ma\/?post_type=product&#038;p=6347"},"modified":"2026-02-11T18:35:24","modified_gmt":"2026-02-11T18:35:24","slug":"%d8%b9%d8%b3%d9%84-%d8%a7%d9%84%d9%83%d9%84%d8%a8%d8%aa%d9%88%d8%b3-%d8%a7%d9%84%d8%b7%d8%a8%d9%8a%d8%b9%d9%8a-100-miel-de-chataignier-naturel-100","status":"publish","type":"product","link":"https:\/\/oncleachour.ma\/ar\/product\/%d8%b9%d8%b3%d9%84-%d8%a7%d9%84%d9%83%d9%84%d8%a8%d8%aa%d9%88%d8%b3-%d8%a7%d9%84%d8%b7%d8%a8%d9%8a%d8%b9%d9%8a-100-miel-de-chataignier-naturel-100\/","title":{"rendered":"\u0639\u0633\u0644 \u0627\u0644\u0643\u0644\u0628\u062a\u0648\u0633 \u0627\u0644\u0637\u0628\u064a\u0639\u064a 100% &#8211; Miel de Ch\u00e2taignier Naturel 100%"},"content":{"rendered":"<p data-start=\"781\" data-end=\"890\">\u0639\u0633\u0644 \u0627\u0644\u0643\u0644\u0628\u062a\u0648\u0633 \u064a\u064f\u0633\u062a\u062e\u0644\u0635 \u0645\u0646 \u0623\u0632\u0647\u0627\u0631 \u0623\u0634\u062c\u0627\u0631 \u0627\u0644\u0643\u0644\u0628\u062a\u0648\u0633\u060c \u0648\u064a\u064f\u0639\u0631\u0641 \u0628\u0642\u0648\u062a\u0647 \u0627\u0644\u063a\u0630\u0627\u0626\u064a\u0629 \u0648\u0637\u0639\u0645\u0647 \u0627\u0644\u0645\u0645\u064a\u0632 \u0627\u0644\u063a\u0646\u064a \u0628\u0627\u0644\u0645\u0639\u0627\u062f\u0646 \u0648\u0627\u0644\u0641\u064a\u062a\u0627\u0645\u064a\u0646\u0627\u062a.<\/p>\n<p data-start=\"892\" data-end=\"903\"><strong data-start=\"892\" data-end=\"903\">\u0641\u0648\u0627\u0626\u062f\u0647:<\/strong><\/p>\n<ul data-start=\"904\" data-end=\"1015\">\n<li data-start=\"904\" data-end=\"938\">\n<p data-start=\"906\" data-end=\"938\">\u064a\u0633\u0627\u0639\u062f \u0639\u0644\u0649 \u062a\u062d\u0633\u064a\u0646 \u0627\u0644\u062f\u0648\u0631\u0629 \u0627\u0644\u062f\u0645\u0648\u064a\u0629<\/p>\n<\/li>\n<li data-start=\"939\" data-end=\"960\">\n<p data-start=\"941\" data-end=\"960\">\u064a\u062f\u0639\u0645 \u062c\u0647\u0627\u0632 \u0627\u0644\u0645\u0646\u0627\u0639\u0629<\/p>\n<\/li>\n<li data-start=\"961\" data-end=\"985\">\n<p data-start=\"963\" data-end=\"985\">\u0645\u0641\u064a\u062f \u0644\u0644\u0637\u0627\u0642\u0629 \u0627\u0644\u0637\u0628\u064a\u0639\u064a\u0629<\/p>\n<\/li>\n<li data-start=\"986\" data-end=\"1015\">\n<p data-start=\"988\" data-end=\"1015\">\u063a\u0646\u064a \u0628\u0627\u0644\u0645\u0639\u0627\u062f\u0646 \u0648\u0627\u0644\u0641\u064a\u062a\u0627\u0645\u064a\u0646\u0627\u062a<\/p>\n<\/li>\n<\/ul>\n<p data-start=\"1017\" data-end=\"1037\"><strong data-start=\"1017\" data-end=\"1037\">\u0637\u0631\u064a\u0642\u0629 \u0627\u0644\u0627\u0633\u062a\u0639\u0645\u0627\u0644:<\/strong><\/p>\n<ul data-start=\"1038\" data-end=\"1144\">\n<li data-start=\"1038\" data-end=\"1064\">\n<p data-start=\"1040\" data-end=\"1064\">\u0645\u0644\u0639\u0642\u0629 \u0635\u0628\u0627\u062d\u064b\u0627 \u0639\u0644\u0649 \u0627\u0644\u0631\u064a\u0642<\/p>\n<\/li>\n<li data-start=\"1065\" data-end=\"1099\">\n<p data-start=\"1067\" data-end=\"1099\">\u062a\u062d\u0644\u064a\u0629 \u0627\u0644\u0634\u0627\u064a \u0648\u0627\u0644\u0645\u0634\u0631\u0648\u0628\u0627\u062a \u0627\u0644\u0633\u0627\u062e\u0646\u0629<\/p>\n<\/li>\n<li data-start=\"1100\" data-end=\"1144\">\n<p data-start=\"1102\" data-end=\"1144\">\u064a\u0645\u0643\u0646 \u0627\u0633\u062a\u062e\u062f\u0627\u0645\u0647 \u0641\u064a \u0648\u0635\u0641\u0627\u062a \u0627\u0644\u062d\u0644\u0648\u064a\u0627\u062a \u0627\u0644\u0637\u0628\u064a\u0639\u064a\u0629<\/p>\n<\/li>\n<\/ul>\n<p data-start=\"1146\" data-end=\"1229\"><strong data-start=\"1146\" data-end=\"1164\">\u0637\u0631\u064a\u0642\u0629 \u0627\u0644\u062a\u062e\u0632\u064a\u0646:<\/strong><br data-start=\"1164\" data-end=\"1167\" \/>\u064a\u064f\u062d\u0641\u0638 \u0641\u064a \u0645\u0643\u0627\u0646 \u062c\u0627\u0641 \u0648\u0628\u0627\u0631\u062f \u0648\u0628\u0639\u064a\u062f \u0639\u0646 \u0623\u0634\u0639\u0629 \u0627\u0644\u0634\u0645\u0633 \u0644\u0644\u062d\u0641\u0627\u0638 \u0639\u0644\u0649 \u062e\u0635\u0627\u0626\u0635\u0647.<\/p>\n<hr data-start=\"1231\" data-end=\"1234\" \/>\n<h3 data-start=\"1236\" data-end=\"1253\"><\/h3>\n<p data-start=\"1254\" data-end=\"1392\">Le miel de ch\u00e2taignier est extrait du nectar des fleurs de ch\u00e2taignier et se distingue par sa richesse en min\u00e9raux et sa saveur puissante.<\/p>\n<p data-start=\"1394\" data-end=\"1409\"><strong data-start=\"1394\" data-end=\"1409\">Bienfaits :<\/strong><\/p>\n<ul data-start=\"1410\" data-end=\"1549\">\n<li data-start=\"1410\" data-end=\"1446\">\n<p data-start=\"1412\" data-end=\"1446\">Am\u00e9liore la circulation sanguine<\/p>\n<\/li>\n<li data-start=\"1447\" data-end=\"1482\">\n<p data-start=\"1449\" data-end=\"1482\">Renforce le syst\u00e8me immunitaire<\/p>\n<\/li>\n<li data-start=\"1483\" data-end=\"1514\">\n<p data-start=\"1485\" data-end=\"1514\">Fournit \u00e9nergie et vitalit\u00e9<\/p>\n<\/li>\n<li data-start=\"1515\" data-end=\"1549\">\n<p data-start=\"1517\" data-end=\"1549\">Riche en min\u00e9raux et vitamines<\/p>\n<\/li>\n<\/ul>\n<p data-start=\"1551\" data-end=\"1568\"><strong data-start=\"1551\" data-end=\"1568\">\u0627\u0644\u0627\u0633\u062a\u0639\u0645\u0627\u0644\u0627\u062a<\/strong><\/p>\n<ul data-start=\"1569\" data-end=\"1695\">\n<li data-start=\"1569\" data-end=\"1601\">\n<p data-start=\"1571\" data-end=\"1601\">Une cuill\u00e8re le matin \u00e0 jeun<\/p>\n<\/li>\n<li data-start=\"1602\" data-end=\"1647\">\n<p data-start=\"1604\" data-end=\"1647\">Pour sucrer infusions et boissons chaudes<\/p>\n<\/li>\n<li data-start=\"1648\" data-end=\"1695\">\n<p data-start=\"1650\" data-end=\"1695\">Dans les recettes de p\u00e2tisseries naturelles<\/p>\n<\/li>\n<\/ul>\n<p data-start=\"1697\" data-end=\"1779\"><strong data-start=\"1697\" data-end=\"1715\">Conservation :<\/strong><br data-start=\"1715\" data-end=\"1718\" \/>\u00c0 conserver dans un endroit sec et frais, \u00e0 l\u2019abri du soleil.<\/p>","protected":false},"excerpt":{"rendered":"<p data-start=\"335\" data-end=\"513\">\u0639\u0633\u0644 \u0627\u0644\u0643\u0644\u0628\u062a\u0648\u0633 \u0627\u0644\u0637\u0628\u064a\u0639\u064a \u063a\u0646\u064a \u0628\u0627\u0644\u0646\u0643\u0647\u0629 \u0627\u0644\u0639\u0645\u064a\u0642\u0629 \u0648\u0627\u0644\u0644\u0627\u0630\u0639\u0629 \u0642\u0644\u064a\u0644\u064b\u0627\u060c \u064a\u0645\u062a\u0627\u0632 \u0628\u0644\u0648\u0646\u0647 \u0627\u0644\u063a\u0627\u0645\u0642 \u0648\u0641\u0648\u0627\u0626\u062f\u0647 \u0627\u0644\u0635\u062d\u064a\u0629 \u0627\u0644\u0639\u062f\u064a\u062f\u0629\u060c \u064a\u062f\u0639\u0645 \u0627\u0644\u0645\u0646\u0627\u0639\u0629 \u0648\u064a\u062d\u0633\u0646 \u0627\u0644\u062f\u0648\u0631\u0629 \u0627\u0644\u062f\u0645\u0648\u064a\u0629\u060c \u0645\u062b\u0627\u0644\u064a \u0644\u0644\u062a\u062d\u0644\u064a\u0629 \u0627\u0644\u0637\u0628\u064a\u0639\u064a\u0629 \u0648\u0627\u0644\u0645\u0634\u0631\u0648\u0628\u0627\u062a \u0627\u0644\u0633\u0627\u062e\u0646\u0629.<\/p>\n<h3 data-start=\"515\" data-end=\"529\"><\/h3>\n<p data-start=\"530\" data-end=\"723\">Le miel de ch\u00e2taignier offre une saveur intense et l\u00e9g\u00e8rement cors\u00e9e. Sa couleur fonc\u00e9e et ses vertus naturelles en font un alli\u00e9 pour renforcer l\u2019immunit\u00e9 et am\u00e9liorer la circulation sanguine.<\/p>","protected":false},"featured_media":6348,"comment_status":"open","ping_status":"closed","template":"","meta":{"iawp_total_views":94,"_joinchat":[]},"product_brand":[],"product_cat":[59],"product_tag":[],"class_list":{"0":"post-6347","1":"product","2":"type-product","3":"status-publish","4":"has-post-thumbnail","6":"product_cat-terroir-2","8":"first","9":"instock","10":"shipping-taxable","11":"purchasable","12":"product-type-variable"},"aioseo_notices":[],"jetpack_sharing_enabled":true,"_links":{"self":[{"href":"https:\/\/oncleachour.ma\/ar\/wp-json\/wp\/v2\/product\/6347","targetHints":{"allow":["GET"]}}],"collection":[{"href":"https:\/\/oncleachour.ma\/ar\/wp-json\/wp\/v2\/product"}],"about":[{"href":"https:\/\/oncleachour.ma\/ar\/wp-json\/wp\/v2\/types\/product"}],"replies":[{"embeddable":true,"href":"https:\/\/oncleachour.ma\/ar\/wp-json\/wp\/v2\/comments?post=6347"}],"wp:featuredmedia":[{"embeddable":true,"href":"https:\/\/oncleachour.ma\/ar\/wp-json\/wp\/v2\/media\/6348"}],"wp:attachment":[{"href":"https:\/\/oncleachour.ma\/ar\/wp-json\/wp\/v2\/media?parent=6347"}],"wp:term":[{"taxonomy":"product_brand","embeddable":true,"href":"https:\/\/oncleachour.ma\/ar\/wp-json\/wp\/v2\/product_brand?post=6347"},{"taxonomy":"product_cat","embeddable":true,"href":"https:\/\/oncleachour.ma\/ar\/wp-json\/wp\/v2\/product_cat?post=6347"},{"taxonomy":"product_tag","embeddable":true,"href":"https:\/\/oncleachour.ma\/ar\/wp-json\/wp\/v2\/product_tag?post=6347"}],"curies":[{"name":"wp","href":"https:\/\/api.w.org\/{rel}","templated":true}]}}