{"id":6375,"date":"2026-02-11T17:06:23","date_gmt":"2026-02-11T17:06:23","guid":{"rendered":"https:\/\/oncleachour.ma\/?post_type=product&#038;p=6375"},"modified":"2026-02-16T11:40:58","modified_gmt":"2026-02-16T11:40:58","slug":"%d8%b9%d8%b3%d9%84-%d8%a7%d9%84%d8%a3%d8%b9%d8%b4%d8%a7%d8%a8-%d8%a7%d9%84%d8%b7%d8%a8%d9%8a%d8%b9%d9%8a-100-miel-aux-herbes-naturel-100","status":"publish","type":"product","link":"https:\/\/oncleachour.ma\/ar\/product\/%d8%b9%d8%b3%d9%84-%d8%a7%d9%84%d8%a3%d8%b9%d8%b4%d8%a7%d8%a8-%d8%a7%d9%84%d8%b7%d8%a8%d9%8a%d8%b9%d9%8a-100-miel-aux-herbes-naturel-100\/","title":{"rendered":"\u0639\u0633\u0644 \u0627\u0644\u0623\u0639\u0634\u0627\u0628 \u0627\u0644\u0637\u0628\u064a\u0639\u064a 100% &#8211; Miel aux Herbes Naturel 100%"},"content":{"rendered":"<h3 data-start=\"687\" data-end=\"703\"><\/h3>\n<p data-start=\"704\" data-end=\"827\">\u0639\u0633\u0644 \u0627\u0644\u0623\u0639\u0634\u0627\u0628 \u0645\u0646\u062a\u062c \u0637\u0628\u064a\u0639\u064a \u0645\u0633\u062a\u062e\u0644\u0635 \u0645\u0646 \u0631\u062d\u064a\u0642 \u0645\u062c\u0645\u0648\u0639\u0629 \u0645\u062a\u0646\u0648\u0639\u0629 \u0645\u0646 \u0627\u0644\u0623\u0639\u0634\u0627\u0628 \u0648\u0627\u0644\u0646\u0628\u0627\u062a\u0627\u062a \u0627\u0644\u0628\u0631\u064a\u0629\u060c \u0645\u0645\u0627 \u064a\u0645\u0646\u062d\u0647 \u0642\u064a\u0645\u0629 \u063a\u0630\u0627\u0626\u064a\u0629 \u0639\u0627\u0644\u064a\u0629 \u0648\u0637\u0639\u0645\u0627\u064b \u0641\u0631\u064a\u062f\u0627\u064b.<\/p>\n<p data-start=\"829\" data-end=\"840\"><strong data-start=\"829\" data-end=\"840\">\u0641\u0648\u0627\u0626\u062f\u0647:<\/strong><\/p>\n<ul data-start=\"841\" data-end=\"932\">\n<li data-start=\"841\" data-end=\"862\">\n<p data-start=\"843\" data-end=\"862\">\u064a\u0639\u0632\u0632 \u062c\u0647\u0627\u0632 \u0627\u0644\u0645\u0646\u0627\u0639\u0629<\/p>\n<\/li>\n<li data-start=\"863\" data-end=\"887\">\n<p data-start=\"865\" data-end=\"887\">\u064a\u0633\u0627\u0639\u062f \u0641\u064a \u062a\u0647\u062f\u0626\u0629 \u0627\u0644\u062d\u0644\u0642<\/p>\n<\/li>\n<li data-start=\"888\" data-end=\"908\">\n<p data-start=\"890\" data-end=\"908\">\u064a\u0645\u0646\u062d \u0637\u0627\u0642\u0629 \u0637\u0628\u064a\u0639\u064a\u0629<\/p>\n<\/li>\n<li data-start=\"909\" data-end=\"932\">\n<p data-start=\"911\" data-end=\"932\">\u063a\u0646\u064a \u0628\u0645\u0636\u0627\u062f\u0627\u062a \u0627\u0644\u0623\u0643\u0633\u062f\u0629<\/p>\n<\/li>\n<\/ul>\n<p data-start=\"934\" data-end=\"954\"><strong data-start=\"934\" data-end=\"954\">\u0637\u0631\u064a\u0642\u0629 \u0627\u0644\u0627\u0633\u062a\u0639\u0645\u0627\u0644:<\/strong><\/p>\n<ul data-start=\"955\" data-end=\"1039\">\n<li data-start=\"955\" data-end=\"981\">\n<p data-start=\"957\" data-end=\"981\">\u0645\u0644\u0639\u0642\u0629 \u0635\u0628\u0627\u062d\u064b\u0627 \u0639\u0644\u0649 \u0627\u0644\u0631\u064a\u0642<\/p>\n<\/li>\n<li data-start=\"982\" data-end=\"1010\">\n<p data-start=\"984\" data-end=\"1010\">\u064a\u0636\u0627\u0641 \u0625\u0644\u0649 \u0627\u0644\u0634\u0627\u064a \u0623\u0648 \u0627\u0644\u062d\u0644\u064a\u0628<\/p>\n<\/li>\n<li data-start=\"1011\" data-end=\"1039\">\n<p data-start=\"1013\" data-end=\"1039\">\u064a\u0633\u062a\u062e\u062f\u0645 \u0641\u064a \u0627\u0644\u0648\u0635\u0641\u0627\u062a \u0627\u0644\u0635\u062d\u064a\u0629<\/p>\n<\/li>\n<\/ul>\n<p data-start=\"1041\" data-end=\"1109\"><strong data-start=\"1041\" data-end=\"1059\">\u0637\u0631\u064a\u0642\u0629 \u0627\u0644\u062a\u062e\u0632\u064a\u0646:<\/strong><br data-start=\"1059\" data-end=\"1062\" \/>\u064a\u062d\u0641\u0638 \u0641\u064a \u0645\u0643\u0627\u0646 \u062c\u0627\u0641 \u0628\u0639\u064a\u062f\u064b\u0627 \u0639\u0646 \u0627\u0644\u062d\u0631\u0627\u0631\u0629 \u0648\u0623\u0634\u0639\u0629 \u0627\u0644\u0634\u0645\u0633.<\/p>\n<hr data-start=\"1111\" data-end=\"1114\" \/>\n<h3 data-start=\"1116\" data-end=\"1133\"><\/h3>\n<p data-start=\"1134\" data-end=\"1311\">Le miel aux herbes est un miel naturel obtenu \u00e0 partir du nectar de diverses plantes et herbes sauvages, ce qui lui conf\u00e8re une grande richesse nutritionnelle et un go\u00fbt unique.<\/p>\n<p data-start=\"1313\" data-end=\"1328\"><strong data-start=\"1313\" data-end=\"1328\">Bienfaits :<\/strong><\/p>\n<ul data-start=\"1329\" data-end=\"1441\">\n<li data-start=\"1329\" data-end=\"1364\">\n<p data-start=\"1331\" data-end=\"1364\">Renforce le syst\u00e8me immunitaire<\/p>\n<\/li>\n<li data-start=\"1365\" data-end=\"1384\">\n<p data-start=\"1367\" data-end=\"1384\">Apaise la gorge<\/p>\n<\/li>\n<li data-start=\"1385\" data-end=\"1415\">\n<p data-start=\"1387\" data-end=\"1415\">Source d\u2019\u00e9nergie naturelle<\/p>\n<\/li>\n<li data-start=\"1416\" data-end=\"1441\">\n<p data-start=\"1418\" data-end=\"1441\">Riche en antioxydants<\/p>\n<\/li>\n<\/ul>\n<p data-start=\"1443\" data-end=\"1460\"><strong data-start=\"1443\" data-end=\"1460\">\u0627\u0644\u0627\u0633\u062a\u0639\u0645\u0627\u0644\u0627\u062a<\/strong><\/p>\n<ul data-start=\"1461\" data-end=\"1560\">\n<li data-start=\"1461\" data-end=\"1493\">\n<p data-start=\"1463\" data-end=\"1493\">Une cuill\u00e8re le matin \u00e0 jeun<\/p>\n<\/li>\n<li data-start=\"1494\" data-end=\"1525\">\n<p data-start=\"1496\" data-end=\"1525\">\u00c0 ajouter au th\u00e9 ou au lait<\/p>\n<\/li>\n<li data-start=\"1526\" data-end=\"1560\">\n<p data-start=\"1528\" data-end=\"1560\">Id\u00e9al pour les recettes saines<\/p>\n<\/li>\n<\/ul>\n<p data-start=\"1562\" data-end=\"1656\"><strong data-start=\"1562\" data-end=\"1580\">Conservation :<\/strong><br data-start=\"1580\" data-end=\"1583\" \/>\u00c0 conserver dans un endroit sec, \u00e0 l\u2019abri de la chaleur et de la lumi\u00e8re.<\/p>","protected":false},"excerpt":{"rendered":"<p data-start=\"304\" data-end=\"435\">\u0639\u0633\u0644 \u0627\u0644\u0623\u0639\u0634\u0627\u0628 \u0627\u0644\u0637\u0628\u064a\u0639\u064a \u0645\u0632\u064a\u062c \u063a\u0646\u064a \u0645\u0646 \u0631\u062d\u064a\u0642 \u0623\u0632\u0647\u0627\u0631 \u0648\u0623\u0639\u0634\u0627\u0628 \u0628\u0631\u064a\u0629 \u0645\u062e\u062a\u0627\u0631\u0629\u060c \u064a\u062a\u0645\u064a\u0632 \u0628\u0645\u0630\u0627\u0642\u0647 \u0627\u0644\u0645\u062a\u0648\u0627\u0632\u0646 \u0648\u0641\u0648\u0627\u0626\u062f\u0647 \u0627\u0644\u0645\u062a\u0639\u062f\u062f\u0629 \u0644\u062f\u0639\u0645 \u0627\u0644\u0645\u0646\u0627\u0639\u0629 \u0648\u0627\u0644\u0637\u0627\u0642\u0629 \u0627\u0644\u064a\u0648\u0645\u064a\u0629.<\/p>\n<h3 data-start=\"437\" data-end=\"451\"><\/h3>\n<p data-start=\"452\" data-end=\"646\">Le miel aux herbes est un m\u00e9lange naturel issu de fleurs et plantes sauvages s\u00e9lectionn\u00e9es. Il offre un go\u00fbt \u00e9quilibr\u00e9 et de nombreux bienfaits pour soutenir l\u2019immunit\u00e9 et l\u2019\u00e9nergie quotidienne.<\/p>","protected":false},"featured_media":6376,"comment_status":"open","ping_status":"closed","template":"","meta":{"iawp_total_views":62,"_joinchat":[]},"product_brand":[],"product_cat":[59],"product_tag":[],"class_list":{"0":"post-6375","1":"product","2":"type-product","3":"status-publish","4":"has-post-thumbnail","6":"product_cat-terroir-2","8":"first","9":"instock","10":"shipping-taxable","11":"purchasable","12":"product-type-variable"},"aioseo_notices":[],"jetpack_sharing_enabled":true,"_links":{"self":[{"href":"https:\/\/oncleachour.ma\/ar\/wp-json\/wp\/v2\/product\/6375","targetHints":{"allow":["GET"]}}],"collection":[{"href":"https:\/\/oncleachour.ma\/ar\/wp-json\/wp\/v2\/product"}],"about":[{"href":"https:\/\/oncleachour.ma\/ar\/wp-json\/wp\/v2\/types\/product"}],"replies":[{"embeddable":true,"href":"https:\/\/oncleachour.ma\/ar\/wp-json\/wp\/v2\/comments?post=6375"}],"wp:featuredmedia":[{"embeddable":true,"href":"https:\/\/oncleachour.ma\/ar\/wp-json\/wp\/v2\/media\/6376"}],"wp:attachment":[{"href":"https:\/\/oncleachour.ma\/ar\/wp-json\/wp\/v2\/media?parent=6375"}],"wp:term":[{"taxonomy":"product_brand","embeddable":true,"href":"https:\/\/oncleachour.ma\/ar\/wp-json\/wp\/v2\/product_brand?post=6375"},{"taxonomy":"product_cat","embeddable":true,"href":"https:\/\/oncleachour.ma\/ar\/wp-json\/wp\/v2\/product_cat?post=6375"},{"taxonomy":"product_tag","embeddable":true,"href":"https:\/\/oncleachour.ma\/ar\/wp-json\/wp\/v2\/product_tag?post=6375"}],"curies":[{"name":"wp","href":"https:\/\/api.w.org\/{rel}","templated":true}]}}