{"id":6382,"date":"2026-02-11T17:13:50","date_gmt":"2026-02-11T17:13:50","guid":{"rendered":"https:\/\/oncleachour.ma\/?post_type=product&#038;p=6382"},"modified":"2026-02-11T18:30:18","modified_gmt":"2026-02-11T18:30:18","slug":"miel-an-nafi-naturel-100-%d8%b9%d8%b3%d9%84-%d8%a7%d9%84%d9%86%d8%a7%d9%81%d8%b9-%d8%a7%d9%84%d8%b7%d8%a8%d9%8a%d8%b9%d9%8a-100","status":"publish","type":"product","link":"https:\/\/oncleachour.ma\/ar\/product\/miel-an-nafi-naturel-100-%d8%b9%d8%b3%d9%84-%d8%a7%d9%84%d9%86%d8%a7%d9%81%d8%b9-%d8%a7%d9%84%d8%b7%d8%a8%d9%8a%d8%b9%d9%8a-100\/","title":{"rendered":"Miel An-Nafi Naturel 100% &#8211; \u0639\u0633\u0644 \u0627\u0644\u0646\u0627\u0641\u0639 \u0627\u0644\u0637\u0628\u064a\u0639\u064a 100%"},"content":{"rendered":"<h3 data-start=\"813\" data-end=\"829\"><\/h3>\n<p data-start=\"830\" data-end=\"971\">\u0639\u0633\u0644 \u0627\u0644\u0646\u0627\u0641\u0639 \u0647\u0648 \u062e\u0644\u0637\u0629 \u0637\u0628\u064a\u0639\u064a\u0629 \u0645\u0645\u064a\u0632\u0629 \u062a\u062c\u0645\u0639 \u0628\u064a\u0646 \u0641\u0648\u0627\u0626\u062f \u0627\u0644\u0639\u0633\u0644 \u0627\u0644\u0646\u0642\u064a \u0648\u0645\u0643\u0648\u0646\u0627\u062a \u0646\u0628\u0627\u062a\u064a\u0629 \u0645\u062e\u062a\u0627\u0631\u0629 \u0628\u0639\u0646\u0627\u064a\u0629\u060c \u0645\u0645\u0627 \u064a\u062c\u0639\u0644\u0647 \u062e\u064a\u0627\u0631\u064b\u0627 \u0645\u062b\u0627\u0644\u064a\u064b\u0627 \u0644\u0645\u0646 \u064a\u0628\u062d\u062b \u0639\u0646 \u062c\u0648\u062f\u0629 \u0648\u0637\u0639\u0645 \u0623\u0635\u064a\u0644.<\/p>\n<p data-start=\"973\" data-end=\"984\"><strong data-start=\"973\" data-end=\"984\">\u0641\u0648\u0627\u0626\u062f\u0647:<\/strong><\/p>\n<ul data-start=\"985\" data-end=\"1098\">\n<li data-start=\"985\" data-end=\"1011\">\n<p data-start=\"987\" data-end=\"1011\">\u062f\u0639\u0645 \u0627\u0644\u0645\u0646\u0627\u0639\u0629 \u0628\u0634\u0643\u0644 \u0637\u0628\u064a\u0639\u064a<\/p>\n<\/li>\n<li data-start=\"1012\" data-end=\"1036\">\n<p data-start=\"1014\" data-end=\"1036\">\u062a\u0639\u0632\u064a\u0632 \u0627\u0644\u0646\u0634\u0627\u0637 \u0648\u0627\u0644\u0637\u0627\u0642\u0629<\/p>\n<\/li>\n<li data-start=\"1037\" data-end=\"1064\">\n<p data-start=\"1039\" data-end=\"1064\">\u0627\u0644\u0645\u0633\u0627\u0639\u062f\u0629 \u0641\u064a \u062a\u0647\u062f\u0626\u0629 \u0627\u0644\u062d\u0644\u0642<\/p>\n<\/li>\n<li data-start=\"1065\" data-end=\"1098\">\n<p data-start=\"1067\" data-end=\"1098\">\u063a\u0646\u064a \u0628\u0627\u0644\u0639\u0646\u0627\u0635\u0631 \u0627\u0644\u063a\u0630\u0627\u0626\u064a\u0629 \u0627\u0644\u0645\u0641\u064a\u062f\u0629<\/p>\n<\/li>\n<\/ul>\n<p data-start=\"1100\" data-end=\"1120\"><strong data-start=\"1100\" data-end=\"1120\">\u0637\u0631\u064a\u0642\u0629 \u0627\u0644\u0627\u0633\u062a\u0639\u0645\u0627\u0644:<\/strong><\/p>\n<ul data-start=\"1121\" data-end=\"1209\">\n<li data-start=\"1121\" data-end=\"1147\">\n<p data-start=\"1123\" data-end=\"1147\">\u0645\u0644\u0639\u0642\u0629 \u0635\u0628\u0627\u062d\u064b\u0627 \u0639\u0644\u0649 \u0627\u0644\u0631\u064a\u0642<\/p>\n<\/li>\n<li data-start=\"1148\" data-end=\"1179\">\n<p data-start=\"1150\" data-end=\"1179\">\u0625\u0636\u0627\u0641\u062a\u0647 \u0625\u0644\u0649 \u0627\u0644\u0634\u0627\u064a \u0623\u0648 \u0627\u0644\u0623\u0639\u0634\u0627\u0628<\/p>\n<\/li>\n<li data-start=\"1180\" data-end=\"1209\">\n<p data-start=\"1182\" data-end=\"1209\">\u0627\u0633\u062a\u0639\u0645\u0627\u0644\u0647 \u0643\u0645\u064f\u062d\u0644\u064a \u0637\u0628\u064a\u0639\u064a \u0635\u062d\u064a<\/p>\n<\/li>\n<\/ul>\n<p data-start=\"1211\" data-end=\"1282\"><strong data-start=\"1211\" data-end=\"1229\">\u0637\u0631\u064a\u0642\u0629 \u0627\u0644\u062a\u062e\u0632\u064a\u0646:<\/strong><br data-start=\"1229\" data-end=\"1232\" \/>\u064a\u062d\u0641\u0638 \u0641\u064a \u0645\u0643\u0627\u0646 \u062c\u0627\u0641 \u0628\u0639\u064a\u062f\u064b\u0627 \u0639\u0646 \u0627\u0644\u062d\u0631\u0627\u0631\u0629 \u0648\u0627\u0644\u0636\u0648\u0621 \u0627\u0644\u0645\u0628\u0627\u0634\u0631.<\/p>\n<hr data-start=\"1284\" data-end=\"1287\" \/>\n<h3 data-start=\"1289\" data-end=\"1306\"><\/h3>\n<p data-start=\"1307\" data-end=\"1491\">Le miel An-Nafi est un m\u00e9lange naturel premium combinant la puret\u00e9 du miel et des extraits v\u00e9g\u00e9taux soigneusement s\u00e9lectionn\u00e9s, id\u00e9al pour ceux qui recherchent qualit\u00e9 et authenticit\u00e9.<\/p>\n<p data-start=\"1493\" data-end=\"1508\"><strong data-start=\"1493\" data-end=\"1508\">Bienfaits :<\/strong><\/p>\n<ul data-start=\"1509\" data-end=\"1638\">\n<li data-start=\"1509\" data-end=\"1551\">\n<p data-start=\"1511\" data-end=\"1551\">Soutien naturel du syst\u00e8me immunitaire<\/p>\n<\/li>\n<li data-start=\"1552\" data-end=\"1583\">\n<p data-start=\"1554\" data-end=\"1583\">Apporte \u00e9nergie et vitalit\u00e9<\/p>\n<\/li>\n<li data-start=\"1584\" data-end=\"1603\">\n<p data-start=\"1586\" data-end=\"1603\">Apaise la gorge<\/p>\n<\/li>\n<li data-start=\"1604\" data-end=\"1638\">\n<p data-start=\"1606\" data-end=\"1638\">Riche en nutriments essentiels<\/p>\n<\/li>\n<\/ul>\n<p data-start=\"1640\" data-end=\"1657\"><strong data-start=\"1640\" data-end=\"1657\">\u0627\u0644\u0627\u0633\u062a\u0639\u0645\u0627\u0644\u0627\u062a<\/strong><\/p>\n<ul data-start=\"1658\" data-end=\"1771\">\n<li data-start=\"1658\" data-end=\"1690\">\n<p data-start=\"1660\" data-end=\"1690\">Une cuill\u00e8re le matin \u00e0 jeun<\/p>\n<\/li>\n<li data-start=\"1691\" data-end=\"1734\">\n<p data-start=\"1693\" data-end=\"1734\">\u00c0 m\u00e9langer avec du th\u00e9 ou des infusions<\/p>\n<\/li>\n<li data-start=\"1735\" data-end=\"1771\">\n<p data-start=\"1737\" data-end=\"1771\">Comme \u00e9dulcorant naturel et sain<\/p>\n<\/li>\n<\/ul>\n<p data-start=\"1773\" data-end=\"1867\"><strong data-start=\"1773\" data-end=\"1791\">Conservation :<\/strong><br data-start=\"1791\" data-end=\"1794\" \/>\u00c0 conserver dans un endroit sec, \u00e0 l\u2019abri de la chaleur et de la lumi\u00e8re.<\/p>","protected":false},"excerpt":{"rendered":"<p data-start=\"406\" data-end=\"553\">\u0639\u0633\u0644 \u0627\u0644\u0646\u0627\u0641\u0639 \u0645\u0632\u064a\u062c \u0637\u0628\u064a\u0639\u064a \u063a\u0646\u064a \u0645\u0633\u062a\u062e\u0644\u0635 \u0645\u0646 \u0623\u062c\u0648\u062f \u0627\u0644\u0623\u0632\u0647\u0627\u0631 \u0648\u0627\u0644\u0623\u0639\u0634\u0627\u0628 \u0627\u0644\u0645\u062e\u062a\u0627\u0631\u0629 \u0628\u0639\u0646\u0627\u064a\u0629\u060c \u064a\u062a\u0645\u064a\u0632 \u0628\u0637\u0639\u0645\u0647 \u0627\u0644\u0645\u062a\u0648\u0627\u0632\u0646 \u0648\u0642\u064a\u0645\u062a\u0647 \u0627\u0644\u063a\u0630\u0627\u0626\u064a\u0629 \u0627\u0644\u0639\u0627\u0644\u064a\u0629 \u0644\u062f\u0639\u0645 \u0627\u0644\u0635\u062d\u0629 \u0648\u0627\u0644\u0637\u0627\u0642\u0629 \u0627\u0644\u064a\u0648\u0645\u064a\u0629.<\/p>\n<h3 data-start=\"555\" data-end=\"569\"><\/h3>\n<p data-start=\"570\" data-end=\"772\">Le miel An-Nafi est un m\u00e9lange naturel issu de fleurs et plantes soigneusement s\u00e9lectionn\u00e9es. Il se distingue par son go\u00fbt \u00e9quilibr\u00e9 et sa richesse nutritionnelle pour soutenir la vitalit\u00e9 au quotidien.<\/p>","protected":false},"featured_media":6383,"comment_status":"open","ping_status":"closed","template":"","meta":{"iawp_total_views":114,"_joinchat":[]},"product_brand":[],"product_cat":[59],"product_tag":[],"class_list":{"0":"post-6382","1":"product","2":"type-product","3":"status-publish","4":"has-post-thumbnail","6":"product_cat-terroir-2","8":"first","9":"instock","10":"shipping-taxable","11":"purchasable","12":"product-type-variable"},"aioseo_notices":[],"jetpack_sharing_enabled":true,"_links":{"self":[{"href":"https:\/\/oncleachour.ma\/ar\/wp-json\/wp\/v2\/product\/6382","targetHints":{"allow":["GET"]}}],"collection":[{"href":"https:\/\/oncleachour.ma\/ar\/wp-json\/wp\/v2\/product"}],"about":[{"href":"https:\/\/oncleachour.ma\/ar\/wp-json\/wp\/v2\/types\/product"}],"replies":[{"embeddable":true,"href":"https:\/\/oncleachour.ma\/ar\/wp-json\/wp\/v2\/comments?post=6382"}],"wp:featuredmedia":[{"embeddable":true,"href":"https:\/\/oncleachour.ma\/ar\/wp-json\/wp\/v2\/media\/6383"}],"wp:attachment":[{"href":"https:\/\/oncleachour.ma\/ar\/wp-json\/wp\/v2\/media?parent=6382"}],"wp:term":[{"taxonomy":"product_brand","embeddable":true,"href":"https:\/\/oncleachour.ma\/ar\/wp-json\/wp\/v2\/product_brand?post=6382"},{"taxonomy":"product_cat","embeddable":true,"href":"https:\/\/oncleachour.ma\/ar\/wp-json\/wp\/v2\/product_cat?post=6382"},{"taxonomy":"product_tag","embeddable":true,"href":"https:\/\/oncleachour.ma\/ar\/wp-json\/wp\/v2\/product_tag?post=6382"}],"curies":[{"name":"wp","href":"https:\/\/api.w.org\/{rel}","templated":true}]}}