{"id":6389,"date":"2026-02-11T17:37:58","date_gmt":"2026-02-11T17:37:58","guid":{"rendered":"https:\/\/oncleachour.ma\/?post_type=product&#038;p=6389"},"modified":"2026-02-11T18:12:07","modified_gmt":"2026-02-11T18:12:07","slug":"%d8%b4%d9%87%d8%af%d8%a9-%d8%b9%d8%b3%d9%84-%d8%a7%d9%84%d8%a3%d8%b9%d8%b4%d8%a7%d8%a8-%d8%a7%d9%84%d8%b7%d8%a8%d9%8a%d8%b9%d9%8a%d8%a9-%d9%85%d9%86-%d9%82%d9%84%d8%a8-%d8%ac%d8%a8%d8%a7","status":"publish","type":"product","link":"https:\/\/oncleachour.ma\/ar\/product\/%d8%b4%d9%87%d8%af%d8%a9-%d8%b9%d8%b3%d9%84-%d8%a7%d9%84%d8%a3%d8%b9%d8%b4%d8%a7%d8%a8-%d8%a7%d9%84%d8%b7%d8%a8%d9%8a%d8%b9%d9%8a%d8%a9-%d9%85%d9%86-%d9%82%d9%84%d8%a8-%d8%ac%d8%a8%d8%a7\/","title":{"rendered":"\u0634\u0647\u062f\u0629 \u0639\u0633\u0644 \u0627\u0644\u0623\u0639\u0634\u0627\u0628 \u0627\u0644\u0637\u0628\u064a\u0639\u064a\u0629 \u2013 \u0645\u0646 \u0642\u0644\u0628 \u062c\u0628\u0627\u0644 \u062a\u0627\u0631\u0648\u062f\u0627\u0646\u062a &#8211; Rayon de Miel aux Herbes \u2013 C\u0153ur des Montagnes de Taroudant"},"content":{"rendered":"<h2 data-start=\"745\" data-end=\"760\"><\/h2>\n<p data-start=\"762\" data-end=\"928\">\u0634\u0647\u062f\u0629 \u0639\u0633\u0644 \u0627\u0644\u0623\u0639\u0634\u0627\u0628 \u0645\u0646\u062a\u062c \u0637\u0628\u064a\u0639\u064a \u0641\u0627\u062e\u0631 \u064a\u062a\u0645 \u0627\u0633\u062a\u062e\u0631\u0627\u062c\u0647 \u0628\u0639\u0646\u0627\u064a\u0629 \u0645\u0646 \u0645\u0646\u0627\u062d\u0644 \u062c\u0628\u0627\u0644 \u062a\u0627\u0631\u0648\u062f\u0627\u0646\u062a\u060c \u062d\u064a\u062b \u062a\u062a\u063a\u0630\u0649 \u0627\u0644\u0646\u062d\u0644\u0627\u062a \u0639\u0644\u0649 \u0623\u0639\u0634\u0627\u0628 \u0648\u0646\u0628\u0627\u062a\u0627\u062a \u0628\u0631\u064a\u0629 \u0645\u062a\u0646\u0648\u0639\u0629 \u062a\u0645\u0646\u062d \u0627\u0644\u0639\u0633\u0644 \u0646\u0643\u0647\u0629 \u0645\u0645\u064a\u0632\u0629 \u0648\u0642\u064a\u0645\u0629 \u063a\u0630\u0627\u0626\u064a\u0629 \u0639\u0627\u0644\u064a\u0629.<\/p>\n<p data-start=\"930\" data-end=\"1047\">\u062a\u062d\u062a\u0648\u064a \u0627\u0644\u0639\u0628\u0648\u0629 \u0639\u0644\u0649 \u0627\u0644\u0634\u0647\u062f \u0627\u0644\u0637\u0628\u064a\u0639\u064a (\u0627\u0644\u0634\u0645\u0639) \u0627\u0644\u0645\u063a\u0645\u0648\u0631 \u0628\u0627\u0644\u0639\u0633\u0644 \u0627\u0644\u062e\u0627\u0645\u060c \u0645\u0645\u0627 \u064a\u062d\u0627\u0641\u0638 \u0639\u0644\u0649 \u062c\u0645\u064a\u0639 \u062e\u0635\u0627\u0626\u0635\u0647 \u0627\u0644\u0637\u0628\u064a\u0639\u064a\u0629 \u062f\u0648\u0646 \u0623\u064a \u0645\u0639\u0627\u0644\u062c\u0629 \u0635\u0646\u0627\u0639\u064a\u0629.<\/p>\n<h3 data-start=\"1049\" data-end=\"1062\">\u0627\u0644\u0645\u0645\u064a\u0632\u0627\u062a:<\/h3>\n<ul data-start=\"1063\" data-end=\"1179\">\n<li data-start=\"1063\" data-end=\"1083\">\n<p data-start=\"1065\" data-end=\"1083\">\u0639\u0633\u0644 \u062e\u0627\u0645 \u063a\u064a\u0631 \u0645\u0643\u0631\u0631<\/p>\n<\/li>\n<li data-start=\"1084\" data-end=\"1115\">\n<p data-start=\"1086\" data-end=\"1115\">\u064a\u062d\u062a\u0648\u064a \u0639\u0644\u0649 \u0634\u0645\u0639 \u0627\u0644\u0646\u062d\u0644 \u0627\u0644\u0637\u0628\u064a\u0639\u064a<\/p>\n<\/li>\n<li data-start=\"1116\" data-end=\"1139\">\n<p data-start=\"1118\" data-end=\"1139\">\u063a\u0646\u064a \u0628\u0645\u0636\u0627\u062f\u0627\u062a \u0627\u0644\u0623\u0643\u0633\u062f\u0629<\/p>\n<\/li>\n<li data-start=\"1140\" data-end=\"1159\">\n<p data-start=\"1142\" data-end=\"1159\">\u0645\u0635\u062f\u0631 \u0637\u0627\u0642\u0629 \u0637\u0628\u064a\u0639\u064a<\/p>\n<\/li>\n<li data-start=\"1160\" data-end=\"1179\">\n<p data-start=\"1162\" data-end=\"1179\">\u0645\u0646\u062a\u062c \u0645\u063a\u0631\u0628\u064a \u0623\u0635\u064a\u0644<\/p>\n<\/li>\n<\/ul>\n<h3 data-start=\"1181\" data-end=\"1201\">\u0637\u0631\u064a\u0642\u0629 \u0627\u0644\u0627\u0633\u062a\u0639\u0645\u0627\u0644:<\/h3>\n<ul data-start=\"1202\" data-end=\"1302\">\n<li data-start=\"1202\" data-end=\"1226\">\n<p data-start=\"1204\" data-end=\"1226\">\u064a\u0624\u0643\u0644 \u0645\u0628\u0627\u0634\u0631\u0629 \u0645\u0639 \u0627\u0644\u0634\u0647\u062f<\/p>\n<\/li>\n<li data-start=\"1227\" data-end=\"1263\">\n<p data-start=\"1229\" data-end=\"1263\">\u064a\u0642\u062f\u0645 \u0645\u0639 \u0627\u0644\u062e\u0628\u0632 \u0623\u0648 \u0641\u064a \u0648\u062c\u0628\u0629 \u0627\u0644\u0625\u0641\u0637\u0627\u0631<\/p>\n<\/li>\n<li data-start=\"1264\" data-end=\"1302\">\n<p data-start=\"1266\" data-end=\"1302\">\u0645\u062b\u0627\u0644\u064a \u0644\u0645\u062d\u0628\u064a \u0627\u0644\u0639\u0633\u0644 \u0627\u0644\u0637\u0628\u064a\u0639\u064a \u0627\u0644\u062a\u0642\u0644\u064a\u062f\u064a<\/p>\n<\/li>\n<\/ul>\n<h3 data-start=\"1304\" data-end=\"1322\">\u0637\u0631\u064a\u0642\u0629 \u0627\u0644\u062a\u062e\u0632\u064a\u0646:<\/h3>\n<p data-start=\"1323\" data-end=\"1370\">\u064a\u062d\u0641\u0638 \u0641\u064a \u0645\u0643\u0627\u0646 \u062c\u0627\u0641 \u0628\u0639\u064a\u062f\u064b\u0627 \u0639\u0646 \u0627\u0644\u062d\u0631\u0627\u0631\u0629 \u0648\u0623\u0634\u0639\u0629 \u0627\u0644\u0634\u0645\u0633.<\/p>\n<hr data-start=\"1372\" data-end=\"1375\" \/>\n<h2 data-start=\"1377\" data-end=\"1393\"><\/h2>\n<p data-start=\"1395\" data-end=\"1639\">Le rayon de miel aux herbes est un produit naturel premium r\u00e9colt\u00e9 avec soin dans les ruches situ\u00e9es au c\u0153ur des montagnes de Taroudant. Les abeilles butinent des plantes et herbes sauvages vari\u00e9es, donnant au miel un go\u00fbt riche et authentique.<\/p>\n<p data-start=\"1641\" data-end=\"1789\">La bo\u00eete contient du rayon (cire naturelle) immerg\u00e9 dans du miel brut, conservant toutes ses propri\u00e9t\u00e9s naturelles sans transformation industrielle.<\/p>\n<h3 data-start=\"1791\" data-end=\"1813\">Caract\u00e9ristiques :<\/h3>\n<ul data-start=\"1814\" data-end=\"1973\">\n<li data-start=\"1814\" data-end=\"1839\">\n<p data-start=\"1816\" data-end=\"1839\">Miel brut non raffin\u00e9<\/p>\n<\/li>\n<li data-start=\"1840\" data-end=\"1883\">\n<p data-start=\"1842\" data-end=\"1883\">Contient de la cire d\u2019abeille naturelle<\/p>\n<\/li>\n<li data-start=\"1884\" data-end=\"1909\">\n<p data-start=\"1886\" data-end=\"1909\">Riche en antioxydants<\/p>\n<\/li>\n<li data-start=\"1910\" data-end=\"1940\">\n<p data-start=\"1912\" data-end=\"1940\">Source d\u2019\u00e9nergie naturelle<\/p>\n<\/li>\n<li data-start=\"1941\" data-end=\"1973\">\n<p data-start=\"1943\" data-end=\"1973\">Produit marocain authentique<\/p>\n<\/li>\n<\/ul>\n<h3 data-start=\"1975\" data-end=\"1992\">\u0627\u0644\u0627\u0633\u062a\u0639\u0645\u0627\u0644\u0627\u062a<\/h3>\n<ul data-start=\"1993\" data-end=\"2113\">\n<li data-start=\"1993\" data-end=\"2034\">\n<p data-start=\"1995\" data-end=\"2034\">\u00c0 consommer directement avec le rayon<\/p>\n<\/li>\n<li data-start=\"2035\" data-end=\"2062\">\n<p data-start=\"2037\" data-end=\"2062\">Id\u00e9al au petit-d\u00e9jeuner<\/p>\n<\/li>\n<li data-start=\"2063\" data-end=\"2113\">\n<p data-start=\"2065\" data-end=\"2113\">Parfait pour les amateurs de miel traditionnel<\/p>\n<\/li>\n<\/ul>\n<h3 data-start=\"2115\" data-end=\"2133\">Conservation :<\/h3>\n<p data-start=\"2134\" data-end=\"2207\">\u00c0 conserver dans un endroit sec, \u00e0 l\u2019abri de la chaleur et de la lumi\u00e8re.<\/p>","protected":false},"excerpt":{"rendered":"<p data-start=\"387\" data-end=\"520\">\u0634\u0647\u062f\u0629 \u0639\u0633\u0644 \u0627\u0644\u0623\u0639\u0634\u0627\u0628 \u0627\u0644\u0637\u0628\u064a\u0639\u064a\u0629 \u0645\u0633\u062a\u062e\u0631\u062c\u0629 \u0645\u0646 \u062e\u0644\u0627\u064a\u0627 \u0627\u0644\u0646\u062d\u0644 \u0641\u064a \u062c\u0628\u0627\u0644 \u062a\u0627\u0631\u0648\u062f\u0627\u0646\u062a\u060c \u063a\u0646\u064a\u0629 \u0628\u0627\u0644\u0639\u0633\u0644 \u0627\u0644\u0635\u0627\u0641\u064a \u0648\u0642\u0637\u0639 \u0627\u0644\u0634\u0645\u0639 \u0627\u0644\u0637\u0628\u064a\u0639\u064a\u060c \u0628\u0637\u0639\u0645 \u0623\u0635\u064a\u0644 \u0648\u062c\u0648\u062f\u0629 \u0639\u0627\u0644\u064a\u0629 100%.<\/p>\n<h3 data-start=\"522\" data-end=\"536\"><\/h3>\n<p data-start=\"537\" data-end=\"705\">Rayon de miel aux herbes r\u00e9colt\u00e9 dans les montagnes de Taroudant, riche en miel pur et en cire naturelle. Un produit authentique, 100% naturel et de qualit\u00e9 sup\u00e9rieure.<\/p>","protected":false},"featured_media":6390,"comment_status":"open","ping_status":"closed","template":"","meta":{"iawp_total_views":41,"_joinchat":[]},"product_brand":[],"product_cat":[59],"product_tag":[],"class_list":{"0":"post-6389","1":"product","2":"type-product","3":"status-publish","4":"has-post-thumbnail","6":"product_cat-terroir-2","8":"first","9":"instock","10":"shipping-taxable","11":"purchasable","12":"product-type-variable"},"aioseo_notices":[],"jetpack_sharing_enabled":true,"_links":{"self":[{"href":"https:\/\/oncleachour.ma\/ar\/wp-json\/wp\/v2\/product\/6389","targetHints":{"allow":["GET"]}}],"collection":[{"href":"https:\/\/oncleachour.ma\/ar\/wp-json\/wp\/v2\/product"}],"about":[{"href":"https:\/\/oncleachour.ma\/ar\/wp-json\/wp\/v2\/types\/product"}],"replies":[{"embeddable":true,"href":"https:\/\/oncleachour.ma\/ar\/wp-json\/wp\/v2\/comments?post=6389"}],"wp:featuredmedia":[{"embeddable":true,"href":"https:\/\/oncleachour.ma\/ar\/wp-json\/wp\/v2\/media\/6390"}],"wp:attachment":[{"href":"https:\/\/oncleachour.ma\/ar\/wp-json\/wp\/v2\/media?parent=6389"}],"wp:term":[{"taxonomy":"product_brand","embeddable":true,"href":"https:\/\/oncleachour.ma\/ar\/wp-json\/wp\/v2\/product_brand?post=6389"},{"taxonomy":"product_cat","embeddable":true,"href":"https:\/\/oncleachour.ma\/ar\/wp-json\/wp\/v2\/product_cat?post=6389"},{"taxonomy":"product_tag","embeddable":true,"href":"https:\/\/oncleachour.ma\/ar\/wp-json\/wp\/v2\/product_tag?post=6389"}],"curies":[{"name":"wp","href":"https:\/\/api.w.org\/{rel}","templated":true}]}}