{"id":6402,"date":"2026-02-11T18:59:51","date_gmt":"2026-02-11T18:59:51","guid":{"rendered":"https:\/\/oncleachour.ma\/?post_type=product&#038;p=6402"},"modified":"2026-02-11T18:59:51","modified_gmt":"2026-02-11T18:59:51","slug":"%d8%af%d8%a8%d8%b3-%d8%a7%d9%84%d8%aa%d9%85%d8%b1-%d8%a7%d9%84%d8%b7%d8%a8%d9%8a%d8%b9%d9%8a-100-sirop-de-dattes-naturel-100","status":"publish","type":"product","link":"https:\/\/oncleachour.ma\/ar\/product\/%d8%af%d8%a8%d8%b3-%d8%a7%d9%84%d8%aa%d9%85%d8%b1-%d8%a7%d9%84%d8%b7%d8%a8%d9%8a%d8%b9%d9%8a-100-sirop-de-dattes-naturel-100\/","title":{"rendered":"\u062f\u0628\u0633 \u0627\u0644\u062a\u0645\u0631 \u0627\u0644\u0637\u0628\u064a\u0639\u064a 100% &#8211; Sirop de Dattes Naturel 100%"},"content":{"rendered":"<h2 data-start=\"646\" data-end=\"661\"><\/h2>\n<p data-start=\"663\" data-end=\"823\">\u062f\u0628\u0633 \u0627\u0644\u062a\u0645\u0631 \u0645\u0646\u062a\u062c \u0637\u0628\u064a\u0639\u064a \u064a\u062a\u0645 \u0627\u0633\u062a\u062e\u0631\u0627\u062c\u0647 \u0645\u0646 \u0627\u0644\u062a\u0645\u0648\u0631 \u0627\u0644\u0646\u0627\u0636\u062c\u0629 \u0628\u0639\u0646\u0627\u064a\u0629 \u0644\u0644\u062d\u0641\u0627\u0638 \u0639\u0644\u0649 \u0642\u064a\u0645\u062a\u0647 \u0627\u0644\u063a\u0630\u0627\u0626\u064a\u0629 \u0627\u0644\u0639\u0627\u0644\u064a\u0629 \u0648\u0637\u0639\u0645\u0647 \u0627\u0644\u063a\u0646\u064a. \u064a\u062a\u0645\u064a\u0632 \u0628\u0642\u0648\u0627\u0645\u0647 \u0627\u0644\u0643\u062b\u064a\u0641 \u0648\u0644\u0648\u0646\u0647 \u0627\u0644\u062f\u0627\u0643\u0646 \u0648\u0645\u0630\u0627\u0642\u0647 \u0627\u0644\u062d\u0644\u0648 \u0627\u0644\u0637\u0628\u064a\u0639\u064a.<\/p>\n<p data-start=\"825\" data-end=\"907\">\u064a\u064f\u0639\u062a\u0628\u0631 \u0628\u062f\u064a\u0644\u0627\u064b \u0635\u062d\u064a\u0627\u064b \u0644\u0644\u0633\u0643\u0631 \u0627\u0644\u0623\u0628\u064a\u0636 \u0648\u064a\u064f\u0633\u062a\u062e\u062f\u0645 \u0641\u064a \u0627\u0644\u0639\u062f\u064a\u062f \u0645\u0646 \u0627\u0644\u0648\u0635\u0641\u0627\u062a \u0627\u0644\u062a\u0642\u0644\u064a\u062f\u064a\u0629 \u0648\u0627\u0644\u0639\u0635\u0631\u064a\u0629.<\/p>\n<h3 data-start=\"909\" data-end=\"922\">\u0627\u0644\u0645\u0645\u064a\u0632\u0627\u062a:<\/h3>\n<ul data-start=\"923\" data-end=\"1051\">\n<li data-start=\"923\" data-end=\"953\">\n<p data-start=\"925\" data-end=\"953\">\u0637\u0628\u064a\u0639\u064a 100% \u0628\u062f\u0648\u0646 \u0645\u0648\u0627\u062f \u062d\u0627\u0641\u0638\u0629<\/p>\n<\/li>\n<li data-start=\"954\" data-end=\"981\">\n<p data-start=\"956\" data-end=\"981\">\u063a\u0646\u064a \u0628\u0627\u0644\u062d\u062f\u064a\u062f \u0648\u0627\u0644\u0628\u0648\u062a\u0627\u0633\u064a\u0648\u0645<\/p>\n<\/li>\n<li data-start=\"982\" data-end=\"1001\">\n<p data-start=\"984\" data-end=\"1001\">\u0645\u0635\u062f\u0631 \u0637\u0627\u0642\u0629 \u0637\u0628\u064a\u0639\u064a<\/p>\n<\/li>\n<li data-start=\"1002\" data-end=\"1026\">\n<p data-start=\"1004\" data-end=\"1026\">\u0645\u0646\u0627\u0633\u0628 \u0644\u0644\u062a\u062d\u0644\u064a\u0629 \u0627\u0644\u0635\u062d\u064a\u0629<\/p>\n<\/li>\n<li data-start=\"1027\" data-end=\"1051\">\n<p data-start=\"1029\" data-end=\"1051\">\u062e\u0627\u0644\u064d \u0645\u0646 \u0627\u0644\u0633\u0643\u0631 \u0627\u0644\u0645\u0636\u0627\u0641<\/p>\n<\/li>\n<\/ul>\n<h3 data-start=\"1053\" data-end=\"1073\">\u0637\u0631\u064a\u0642\u0629 \u0627\u0644\u0627\u0633\u062a\u0639\u0645\u0627\u0644:<\/h3>\n<ul data-start=\"1074\" data-end=\"1199\">\n<li data-start=\"1074\" data-end=\"1097\">\n<p data-start=\"1076\" data-end=\"1097\">\u062a\u062d\u0644\u064a\u0629 \u0627\u0644\u0634\u0627\u064a \u0648\u0627\u0644\u062d\u0644\u064a\u0628<\/p>\n<\/li>\n<li data-start=\"1098\" data-end=\"1131\">\n<p data-start=\"1100\" data-end=\"1131\">\u0625\u0636\u0627\u0641\u062a\u0647 \u0625\u0644\u0649 \u0627\u0644\u062d\u0644\u0648\u064a\u0627\u062a \u0648\u0627\u0644\u0645\u0639\u062c\u0646\u0627\u062a<\/p>\n<\/li>\n<li data-start=\"1132\" data-end=\"1166\">\n<p data-start=\"1134\" data-end=\"1166\">\u0627\u0633\u062a\u0639\u0645\u0627\u0644\u0647 \u0645\u0639 \u0627\u0644\u0637\u062d\u064a\u0646\u0629 \u0623\u0648 \u0627\u0644\u0632\u0628\u0627\u062f\u064a<\/p>\n<\/li>\n<li data-start=\"1167\" data-end=\"1199\">\n<p data-start=\"1169\" data-end=\"1199\">\u064a\u062f\u062e\u0644 \u0641\u064a \u0648\u0635\u0641\u0627\u062a \u0627\u0644\u0635\u0644\u0635\u0627\u062a \u0648\u0627\u0644\u0637\u0628\u062e<\/p>\n<\/li>\n<\/ul>\n<h3 data-start=\"1201\" data-end=\"1213\">\u0627\u0644\u062a\u062e\u0632\u064a\u0646:<\/h3>\n<p data-start=\"1214\" data-end=\"1276\">\u064a\u062d\u0641\u0638 \u0641\u064a \u0645\u0643\u0627\u0646 \u062c\u0627\u0641 \u0628\u0639\u064a\u062f\u064b\u0627 \u0639\u0646 \u0627\u0644\u062d\u0631\u0627\u0631\u0629. \u064a\u064f\u063a\u0644\u0642 \u062c\u064a\u062f\u064b\u0627 \u0628\u0639\u062f \u0627\u0644\u0627\u0633\u062a\u0639\u0645\u0627\u0644.<\/p>\n<hr data-start=\"1278\" data-end=\"1281\" \/>\n<h2 data-start=\"1283\" data-end=\"1299\"><\/h2>\n<p data-start=\"1301\" data-end=\"1541\">Le sirop de dattes est un produit naturel obtenu \u00e0 partir de dattes m\u00fbres soigneusement s\u00e9lectionn\u00e9es afin de pr\u00e9server leur richesse nutritionnelle et leur go\u00fbt intense. Il se distingue par sa texture \u00e9paisse et sa saveur sucr\u00e9e naturelle.<\/p>\n<p data-start=\"1543\" data-end=\"1606\">Il constitue une excellente alternative saine au sucre raffin\u00e9.<\/p>\n<h3 data-start=\"1608\" data-end=\"1630\">Caract\u00e9ristiques :<\/h3>\n<ul data-start=\"1631\" data-end=\"1785\">\n<li data-start=\"1631\" data-end=\"1667\">\n<p data-start=\"1633\" data-end=\"1667\">100% naturel, sans conservateurs<\/p>\n<\/li>\n<li data-start=\"1668\" data-end=\"1700\">\n<p data-start=\"1670\" data-end=\"1700\">Riche en fer et en potassium<\/p>\n<\/li>\n<li data-start=\"1701\" data-end=\"1731\">\n<p data-start=\"1703\" data-end=\"1731\">Source d\u2019\u00e9nergie naturelle<\/p>\n<\/li>\n<li data-start=\"1732\" data-end=\"1763\">\n<p data-start=\"1734\" data-end=\"1763\">Id\u00e9al comme \u00e9dulcorant sain<\/p>\n<\/li>\n<li data-start=\"1764\" data-end=\"1785\">\n<p data-start=\"1766\" data-end=\"1785\">Sans sucre ajout\u00e9<\/p>\n<\/li>\n<\/ul>\n<h3 data-start=\"1787\" data-end=\"1804\">\u0627\u0644\u0627\u0633\u062a\u0639\u0645\u0627\u0644\u0627\u062a<\/h3>\n<ul data-start=\"1805\" data-end=\"1945\">\n<li data-start=\"1805\" data-end=\"1838\">\n<p data-start=\"1807\" data-end=\"1838\">Pour sucrer le th\u00e9 ou le lait<\/p>\n<\/li>\n<li data-start=\"1839\" data-end=\"1868\">\n<p data-start=\"1841\" data-end=\"1868\">En p\u00e2tisserie et desserts<\/p>\n<\/li>\n<li data-start=\"1869\" data-end=\"1900\">\n<p data-start=\"1871\" data-end=\"1900\">Avec du tahini ou du yaourt<\/p>\n<\/li>\n<li data-start=\"1901\" data-end=\"1945\">\n<p data-start=\"1903\" data-end=\"1945\">Dans certaines sauces et recettes sal\u00e9es<\/p>\n<\/li>\n<\/ul>\n<h3 data-start=\"1947\" data-end=\"1965\">Conservation :<\/h3>\n<p data-start=\"1966\" data-end=\"2033\">\u00c0 conserver dans un endroit sec et bien refermer apr\u00e8s utilisation.<\/p>","protected":false},"excerpt":{"rendered":"<p data-start=\"299\" data-end=\"420\">\u062f\u0628\u0633 \u0627\u0644\u062a\u0645\u0631 \u0627\u0644\u0637\u0628\u064a\u0639\u064a \u0645\u0633\u062a\u062e\u0644\u0635 \u0645\u0646 \u0623\u062c\u0648\u062f \u0623\u0646\u0648\u0627\u0639 \u0627\u0644\u062a\u0645\u0648\u0631\u060c \u063a\u0646\u064a \u0628\u0627\u0644\u0637\u0627\u0642\u0629 \u0648\u0627\u0644\u0645\u0639\u0627\u062f\u0646\u060c \u0645\u062b\u0627\u0644\u064a \u0643\u0628\u062f\u064a\u0644 \u0635\u062d\u064a \u0644\u0644\u0633\u0643\u0631 \u0641\u064a \u0627\u0644\u0645\u0634\u0631\u0648\u0628\u0627\u062a \u0648\u0627\u0644\u0648\u0635\u0641\u0627\u062a \u0627\u0644\u064a\u0648\u0645\u064a\u0629.<\/p>\n<h3 data-start=\"422\" data-end=\"436\"><\/h3>\n<p data-start=\"437\" data-end=\"606\">Le sirop de dattes naturel est extrait des meilleures dattes, riche en \u00e9nergie et en min\u00e9raux. Une alternative saine au sucre pour vos boissons et recettes quotidiennes.<\/p>","protected":false},"featured_media":6403,"comment_status":"open","ping_status":"closed","template":"","meta":{"iawp_total_views":124,"_joinchat":[]},"product_brand":[],"product_cat":[59],"product_tag":[],"class_list":{"0":"post-6402","1":"product","2":"type-product","3":"status-publish","4":"has-post-thumbnail","6":"product_cat-terroir-2","8":"first","9":"instock","10":"shipping-taxable","11":"purchasable","12":"product-type-variable"},"aioseo_notices":[],"jetpack_sharing_enabled":true,"_links":{"self":[{"href":"https:\/\/oncleachour.ma\/ar\/wp-json\/wp\/v2\/product\/6402","targetHints":{"allow":["GET"]}}],"collection":[{"href":"https:\/\/oncleachour.ma\/ar\/wp-json\/wp\/v2\/product"}],"about":[{"href":"https:\/\/oncleachour.ma\/ar\/wp-json\/wp\/v2\/types\/product"}],"replies":[{"embeddable":true,"href":"https:\/\/oncleachour.ma\/ar\/wp-json\/wp\/v2\/comments?post=6402"}],"wp:featuredmedia":[{"embeddable":true,"href":"https:\/\/oncleachour.ma\/ar\/wp-json\/wp\/v2\/media\/6403"}],"wp:attachment":[{"href":"https:\/\/oncleachour.ma\/ar\/wp-json\/wp\/v2\/media?parent=6402"}],"wp:term":[{"taxonomy":"product_brand","embeddable":true,"href":"https:\/\/oncleachour.ma\/ar\/wp-json\/wp\/v2\/product_brand?post=6402"},{"taxonomy":"product_cat","embeddable":true,"href":"https:\/\/oncleachour.ma\/ar\/wp-json\/wp\/v2\/product_cat?post=6402"},{"taxonomy":"product_tag","embeddable":true,"href":"https:\/\/oncleachour.ma\/ar\/wp-json\/wp\/v2\/product_tag?post=6402"}],"curies":[{"name":"wp","href":"https:\/\/api.w.org\/{rel}","templated":true}]}}