{"id":6408,"date":"2026-02-11T19:14:56","date_gmt":"2026-02-11T19:14:56","guid":{"rendered":"https:\/\/oncleachour.ma\/?post_type=product&#038;p=6408"},"modified":"2026-02-11T19:14:56","modified_gmt":"2026-02-11T19:14:56","slug":"%d8%a3%d9%85%d9%84%d9%88-%d8%a8%d8%b2%d9%8a%d8%aa-%d8%a3%d8%b1%d9%83%d8%a7%d9%86-%d9%88%d8%a7%d9%84%d9%84%d9%88%d8%b2-%d9%88%d8%a7%d9%84%d8%b9%d8%b3%d9%84-%d8%a7%d9%84%d8%b7%d8%a8%d9%8a%d8%b9%d9%8a","status":"publish","type":"product","link":"https:\/\/oncleachour.ma\/ar\/product\/%d8%a3%d9%85%d9%84%d9%88-%d8%a8%d8%b2%d9%8a%d8%aa-%d8%a3%d8%b1%d9%83%d8%a7%d9%86-%d9%88%d8%a7%d9%84%d9%84%d9%88%d8%b2-%d9%88%d8%a7%d9%84%d8%b9%d8%b3%d9%84-%d8%a7%d9%84%d8%b7%d8%a8%d9%8a%d8%b9%d9%8a\/","title":{"rendered":"\u0623\u0645\u0644\u0648 \u0628\u0632\u064a\u062a \u0623\u0631\u0643\u0627\u0646 \u0648\u0627\u0644\u0644\u0648\u0632 \u0648\u0627\u0644\u0639\u0633\u0644 \u0627\u0644\u0637\u0628\u064a\u0639\u064a &#8211; Amlou \u00e0 l\u2019Huile d\u2019Argan, Amandes et Miel Naturel"},"content":{"rendered":"<p data-start=\"747\" data-end=\"810\">\u0623\u0645\u0644\u0648 \u0645\u0646 \u0623\u0634\u0647\u0631 \u0627\u0644\u0645\u0646\u062a\u062c\u0627\u062a \u0627\u0644\u062a\u0642\u0644\u064a\u062f\u064a\u0629 \u0627\u0644\u0645\u063a\u0631\u0628\u064a\u0629\u060c \u064a\u062a\u0645 \u062a\u062d\u0636\u064a\u0631\u0647 \u0628\u0639\u0646\u0627\u064a\u0629 \u0645\u0646:<\/p>\n<ul data-start=\"812\" data-end=\"883\">\n<li data-start=\"812\" data-end=\"837\">\n<p data-start=\"814\" data-end=\"837\">\u0632\u064a\u062a \u0623\u0631\u0643\u0627\u0646 \u063a\u0630\u0627\u0626\u064a \u0637\u0628\u064a\u0639\u064a<\/p>\n<\/li>\n<li data-start=\"838\" data-end=\"864\">\n<p data-start=\"840\" data-end=\"864\">\u0644\u0648\u0632 \u0645\u062d\u0645\u0635 \u0648\u0645\u0637\u062d\u0648\u0646 \u0628\u0639\u0646\u0627\u064a\u0629<\/p>\n<\/li>\n<li data-start=\"865\" data-end=\"883\">\n<p data-start=\"867\" data-end=\"883\">\u0639\u0633\u0644 \u0637\u0628\u064a\u0639\u064a \u0635\u0627\u0641\u064a<\/p>\n<\/li>\n<\/ul>\n<p data-start=\"885\" data-end=\"970\">\u064a\u062a\u0645\u064a\u0632 \u0628\u0642\u0648\u0627\u0645 \u0643\u0631\u064a\u0645\u064a \u063a\u0646\u064a \u0648\u0637\u0639\u0645 \u0645\u062a\u0648\u0627\u0632\u0646 \u064a\u062c\u0645\u0639 \u0628\u064a\u0646 \u0646\u0643\u0647\u0629 \u0627\u0644\u0644\u0648\u0632 \u0648\u0642\u064a\u0645\u0629 \u0632\u064a\u062a \u0627\u0644\u0623\u0631\u0643\u0627\u0646 \u0648\u0641\u0648\u0627\u0626\u062f \u0627\u0644\u0639\u0633\u0644.<\/p>\n<h3 data-start=\"972\" data-end=\"985\">\u0627\u0644\u0645\u0645\u064a\u0632\u0627\u062a:<\/h3>\n<ul data-start=\"986\" data-end=\"1119\">\n<li data-start=\"986\" data-end=\"1013\">\n<p data-start=\"988\" data-end=\"1013\">\u063a\u0646\u064a \u0628\u0627\u0644\u0637\u0627\u0642\u0629 \u0648\u0627\u0644\u0628\u0631\u0648\u062a\u064a\u0646\u0627\u062a<\/p>\n<\/li>\n<li data-start=\"1014\" data-end=\"1043\">\n<p data-start=\"1016\" data-end=\"1043\">\u064a\u062d\u062a\u0648\u064a \u0639\u0644\u0649 \u062f\u0647\u0648\u0646 \u0635\u062d\u064a\u0629 \u0645\u0641\u064a\u062f\u0629<\/p>\n<\/li>\n<li data-start=\"1044\" data-end=\"1063\">\n<p data-start=\"1046\" data-end=\"1063\">\u0628\u062f\u0648\u0646 \u0645\u0648\u0627\u062f \u062d\u0627\u0641\u0638\u0629<\/p>\n<\/li>\n<li data-start=\"1064\" data-end=\"1090\">\n<p data-start=\"1066\" data-end=\"1090\">\u0645\u0646\u062a\u062c \u0645\u063a\u0631\u0628\u064a \u062a\u0642\u0644\u064a\u062f\u064a \u0623\u0635\u064a\u0644<\/p>\n<\/li>\n<li data-start=\"1091\" data-end=\"1119\">\n<p data-start=\"1093\" data-end=\"1119\">\u0645\u0646\u0627\u0633\u0628 \u0644\u0644\u0625\u0641\u0637\u0627\u0631 \u0648\u0627\u0644\u0631\u064a\u0627\u0636\u064a\u064a\u0646<\/p>\n<\/li>\n<\/ul>\n<h3 data-start=\"1121\" data-end=\"1141\">\u0637\u0631\u064a\u0642\u0629 \u0627\u0644\u0627\u0633\u062a\u0639\u0645\u0627\u0644:<\/h3>\n<ul data-start=\"1142\" data-end=\"1232\">\n<li data-start=\"1142\" data-end=\"1171\">\n<p data-start=\"1144\" data-end=\"1171\">\u064a\u064f\u062f\u0647\u0646 \u0639\u0644\u0649 \u0627\u0644\u062e\u0628\u0632 \u0623\u0648 \u0627\u0644\u0645\u0633\u0645\u0646<\/p>\n<\/li>\n<li data-start=\"1172\" data-end=\"1198\">\n<p data-start=\"1174\" data-end=\"1198\">\u064a\u064f\u0642\u062f\u0645 \u0645\u0639 \u0627\u0644\u0634\u0627\u064a \u0627\u0644\u0645\u063a\u0631\u0628\u064a<\/p>\n<\/li>\n<li data-start=\"1199\" data-end=\"1232\">\n<p data-start=\"1201\" data-end=\"1232\">\u064a\u0636\u0627\u0641 \u0625\u0644\u0649 \u0627\u0644\u062d\u0644\u0648\u064a\u0627\u062a \u0623\u0648 \u0627\u0644\u0628\u0627\u0646\u0643\u064a\u0643<\/p>\n<\/li>\n<\/ul>\n<h3 data-start=\"1234\" data-end=\"1246\">\u0627\u0644\u062a\u062e\u0632\u064a\u0646:<\/h3>\n<p data-start=\"1247\" data-end=\"1332\">\u064a\u062d\u0641\u0638 \u0641\u064a \u0645\u0643\u0627\u0646 \u062c\u0627\u0641 \u0628\u062f\u0631\u062c\u0629 \u062d\u0631\u0627\u0631\u0629 \u0645\u0639\u062a\u062f\u0644\u0629. \u064a\u064f\u062d\u0631\u0651\u0643 \u0642\u0628\u0644 \u0627\u0644\u0627\u0633\u062a\u0639\u0645\u0627\u0644 \u0625\u0630\u0627 \u0627\u0646\u0641\u0635\u0644 \u0627\u0644\u0632\u064a\u062a \u0628\u0634\u0643\u0644 \u0637\u0628\u064a\u0639\u064a.<\/p>\n<hr data-start=\"1334\" data-end=\"1337\" \/>\n<h2 data-start=\"1339\" data-end=\"1355\"><\/h2>\n<p data-start=\"1357\" data-end=\"1431\">L\u2019Amlou est une sp\u00e9cialit\u00e9 marocaine traditionnelle pr\u00e9par\u00e9e \u00e0 partir de :<\/p>\n<ul data-start=\"1433\" data-end=\"1534\">\n<li data-start=\"1433\" data-end=\"1472\">\n<p data-start=\"1435\" data-end=\"1472\">Huile d\u2019argan alimentaire naturelle<\/p>\n<\/li>\n<li data-start=\"1473\" data-end=\"1513\">\n<p data-start=\"1475\" data-end=\"1513\">Amandes grill\u00e9es et finement moulues<\/p>\n<\/li>\n<li data-start=\"1514\" data-end=\"1534\">\n<p data-start=\"1516\" data-end=\"1534\">Miel pur naturel<\/p>\n<\/li>\n<\/ul>\n<p data-start=\"1536\" data-end=\"1691\">Il se distingue par sa texture onctueuse et son go\u00fbt \u00e9quilibr\u00e9 entre la richesse des amandes, la valeur nutritive de l\u2019huile d\u2019argan et la douceur du miel.<\/p>\n<h3 data-start=\"1693\" data-end=\"1715\">Caract\u00e9ristiques :<\/h3>\n<ul data-start=\"1716\" data-end=\"1881\">\n<li data-start=\"1716\" data-end=\"1749\">\n<p data-start=\"1718\" data-end=\"1749\">Riche en \u00e9nergie et prot\u00e9ines<\/p>\n<\/li>\n<li data-start=\"1750\" data-end=\"1792\">\n<p data-start=\"1752\" data-end=\"1792\">Contient de bonnes graisses naturelles<\/p>\n<\/li>\n<li data-start=\"1793\" data-end=\"1815\">\n<p data-start=\"1795\" data-end=\"1815\">Sans conservateurs<\/p>\n<\/li>\n<li data-start=\"1816\" data-end=\"1848\">\n<p data-start=\"1818\" data-end=\"1848\">Produit marocain authentique<\/p>\n<\/li>\n<li data-start=\"1849\" data-end=\"1881\">\n<p data-start=\"1851\" data-end=\"1881\">Id\u00e9al pour le petit-d\u00e9jeuner<\/p>\n<\/li>\n<\/ul>\n<h3 data-start=\"1883\" data-end=\"1900\">\u0627\u0644\u0627\u0633\u062a\u0639\u0645\u0627\u0644\u0627\u062a<\/h3>\n<ul data-start=\"1901\" data-end=\"2014\">\n<li data-start=\"1901\" data-end=\"1937\">\n<p data-start=\"1903\" data-end=\"1937\">\u00c0 tartiner sur du pain ou msemen<\/p>\n<\/li>\n<li data-start=\"1938\" data-end=\"1976\">\n<p data-start=\"1940\" data-end=\"1976\">\u00c0 accompagner avec le th\u00e9 marocain<\/p>\n<\/li>\n<li data-start=\"1977\" data-end=\"2014\">\n<p data-start=\"1979\" data-end=\"2014\">Parfait pour desserts et pancakes<\/p>\n<\/li>\n<\/ul>\n<h3 data-start=\"2016\" data-end=\"2034\">Conservation :<\/h3>\n<p data-start=\"2035\" data-end=\"2151\">\u00c0 conserver dans un endroit sec \u00e0 temp\u00e9rature ambiante. M\u00e9langer avant utilisation si l\u2019huile remonte naturellement.<\/p>","protected":false},"excerpt":{"rendered":"<p data-start=\"358\" data-end=\"494\">\u0623\u0645\u0644\u0648 \u0645\u063a\u0631\u0628\u064a \u0623\u0635\u064a\u0644 \u0645\u0635\u0646\u0648\u0639 \u0645\u0646 \u0632\u064a\u062a \u0627\u0644\u0623\u0631\u0643\u0627\u0646 \u0627\u0644\u0637\u0628\u064a\u0639\u064a\u060c \u0627\u0644\u0644\u0648\u0632 \u0627\u0644\u0645\u062d\u0645\u0635\u060c \u0648\u0627\u0644\u0639\u0633\u0644 \u0627\u0644\u0635\u0627\u0641\u064a. \u0645\u0632\u064a\u062c \u063a\u0646\u064a \u0628\u0627\u0644\u0637\u0627\u0642\u0629 \u0628\u0637\u0639\u0645 \u0641\u0627\u062e\u0631 \u0645\u062b\u0627\u0644\u064a \u0644\u0644\u0625\u0641\u0637\u0627\u0631 \u0648\u0627\u0644\u062d\u0644\u0648\u064a\u0627\u062a \u0627\u0644\u062a\u0642\u0644\u064a\u062f\u064a\u0629.<\/p>\n<h3 data-start=\"496\" data-end=\"510\"><\/h3>\n<p data-start=\"511\" data-end=\"690\">Amlou traditionnel marocain pr\u00e9par\u00e9 \u00e0 base d\u2019huile d\u2019argan naturelle, d\u2019amandes grill\u00e9es et de miel pur. Un m\u00e9lange riche en \u00e9nergie au go\u00fbt raffin\u00e9, id\u00e9al pour le petit-d\u00e9jeuner.<\/p>","protected":false},"featured_media":6409,"comment_status":"open","ping_status":"closed","template":"","meta":{"iawp_total_views":277,"_joinchat":[]},"product_brand":[],"product_cat":[59],"product_tag":[],"class_list":{"0":"post-6408","1":"product","2":"type-product","3":"status-publish","4":"has-post-thumbnail","6":"product_cat-terroir-2","8":"first","9":"instock","10":"shipping-taxable","11":"purchasable","12":"product-type-variable"},"aioseo_notices":[],"jetpack_sharing_enabled":true,"_links":{"self":[{"href":"https:\/\/oncleachour.ma\/ar\/wp-json\/wp\/v2\/product\/6408","targetHints":{"allow":["GET"]}}],"collection":[{"href":"https:\/\/oncleachour.ma\/ar\/wp-json\/wp\/v2\/product"}],"about":[{"href":"https:\/\/oncleachour.ma\/ar\/wp-json\/wp\/v2\/types\/product"}],"replies":[{"embeddable":true,"href":"https:\/\/oncleachour.ma\/ar\/wp-json\/wp\/v2\/comments?post=6408"}],"wp:featuredmedia":[{"embeddable":true,"href":"https:\/\/oncleachour.ma\/ar\/wp-json\/wp\/v2\/media\/6409"}],"wp:attachment":[{"href":"https:\/\/oncleachour.ma\/ar\/wp-json\/wp\/v2\/media?parent=6408"}],"wp:term":[{"taxonomy":"product_brand","embeddable":true,"href":"https:\/\/oncleachour.ma\/ar\/wp-json\/wp\/v2\/product_brand?post=6408"},{"taxonomy":"product_cat","embeddable":true,"href":"https:\/\/oncleachour.ma\/ar\/wp-json\/wp\/v2\/product_cat?post=6408"},{"taxonomy":"product_tag","embeddable":true,"href":"https:\/\/oncleachour.ma\/ar\/wp-json\/wp\/v2\/product_tag?post=6408"}],"curies":[{"name":"wp","href":"https:\/\/api.w.org\/{rel}","templated":true}]}}