{"id":6415,"date":"2026-02-11T19:21:56","date_gmt":"2026-02-11T19:21:56","guid":{"rendered":"https:\/\/oncleachour.ma\/?post_type=product&#038;p=6415"},"modified":"2026-02-11T19:21:56","modified_gmt":"2026-02-11T19:21:56","slug":"%d8%a3%d9%85%d9%84%d9%88-%d9%85%d8%b3%d9%88%d8%b3-%d8%a8%d8%b2%d9%8a%d8%aa-%d8%a3%d8%b1%d9%83%d8%a7%d9%86-%d9%88%d8%a7%d9%84%d9%84%d9%88%d8%b2-%d8%a7%d9%84%d8%b7%d8%a8%d9%8a%d8%b9%d9%8a-amlou-massou","status":"publish","type":"product","link":"https:\/\/oncleachour.ma\/ar\/product\/%d8%a3%d9%85%d9%84%d9%88-%d9%85%d8%b3%d9%88%d8%b3-%d8%a8%d8%b2%d9%8a%d8%aa-%d8%a3%d8%b1%d9%83%d8%a7%d9%86-%d9%88%d8%a7%d9%84%d9%84%d9%88%d8%b2-%d8%a7%d9%84%d8%b7%d8%a8%d9%8a%d8%b9%d9%8a-amlou-massou\/","title":{"rendered":"\u0623\u0645\u0644\u0648 \u0645\u0633\u0648\u0633 \u0628\u0632\u064a\u062a \u0623\u0631\u0643\u0627\u0646 \u0648\u0627\u0644\u0644\u0648\u0632 \u0627\u0644\u0637\u0628\u064a\u0639\u064a &#8211; Amlou Massous \u00e0 l\u2019Huile d\u2019Argan et Amandes Naturelles"},"content":{"rendered":"<h2 data-start=\"767\" data-end=\"782\"><\/h2>\n<p data-start=\"784\" data-end=\"853\">\u0623\u0645\u0644\u0648 \u0645\u0633\u0648\u0633 \u0647\u0648 \u0627\u0644\u0646\u0633\u062e\u0629 \u0627\u0644\u062a\u0642\u0644\u064a\u062f\u064a\u0629 \u0627\u0644\u0623\u0635\u0644\u064a\u0629 \u0645\u0646 \u0623\u0645\u0644\u0648 \u0627\u0644\u0645\u063a\u0631\u0628\u064a\u060c \u064a\u062a\u0645 \u062a\u062d\u0636\u064a\u0631\u0647 \u0645\u0646:<\/p>\n<ul data-start=\"855\" data-end=\"912\">\n<li data-start=\"855\" data-end=\"885\">\n<p data-start=\"857\" data-end=\"885\">\u0632\u064a\u062a \u0623\u0631\u0643\u0627\u0646 \u063a\u0630\u0627\u0626\u064a \u0637\u0628\u064a\u0639\u064a 100%<\/p>\n<\/li>\n<li data-start=\"886\" data-end=\"912\">\n<p data-start=\"888\" data-end=\"912\">\u0644\u0648\u0632 \u0645\u062d\u0645\u0635 \u0648\u0645\u0637\u062d\u0648\u0646 \u0628\u0639\u0646\u0627\u064a\u0629<\/p>\n<\/li>\n<\/ul>\n<p data-start=\"914\" data-end=\"990\">\u0628\u062f\u0648\u0646 \u0625\u0636\u0627\u0641\u0629 \u0627\u0644\u0639\u0633\u0644\u060c \u0644\u064a\u0645\u0646\u062d\u0643 \u0645\u0630\u0627\u0642 \u0627\u0644\u0644\u0648\u0632 \u0648\u0632\u064a\u062a \u0627\u0644\u0623\u0631\u0643\u0627\u0646 \u0627\u0644\u0635\u0627\u0641\u064a \u0641\u064a \u0623\u0641\u0636\u0644 \u0635\u0648\u0631\u0629 \u0637\u0628\u064a\u0639\u064a\u0629.<\/p>\n<p data-start=\"992\" data-end=\"1089\">\u064a\u062a\u0645\u064a\u0632 \u0628\u0642\u0648\u0627\u0645\u0647 \u0627\u0644\u0643\u0631\u064a\u0645\u064a \u0627\u0644\u063a\u0646\u064a \u0648\u0642\u064a\u0645\u062a\u0647 \u0627\u0644\u063a\u0630\u0627\u0626\u064a\u0629 \u0627\u0644\u0639\u0627\u0644\u064a\u0629\u060c \u0648\u064a\u064f\u0639\u062a\u0628\u0631 \u0645\u0635\u062f\u0631\u064b\u0627 \u0645\u0645\u062a\u0627\u0632\u064b\u0627 \u0644\u0644\u0637\u0627\u0642\u0629 \u0648\u0627\u0644\u062f\u0647\u0648\u0646 \u0627\u0644\u0635\u062d\u064a\u0629.<\/p>\n<h3 data-start=\"1091\" data-end=\"1104\">\u0627\u0644\u0645\u0645\u064a\u0632\u0627\u062a:<\/h3>\n<ul data-start=\"1105\" data-end=\"1219\">\n<li data-start=\"1105\" data-end=\"1119\">\n<p data-start=\"1107\" data-end=\"1119\">\u0637\u0628\u064a\u0639\u064a 100%<\/p>\n<\/li>\n<li data-start=\"1120\" data-end=\"1137\">\n<p data-start=\"1122\" data-end=\"1137\">\u0628\u062f\u0648\u0646 \u0639\u0633\u0644 \u0645\u0636\u0627\u0641<\/p>\n<\/li>\n<li data-start=\"1138\" data-end=\"1172\">\n<p data-start=\"1140\" data-end=\"1172\">\u063a\u0646\u064a \u0628\u0627\u0644\u0628\u0631\u0648\u062a\u064a\u0646\u0627\u062a \u0648\u0627\u0644\u062f\u0647\u0648\u0646 \u0627\u0644\u0635\u062d\u064a\u0629<\/p>\n<\/li>\n<li data-start=\"1173\" data-end=\"1192\">\n<p data-start=\"1175\" data-end=\"1192\">\u0645\u0646\u0627\u0633\u0628 \u0644\u0644\u0631\u064a\u0627\u0636\u064a\u064a\u0646<\/p>\n<\/li>\n<li data-start=\"1193\" data-end=\"1219\">\n<p data-start=\"1195\" data-end=\"1219\">\u0645\u0646\u062a\u062c \u0645\u063a\u0631\u0628\u064a \u062a\u0642\u0644\u064a\u062f\u064a \u0623\u0635\u064a\u0644<\/p>\n<\/li>\n<\/ul>\n<h3 data-start=\"1221\" data-end=\"1241\">\u0637\u0631\u064a\u0642\u0629 \u0627\u0644\u0627\u0633\u062a\u0639\u0645\u0627\u0644:<\/h3>\n<ul data-start=\"1242\" data-end=\"1324\">\n<li data-start=\"1242\" data-end=\"1271\">\n<p data-start=\"1244\" data-end=\"1271\">\u064a\u064f\u062f\u0647\u0646 \u0639\u0644\u0649 \u0627\u0644\u062e\u0628\u0632 \u0623\u0648 \u0627\u0644\u0645\u0633\u0645\u0646<\/p>\n<\/li>\n<li data-start=\"1272\" data-end=\"1298\">\n<p data-start=\"1274\" data-end=\"1298\">\u064a\u064f\u0642\u062f\u0645 \u0645\u0639 \u0627\u0644\u0634\u0627\u064a \u0627\u0644\u0645\u063a\u0631\u0628\u064a<\/p>\n<\/li>\n<li data-start=\"1299\" data-end=\"1324\">\n<p data-start=\"1301\" data-end=\"1324\">\u064a\u064f\u0633\u062a\u0639\u0645\u0644 \u0641\u064a \u0648\u0635\u0641\u0627\u062a \u0635\u062d\u064a\u0629<\/p>\n<\/li>\n<\/ul>\n<h3 data-start=\"1326\" data-end=\"1338\">\u0627\u0644\u062a\u062e\u0632\u064a\u0646:<\/h3>\n<p data-start=\"1339\" data-end=\"1425\">\u064a\u062d\u0641\u0638 \u0641\u064a \u0645\u0643\u0627\u0646 \u062c\u0627\u0641 \u0628\u062f\u0631\u062c\u0629 \u062d\u0631\u0627\u0631\u0629 \u0645\u0639\u062a\u062f\u0644\u0629. \u064a\u064f\u062d\u0631\u0651\u0643 \u0642\u0628\u0644 \u0627\u0644\u0627\u0633\u062a\u0639\u0645\u0627\u0644 \u0641\u064a \u062d\u0627\u0644 \u0627\u0646\u0641\u0635\u0627\u0644 \u0627\u0644\u0632\u064a\u062a \u0637\u0628\u064a\u0639\u064a\u064b\u0627.<\/p>\n<hr data-start=\"1427\" data-end=\"1430\" \/>\n<h2 data-start=\"1432\" data-end=\"1448\"><\/h2>\n<p data-start=\"1450\" data-end=\"1553\">L\u2019Amlou Massous est la version traditionnelle originale de l\u2019amlou marocain, pr\u00e9par\u00e9e uniquement avec :<\/p>\n<ul data-start=\"1555\" data-end=\"1637\">\n<li data-start=\"1555\" data-end=\"1599\">\n<p data-start=\"1557\" data-end=\"1599\">Huile d\u2019argan alimentaire 100% naturelle<\/p>\n<\/li>\n<li data-start=\"1600\" data-end=\"1637\">\n<p data-start=\"1602\" data-end=\"1637\">Amandes grill\u00e9es finement moulues<\/p>\n<\/li>\n<\/ul>\n<p data-start=\"1639\" data-end=\"1737\">Sans miel ajout\u00e9, pour pr\u00e9server le go\u00fbt authentique et intense des amandes et de l\u2019huile d\u2019argan.<\/p>\n<p data-start=\"1739\" data-end=\"1852\">Sa texture onctueuse et sa richesse nutritionnelle en font une excellente source d\u2019\u00e9nergie et de bonnes graisses.<\/p>\n<h3 data-start=\"1854\" data-end=\"1876\">Caract\u00e9ristiques :<\/h3>\n<ul data-start=\"1877\" data-end=\"2017\">\n<li data-start=\"1877\" data-end=\"1893\">\n<p data-start=\"1879\" data-end=\"1893\">100% naturel<\/p>\n<\/li>\n<li data-start=\"1894\" data-end=\"1914\">\n<p data-start=\"1896\" data-end=\"1914\">Sans miel ajout\u00e9<\/p>\n<\/li>\n<li data-start=\"1915\" data-end=\"1956\">\n<p data-start=\"1917\" data-end=\"1956\">Riche en prot\u00e9ines et bonnes graisses<\/p>\n<\/li>\n<li data-start=\"1957\" data-end=\"1984\">\n<p data-start=\"1959\" data-end=\"1984\">Id\u00e9al pour les sportifs<\/p>\n<\/li>\n<li data-start=\"1985\" data-end=\"2017\">\n<p data-start=\"1987\" data-end=\"2017\">Produit marocain authentique<\/p>\n<\/li>\n<\/ul>\n<h3 data-start=\"2019\" data-end=\"2036\">\u0627\u0644\u0627\u0633\u062a\u0639\u0645\u0627\u0644\u0627\u062a<\/h3>\n<ul data-start=\"2037\" data-end=\"2139\">\n<li data-start=\"2037\" data-end=\"2073\">\n<p data-start=\"2039\" data-end=\"2073\">\u00c0 tartiner sur du pain ou msemen<\/p>\n<\/li>\n<li data-start=\"2074\" data-end=\"2112\">\n<p data-start=\"2076\" data-end=\"2112\">\u00c0 accompagner avec du th\u00e9 marocain<\/p>\n<\/li>\n<li data-start=\"2113\" data-end=\"2139\">\n<p data-start=\"2115\" data-end=\"2139\">En pr\u00e9paration healthy<\/p>\n<\/li>\n<\/ul>\n<h3 data-start=\"2141\" data-end=\"2159\">Conservation :<\/h3>\n<p data-start=\"2160\" data-end=\"2276\">\u00c0 conserver dans un endroit sec \u00e0 temp\u00e9rature ambiante. M\u00e9langer avant utilisation si l\u2019huile remonte naturellement.<\/p>","protected":false},"excerpt":{"rendered":"<p data-start=\"412\" data-end=\"545\">\u0623\u0645\u0644\u0648 \u0645\u0633\u0648\u0633 \u062a\u0642\u0644\u064a\u062f\u064a \u0645\u0635\u0646\u0648\u0639 \u0645\u0646 \u0632\u064a\u062a \u0627\u0644\u0623\u0631\u0643\u0627\u0646 \u0627\u0644\u063a\u0630\u0627\u0626\u064a \u0648\u0627\u0644\u0644\u0648\u0632 \u0627\u0644\u0645\u062d\u0645\u0635\u060c \u0628\u062f\u0648\u0646 \u0625\u0636\u0627\u0641\u0629 \u0627\u0644\u0639\u0633\u0644\u060c \u0628\u0637\u0639\u0645 \u063a\u0646\u064a \u0648\u0642\u0648\u0627\u0645 \u0643\u0631\u064a\u0645\u064a \u0645\u062b\u0627\u0644\u064a \u0644\u0645\u062d\u0628\u064a \u0627\u0644\u0645\u0630\u0627\u0642 \u0627\u0644\u0623\u0635\u0644\u064a \u0627\u0644\u062e\u0627\u0644\u0635.<\/p>\n<h3 data-start=\"547\" data-end=\"561\"><\/h3>\n<p data-start=\"562\" data-end=\"727\">Amlou Massous traditionnel pr\u00e9par\u00e9 \u00e0 base d\u2019huile d\u2019argan alimentaire et d\u2019amandes grill\u00e9es, sans miel ajout\u00e9. Une saveur pure et authentique \u00e0 la texture onctueuse.<\/p>","protected":false},"featured_media":6416,"comment_status":"open","ping_status":"closed","template":"","meta":{"iawp_total_views":85,"_joinchat":[]},"product_brand":[],"product_cat":[59],"product_tag":[],"class_list":{"0":"post-6415","1":"product","2":"type-product","3":"status-publish","4":"has-post-thumbnail","6":"product_cat-terroir-2","8":"first","9":"instock","10":"shipping-taxable","11":"purchasable","12":"product-type-variable"},"aioseo_notices":[],"jetpack_sharing_enabled":true,"_links":{"self":[{"href":"https:\/\/oncleachour.ma\/ar\/wp-json\/wp\/v2\/product\/6415","targetHints":{"allow":["GET"]}}],"collection":[{"href":"https:\/\/oncleachour.ma\/ar\/wp-json\/wp\/v2\/product"}],"about":[{"href":"https:\/\/oncleachour.ma\/ar\/wp-json\/wp\/v2\/types\/product"}],"replies":[{"embeddable":true,"href":"https:\/\/oncleachour.ma\/ar\/wp-json\/wp\/v2\/comments?post=6415"}],"wp:featuredmedia":[{"embeddable":true,"href":"https:\/\/oncleachour.ma\/ar\/wp-json\/wp\/v2\/media\/6416"}],"wp:attachment":[{"href":"https:\/\/oncleachour.ma\/ar\/wp-json\/wp\/v2\/media?parent=6415"}],"wp:term":[{"taxonomy":"product_brand","embeddable":true,"href":"https:\/\/oncleachour.ma\/ar\/wp-json\/wp\/v2\/product_brand?post=6415"},{"taxonomy":"product_cat","embeddable":true,"href":"https:\/\/oncleachour.ma\/ar\/wp-json\/wp\/v2\/product_cat?post=6415"},{"taxonomy":"product_tag","embeddable":true,"href":"https:\/\/oncleachour.ma\/ar\/wp-json\/wp\/v2\/product_tag?post=6415"}],"curies":[{"name":"wp","href":"https:\/\/api.w.org\/{rel}","templated":true}]}}