{"id":6422,"date":"2026-02-11T19:34:02","date_gmt":"2026-02-11T19:34:02","guid":{"rendered":"https:\/\/oncleachour.ma\/?post_type=product&#038;p=6422"},"modified":"2026-02-11T19:34:02","modified_gmt":"2026-02-11T19:34:02","slug":"%d8%a7%d9%84%d8%b4%d8%a7%d9%8a-%d8%a7%d9%84%d8%a3%d8%ae%d8%b6%d8%b1-%d8%a7%d9%84%d8%b5%d9%8a%d9%86%d9%8a-%d8%a7%d9%84%d8%b4%d8%b9%d8%b1%d8%a9-%d8%a7%d9%84%d8%b1%d9%81%d9%8a%d8%b9%d8%a9","status":"publish","type":"product","link":"https:\/\/oncleachour.ma\/ar\/product\/%d8%a7%d9%84%d8%b4%d8%a7%d9%8a-%d8%a7%d9%84%d8%a3%d8%ae%d8%b6%d8%b1-%d8%a7%d9%84%d8%b5%d9%8a%d9%86%d9%8a-%d8%a7%d9%84%d8%b4%d8%b9%d8%b1%d8%a9-%d8%a7%d9%84%d8%b1%d9%81%d9%8a%d8%b9%d8%a9\/","title":{"rendered":"\u0627\u0644\u0634\u0627\u064a \u0627\u0644\u0623\u062e\u0636\u0631 \u0627\u0644\u0635\u064a\u0646\u064a \u2013 \u0627\u0644\u0634\u0639\u0631\u0629 \u0627\u0644\u0631\u0641\u064a\u0639\u0629 \u0627\u0644\u0641\u0627\u062e\u0631\u0629 &#8211; Th\u00e9 Vert Chinois \u2013 Feuille Fine Premium"},"content":{"rendered":"<h2 data-start=\"729\" data-end=\"744\"><\/h2>\n<p data-start=\"746\" data-end=\"915\">\u0627\u0644\u0634\u0627\u064a \u0627\u0644\u0623\u062e\u0636\u0631 \u0627\u0644\u0635\u064a\u0646\u064a \u0645\u0646 \u0646\u0648\u0639 \u0627\u0644\u0634\u0639\u0631\u0629 \u0627\u0644\u0631\u0641\u064a\u0639\u0629 \u064a\u064f\u0639\u062a\u0628\u0631 \u0645\u0646 \u0623\u062c\u0648\u062f \u0623\u0646\u0648\u0627\u0639 \u0627\u0644\u0634\u0627\u064a \u0627\u0644\u0645\u0633\u062a\u0648\u0631\u062f\u060c \u064a\u062a\u0645\u064a\u0632 \u0628\u0623\u0648\u0631\u0627\u0642\u0647 \u0627\u0644\u0637\u0648\u064a\u0644\u0629 \u0627\u0644\u0631\u0641\u064a\u0639\u0629 \u0648\u062c\u0648\u062f\u062a\u0647 \u0627\u0644\u0639\u0627\u0644\u064a\u0629\u060c \u0645\u0645\u0627 \u064a\u0645\u0646\u062d\u0647 \u0637\u0639\u0645\u0627\u064b \u0645\u062a\u0648\u0627\u0632\u0646\u0627\u064b \u0648\u0631\u0627\u0626\u062d\u0629 \u0639\u0637\u0631\u064a\u0629 \u0645\u0645\u064a\u0632\u0629.<\/p>\n<p data-start=\"917\" data-end=\"980\">\u0645\u062b\u0627\u0644\u064a \u0644\u062a\u062d\u0636\u064a\u0631 \u0627\u0644\u0634\u0627\u064a \u0627\u0644\u0645\u063a\u0631\u0628\u064a \u0628\u0627\u0644\u0646\u0639\u0646\u0627\u0639 \u0623\u0648 \u0644\u0644\u0627\u0633\u062a\u0645\u062a\u0627\u0639 \u0628\u0647 \u0628\u0634\u0643\u0644 \u0637\u0628\u064a\u0639\u064a.<\/p>\n<h3 data-start=\"982\" data-end=\"995\">\u0627\u0644\u0645\u0645\u064a\u0632\u0627\u062a:<\/h3>\n<ul data-start=\"996\" data-end=\"1138\">\n<li data-start=\"996\" data-end=\"1024\">\n<p data-start=\"998\" data-end=\"1024\">\u0623\u0648\u0631\u0627\u0642 \u0631\u0641\u064a\u0639\u0629 \u0639\u0627\u0644\u064a\u0629 \u0627\u0644\u062c\u0648\u062f\u0629<\/p>\n<\/li>\n<li data-start=\"1025\" data-end=\"1051\">\n<p data-start=\"1027\" data-end=\"1051\">\u0646\u0643\u0647\u0629 \u0645\u062a\u0648\u0627\u0632\u0646\u0629 \u063a\u064a\u0631 \u0645\u064f\u0631\u0651\u0629<\/p>\n<\/li>\n<li data-start=\"1052\" data-end=\"1081\">\n<p data-start=\"1054\" data-end=\"1081\">\u0644\u0648\u0646 \u0623\u062e\u0636\u0631 \u0635\u0627\u0641\u064d \u0628\u0639\u062f \u0627\u0644\u062a\u062d\u0636\u064a\u0631<\/p>\n<\/li>\n<li data-start=\"1082\" data-end=\"1114\">\n<p data-start=\"1084\" data-end=\"1114\">\u0645\u0646\u0627\u0633\u0628 \u0644\u0644\u0634\u0627\u064a \u0627\u0644\u0645\u063a\u0631\u0628\u064a \u0627\u0644\u062a\u0642\u0644\u064a\u062f\u064a<\/p>\n<\/li>\n<li data-start=\"1115\" data-end=\"1138\">\n<p data-start=\"1117\" data-end=\"1138\">\u063a\u0646\u064a \u0628\u0645\u0636\u0627\u062f\u0627\u062a \u0627\u0644\u0623\u0643\u0633\u062f\u0629<\/p>\n<\/li>\n<\/ul>\n<h3 data-start=\"1140\" data-end=\"1158\">\u0637\u0631\u064a\u0642\u0629 \u0627\u0644\u062a\u062d\u0636\u064a\u0631:<\/h3>\n<ul data-start=\"1159\" data-end=\"1271\">\n<li data-start=\"1159\" data-end=\"1201\">\n<p data-start=\"1161\" data-end=\"1201\">\u064a\u064f\u063a\u0633\u0644 \u0628\u0627\u0644\u0645\u0627\u0621 \u0627\u0644\u0633\u0627\u062e\u0646 \u0623\u0648\u0644\u0627\u064b (\u063a\u0633\u0644\u0629 \u0633\u0631\u064a\u0639\u0629)<\/p>\n<\/li>\n<li data-start=\"1202\" data-end=\"1233\">\n<p data-start=\"1204\" data-end=\"1233\">\u064a\u064f\u0636\u0627\u0641 \u0645\u0627\u0621 \u0633\u0627\u062e\u0646 \u0628\u062f\u0631\u062c\u0629 80\u201390\u00b0<\/p>\n<\/li>\n<li data-start=\"1234\" data-end=\"1271\">\n<p data-start=\"1236\" data-end=\"1271\">\u064a\u064f\u062a\u0631\u0643 \u0645\u0646 3 \u0625\u0644\u0649 5 \u062f\u0642\u0627\u0626\u0642 \u062d\u0633\u0628 \u0627\u0644\u0631\u063a\u0628\u0629<\/p>\n<\/li>\n<\/ul>\n<h3 data-start=\"1273\" data-end=\"1285\">\u0627\u0644\u062a\u062e\u0632\u064a\u0646:<\/h3>\n<p data-start=\"1286\" data-end=\"1335\">\u064a\u062d\u0641\u0638 \u0641\u064a \u0645\u0643\u0627\u0646 \u062c\u0627\u0641 \u0648\u0645\u062d\u0643\u0645 \u0627\u0644\u0625\u063a\u0644\u0627\u0642 \u0628\u0639\u064a\u062f\u0627\u064b \u0639\u0646 \u0627\u0644\u0631\u0637\u0648\u0628\u0629.<\/p>\n<hr data-start=\"1337\" data-end=\"1340\" \/>\n<h2 data-start=\"1342\" data-end=\"1358\"><\/h2>\n<p data-start=\"1360\" data-end=\"1529\">Le th\u00e9 vert chinois \u00e0 feuille fine est une vari\u00e9t\u00e9 de haute qualit\u00e9, reconnue pour ses feuilles longues et d\u00e9licates, offrant une saveur \u00e9quilibr\u00e9e et un ar\u00f4me agr\u00e9able.<\/p>\n<p data-start=\"1531\" data-end=\"1618\">Parfait pour la pr\u00e9paration du th\u00e9 marocain \u00e0 la menthe ou pour une d\u00e9gustation nature.<\/p>\n<h3 data-start=\"1620\" data-end=\"1642\">Caract\u00e9ristiques :<\/h3>\n<ul data-start=\"1643\" data-end=\"1822\">\n<li data-start=\"1643\" data-end=\"1683\">\n<p data-start=\"1645\" data-end=\"1683\">Feuilles fines de qualit\u00e9 sup\u00e9rieure<\/p>\n<\/li>\n<li data-start=\"1684\" data-end=\"1712\">\n<p data-start=\"1686\" data-end=\"1712\">Go\u00fbt \u00e9quilibr\u00e9, peu amer<\/p>\n<\/li>\n<li data-start=\"1713\" data-end=\"1752\">\n<p data-start=\"1715\" data-end=\"1752\">Couleur verte claire apr\u00e8s infusion<\/p>\n<\/li>\n<li data-start=\"1753\" data-end=\"1796\">\n<p data-start=\"1755\" data-end=\"1796\">Id\u00e9al pour le th\u00e9 marocain traditionnel<\/p>\n<\/li>\n<li data-start=\"1797\" data-end=\"1822\">\n<p data-start=\"1799\" data-end=\"1822\">Riche en antioxydants<\/p>\n<\/li>\n<\/ul>\n<h3 data-start=\"1824\" data-end=\"1841\">Pr\u00e9paration :<\/h3>\n<ul data-start=\"1842\" data-end=\"1949\">\n<li data-start=\"1842\" data-end=\"1884\">\n<p data-start=\"1844\" data-end=\"1884\">Rincer rapidement avec de l\u2019eau chaude<\/p>\n<\/li>\n<li data-start=\"1885\" data-end=\"1915\">\n<p data-start=\"1887\" data-end=\"1915\">Ajouter de l\u2019eau \u00e0 80\u201390\u00b0C<\/p>\n<\/li>\n<li data-start=\"1916\" data-end=\"1949\">\n<p data-start=\"1918\" data-end=\"1949\">Laisser infuser 3 \u00e0 5 minutes<\/p>\n<\/li>\n<\/ul>\n<h3 data-start=\"1951\" data-end=\"1969\">Conservation :<\/h3>\n<p data-start=\"1970\" data-end=\"2040\">\u00c0 conserver dans un endroit sec, bien ferm\u00e9 et \u00e0 l\u2019abri de l\u2019humidit\u00e9.<\/p>","protected":false},"excerpt":{"rendered":"<p data-start=\"363\" data-end=\"512\">\u0634\u0627\u064a \u0623\u062e\u0636\u0631 \u0635\u064a\u0646\u064a \u0641\u0627\u062e\u0631 \u0645\u0646 \u0646\u0648\u0639 \u0627\u0644\u0634\u0639\u0631\u0629 \u0627\u0644\u0631\u0641\u064a\u0639\u0629\u060c \u064a\u062a\u0645\u064a\u0632 \u0628\u0623\u0648\u0631\u0627\u0642\u0647 \u0627\u0644\u062f\u0642\u064a\u0642\u0629 \u0648\u062c\u0648\u062f\u062a\u0647 \u0627\u0644\u0639\u0627\u0644\u064a\u0629\u060c \u064a\u0645\u0646\u062d \u0645\u0630\u0627\u0642\u064b\u0627 \u0645\u0646\u0639\u0634\u064b\u0627 \u0648\u0644\u0648\u0646\u064b\u0627 \u0623\u062e\u0636\u0631 \u0635\u0627\u0641\u064a\u0627\u064b \u0645\u062b\u0627\u0644\u064a\u0627\u064b \u0644\u0644\u0634\u0627\u064a \u0627\u0644\u0645\u063a\u0631\u0628\u064a \u0627\u0644\u062a\u0642\u0644\u064a\u062f\u064a.<\/p>\n<h3 data-start=\"514\" data-end=\"528\"><\/h3>\n<p data-start=\"529\" data-end=\"689\">Th\u00e9 vert chinois premium \u00e0 feuille fine, reconnu pour sa qualit\u00e9 sup\u00e9rieure et son ar\u00f4me rafra\u00eechissant. Id\u00e9al pour la pr\u00e9paration du th\u00e9 marocain traditionnel.<\/p>","protected":false},"featured_media":6424,"comment_status":"open","ping_status":"closed","template":"","meta":{"iawp_total_views":84,"_joinchat":[]},"product_brand":[],"product_cat":[59],"product_tag":[],"class_list":{"0":"post-6422","1":"product","2":"type-product","3":"status-publish","4":"has-post-thumbnail","6":"product_cat-terroir-2","8":"first","9":"instock","10":"shipping-taxable","11":"purchasable","12":"product-type-variable"},"aioseo_notices":[],"jetpack_sharing_enabled":true,"_links":{"self":[{"href":"https:\/\/oncleachour.ma\/ar\/wp-json\/wp\/v2\/product\/6422","targetHints":{"allow":["GET"]}}],"collection":[{"href":"https:\/\/oncleachour.ma\/ar\/wp-json\/wp\/v2\/product"}],"about":[{"href":"https:\/\/oncleachour.ma\/ar\/wp-json\/wp\/v2\/types\/product"}],"replies":[{"embeddable":true,"href":"https:\/\/oncleachour.ma\/ar\/wp-json\/wp\/v2\/comments?post=6422"}],"wp:featuredmedia":[{"embeddable":true,"href":"https:\/\/oncleachour.ma\/ar\/wp-json\/wp\/v2\/media\/6424"}],"wp:attachment":[{"href":"https:\/\/oncleachour.ma\/ar\/wp-json\/wp\/v2\/media?parent=6422"}],"wp:term":[{"taxonomy":"product_brand","embeddable":true,"href":"https:\/\/oncleachour.ma\/ar\/wp-json\/wp\/v2\/product_brand?post=6422"},{"taxonomy":"product_cat","embeddable":true,"href":"https:\/\/oncleachour.ma\/ar\/wp-json\/wp\/v2\/product_cat?post=6422"},{"taxonomy":"product_tag","embeddable":true,"href":"https:\/\/oncleachour.ma\/ar\/wp-json\/wp\/v2\/product_tag?post=6422"}],"curies":[{"name":"wp","href":"https:\/\/api.w.org\/{rel}","templated":true}]}}