{"id":6435,"date":"2026-02-12T17:46:06","date_gmt":"2026-02-12T17:46:06","guid":{"rendered":"https:\/\/oncleachour.ma\/?post_type=product&#038;p=6435"},"modified":"2026-02-13T09:26:14","modified_gmt":"2026-02-13T09:26:14","slug":"%d9%83%d8%b1%d8%a7%d9%86%d9%88%d9%84%d8%a7-%d9%81%d8%b1%d9%88%d9%8a-%d8%ba%d9%88%d8%ac-%d8%a8%d8%a7%d9%84%d9%81%d9%88%d8%a7%d9%83%d9%87-%d8%a7%d9%84%d9%85%d8%b4%d9%83%d9%84%d8%a9-granola-fruite-goj","status":"publish","type":"product","link":"https:\/\/oncleachour.ma\/ar\/product\/%d9%83%d8%b1%d8%a7%d9%86%d9%88%d9%84%d8%a7-%d9%81%d8%b1%d9%88%d9%8a-%d8%ba%d9%88%d8%ac-%d8%a8%d8%a7%d9%84%d9%81%d9%88%d8%a7%d9%83%d9%87-%d8%a7%d9%84%d9%85%d8%b4%d9%83%d9%84%d8%a9-granola-fruite-goj\/","title":{"rendered":"\u0643\u0631\u0627\u0646\u0648\u0644\u0627 \u0641\u0631\u0648\u064a \u063a\u0648\u062c \u0628\u0627\u0644\u0641\u0648\u0627\u0643\u0647 \u0627\u0644\u0645\u0634\u0643\u0644\u0629 &#8211;  Granola Fruit\u00e9 Goj aux Fruits Vari\u00e9s"},"content":{"rendered":"<p data-start=\"810\" data-end=\"929\">\u0643\u0631\u0627\u0646\u0648\u0644\u0627 \u0641\u0631\u0648\u064a \u063a\u0648\u062c \u062a\u062c\u0645\u0639 \u0628\u064a\u0646 \u0627\u0644\u0634\u0648\u0641\u0627\u0646 \u0627\u0644\u0645\u062d\u0645\u0635 \u0639\u0627\u0644\u064a \u0627\u0644\u062c\u0648\u062f\u0629 \u0648\u0645\u0632\u064a\u062c \u0645\u062a\u0648\u0627\u0632\u0646 \u0645\u0646 \u0627\u0644\u0641\u0648\u0627\u0643\u0647 \u0627\u0644\u0645\u062c\u0641\u0641\u0629 \u0644\u062a\u0645\u0646\u062d\u0643 \u0641\u0637\u0648\u0631\u064b\u0627 \u0635\u062d\u064a\u064b\u0627 \u063a\u0646\u064a\u064b\u0627 \u0628\u0627\u0644\u0637\u0627\u0642\u0629.<\/p>\n<p data-start=\"931\" data-end=\"944\"><strong data-start=\"931\" data-end=\"944\">\u0627\u0644\u0645\u0645\u064a\u0632\u0627\u062a:<\/strong><\/p>\n<ul data-start=\"945\" data-end=\"1040\">\n<li data-start=\"945\" data-end=\"962\">\n<p data-start=\"947\" data-end=\"962\">\u063a\u0646\u064a\u0629 \u0628\u0627\u0644\u0623\u0644\u064a\u0627\u0641<\/p>\n<\/li>\n<li data-start=\"963\" data-end=\"982\">\n<p data-start=\"965\" data-end=\"982\">\u0645\u0635\u062f\u0631 \u0637\u0627\u0642\u0629 \u0637\u0628\u064a\u0639\u064a<\/p>\n<\/li>\n<li data-start=\"983\" data-end=\"1015\">\n<p data-start=\"985\" data-end=\"1015\">\u062a\u062d\u062a\u0648\u064a \u0639\u0644\u0649 \u0641\u0648\u0627\u0643\u0647 \u0645\u062c\u0641\u0641\u0629 \u0645\u062a\u0646\u0648\u0639\u0629<\/p>\n<\/li>\n<li data-start=\"1016\" data-end=\"1040\">\n<p data-start=\"1018\" data-end=\"1040\">\u0645\u062b\u0627\u0644\u064a\u0629 \u0644\u0646\u0645\u0637 \u062d\u064a\u0627\u0629 \u0635\u062d\u064a<\/p>\n<\/li>\n<\/ul>\n<p data-start=\"1042\" data-end=\"1062\"><strong data-start=\"1042\" data-end=\"1062\">\u0637\u0631\u064a\u0642\u0629 \u0627\u0644\u0627\u0633\u062a\u0639\u0645\u0627\u0644:<\/strong><\/p>\n<ul data-start=\"1063\" data-end=\"1140\">\n<li data-start=\"1063\" data-end=\"1090\">\n<p data-start=\"1065\" data-end=\"1090\">\u0645\u0639 \u0627\u0644\u062d\u0644\u064a\u0628 \u0623\u0648 \u062d\u0644\u064a\u0628 \u0627\u0644\u0644\u0648\u0632<\/p>\n<\/li>\n<li data-start=\"1091\" data-end=\"1113\">\n<p data-start=\"1093\" data-end=\"1113\">\u0645\u0639 \u0627\u0644\u064a\u0627\u063a\u0648\u0631\u062a \u0648\u0627\u0644\u0639\u0633\u0644<\/p>\n<\/li>\n<li data-start=\"1114\" data-end=\"1140\">\n<p data-start=\"1116\" data-end=\"1140\">\u062a\u0636\u0627\u0641 \u0644\u0644\u0633\u0645\u0648\u062b\u064a \u0623\u0648 \u0627\u0644\u0633\u0644\u0637\u0629<\/p>\n<\/li>\n<\/ul>\n<p data-start=\"1142\" data-end=\"1211\"><strong data-start=\"1142\" data-end=\"1160\">\u0637\u0631\u064a\u0642\u0629 \u0627\u0644\u062a\u062e\u0632\u064a\u0646:<\/strong><br data-start=\"1160\" data-end=\"1163\" \/>\u064a\u062d\u0641\u0638 \u0641\u064a \u0645\u0643\u0627\u0646 \u062c\u0627\u0641 \u0648\u0645\u063a\u0644\u0642 \u0628\u0625\u062d\u0643\u0627\u0645 \u0628\u0639\u064a\u062f\u064b\u0627 \u0639\u0646 \u0627\u0644\u0631\u0637\u0648\u0628\u0629.<\/p>\n<hr data-start=\"1213\" data-end=\"1216\" \/>\n<h3 data-start=\"1218\" data-end=\"1235\"><\/h3>\n<p data-start=\"1236\" data-end=\"1378\">Le Granola Fruit\u00e9 Goj associe des flocons d\u2019avoine grill\u00e9s \u00e0 un m\u00e9lange \u00e9quilibr\u00e9 de fruits secs pour un petit-d\u00e9jeuner nutritif et savoureux.<\/p>\n<p data-start=\"1380\" data-end=\"1395\"><strong data-start=\"1380\" data-end=\"1395\">\u2705 \u0627\u0644\u0645\u0645\u064a\u0632\u0627\u062a :<\/strong><\/p>\n<ul data-start=\"1396\" data-end=\"1512\">\n<li data-start=\"1396\" data-end=\"1415\">\n<p data-start=\"1398\" data-end=\"1415\">Riche en fibres<\/p>\n<\/li>\n<li data-start=\"1416\" data-end=\"1446\">\n<p data-start=\"1418\" data-end=\"1446\">Source d\u2019\u00e9nergie naturelle<\/p>\n<\/li>\n<li data-start=\"1447\" data-end=\"1479\">\n<p data-start=\"1449\" data-end=\"1479\">M\u00e9lange vari\u00e9 de fruits secs<\/p>\n<\/li>\n<li data-start=\"1480\" data-end=\"1512\">\n<p data-start=\"1482\" data-end=\"1512\">Adapt\u00e9 \u00e0 un mode de vie sain<\/p>\n<\/li>\n<\/ul>\n<p data-start=\"1514\" data-end=\"1531\"><strong data-start=\"1514\" data-end=\"1531\">\u0627\u0644\u0627\u0633\u062a\u0639\u0645\u0627\u0644\u0627\u062a<\/strong><\/p>\n<ul data-start=\"1532\" data-end=\"1634\">\n<li data-start=\"1532\" data-end=\"1565\">\n<p data-start=\"1534\" data-end=\"1565\">Avec du lait ou lait d\u2019amande<\/p>\n<\/li>\n<li data-start=\"1566\" data-end=\"1595\">\n<p data-start=\"1568\" data-end=\"1595\">Avec du yaourt et du miel<\/p>\n<\/li>\n<li data-start=\"1596\" data-end=\"1634\">\n<p data-start=\"1598\" data-end=\"1634\">En topping pour smoothie ou salade<\/p>\n<\/li>\n<\/ul>\n<p data-start=\"1636\" data-end=\"1703\"><strong data-start=\"1636\" data-end=\"1654\">Conservation :<\/strong><br data-start=\"1654\" data-end=\"1657\" \/>\u00c0 conserver dans un endroit sec et bien ferm\u00e9.<\/p>\n<p>\u0627\u0644\u0645\u0643\u0648\u0646\u0627\u062a: \u0634\u0648\u0641\u0627\u0646+\u0644\u0648\u0632 \u0645\u062d\u0645\u0635+\u0628\u0646\u062f\u0642 \u0645\u062d\u0645\u0635+\u062c\u0648\u0632+\u0643\u0627\u062c\u0648 \u0645\u062d\u0645\u0635+\u0628\u0630\u0648\u0631 \u064a\u0642\u0637\u064a\u0646 \u0645\u062d\u0645\u0635+\u0628\u0630\u0648\u0631 \u0634\u064a\u0627+\u0632\u0628\u064a\u0628+\u0641\u0648\u0644 \u0633\u0648\u062f\u0627\u0646\u064a+\u0628\u0630\u0648\u0631 \u0646\u0648\u0627\u0631 \u0627\u0644\u0634\u0645\u0633+\u0628\u0630\u0648\u0631 \u0643\u062a\u0627\u0646+\u0639\u0633\u0644 \u0632\u0647\u0631 \u0627\u0644\u0628\u0631\u062a\u0642\u0627\u0644+\u0632\u064a\u062a \u0632\u064a\u062a\u0648\u0646+\u0642\u0631\u0641\u0629+\u0645\u0644\u062d+\u0645\u0633\u062d\u0648\u0642 \u0627\u0644\u0641\u0627\u0646\u064a\u0644\u0627 +\u0641\u0631\u064a\u0632+\u0643\u0648\u062c\u064a.<\/p>\n<p>&nbsp;<\/p>\n<p>Ingr\u00e9dients : Avoine + Amandes grill\u00e9es + Noisettes grill\u00e9es + Noix + Noix de cajou grill\u00e9es + Graines de courge grill\u00e9es + Graines de chia + Raisins secs + Cacahu\u00e8tes + Graines de tournesol + Graines de lin + Miel de fleur d&#8217;oranger + Huile d&#8217;olive + Cannelle + Sel + Poudre de vanille + Fraises + Koji.<\/p>","protected":false},"excerpt":{"rendered":"<p data-start=\"446\" data-end=\"585\">\u0643\u0631\u0627\u0646\u0648\u0644\u0627 \u0641\u0631\u0648\u064a \u063a\u0648\u062c \u062e\u0644\u064a\u0637 \u0645\u0642\u0631\u0645\u0634 \u0645\u0646 \u0627\u0644\u0634\u0648\u0641\u0627\u0646 \u0627\u0644\u0643\u0627\u0645\u0644 \u0645\u0639 \u0641\u0648\u0627\u0643\u0647 \u0645\u062c\u0641\u0641\u0629 \u0645\u062e\u062a\u0627\u0631\u0629 \u0628\u0639\u0646\u0627\u064a\u0629\u060c \u062a\u0645\u0646\u062d\u0643 \u0637\u0627\u0642\u0629 \u0637\u0628\u064a\u0639\u064a\u0629 \u0648\u0645\u0630\u0627\u0642 \u0641\u0627\u0643\u0647\u064a \u063a\u0646\u064a \u0645\u062b\u0627\u0644\u064a \u0644\u0641\u0637\u0648\u0631 \u0635\u062d\u064a \u0623\u0648 \u0633\u0646\u0627\u0643 \u064a\u0648\u0645\u064a.<\/p>\n<h3 data-start=\"587\" data-end=\"601\"><\/h3>\n<p data-start=\"602\" data-end=\"753\">Granola fruit\u00e9 croustillant \u00e0 base d\u2019avoine compl\u00e8te et de fruits secs soigneusement s\u00e9lectionn\u00e9s, offrant \u00e9nergie naturelle et saveur fruit\u00e9e intense.<\/p>","protected":false},"featured_media":6436,"comment_status":"open","ping_status":"closed","template":"","meta":{"iawp_total_views":130,"_joinchat":[]},"product_brand":[],"product_cat":[40],"product_tag":[],"class_list":{"0":"post-6435","1":"product","2":"type-product","3":"status-publish","4":"has-post-thumbnail","6":"product_cat-fruits-secs","8":"first","9":"instock","10":"shipping-taxable","11":"purchasable","12":"product-type-variable"},"aioseo_notices":[],"jetpack_sharing_enabled":true,"_links":{"self":[{"href":"https:\/\/oncleachour.ma\/ar\/wp-json\/wp\/v2\/product\/6435","targetHints":{"allow":["GET"]}}],"collection":[{"href":"https:\/\/oncleachour.ma\/ar\/wp-json\/wp\/v2\/product"}],"about":[{"href":"https:\/\/oncleachour.ma\/ar\/wp-json\/wp\/v2\/types\/product"}],"replies":[{"embeddable":true,"href":"https:\/\/oncleachour.ma\/ar\/wp-json\/wp\/v2\/comments?post=6435"}],"wp:featuredmedia":[{"embeddable":true,"href":"https:\/\/oncleachour.ma\/ar\/wp-json\/wp\/v2\/media\/6436"}],"wp:attachment":[{"href":"https:\/\/oncleachour.ma\/ar\/wp-json\/wp\/v2\/media?parent=6435"}],"wp:term":[{"taxonomy":"product_brand","embeddable":true,"href":"https:\/\/oncleachour.ma\/ar\/wp-json\/wp\/v2\/product_brand?post=6435"},{"taxonomy":"product_cat","embeddable":true,"href":"https:\/\/oncleachour.ma\/ar\/wp-json\/wp\/v2\/product_cat?post=6435"},{"taxonomy":"product_tag","embeddable":true,"href":"https:\/\/oncleachour.ma\/ar\/wp-json\/wp\/v2\/product_tag?post=6435"}],"curies":[{"name":"wp","href":"https:\/\/api.w.org\/{rel}","templated":true}]}}