{"id":6448,"date":"2026-02-13T09:25:23","date_gmt":"2026-02-13T09:25:23","guid":{"rendered":"https:\/\/oncleachour.ma\/?post_type=product&#038;p=6448"},"modified":"2026-02-13T09:25:23","modified_gmt":"2026-02-13T09:25:23","slug":"%d9%83%d8%b1%d8%a7%d9%86%d9%88%d9%84%d8%a7-%d8%a7%d9%83%d8%b2%d9%88%d8%aa%d9%8a%d9%83-%d8%a8%d8%a7%d9%84%d9%81%d9%88%d8%a7%d9%83%d9%87-%d8%a7%d9%84%d9%85%d8%ac%d9%81%d9%81%d8%a9-granola-exotique-aux","status":"publish","type":"product","link":"https:\/\/oncleachour.ma\/ar\/product\/%d9%83%d8%b1%d8%a7%d9%86%d9%88%d9%84%d8%a7-%d8%a7%d9%83%d8%b2%d9%88%d8%aa%d9%8a%d9%83-%d8%a8%d8%a7%d9%84%d9%81%d9%88%d8%a7%d9%83%d9%87-%d8%a7%d9%84%d9%85%d8%ac%d9%81%d9%81%d8%a9-granola-exotique-aux\/","title":{"rendered":"\u0643\u0631\u0627\u0646\u0648\u0644\u0627 \u0627\u0643\u0632\u0648\u062a\u064a\u0643 \u0628\u0627\u0644\u0641\u0648\u0627\u0643\u0647 \u0627\u0644\u0645\u062c\u0641\u0641\u0629 &#8211; Granola Exotique aux Fruits Secs"},"content":{"rendered":"<p data-start=\"695\" data-end=\"827\">\u0643\u0631\u0627\u0646\u0648\u0644\u0627 \u0627\u0643\u0632\u0648\u062a\u064a\u0643 \u0645\u0632\u064a\u062c \u0645\u062a\u0648\u0627\u0632\u0646 \u0645\u0646 \u0631\u0642\u0627\u0626\u0642 \u0627\u0644\u0634\u0648\u0641\u0627\u0646 \u0627\u0644\u0645\u062d\u0645\u0635\u0629 \u0628\u0639\u0646\u0627\u064a\u0629 \u0645\u0639 \u062a\u0634\u0643\u064a\u0644\u0629 \u0645\u0646 \u0627\u0644\u0641\u0648\u0627\u0643\u0647 \u0627\u0644\u0645\u062c\u0641\u0641\u0629 \u0627\u0644\u0627\u0633\u062a\u0648\u0627\u0626\u064a\u0629 \u0645\u062b\u0644 \u062c\u0648\u0632 \u0627\u0644\u0647\u0646\u062f\u060c \u0627\u0644\u0645\u0627\u0646\u062c\u0648\u060c \u0648\u0627\u0644\u0632\u0628\u064a\u0628.<\/p>\n<p data-start=\"829\" data-end=\"841\"><strong data-start=\"829\" data-end=\"841\">\u0627\u0644\u0645\u0632\u0627\u064a\u0627:<\/strong><\/p>\n<ul data-start=\"842\" data-end=\"929\">\n<li data-start=\"842\" data-end=\"863\">\n<p data-start=\"844\" data-end=\"863\">\u0645\u0635\u062f\u0631 \u0637\u0628\u064a\u0639\u064a \u0644\u0644\u0637\u0627\u0642\u0629<\/p>\n<\/li>\n<li data-start=\"864\" data-end=\"880\">\n<p data-start=\"866\" data-end=\"880\">\u063a\u0646\u064a \u0628\u0627\u0644\u0623\u0644\u064a\u0627\u0641<\/p>\n<\/li>\n<li data-start=\"881\" data-end=\"909\">\n<p data-start=\"883\" data-end=\"909\">\u064a\u0633\u0627\u0639\u062f \u0639\u0644\u0649 \u0627\u0644\u0625\u062d\u0633\u0627\u0633 \u0628\u0627\u0644\u0634\u0628\u0639<\/p>\n<\/li>\n<li data-start=\"910\" data-end=\"929\">\n<p data-start=\"912\" data-end=\"929\">\u0628\u062f\u0648\u0646 \u0645\u0648\u0627\u062f \u062d\u0627\u0641\u0638\u0629<\/p>\n<\/li>\n<\/ul>\n<p data-start=\"931\" data-end=\"951\"><strong data-start=\"931\" data-end=\"951\">\u0637\u0631\u064a\u0642\u0629 \u0627\u0644\u0627\u0633\u062a\u0639\u0645\u0627\u0644:<\/strong><\/p>\n<ul data-start=\"952\" data-end=\"1037\">\n<li data-start=\"952\" data-end=\"974\">\n<p data-start=\"954\" data-end=\"974\">\u0645\u0639 \u0627\u0644\u062d\u0644\u064a\u0628 \u0623\u0648 \u0627\u0644\u0644\u0628\u0646<\/p>\n<\/li>\n<li data-start=\"975\" data-end=\"1006\">\n<p data-start=\"977\" data-end=\"1006\">\u0645\u0639 \u0627\u0644\u0632\u0628\u0627\u062f\u064a \u0648\u0627\u0644\u0641\u0648\u0627\u0643\u0647 \u0627\u0644\u0637\u0627\u0632\u062c\u0629<\/p>\n<\/li>\n<li data-start=\"1007\" data-end=\"1037\">\n<p data-start=\"1009\" data-end=\"1037\">\u0643\u0625\u0636\u0627\u0641\u0629 \u0644\u0644\u0633\u0645\u0648\u062b\u064a \u0623\u0648 \u0627\u0644\u062d\u0644\u0648\u064a\u0627\u062a<\/p>\n<\/li>\n<\/ul>\n<p data-start=\"1039\" data-end=\"1107\"><strong data-start=\"1039\" data-end=\"1057\">\u0637\u0631\u064a\u0642\u0629 \u0627\u0644\u062a\u062e\u0632\u064a\u0646:<\/strong><br data-start=\"1057\" data-end=\"1060\" \/>\u064a\u062d\u0641\u0638 \u0641\u064a \u0645\u0643\u0627\u0646 \u062c\u0627\u0641 \u0648\u0628\u0627\u0631\u062f \u062f\u0627\u062e\u0644 \u0639\u0644\u0628\u0629 \u0645\u062d\u0643\u0645\u0629 \u0627\u0644\u0625\u063a\u0644\u0627\u0642.<\/p>\n<p data-start=\"1132\" data-end=\"1285\">Granola exotique pr\u00e9par\u00e9 \u00e0 base de flocons d\u2019avoine soigneusement grill\u00e9s et d\u2019un m\u00e9lange de fruits secs tropicaux tels que coco, mangue et raisins secs.<\/p>\n<p data-start=\"1287\" data-end=\"1302\"><strong data-start=\"1287\" data-end=\"1302\">\u2705 \u0627\u0644\u0645\u0645\u064a\u0632\u0627\u062a :<\/strong><\/p>\n<ul data-start=\"1303\" data-end=\"1397\">\n<li data-start=\"1303\" data-end=\"1333\">\n<p data-start=\"1305\" data-end=\"1333\">Source d\u2019\u00e9nergie naturelle<\/p>\n<\/li>\n<li data-start=\"1334\" data-end=\"1353\">\n<p data-start=\"1336\" data-end=\"1353\">Riche en fibres<\/p>\n<\/li>\n<li data-start=\"1354\" data-end=\"1374\">\n<p data-start=\"1356\" data-end=\"1374\">Effet rassasiant<\/p>\n<\/li>\n<li data-start=\"1375\" data-end=\"1397\">\n<p data-start=\"1377\" data-end=\"1397\">Sans conservateurs<\/p>\n<\/li>\n<\/ul>\n<p data-start=\"1399\" data-end=\"1416\"><strong data-start=\"1399\" data-end=\"1416\">\u0627\u0644\u0627\u0633\u062a\u0639\u0645\u0627\u0644\u0627\u062a<\/strong><\/p>\n<ul data-start=\"1417\" data-end=\"1531\">\n<li data-start=\"1417\" data-end=\"1457\">\n<p data-start=\"1419\" data-end=\"1457\">Avec du lait ou une boisson v\u00e9g\u00e9tale<\/p>\n<\/li>\n<li data-start=\"1458\" data-end=\"1496\">\n<p data-start=\"1460\" data-end=\"1496\">Avec du yaourt et des fruits frais<\/p>\n<\/li>\n<li data-start=\"1497\" data-end=\"1531\">\n<p data-start=\"1499\" data-end=\"1531\">Dans les smoothies ou desserts<\/p>\n<\/li>\n<\/ul>\n<p data-start=\"1533\" data-end=\"1625\"><strong data-start=\"1533\" data-end=\"1551\">Conservation :<\/strong><br data-start=\"1551\" data-end=\"1554\" \/>\u00c0 conserver dans un endroit frais et sec, dans un contenant herm\u00e9tique.<\/p>\n<p data-start=\"1533\" data-end=\"1625\">\u0627\u0644\u0645\u0643\u0648\u0646\u0627\u062a: \u0634\u0648\u0641\u0627\u0646+\u0644\u0648\u0632 \u0645\u062d\u0645\u0635+\u0628\u0646\u062f\u0642 \u0645\u062d\u0645\u0635+\u062c\u0648\u0632+\u0643\u0627\u062c\u0648 \u0645\u062d\u0645\u0635+\u0628\u0630\u0648\u0631 \u064a\u0642\u0637\u064a\u0646 \u0645\u062d\u0645\u0635+\u0628\u0630\u0648\u0631 \u0634\u064a\u0627+\u0632\u0628\u064a\u0628+\u0641\u0648\u0644 \u0633\u0648\u062f\u0627\u0646\u064a+\u0628\u0630\u0648\u0631 \u0646\u0648\u0627\u0631 \u0627\u0644\u0634\u0645\u0633+\u0628\u0630\u0648\u0631 \u0643\u062a\u0627\u0646+\u0639\u0633\u0644 \u0632\u0647\u0631 \u0627\u0644\u0628\u0631\u062a\u0642\u0627\u0644+\u0632\u064a\u062a \u0632\u064a\u062a\u0648\u0646+\u0642\u0631\u0641\u0629+\u0645\u0644\u062d+\u0645\u0633\u062d\u0648\u0642 \u0627\u0644\u0641\u0627\u0646\u064a\u0644\u0627 +\u0643\u064a\u0648\u064a+\u0645\u0648\u0646\u0643<\/p>\n<p data-start=\"1533\" data-end=\"1625\">Ingr\u00e9dients : Avoine + Amandes grill\u00e9es + Noisettes grill\u00e9es + Noix + Noix de cajou grill\u00e9es + Graines de courge grill\u00e9es + Graines de chia + Raisins secs + Cacahu\u00e8tes + Graines de tournesol + Graines de lin + Miel de fleur d&#8217;oranger + Huile d&#8217;olive + Cannelle + Sel + Poudre de vanille + Kiwi + Moine<\/p>","protected":false},"excerpt":{"rendered":"<p data-start=\"321\" data-end=\"454\">\u0643\u0631\u0627\u0646\u0648\u0644\u0627 \u0627\u0643\u0632\u0648\u062a\u064a\u0643 \u0645\u0632\u064a\u062c \u0641\u0627\u062e\u0631 \u0645\u0646 \u0627\u0644\u0634\u0648\u0641\u0627\u0646 \u0627\u0644\u0645\u062d\u0645\u0635 \u0648\u0627\u0644\u0641\u0648\u0627\u0643\u0647 \u0627\u0644\u0645\u062c\u0641\u0641\u0629 \u0627\u0644\u0627\u0633\u062a\u0648\u0627\u0626\u064a\u0629\u060c \u063a\u0646\u064a \u0628\u0627\u0644\u0623\u0644\u064a\u0627\u0641 \u0648\u0627\u0644\u0637\u0627\u0642\u0629\u060c \u0645\u062b\u0627\u0644\u064a \u0644\u0641\u0637\u0648\u0631 \u0635\u062d\u064a \u0623\u0648 \u0643\u0648\u062c\u0628\u0629 \u062e\u0641\u064a\u0641\u0629 \u0637\u0628\u064a\u0639\u064a\u0629.<\/p>\n<h3 data-start=\"456\" data-end=\"470\"><\/h3>\n<p data-start=\"471\" data-end=\"637\">Granola exotique compos\u00e9 d\u2019avoine grill\u00e9e et de fruits secs tropicaux, riche en fibres et en \u00e9nergie, parfait pour un petit-d\u00e9jeuner sain ou une collation \u00e9quilibr\u00e9e.<\/p>","protected":false},"featured_media":6449,"comment_status":"open","ping_status":"closed","template":"","meta":{"iawp_total_views":96,"_joinchat":[]},"product_brand":[],"product_cat":[40],"product_tag":[],"class_list":{"0":"post-6448","1":"product","2":"type-product","3":"status-publish","4":"has-post-thumbnail","6":"product_cat-fruits-secs","8":"first","9":"instock","10":"shipping-taxable","11":"purchasable","12":"product-type-variable"},"aioseo_notices":[],"jetpack_sharing_enabled":true,"_links":{"self":[{"href":"https:\/\/oncleachour.ma\/ar\/wp-json\/wp\/v2\/product\/6448","targetHints":{"allow":["GET"]}}],"collection":[{"href":"https:\/\/oncleachour.ma\/ar\/wp-json\/wp\/v2\/product"}],"about":[{"href":"https:\/\/oncleachour.ma\/ar\/wp-json\/wp\/v2\/types\/product"}],"replies":[{"embeddable":true,"href":"https:\/\/oncleachour.ma\/ar\/wp-json\/wp\/v2\/comments?post=6448"}],"wp:featuredmedia":[{"embeddable":true,"href":"https:\/\/oncleachour.ma\/ar\/wp-json\/wp\/v2\/media\/6449"}],"wp:attachment":[{"href":"https:\/\/oncleachour.ma\/ar\/wp-json\/wp\/v2\/media?parent=6448"}],"wp:term":[{"taxonomy":"product_brand","embeddable":true,"href":"https:\/\/oncleachour.ma\/ar\/wp-json\/wp\/v2\/product_brand?post=6448"},{"taxonomy":"product_cat","embeddable":true,"href":"https:\/\/oncleachour.ma\/ar\/wp-json\/wp\/v2\/product_cat?post=6448"},{"taxonomy":"product_tag","embeddable":true,"href":"https:\/\/oncleachour.ma\/ar\/wp-json\/wp\/v2\/product_tag?post=6448"}],"curies":[{"name":"wp","href":"https:\/\/api.w.org\/{rel}","templated":true}]}}