{"id":6453,"date":"2026-02-13T09:43:24","date_gmt":"2026-02-13T09:43:24","guid":{"rendered":"https:\/\/oncleachour.ma\/?post_type=product&#038;p=6453"},"modified":"2026-02-13T09:43:24","modified_gmt":"2026-02-13T09:43:24","slug":"%d9%83%d8%b1%d8%a7%d9%86%d9%88%d9%84%d8%a7-%d8%a8%d8%a7%d9%84%d8%b4%d9%88%d9%83%d9%88%d9%84%d8%a7-%d8%a7%d9%84%d8%af%d8%a7%d9%83%d9%86%d8%a9-granola-au-chocolat-noir","status":"publish","type":"product","link":"https:\/\/oncleachour.ma\/ar\/product\/%d9%83%d8%b1%d8%a7%d9%86%d9%88%d9%84%d8%a7-%d8%a8%d8%a7%d9%84%d8%b4%d9%88%d9%83%d9%88%d9%84%d8%a7-%d8%a7%d9%84%d8%af%d8%a7%d9%83%d9%86%d8%a9-granola-au-chocolat-noir\/","title":{"rendered":"\u0643\u0631\u0627\u0646\u0648\u0644\u0627 \u0628\u0627\u0644\u0634\u0648\u0643\u0648\u0644\u0627 \u0627\u0644\u062f\u0627\u0643\u0646\u0629 &#8211; Granola au Chocolat Noir"},"content":{"rendered":"<p data-start=\"688\" data-end=\"819\">\u0643\u0631\u0627\u0646\u0648\u0644\u0627 \u0628\u0627\u0644\u0634\u0648\u0643\u0648\u0644\u0627 \u062a\u062c\u0645\u0639 \u0628\u064a\u0646 \u0627\u0644\u0642\u0631\u0645\u0634\u0629 \u0627\u0644\u0637\u0628\u064a\u0639\u064a\u0629 \u0644\u0644\u0634\u0648\u0641\u0627\u0646 \u0627\u0644\u0645\u062d\u0645\u0635 \u0648\u0637\u0639\u0645 \u0627\u0644\u0634\u0648\u0643\u0648\u0644\u0627 \u0627\u0644\u062f\u0627\u0643\u0646\u0629 \u0627\u0644\u063a\u0646\u064a\u060c \u0644\u062a\u0645\u0646\u062d\u0643 \u062a\u062c\u0631\u0628\u0629 \u0641\u0637\u0648\u0631 \u0635\u062d\u064a\u0629 \u0648\u0644\u0630\u064a\u0630\u0629 \u0641\u064a \u0646\u0641\u0633 \u0627\u0644\u0648\u0642\u062a.<\/p>\n<p data-start=\"821\" data-end=\"833\"><strong data-start=\"821\" data-end=\"833\">\u0627\u0644\u0645\u0632\u0627\u064a\u0627:<\/strong><\/p>\n<ul data-start=\"834\" data-end=\"916\">\n<li data-start=\"834\" data-end=\"855\">\n<p data-start=\"836\" data-end=\"855\">\u0645\u0635\u062f\u0631 \u0637\u0628\u064a\u0639\u064a \u0644\u0644\u0637\u0627\u0642\u0629<\/p>\n<\/li>\n<li data-start=\"856\" data-end=\"872\">\n<p data-start=\"858\" data-end=\"872\">\u063a\u0646\u064a \u0628\u0627\u0644\u0623\u0644\u064a\u0627\u0641<\/p>\n<\/li>\n<li data-start=\"873\" data-end=\"896\">\n<p data-start=\"875\" data-end=\"896\">\u064a\u0645\u0646\u062d \u0625\u062d\u0633\u0627\u0633\u064b\u0627 \u0628\u0627\u0644\u0634\u0628\u0639<\/p>\n<\/li>\n<li data-start=\"897\" data-end=\"916\">\n<p data-start=\"899\" data-end=\"916\">\u0628\u062f\u0648\u0646 \u0645\u0648\u0627\u062f \u062d\u0627\u0641\u0638\u0629<\/p>\n<\/li>\n<\/ul>\n<p data-start=\"918\" data-end=\"938\"><strong data-start=\"918\" data-end=\"938\">\u0637\u0631\u064a\u0642\u0629 \u0627\u0644\u0627\u0633\u062a\u0639\u0645\u0627\u0644:<\/strong><\/p>\n<ul data-start=\"939\" data-end=\"1017\">\n<li data-start=\"939\" data-end=\"966\">\n<p data-start=\"941\" data-end=\"966\">\u0645\u0639 \u0627\u0644\u062d\u0644\u064a\u0628 \u0623\u0648 \u062d\u0644\u064a\u0628 \u0627\u0644\u0644\u0648\u0632<\/p>\n<\/li>\n<li data-start=\"967\" data-end=\"990\">\n<p data-start=\"969\" data-end=\"990\">\u0645\u0639 \u0627\u0644\u0632\u0628\u0627\u062f\u064a \u0648\u0627\u0644\u0641\u0648\u0627\u0643\u0647<\/p>\n<\/li>\n<li data-start=\"991\" data-end=\"1017\">\n<p data-start=\"993\" data-end=\"1017\">\u0643\u0625\u0636\u0627\u0641\u0629 \u0644\u0644\u062d\u0644\u0648\u064a\u0627\u062a \u0627\u0644\u0635\u062d\u064a\u0629<\/p>\n<\/li>\n<\/ul>\n<p data-start=\"1019\" data-end=\"1081\"><strong data-start=\"1019\" data-end=\"1037\">\u0637\u0631\u064a\u0642\u0629 \u0627\u0644\u062a\u062e\u0632\u064a\u0646:<\/strong><br data-start=\"1037\" data-end=\"1040\" \/>\u064a\u062d\u0641\u0638 \u0641\u064a \u0645\u0643\u0627\u0646 \u0628\u0627\u0631\u062f \u0648\u062c\u0627\u0641 \u0628\u0639\u064a\u062f\u064b\u0627 \u0639\u0646 \u0627\u0644\u0631\u0637\u0648\u0628\u0629.<\/p>\n<h3 data-start=\"1088\" data-end=\"1105\"><\/h3>\n<p data-start=\"1106\" data-end=\"1268\">Le granola au chocolat associe le croquant naturel des flocons d\u2019avoine grill\u00e9s \u00e0 l\u2019intensit\u00e9 du chocolat noir, pour un petit-d\u00e9jeuner \u00e0 la fois sain et gourmand.<\/p>\n<p data-start=\"1270\" data-end=\"1285\"><strong data-start=\"1270\" data-end=\"1285\">\u2705 \u0627\u0644\u0645\u0645\u064a\u0632\u0627\u062a :<\/strong><\/p>\n<ul data-start=\"1286\" data-end=\"1380\">\n<li data-start=\"1286\" data-end=\"1316\">\n<p data-start=\"1288\" data-end=\"1316\">Source d\u2019\u00e9nergie naturelle<\/p>\n<\/li>\n<li data-start=\"1317\" data-end=\"1336\">\n<p data-start=\"1319\" data-end=\"1336\">Riche en fibres<\/p>\n<\/li>\n<li data-start=\"1337\" data-end=\"1357\">\n<p data-start=\"1339\" data-end=\"1357\">Effet rassasiant<\/p>\n<\/li>\n<li data-start=\"1358\" data-end=\"1380\">\n<p data-start=\"1360\" data-end=\"1380\">Sans conservateurs<\/p>\n<\/li>\n<\/ul>\n<p data-start=\"1382\" data-end=\"1399\"><strong data-start=\"1382\" data-end=\"1399\">\u0627\u0644\u0627\u0633\u062a\u0639\u0645\u0627\u0644\u0627\u062a<\/strong><\/p>\n<ul data-start=\"1400\" data-end=\"1515\">\n<li data-start=\"1400\" data-end=\"1440\">\n<p data-start=\"1402\" data-end=\"1440\">Avec du lait ou une boisson v\u00e9g\u00e9tale<\/p>\n<\/li>\n<li data-start=\"1441\" data-end=\"1478\">\n<p data-start=\"1443\" data-end=\"1478\">M\u00e9lang\u00e9 \u00e0 du yaourt et des fruits<\/p>\n<\/li>\n<li data-start=\"1479\" data-end=\"1515\">\n<p data-start=\"1481\" data-end=\"1515\">Id\u00e9al pour desserts et smoothies<\/p>\n<\/li>\n<\/ul>\n<p data-start=\"1517\" data-end=\"1603\"><strong data-start=\"1517\" data-end=\"1535\">Conservation :<\/strong><br data-start=\"1535\" data-end=\"1538\" \/>\u00c0 conserver dans un endroit frais et sec, \u00e0 l\u2019abri de l\u2019humidit\u00e9.<\/p>\n<p data-start=\"1517\" data-end=\"1603\">\u0627\u0644\u0645\u0643\u0648\u0646\u0627\u062a: \u0634\u0648\u0641\u0627\u0646+\u0644\u0648\u0632 \u0645\u062d\u0645\u0635+\u0628\u0646\u062f\u0642 \u0645\u062d\u0645\u0635+\u062c\u0648\u0632+\u0643\u0627\u062c\u0648 \u0645\u062d\u0645\u0635+\u0628\u0630\u0648\u0631 \u064a\u0642\u0637\u064a\u0646 \u0645\u062d\u0645\u0635+\u0628\u0630\u0648\u0631 \u0634\u064a\u0627+\u0632\u0628\u064a\u0628+\u0641\u0648\u0644 \u0633\u0648\u062f\u0627\u0646\u064a+\u0628\u0630\u0648\u0631 \u0646\u0648\u0627\u0631 \u0627\u0644\u0634\u0645\u0633+\u0628\u0630\u0648\u0631 \u0643\u062a\u0627\u0646+\u0639\u0633\u0644 \u0632\u0647\u0631 \u0627\u0644\u0628\u0631\u062a\u0642\u0627\u0644+\u0632\u064a\u062a \u0632\u064a\u062a\u0648\u0646+\u0642\u0631\u0641\u0629+\u0645\u0644\u062d+\u0645\u0633\u062d\u0648\u0642 \u0627\u0644\u0641\u0627\u0646\u064a\u0644\u0627 +\u0634\u0648\u0643\u0648\u0644\u0627<\/p>\n<p data-start=\"1517\" data-end=\"1603\">Ingr\u00e9dients : Flocons d&#8217;avoine + Amandes grill\u00e9es + Noisettes grill\u00e9es + Noix + Noix de cajou grill\u00e9es + Graines de courge grill\u00e9es + Graines de chia + Raisins secs + Cacahu\u00e8tes + Graines de tournesol + Graines de lin + Miel de fleur d&#8217;oranger + Huile d&#8217;olive + Cannelle + Sel + Poudre de vanille + Chocolat<\/p>","protected":false},"excerpt":{"rendered":"<p data-start=\"312\" data-end=\"452\">\u0643\u0631\u0627\u0646\u0648\u0644\u0627 \u0628\u0627\u0644\u0634\u0648\u0643\u0648\u0644\u0627 \u0627\u0644\u062f\u0627\u0643\u0646\u0629 \u0645\u0632\u064a\u062c \u0634\u0647\u064a \u0645\u0646 \u0627\u0644\u0634\u0648\u0641\u0627\u0646 \u0627\u0644\u0645\u062d\u0645\u0635 \u0648\u0642\u0637\u0639 \u0627\u0644\u0634\u0648\u0643\u0648\u0644\u0627 \u0627\u0644\u063a\u0646\u064a\u0629\u060c \u062a\u0645\u0646\u062d\u0643 \u0637\u0627\u0642\u0629 \u0637\u0628\u064a\u0639\u064a\u0629 \u0648\u0645\u0630\u0627\u0642\u064b\u0627 \u0644\u0630\u064a\u0630\u064b\u0627 \u0644\u0641\u0637\u0648\u0631 \u0645\u062a\u0648\u0627\u0632\u0646 \u0623\u0648 \u0648\u062c\u0628\u0629 \u062e\u0641\u064a\u0641\u0629 \u0635\u062d\u064a\u0629.<\/p>\n<h3 data-start=\"454\" data-end=\"468\"><\/h3>\n<p data-start=\"469\" data-end=\"630\">Granola au chocolat noir compos\u00e9 d\u2019avoine grill\u00e9e et de morceaux de chocolat savoureux. Une source d\u2019\u00e9nergie id\u00e9ale pour un petit-d\u00e9jeuner gourmand et \u00e9quilibr\u00e9.<\/p>","protected":false},"featured_media":6454,"comment_status":"open","ping_status":"closed","template":"","meta":{"iawp_total_views":120,"_joinchat":[]},"product_brand":[],"product_cat":[40],"product_tag":[],"class_list":{"0":"post-6453","1":"product","2":"type-product","3":"status-publish","4":"has-post-thumbnail","6":"product_cat-fruits-secs","8":"first","9":"instock","10":"shipping-taxable","11":"purchasable","12":"product-type-variable"},"aioseo_notices":[],"jetpack_sharing_enabled":true,"_links":{"self":[{"href":"https:\/\/oncleachour.ma\/ar\/wp-json\/wp\/v2\/product\/6453","targetHints":{"allow":["GET"]}}],"collection":[{"href":"https:\/\/oncleachour.ma\/ar\/wp-json\/wp\/v2\/product"}],"about":[{"href":"https:\/\/oncleachour.ma\/ar\/wp-json\/wp\/v2\/types\/product"}],"replies":[{"embeddable":true,"href":"https:\/\/oncleachour.ma\/ar\/wp-json\/wp\/v2\/comments?post=6453"}],"wp:featuredmedia":[{"embeddable":true,"href":"https:\/\/oncleachour.ma\/ar\/wp-json\/wp\/v2\/media\/6454"}],"wp:attachment":[{"href":"https:\/\/oncleachour.ma\/ar\/wp-json\/wp\/v2\/media?parent=6453"}],"wp:term":[{"taxonomy":"product_brand","embeddable":true,"href":"https:\/\/oncleachour.ma\/ar\/wp-json\/wp\/v2\/product_brand?post=6453"},{"taxonomy":"product_cat","embeddable":true,"href":"https:\/\/oncleachour.ma\/ar\/wp-json\/wp\/v2\/product_cat?post=6453"},{"taxonomy":"product_tag","embeddable":true,"href":"https:\/\/oncleachour.ma\/ar\/wp-json\/wp\/v2\/product_tag?post=6453"}],"curies":[{"name":"wp","href":"https:\/\/api.w.org\/{rel}","templated":true}]}}