{"id":6458,"date":"2026-02-13T09:52:54","date_gmt":"2026-02-13T09:52:54","guid":{"rendered":"https:\/\/oncleachour.ma\/?post_type=product&#038;p=6458"},"modified":"2026-02-13T09:52:54","modified_gmt":"2026-02-13T09:52:54","slug":"%d9%83%d8%b1%d8%a7%d9%86%d9%88%d9%84%d8%a7-%d8%aa%d9%82%d9%84%d9%8a%d8%af%d9%8a%d8%a9-%d8%b7%d8%a8%d9%8a%d8%b9%d9%8a%d8%a9-granola-traditionnelle-naturelle","status":"publish","type":"product","link":"https:\/\/oncleachour.ma\/ar\/product\/%d9%83%d8%b1%d8%a7%d9%86%d9%88%d9%84%d8%a7-%d8%aa%d9%82%d9%84%d9%8a%d8%af%d9%8a%d8%a9-%d8%b7%d8%a8%d9%8a%d8%b9%d9%8a%d8%a9-granola-traditionnelle-naturelle\/","title":{"rendered":"\u0643\u0631\u0627\u0646\u0648\u0644\u0627 \u062a\u0642\u0644\u064a\u062f\u064a\u0629 \u0637\u0628\u064a\u0639\u064a\u0629 &#8211; Granola Traditionnelle Naturelle"},"content":{"rendered":"<p data-start=\"646\" data-end=\"785\">\u0643\u0631\u0627\u0646\u0648\u0644\u0627 \u062a\u0642\u0644\u064a\u062f\u064a\u0629 \u0637\u0628\u064a\u0639\u064a\u0629 \u062a\u062c\u0645\u0639 \u0628\u064a\u0646 \u0631\u0642\u0627\u0626\u0642 \u0627\u0644\u0634\u0648\u0641\u0627\u0646 \u0627\u0644\u0645\u062d\u0645\u0635\u0629 \u0648\u0627\u0644\u0639\u0633\u0644 \u0627\u0644\u0637\u0628\u064a\u0639\u064a \u0645\u0639 \u062a\u0634\u0643\u064a\u0644\u0629 \u0645\u062e\u062a\u0627\u0631\u0629 \u0645\u0646 \u0627\u0644\u0645\u0643\u0633\u0631\u0627\u062a\u060c \u0644\u062a\u0642\u062f\u0645 \u0644\u0643 \u0641\u0637\u0648\u0631\u064b\u0627 \u0635\u062d\u064a\u064b\u0627 \u0648\u0645\u063a\u0630\u064a\u064b\u0627 \u0628\u0637\u0639\u0645 \u0623\u0635\u064a\u0644.<\/p>\n<p data-start=\"787\" data-end=\"799\"><strong data-start=\"787\" data-end=\"799\">\u0627\u0644\u0645\u0632\u0627\u064a\u0627:<\/strong><\/p>\n<ul data-start=\"800\" data-end=\"898\">\n<li data-start=\"800\" data-end=\"821\">\n<p data-start=\"802\" data-end=\"821\">\u0645\u0635\u062f\u0631 \u063a\u0646\u064a \u0628\u0627\u0644\u0623\u0644\u064a\u0627\u0641<\/p>\n<\/li>\n<li data-start=\"822\" data-end=\"849\">\n<p data-start=\"824\" data-end=\"849\">\u0637\u0627\u0642\u0629 \u0637\u0628\u064a\u0639\u064a\u0629 \u062a\u062f\u0648\u0645 \u0637\u0648\u064a\u0644\u064b\u0627<\/p>\n<\/li>\n<li data-start=\"850\" data-end=\"878\">\n<p data-start=\"852\" data-end=\"878\">\u062a\u0633\u0627\u0639\u062f \u0639\u0644\u0649 \u0627\u0644\u0625\u062d\u0633\u0627\u0633 \u0628\u0627\u0644\u0634\u0628\u0639<\/p>\n<\/li>\n<li data-start=\"879\" data-end=\"898\">\n<p data-start=\"881\" data-end=\"898\">\u0628\u062f\u0648\u0646 \u0645\u0648\u0627\u062f \u062d\u0627\u0641\u0638\u0629<\/p>\n<\/li>\n<\/ul>\n<p data-start=\"900\" data-end=\"920\"><strong data-start=\"900\" data-end=\"920\">\u0637\u0631\u064a\u0642\u0629 \u0627\u0644\u0627\u0633\u062a\u0639\u0645\u0627\u0644:<\/strong><\/p>\n<ul data-start=\"921\" data-end=\"1007\">\n<li data-start=\"921\" data-end=\"952\">\n<p data-start=\"923\" data-end=\"952\">\u0645\u0639 \u0627\u0644\u062d\u0644\u064a\u0628 \u0623\u0648 \u0627\u0644\u062d\u0644\u064a\u0628 \u0627\u0644\u0646\u0628\u0627\u062a\u064a<\/p>\n<\/li>\n<li data-start=\"953\" data-end=\"974\">\n<p data-start=\"955\" data-end=\"974\">\u0645\u0639 \u0627\u0644\u0632\u0628\u0627\u062f\u064a \u0648\u0627\u0644\u0639\u0633\u0644<\/p>\n<\/li>\n<li data-start=\"975\" data-end=\"1007\">\n<p data-start=\"977\" data-end=\"1007\">\u0643\u0648\u062c\u0628\u0629 \u062e\u0641\u064a\u0641\u0629 \u0635\u062d\u064a\u0629 \u0628\u064a\u0646 \u0627\u0644\u0648\u062c\u0628\u0627\u062a<\/p>\n<\/li>\n<\/ul>\n<p data-start=\"1009\" data-end=\"1077\"><strong data-start=\"1009\" data-end=\"1027\">\u0637\u0631\u064a\u0642\u0629 \u0627\u0644\u062a\u062e\u0632\u064a\u0646:<\/strong><br data-start=\"1027\" data-end=\"1030\" \/>\u064a\u062d\u0641\u0638 \u0641\u064a \u0645\u0643\u0627\u0646 \u062c\u0627\u0641 \u0648\u0628\u0627\u0631\u062f \u062f\u0627\u062e\u0644 \u0639\u0644\u0628\u0629 \u0645\u062d\u0643\u0645\u0629 \u0627\u0644\u0625\u063a\u0644\u0627\u0642.<\/p>\n<p data-start=\"1102\" data-end=\"1251\">La granola traditionnelle est pr\u00e9par\u00e9e \u00e0 base de flocons d\u2019avoine grill\u00e9s, de miel naturel et d\u2019un m\u00e9lange de fruits secs soigneusement s\u00e9lectionn\u00e9s.<\/p>\n<p data-start=\"1253\" data-end=\"1268\"><strong data-start=\"1253\" data-end=\"1268\">\u2705 \u0627\u0644\u0645\u0645\u064a\u0632\u0627\u062a :<\/strong><\/p>\n<ul data-start=\"1269\" data-end=\"1361\">\n<li data-start=\"1269\" data-end=\"1288\">\n<p data-start=\"1271\" data-end=\"1288\">Riche en fibres<\/p>\n<\/li>\n<li data-start=\"1289\" data-end=\"1317\">\n<p data-start=\"1291\" data-end=\"1317\">Source d\u2019\u00e9nergie durable<\/p>\n<\/li>\n<li data-start=\"1318\" data-end=\"1338\">\n<p data-start=\"1320\" data-end=\"1338\">Effet rassasiant<\/p>\n<\/li>\n<li data-start=\"1339\" data-end=\"1361\">\n<p data-start=\"1341\" data-end=\"1361\">Sans conservateurs<\/p>\n<\/li>\n<\/ul>\n<p data-start=\"1363\" data-end=\"1380\"><strong data-start=\"1363\" data-end=\"1380\">\u0627\u0644\u0627\u0633\u062a\u0639\u0645\u0627\u0644\u0627\u062a<\/strong><\/p>\n<ul data-start=\"1381\" data-end=\"1470\">\n<li data-start=\"1381\" data-end=\"1417\">\n<p data-start=\"1383\" data-end=\"1417\">Avec du lait ou boisson v\u00e9g\u00e9tale<\/p>\n<\/li>\n<li data-start=\"1418\" data-end=\"1447\">\n<p data-start=\"1420\" data-end=\"1447\">Avec du yaourt et du miel<\/p>\n<\/li>\n<li data-start=\"1448\" data-end=\"1470\">\n<p data-start=\"1450\" data-end=\"1470\">En collation saine<\/p>\n<\/li>\n<\/ul>\n<p data-start=\"1472\" data-end=\"1564\"><strong data-start=\"1472\" data-end=\"1490\">Conservation :<\/strong><br data-start=\"1490\" data-end=\"1493\" \/>\u00c0 conserver dans un endroit sec et frais, dans un r\u00e9cipient herm\u00e9tique<\/p>\n<p data-start=\"1472\" data-end=\"1564\">\u0627\u0644\u0645\u0643\u0648\u0646\u0627\u062a: \u0634\u0648\u0641\u0627\u0646+\u0644\u0648\u0632 \u0645\u062d\u0645\u0635+\u0628\u0646\u062f\u0642 \u0645\u062d\u0645\u0635+\u062c\u0648\u0632+\u0643\u0627\u062c\u0648 \u0645\u062d\u0645\u0635+\u0628\u0630\u0648\u0631 \u064a\u0642\u0637\u064a\u0646 \u0645\u062d\u0645\u0635+\u0628\u0630\u0648\u0631 \u0634\u064a\u0627+\u0632\u0628\u064a\u0628+\u0641\u0648\u0644 \u0633\u0648\u062f\u0627\u0646\u064a+\u0628\u0630\u0648\u0631 \u0646\u0648\u0627\u0631 \u0627\u0644\u0634\u0645\u0633+\u0628\u0630\u0648\u0631 \u0643\u062a\u0627\u0646+\u0639\u0633\u0644 \u0632\u0647\u0631 \u0627\u0644\u0628\u0631\u062a\u0642\u0627\u0644+\u0632\u064a\u062a \u0632\u064a\u062a\u0648\u0646+\u0642\u0631\u0641\u0629+\u0645\u0644\u062d+\u0645\u0633\u062d\u0648\u0642 \u0627\u0644\u0641\u0627\u0646\u064a\u0644\u0627<\/p>\n<p data-start=\"1472\" data-end=\"1564\">Ingr\u00e9dients : Flocons d&#8217;avoine + Amandes grill\u00e9es + Noisettes grill\u00e9es + Noix + Noix de cajou grill\u00e9es + Graines de courge grill\u00e9es + Graines de chia + Raisins secs + Cacahu\u00e8tes + Graines de tournesol + Graines de lin + Miel de fleur d&#8217;oranger + Huile d&#8217;olive + Cannelle + Sel + Poudre de vanille<\/p>","protected":false},"excerpt":{"rendered":"<p data-start=\"317\" data-end=\"442\">\u0643\u0631\u0627\u0646\u0648\u0644\u0627 \u062a\u0642\u0644\u064a\u062f\u064a\u0629 \u0637\u0628\u064a\u0639\u064a\u0629 \u0645\u0643\u0648\u0646\u0629 \u0645\u0646 \u0627\u0644\u0634\u0648\u0641\u0627\u0646 \u0627\u0644\u0645\u062d\u0645\u0635 \u0628\u0639\u0646\u0627\u064a\u0629 \u0645\u0639 \u0627\u0644\u0639\u0633\u0644 \u0648\u0627\u0644\u0645\u0643\u0633\u0631\u0627\u062a\u060c \u062e\u064a\u0627\u0631 \u0645\u062b\u0627\u0644\u064a \u0644\u0641\u0637\u0648\u0631 \u0635\u062d\u064a \u0648\u0645\u062a\u0648\u0627\u0632\u0646 \u064a\u0645\u0646\u062d\u0643 \u0637\u0627\u0642\u0629 \u0637\u0648\u0627\u0644 \u0627\u0644\u064a\u0648\u0645.<\/p>\n<h3 data-start=\"444\" data-end=\"458\"><\/h3>\n<p data-start=\"459\" data-end=\"588\">Granola traditionnelle \u00e0 base d\u2019avoine grill\u00e9e, miel et fruits secs. Un choix parfait pour un petit-d\u00e9jeuner sain et \u00e9nerg\u00e9tique.<\/p>","protected":false},"featured_media":6459,"comment_status":"open","ping_status":"closed","template":"","meta":{"iawp_total_views":158,"_joinchat":[]},"product_brand":[],"product_cat":[40],"product_tag":[],"class_list":{"0":"post-6458","1":"product","2":"type-product","3":"status-publish","4":"has-post-thumbnail","6":"product_cat-fruits-secs","8":"first","9":"instock","10":"shipping-taxable","11":"purchasable","12":"product-type-variable"},"aioseo_notices":[],"jetpack_sharing_enabled":true,"_links":{"self":[{"href":"https:\/\/oncleachour.ma\/ar\/wp-json\/wp\/v2\/product\/6458","targetHints":{"allow":["GET"]}}],"collection":[{"href":"https:\/\/oncleachour.ma\/ar\/wp-json\/wp\/v2\/product"}],"about":[{"href":"https:\/\/oncleachour.ma\/ar\/wp-json\/wp\/v2\/types\/product"}],"replies":[{"embeddable":true,"href":"https:\/\/oncleachour.ma\/ar\/wp-json\/wp\/v2\/comments?post=6458"}],"wp:featuredmedia":[{"embeddable":true,"href":"https:\/\/oncleachour.ma\/ar\/wp-json\/wp\/v2\/media\/6459"}],"wp:attachment":[{"href":"https:\/\/oncleachour.ma\/ar\/wp-json\/wp\/v2\/media?parent=6458"}],"wp:term":[{"taxonomy":"product_brand","embeddable":true,"href":"https:\/\/oncleachour.ma\/ar\/wp-json\/wp\/v2\/product_brand?post=6458"},{"taxonomy":"product_cat","embeddable":true,"href":"https:\/\/oncleachour.ma\/ar\/wp-json\/wp\/v2\/product_cat?post=6458"},{"taxonomy":"product_tag","embeddable":true,"href":"https:\/\/oncleachour.ma\/ar\/wp-json\/wp\/v2\/product_tag?post=6458"}],"curies":[{"name":"wp","href":"https:\/\/api.w.org\/{rel}","templated":true}]}}