{"id":6467,"date":"2026-02-13T10:28:46","date_gmt":"2026-02-13T10:28:46","guid":{"rendered":"https:\/\/oncleachour.ma\/?post_type=product&#038;p=6467"},"modified":"2026-02-13T15:30:30","modified_gmt":"2026-02-13T15:30:30","slug":"%d9%83%d8%a7%d8%ac%d9%88-%d9%85%d8%ad%d9%85%d8%b5-%d8%a8%d9%86%d9%83%d9%87%d8%a9-%d8%a7%d9%84%d9%81%d8%b1%d9%85%d8%a7%d8%ac-%d8%a7%d9%84%d8%a3%d8%a8%d9%8a%d8%b6-%d9%88%d8%a7%d9%84%d8%b2%d8%b9%d8%aa","status":"publish","type":"product","link":"https:\/\/oncleachour.ma\/ar\/product\/%d9%83%d8%a7%d8%ac%d9%88-%d9%85%d8%ad%d9%85%d8%b5-%d8%a8%d9%86%d9%83%d9%87%d8%a9-%d8%a7%d9%84%d9%81%d8%b1%d9%85%d8%a7%d8%ac-%d8%a7%d9%84%d8%a3%d8%a8%d9%8a%d8%b6-%d9%88%d8%a7%d9%84%d8%b2%d8%b9%d8%aa\/","title":{"rendered":"\u0643\u0627\u062c\u0648 \u0645\u062d\u0645\u0635 \u0628\u0646\u0643\u0647\u0629 \u0627\u0644\u0641\u0631\u0645\u0627\u062c \u0627\u0644\u0623\u0628\u064a\u0636 \u0648\u0627\u0644\u0632\u0639\u062a\u0631 &#8211; Noix de Cajou Grill\u00e9es Fromage Blanc &amp; Zaatar"},"content":{"rendered":"<p data-start=\"688\" data-end=\"815\">\u0627\u0633\u062a\u0645\u062a\u0639 \u0628\u0642\u0631\u0645\u0634\u0629 \u0627\u0644\u0643\u0627\u062c\u0648 \u0627\u0644\u0645\u062d\u0645\u0635 \u0628\u0639\u0646\u0627\u064a\u0629 \u0648\u0627\u0644\u0645\u0645\u0632\u0648\u062c \u0628\u062a\u0648\u0627\u0628\u0644 \u0627\u0644\u0641\u0631\u0645\u0627\u062c \u0627\u0644\u0623\u0628\u064a\u0636 \u0648\u0627\u0644\u0632\u0639\u062a\u0631\u060c \u0645\u0632\u064a\u062c \u064a\u062c\u0645\u0639 \u0628\u064a\u0646 \u0627\u0644\u0646\u0643\u0647\u0629 \u0627\u0644\u0643\u0631\u064a\u0645\u064a\u0629 \u0648\u0644\u0645\u0633\u0629 \u0627\u0644\u0623\u0639\u0634\u0627\u0628 \u0627\u0644\u0639\u0637\u0631\u064a\u0629.<\/p>\n<p data-start=\"817\" data-end=\"829\"><strong data-start=\"817\" data-end=\"829\">\u0627\u0644\u0645\u0632\u0627\u064a\u0627:<\/strong><\/p>\n<ul data-start=\"830\" data-end=\"937\">\n<li data-start=\"830\" data-end=\"864\">\n<p data-start=\"832\" data-end=\"864\">\u063a\u0646\u064a \u0628\u0627\u0644\u0628\u0631\u0648\u062a\u064a\u0646\u0627\u062a \u0648\u0627\u0644\u062f\u0647\u0648\u0646 \u0627\u0644\u0635\u062d\u064a\u0629<\/p>\n<\/li>\n<li data-start=\"865\" data-end=\"886\">\n<p data-start=\"867\" data-end=\"886\">\u0645\u0635\u062f\u0631 \u0637\u0628\u064a\u0639\u064a \u0644\u0644\u0637\u0627\u0642\u0629<\/p>\n<\/li>\n<li data-start=\"887\" data-end=\"906\">\n<p data-start=\"889\" data-end=\"906\">\u0637\u0639\u0645 \u0645\u0645\u064a\u0632 \u0648\u0645\u062e\u062a\u0644\u0641<\/p>\n<\/li>\n<li data-start=\"907\" data-end=\"937\">\n<p data-start=\"909\" data-end=\"937\">\u0645\u0646\u0627\u0633\u0628 \u0644\u0644\u062a\u0642\u062f\u064a\u0645 \u0641\u064a \u0627\u0644\u0645\u0646\u0627\u0633\u0628\u0627\u062a<\/p>\n<\/li>\n<\/ul>\n<p data-start=\"939\" data-end=\"959\"><strong data-start=\"939\" data-end=\"959\">\u0637\u0631\u064a\u0642\u0629 \u0627\u0644\u0627\u0633\u062a\u0639\u0645\u0627\u0644:<\/strong><\/p>\n<ul data-start=\"960\" data-end=\"1035\">\n<li data-start=\"960\" data-end=\"987\">\n<p data-start=\"962\" data-end=\"987\">\u0643\u0648\u062c\u0628\u0629 \u062e\u0641\u064a\u0641\u0629 \u0628\u064a\u0646 \u0627\u0644\u0648\u062c\u0628\u0627\u062a<\/p>\n<\/li>\n<li data-start=\"988\" data-end=\"1004\">\n<p data-start=\"990\" data-end=\"1004\">\u0645\u0639 \u0627\u0644\u0645\u0634\u0631\u0648\u0628\u0627\u062a<\/p>\n<\/li>\n<li data-start=\"1005\" data-end=\"1035\">\n<p data-start=\"1007\" data-end=\"1035\">\u0636\u0645\u0646 \u0623\u0637\u0628\u0627\u0642 \u0627\u0644\u0645\u0643\u0633\u0631\u0627\u062a \u0627\u0644\u0645\u0634\u0643\u0644\u0629<\/p>\n<\/li>\n<\/ul>\n<p data-start=\"1037\" data-end=\"1124\"><strong data-start=\"1037\" data-end=\"1055\">\u0637\u0631\u064a\u0642\u0629 \u0627\u0644\u062a\u062e\u0632\u064a\u0646:<\/strong><br data-start=\"1055\" data-end=\"1058\" \/>\u064a\u062d\u0641\u0638 \u0641\u064a \u0645\u0643\u0627\u0646 \u062c\u0627\u0641 \u0648\u0628\u0627\u0631\u062f \u062f\u0627\u062e\u0644 \u0639\u0644\u0628\u0629 \u0645\u062d\u0643\u0645\u0629 \u0627\u0644\u0625\u063a\u0644\u0627\u0642 \u0644\u0644\u062d\u0641\u0627\u0638 \u0639\u0644\u0649 \u0627\u0644\u0642\u0631\u0645\u0634\u0629.<\/p>\n<h3 data-start=\"1131\" data-end=\"1148\"><\/h3>\n<p data-start=\"1149\" data-end=\"1321\">Savourez le croquant des noix de cajou grill\u00e9es d\u00e9licatement assaisonn\u00e9es au fromage blanc et au zaatar, une combinaison parfaite entre douceur cr\u00e9meuse et ar\u00f4mes d\u2019herbes.<\/p>\n<p data-start=\"1323\" data-end=\"1338\"><strong data-start=\"1323\" data-end=\"1338\">\u2705 \u0627\u0644\u0645\u0645\u064a\u0632\u0627\u062a :<\/strong><\/p>\n<ul data-start=\"1339\" data-end=\"1467\">\n<li data-start=\"1339\" data-end=\"1377\">\n<p data-start=\"1341\" data-end=\"1377\">Riche en prot\u00e9ines et bons lipides<\/p>\n<\/li>\n<li data-start=\"1378\" data-end=\"1408\">\n<p data-start=\"1380\" data-end=\"1408\">Source d\u2019\u00e9nergie naturelle<\/p>\n<\/li>\n<li data-start=\"1409\" data-end=\"1441\">\n<p data-start=\"1411\" data-end=\"1441\">Saveur originale et raffin\u00e9e<\/p>\n<\/li>\n<li data-start=\"1442\" data-end=\"1467\">\n<p data-start=\"1444\" data-end=\"1467\">Id\u00e9al pour l\u2019ap\u00e9ritif<\/p>\n<\/li>\n<\/ul>\n<p data-start=\"1469\" data-end=\"1486\"><strong data-start=\"1469\" data-end=\"1486\">\u0627\u0644\u0627\u0633\u062a\u0639\u0645\u0627\u0644\u0627\u062a<\/strong><\/p>\n<ul data-start=\"1487\" data-end=\"1560\">\n<li data-start=\"1487\" data-end=\"1503\">\n<p data-start=\"1489\" data-end=\"1503\">En collation<\/p>\n<\/li>\n<li data-start=\"1504\" data-end=\"1525\">\n<p data-start=\"1506\" data-end=\"1525\">Avec des boissons<\/p>\n<\/li>\n<li data-start=\"1526\" data-end=\"1560\">\n<p data-start=\"1528\" data-end=\"1560\">Dans un m\u00e9lange de fruits secs<\/p>\n<\/li>\n<\/ul>\n<p data-start=\"1562\" data-end=\"1681\"><strong data-start=\"1562\" data-end=\"1580\">Conservation :<\/strong><br data-start=\"1580\" data-end=\"1583\" \/>\u00c0 conserver dans un endroit frais et sec, dans un r\u00e9cipient herm\u00e9tique pour pr\u00e9server le croquant.<\/p>","protected":false},"excerpt":{"rendered":"<p data-start=\"334\" data-end=\"459\">\u0643\u0627\u062c\u0648 \u0645\u062d\u0645\u0635 \u0628\u0639\u0646\u0627\u064a\u0629 \u0648\u0645\u062a\u0628\u0644 \u0628\u0646\u0643\u0647\u0627\u062a \u0627\u0644\u0641\u0631\u0645\u0627\u062c \u0627\u0644\u0623\u0628\u064a\u0636 \u0648\u0627\u0644\u0632\u0639\u062a\u0631\u060c \u0642\u0631\u0645\u0634\u0629 \u0644\u0630\u064a\u0630\u0629 \u0628\u0637\u0639\u0645 \u0645\u0645\u064a\u0632\u060c \u0645\u062b\u0627\u0644\u064a \u0643\u0648\u062c\u0628\u0629 \u062e\u0641\u064a\u0641\u0629 \u0631\u0627\u0642\u064a\u0629 \u0623\u0648 \u0644\u062a\u0642\u062f\u064a\u0645\u0647 \u0645\u0639 \u0627\u0644\u0645\u0634\u0631\u0648\u0628\u0627\u062a.<\/p>\n<h3 data-start=\"461\" data-end=\"475\"><\/h3>\n<p data-start=\"476\" data-end=\"630\">Noix de cajou grill\u00e9es et assaisonn\u00e9es au fromage blanc et au zaatar. Une collation croustillante et savoureuse, id\u00e9ale \u00e0 l\u2019ap\u00e9ritif ou en snack gourmand.<\/p>","protected":false},"featured_media":6468,"comment_status":"open","ping_status":"closed","template":"","meta":{"iawp_total_views":14,"_joinchat":[]},"product_brand":[],"product_cat":[67],"product_tag":[],"class_list":{"0":"post-6467","1":"product","2":"type-product","3":"status-publish","4":"has-post-thumbnail","6":"product_cat-fruits-secs-grilles-avec-sel","8":"first","9":"instock","10":"shipping-taxable","11":"purchasable","12":"product-type-variable"},"aioseo_notices":[],"jetpack_sharing_enabled":true,"_links":{"self":[{"href":"https:\/\/oncleachour.ma\/ar\/wp-json\/wp\/v2\/product\/6467","targetHints":{"allow":["GET"]}}],"collection":[{"href":"https:\/\/oncleachour.ma\/ar\/wp-json\/wp\/v2\/product"}],"about":[{"href":"https:\/\/oncleachour.ma\/ar\/wp-json\/wp\/v2\/types\/product"}],"replies":[{"embeddable":true,"href":"https:\/\/oncleachour.ma\/ar\/wp-json\/wp\/v2\/comments?post=6467"}],"wp:featuredmedia":[{"embeddable":true,"href":"https:\/\/oncleachour.ma\/ar\/wp-json\/wp\/v2\/media\/6468"}],"wp:attachment":[{"href":"https:\/\/oncleachour.ma\/ar\/wp-json\/wp\/v2\/media?parent=6467"}],"wp:term":[{"taxonomy":"product_brand","embeddable":true,"href":"https:\/\/oncleachour.ma\/ar\/wp-json\/wp\/v2\/product_brand?post=6467"},{"taxonomy":"product_cat","embeddable":true,"href":"https:\/\/oncleachour.ma\/ar\/wp-json\/wp\/v2\/product_cat?post=6467"},{"taxonomy":"product_tag","embeddable":true,"href":"https:\/\/oncleachour.ma\/ar\/wp-json\/wp\/v2\/product_tag?post=6467"}],"curies":[{"name":"wp","href":"https:\/\/api.w.org\/{rel}","templated":true}]}}