{"id":6481,"date":"2026-02-13T11:12:09","date_gmt":"2026-02-13T11:12:09","guid":{"rendered":"https:\/\/oncleachour.ma\/?post_type=product&#038;p=6481"},"modified":"2026-02-13T15:31:52","modified_gmt":"2026-02-13T15:31:52","slug":"%d9%83%d8%a7%d8%ac%d9%88-%d9%85%d8%ad%d9%85%d8%b5-%d8%a8%d9%86%d9%83%d9%87%d8%a9-%d8%a7%d9%84%d8%b2%d8%b9%d8%aa%d8%b1-%d8%a7%d9%84%d8%ad%d8%a7%d8%b1-noix-de-cajou-grillees-zaatar-piquant","status":"publish","type":"product","link":"https:\/\/oncleachour.ma\/ar\/product\/%d9%83%d8%a7%d8%ac%d9%88-%d9%85%d8%ad%d9%85%d8%b5-%d8%a8%d9%86%d9%83%d9%87%d8%a9-%d8%a7%d9%84%d8%b2%d8%b9%d8%aa%d8%b1-%d8%a7%d9%84%d8%ad%d8%a7%d8%b1-noix-de-cajou-grillees-zaatar-piquant\/","title":{"rendered":"\u0643\u0627\u062c\u0648 \u0645\u062d\u0645\u0635 \u0628\u0646\u0643\u0647\u0629 \u0627\u0644\u0632\u0639\u062a\u0631 \u0627\u0644\u062d\u0627\u0631 &#8211; Noix de Cajou Grill\u00e9es Zaatar Piquant"},"content":{"rendered":"<p data-start=\"649\" data-end=\"746\">\u0643\u0627\u062c\u0648 \u0645\u062d\u0645\u0635 \u0628\u0639\u0646\u0627\u064a\u0629 \u0648\u0645\u062a\u0628\u0651\u0644 \u0628\u062a\u0648\u0627\u0628\u0644 \u0627\u0644\u0632\u0639\u062a\u0631 \u0645\u0639 \u0644\u0645\u0633\u0629 \u062d\u0627\u0631\u0629 \u062e\u0641\u064a\u0641\u0629 \u062a\u0636\u064a\u0641 \u0637\u0627\u0628\u0639\u064b\u0627 \u0645\u0645\u064a\u0632\u064b\u0627 \u0644\u0639\u0634\u0627\u0642 \u0627\u0644\u0646\u0643\u0647\u0627\u062a \u0627\u0644\u0642\u0648\u064a\u0629.<\/p>\n<p data-start=\"748\" data-end=\"760\"><strong data-start=\"748\" data-end=\"760\">\u0627\u0644\u0645\u0632\u0627\u064a\u0627:<\/strong><\/p>\n<ul data-start=\"761\" data-end=\"866\">\n<li data-start=\"761\" data-end=\"793\">\n<p data-start=\"763\" data-end=\"793\">\u063a\u0646\u064a \u0628\u0627\u0644\u0628\u0631\u0648\u062a\u064a\u0646 \u0648\u0627\u0644\u062f\u0647\u0648\u0646 \u0627\u0644\u0635\u062d\u064a\u0629<\/p>\n<\/li>\n<li data-start=\"794\" data-end=\"815\">\n<p data-start=\"796\" data-end=\"815\">\u0645\u0635\u062f\u0631 \u0637\u0628\u064a\u0639\u064a \u0644\u0644\u0637\u0627\u0642\u0629<\/p>\n<\/li>\n<li data-start=\"816\" data-end=\"837\">\n<p data-start=\"818\" data-end=\"837\">\u0646\u0643\u0647\u0629 \u062d\u0627\u0631\u0629 \u0645\u062a\u0648\u0627\u0632\u0646\u0629<\/p>\n<\/li>\n<li data-start=\"838\" data-end=\"866\">\n<p data-start=\"840\" data-end=\"866\">\u0645\u062b\u0627\u0644\u064a \u0644\u0644\u0645\u0646\u0627\u0633\u0628\u0627\u062a \u0648\u0627\u0644\u062c\u0644\u0633\u0627\u062a<\/p>\n<\/li>\n<\/ul>\n<p data-start=\"868\" data-end=\"930\"><strong data-start=\"868\" data-end=\"883\">\u062f\u0631\u062c\u0629 \u0627\u0644\u062d\u062f\u0629:<\/strong> \ud83c\udf36\ufe0f \u062e\u0641\u064a\u0641\u0629 \u0625\u0644\u0649 \u0645\u062a\u0648\u0633\u0637\u0629 (\u064a\u0645\u0643\u0646 \u062a\u0639\u062f\u064a\u0644\u0647\u0627 \u062d\u0633\u0628 \u0627\u0644\u0645\u0646\u062a\u062c)<\/p>\n<p data-start=\"932\" data-end=\"952\"><strong data-start=\"932\" data-end=\"952\">\u0637\u0631\u064a\u0642\u0629 \u0627\u0644\u0627\u0633\u062a\u0639\u0645\u0627\u0644:<\/strong><\/p>\n<ul data-start=\"953\" data-end=\"1016\">\n<li data-start=\"953\" data-end=\"968\">\n<p data-start=\"955\" data-end=\"968\">\u0643\u0648\u062c\u0628\u0629 \u062e\u0641\u064a\u0641\u0629<\/p>\n<\/li>\n<li data-start=\"969\" data-end=\"985\">\n<p data-start=\"971\" data-end=\"985\">\u0645\u0639 \u0627\u0644\u0645\u0634\u0631\u0648\u0628\u0627\u062a<\/p>\n<\/li>\n<li data-start=\"986\" data-end=\"1016\">\n<p data-start=\"988\" data-end=\"1016\">\u0636\u0645\u0646 \u0623\u0637\u0628\u0627\u0642 \u0627\u0644\u0645\u0643\u0633\u0631\u0627\u062a \u0627\u0644\u0645\u062a\u0628\u0644\u0629<\/p>\n<\/li>\n<\/ul>\n<p data-start=\"1018\" data-end=\"1086\"><strong data-start=\"1018\" data-end=\"1036\">\u0637\u0631\u064a\u0642\u0629 \u0627\u0644\u062a\u062e\u0632\u064a\u0646:<\/strong><br data-start=\"1036\" data-end=\"1039\" \/>\u064a\u062d\u0641\u0638 \u0641\u064a \u0645\u0643\u0627\u0646 \u062c\u0627\u0641 \u0648\u0628\u0627\u0631\u062f \u062f\u0627\u062e\u0644 \u0639\u0644\u0628\u0629 \u0645\u062d\u0643\u0645\u0629 \u0627\u0644\u0625\u063a\u0644\u0627\u0642.<\/p>\n<h3 data-start=\"1093\" data-end=\"1110\"><\/h3>\n<p data-start=\"1111\" data-end=\"1239\">Noix de cajou grill\u00e9es soigneusement assaisonn\u00e9es au zaatar avec une touche piquante qui apporte du caract\u00e8re et de l\u2019intensit\u00e9.<\/p>\n<p data-start=\"1241\" data-end=\"1256\"><strong data-start=\"1241\" data-end=\"1256\">\u2705 \u0627\u0644\u0645\u0645\u064a\u0632\u0627\u062a :<\/strong><\/p>\n<ul data-start=\"1257\" data-end=\"1381\">\n<li data-start=\"1257\" data-end=\"1295\">\n<p data-start=\"1259\" data-end=\"1295\">Riche en prot\u00e9ines et bons lipides<\/p>\n<\/li>\n<li data-start=\"1296\" data-end=\"1326\">\n<p data-start=\"1298\" data-end=\"1326\">Source d\u2019\u00e9nergie naturelle<\/p>\n<\/li>\n<li data-start=\"1327\" data-end=\"1355\">\n<p data-start=\"1329\" data-end=\"1355\">Saveur \u00e9pic\u00e9e \u00e9quilibr\u00e9e<\/p>\n<\/li>\n<li data-start=\"1356\" data-end=\"1381\">\n<p data-start=\"1358\" data-end=\"1381\">Id\u00e9al pour l\u2019ap\u00e9ritif<\/p>\n<\/li>\n<\/ul>\n<p data-start=\"1383\" data-end=\"1444\"><strong data-start=\"1383\" data-end=\"1406\">Niveau de piquant :<\/strong> \ud83c\udf36\ufe0f L\u00e9ger \u00e0 moyen (selon pr\u00e9paration)<\/p>\n<p data-start=\"1446\" data-end=\"1538\"><strong data-start=\"1446\" data-end=\"1464\">Conservation :<\/strong><br data-start=\"1464\" data-end=\"1467\" \/>\u00c0 conserver dans un endroit frais et sec, dans un r\u00e9cipient herm\u00e9tique.<\/p>","protected":false},"excerpt":{"rendered":"<p data-start=\"310\" data-end=\"435\">\u0643\u0627\u062c\u0648 \u0645\u062d\u0645\u0635 \u0648\u0645\u062a\u0628\u0651\u0644 \u0628\u0645\u0632\u064a\u062c \u0627\u0644\u0632\u0639\u062a\u0631 \u0648\u0644\u0645\u0633\u0629 \u062d\u0627\u0631\u0629 \u0645\u0645\u064a\u0632\u0629\u060c \u0642\u0631\u0645\u0634\u0629 \u0642\u0648\u064a\u0629 \u0628\u0637\u0639\u0645 \u0645\u062a\u0648\u0627\u0632\u0646 \u0628\u064a\u0646 \u0627\u0644\u0623\u0639\u0634\u0627\u0628 \u0648\u0627\u0644\u0646\u0643\u0647\u0629 \u0627\u0644\u062d\u0627\u0631\u0629\u060c \u0645\u062b\u0627\u0644\u064a \u0644\u0639\u0634\u0627\u0642 \u0627\u0644\u0633\u0646\u0627\u0643 \u0627\u0644\u062c\u0631\u064a\u0621.<\/p>\n<h3 data-start=\"437\" data-end=\"451\"><\/h3>\n<p data-start=\"452\" data-end=\"591\">Noix de cajou grill\u00e9es et assaisonn\u00e9es au zaatar avec une touche piquante. Une collation croustillante au go\u00fbt intense et l\u00e9g\u00e8rement \u00e9pic\u00e9.<\/p>","protected":false},"featured_media":6482,"comment_status":"open","ping_status":"closed","template":"","meta":{"iawp_total_views":27,"_joinchat":[]},"product_brand":[],"product_cat":[67],"product_tag":[],"class_list":{"0":"post-6481","1":"product","2":"type-product","3":"status-publish","4":"has-post-thumbnail","6":"product_cat-fruits-secs-grilles-avec-sel","8":"first","9":"instock","10":"shipping-taxable","11":"purchasable","12":"product-type-variable"},"aioseo_notices":[],"jetpack_sharing_enabled":true,"_links":{"self":[{"href":"https:\/\/oncleachour.ma\/ar\/wp-json\/wp\/v2\/product\/6481","targetHints":{"allow":["GET"]}}],"collection":[{"href":"https:\/\/oncleachour.ma\/ar\/wp-json\/wp\/v2\/product"}],"about":[{"href":"https:\/\/oncleachour.ma\/ar\/wp-json\/wp\/v2\/types\/product"}],"replies":[{"embeddable":true,"href":"https:\/\/oncleachour.ma\/ar\/wp-json\/wp\/v2\/comments?post=6481"}],"wp:featuredmedia":[{"embeddable":true,"href":"https:\/\/oncleachour.ma\/ar\/wp-json\/wp\/v2\/media\/6482"}],"wp:attachment":[{"href":"https:\/\/oncleachour.ma\/ar\/wp-json\/wp\/v2\/media?parent=6481"}],"wp:term":[{"taxonomy":"product_brand","embeddable":true,"href":"https:\/\/oncleachour.ma\/ar\/wp-json\/wp\/v2\/product_brand?post=6481"},{"taxonomy":"product_cat","embeddable":true,"href":"https:\/\/oncleachour.ma\/ar\/wp-json\/wp\/v2\/product_cat?post=6481"},{"taxonomy":"product_tag","embeddable":true,"href":"https:\/\/oncleachour.ma\/ar\/wp-json\/wp\/v2\/product_tag?post=6481"}],"curies":[{"name":"wp","href":"https:\/\/api.w.org\/{rel}","templated":true}]}}