{"id":6486,"date":"2026-02-13T11:34:57","date_gmt":"2026-02-13T11:34:57","guid":{"rendered":"https:\/\/oncleachour.ma\/?post_type=product&#038;p=6486"},"modified":"2026-02-13T15:32:28","modified_gmt":"2026-02-13T15:32:28","slug":"%d9%84%d9%88%d8%b2-%d9%85%d8%ad%d9%85%d8%b5-%d8%a8%d8%a7%d9%84%d8%a3%d8%b9%d8%b4%d8%a7%d8%a8-%d8%a7%d9%84%d8%b7%d8%a8%d9%8a%d8%b9%d9%8a%d8%a9-amandes-grillees-aux-herbes-naturelles","status":"publish","type":"product","link":"https:\/\/oncleachour.ma\/ar\/product\/%d9%84%d9%88%d8%b2-%d9%85%d8%ad%d9%85%d8%b5-%d8%a8%d8%a7%d9%84%d8%a3%d8%b9%d8%b4%d8%a7%d8%a8-%d8%a7%d9%84%d8%b7%d8%a8%d9%8a%d8%b9%d9%8a%d8%a9-amandes-grillees-aux-herbes-naturelles\/","title":{"rendered":"\u0644\u0648\u0632 \u0645\u062d\u0645\u0635 \u0628\u0627\u0644\u0623\u0639\u0634\u0627\u0628 \u0627\u0644\u0637\u0628\u064a\u0639\u064a\u0629 &#8211; Amandes Grill\u00e9es aux Herbes Naturelles"},"content":{"rendered":"<p data-start=\"642\" data-end=\"754\">\u0627\u0633\u062a\u0645\u062a\u0639 \u0628\u0642\u0631\u0645\u0634\u0629 \u0627\u0644\u0644\u0648\u0632 \u0627\u0644\u0645\u062d\u0645\u0635 \u0648\u0627\u0644\u0645\u0645\u0632\u0648\u062c \u0628\u062a\u0648\u0644\u064a\u0641\u0629 \u0623\u0639\u0634\u0627\u0628 \u0637\u0628\u064a\u0639\u064a\u0629 \u0639\u0637\u0631\u064a\u0629 \u062a\u0645\u0646\u062d\u0647 \u0637\u0639\u0645\u0627\u064b \u0645\u062a\u0648\u0627\u0632\u0646\u0627\u064b \u0628\u064a\u0646 \u0627\u0644\u0646\u0643\u0647\u0629 \u0627\u0644\u062e\u0641\u064a\u0641\u0629 \u0648\u0627\u0644\u0645\u0646\u0639\u0634\u0629.<\/p>\n<p data-start=\"756\" data-end=\"768\"><strong data-start=\"756\" data-end=\"768\">\u0627\u0644\u0645\u0632\u0627\u064a\u0627:<\/strong><\/p>\n<ul data-start=\"769\" data-end=\"881\">\n<li data-start=\"769\" data-end=\"795\">\n<p data-start=\"771\" data-end=\"795\">\u063a\u0646\u064a \u0628\u0627\u0644\u0628\u0631\u0648\u062a\u064a\u0646 \u0648\u0627\u0644\u0623\u0644\u064a\u0627\u0641<\/p>\n<\/li>\n<li data-start=\"796\" data-end=\"818\">\n<p data-start=\"798\" data-end=\"818\">\u0645\u0635\u062f\u0631 \u0644\u0644\u062f\u0647\u0648\u0646 \u0627\u0644\u0635\u062d\u064a\u0629<\/p>\n<\/li>\n<li data-start=\"819\" data-end=\"844\">\n<p data-start=\"821\" data-end=\"844\">\u0646\u0643\u0647\u0629 \u0637\u0628\u064a\u0639\u064a\u0629 \u063a\u064a\u0631 \u062b\u0642\u064a\u0644\u0629<\/p>\n<\/li>\n<li data-start=\"845\" data-end=\"881\">\n<p data-start=\"847\" data-end=\"881\">\u0645\u0646\u0627\u0633\u0628 \u0644\u0644\u0623\u0646\u0638\u0645\u0629 \u0627\u0644\u063a\u0630\u0627\u0626\u064a\u0629 \u0627\u0644\u0645\u062a\u0648\u0627\u0632\u0646\u0629<\/p>\n<\/li>\n<\/ul>\n<p data-start=\"883\" data-end=\"903\"><strong data-start=\"883\" data-end=\"903\">\u0637\u0631\u064a\u0642\u0629 \u0627\u0644\u0627\u0633\u062a\u0639\u0645\u0627\u0644:<\/strong><\/p>\n<ul data-start=\"904\" data-end=\"972\">\n<li data-start=\"904\" data-end=\"924\">\n<p data-start=\"906\" data-end=\"924\">\u0643\u0648\u062c\u0628\u0629 \u062e\u0641\u064a\u0641\u0629 \u0635\u062d\u064a\u0629<\/p>\n<\/li>\n<li data-start=\"925\" data-end=\"941\">\n<p data-start=\"927\" data-end=\"941\">\u0645\u0639 \u0627\u0644\u0645\u0634\u0631\u0648\u0628\u0627\u062a<\/p>\n<\/li>\n<li data-start=\"942\" data-end=\"972\">\n<p data-start=\"944\" data-end=\"972\">\u0636\u0645\u0646 \u0623\u0637\u0628\u0627\u0642 \u0627\u0644\u0645\u0643\u0633\u0631\u0627\u062a \u0627\u0644\u0645\u0634\u0643\u0644\u0629<\/p>\n<\/li>\n<\/ul>\n<p data-start=\"974\" data-end=\"1061\"><strong data-start=\"974\" data-end=\"992\">\u0637\u0631\u064a\u0642\u0629 \u0627\u0644\u062a\u062e\u0632\u064a\u0646:<\/strong><br data-start=\"992\" data-end=\"995\" \/>\u064a\u062d\u0641\u0638 \u0641\u064a \u0645\u0643\u0627\u0646 \u062c\u0627\u0641 \u0648\u0628\u0627\u0631\u062f \u062f\u0627\u062e\u0644 \u0639\u0644\u0628\u0629 \u0645\u062d\u0643\u0645\u0629 \u0627\u0644\u0625\u063a\u0644\u0627\u0642 \u0644\u0644\u062d\u0641\u0627\u0638 \u0639\u0644\u0649 \u0627\u0644\u0642\u0631\u0645\u0634\u0629.<\/p>\n<h3 data-start=\"1068\" data-end=\"1085\"><\/h3>\n<p data-start=\"1086\" data-end=\"1202\">Savourez le croquant des amandes grill\u00e9es d\u00e9licatement assaisonn\u00e9es avec un m\u00e9lange d\u2019herbes naturelles aromatiques.<\/p>\n<p data-start=\"1204\" data-end=\"1219\"><strong data-start=\"1204\" data-end=\"1219\">\u2705 \u0627\u0644\u0645\u0645\u064a\u0632\u0627\u062a :<\/strong><\/p>\n<ul data-start=\"1220\" data-end=\"1352\">\n<li data-start=\"1220\" data-end=\"1252\">\n<p data-start=\"1222\" data-end=\"1252\">Riche en prot\u00e9ines et fibres<\/p>\n<\/li>\n<li data-start=\"1253\" data-end=\"1279\">\n<p data-start=\"1255\" data-end=\"1279\">Source de bons lipides<\/p>\n<\/li>\n<li data-start=\"1280\" data-end=\"1311\">\n<p data-start=\"1282\" data-end=\"1311\">Saveur l\u00e9g\u00e8re et \u00e9quilibr\u00e9e<\/p>\n<\/li>\n<li data-start=\"1312\" data-end=\"1352\">\n<p data-start=\"1314\" data-end=\"1352\">Adapt\u00e9 \u00e0 une alimentation \u00e9quilibr\u00e9e<\/p>\n<\/li>\n<\/ul>\n<p data-start=\"1354\" data-end=\"1371\"><strong data-start=\"1354\" data-end=\"1371\">\u0627\u0644\u0627\u0633\u062a\u0639\u0645\u0627\u0644\u0627\u062a<\/strong><\/p>\n<ul data-start=\"1372\" data-end=\"1449\">\n<li data-start=\"1372\" data-end=\"1394\">\n<p data-start=\"1374\" data-end=\"1394\">En collation saine<\/p>\n<\/li>\n<li data-start=\"1395\" data-end=\"1411\">\n<p data-start=\"1397\" data-end=\"1411\">\u00c0 l\u2019ap\u00e9ritif<\/p>\n<\/li>\n<li data-start=\"1412\" data-end=\"1449\">\n<p data-start=\"1414\" data-end=\"1449\">Dans un m\u00e9lange de fruits \u00e0 coque<\/p>\n<\/li>\n<\/ul>\n<p data-start=\"1451\" data-end=\"1543\"><strong data-start=\"1451\" data-end=\"1469\">Conservation :<\/strong><br data-start=\"1469\" data-end=\"1472\" \/>\u00c0 conserver dans un endroit frais et sec, dans un r\u00e9cipient herm\u00e9tique.<\/p>","protected":false},"excerpt":{"rendered":"<p data-start=\"305\" data-end=\"428\">\u0644\u0648\u0632 \u0645\u062d\u0645\u0635 \u0628\u0639\u0646\u0627\u064a\u0629 \u0648\u0645\u062a\u0628\u0651\u0644 \u0628\u0645\u0632\u064a\u062c \u0623\u0639\u0634\u0627\u0628 \u0637\u0628\u064a\u0639\u064a\u0629 \u0639\u0637\u0631\u064a\u0629\u060c \u0642\u0631\u0645\u0634\u0629 \u0645\u0645\u064a\u0632\u0629 \u0648\u0646\u0643\u0647\u0629 \u0645\u062a\u0648\u0627\u0632\u0646\u0629\u060c \u0645\u062b\u0627\u0644\u064a \u0643\u0648\u062c\u0628\u0629 \u062e\u0641\u064a\u0641\u0629 \u0635\u062d\u064a\u0629 \u0623\u0648 \u0644\u0644\u062a\u0642\u062f\u064a\u0645 \u0641\u064a \u0627\u0644\u0645\u0646\u0627\u0633\u0628\u0627\u062a.<\/p>\n<h3 data-start=\"430\" data-end=\"444\"><\/h3>\n<p data-start=\"445\" data-end=\"584\">Amandes grill\u00e9es et assaisonn\u00e9es aux herbes naturelles. Une collation croustillante et savoureuse, id\u00e9ale pour l\u2019ap\u00e9ritif ou en snack sain.<\/p>","protected":false},"featured_media":6487,"comment_status":"open","ping_status":"closed","template":"","meta":{"iawp_total_views":9,"_joinchat":[]},"product_brand":[],"product_cat":[67],"product_tag":[],"class_list":{"0":"post-6486","1":"product","2":"type-product","3":"status-publish","4":"has-post-thumbnail","6":"product_cat-fruits-secs-grilles-avec-sel","8":"first","9":"instock","10":"shipping-taxable","11":"purchasable","12":"product-type-variable"},"aioseo_notices":[],"jetpack_sharing_enabled":true,"_links":{"self":[{"href":"https:\/\/oncleachour.ma\/ar\/wp-json\/wp\/v2\/product\/6486","targetHints":{"allow":["GET"]}}],"collection":[{"href":"https:\/\/oncleachour.ma\/ar\/wp-json\/wp\/v2\/product"}],"about":[{"href":"https:\/\/oncleachour.ma\/ar\/wp-json\/wp\/v2\/types\/product"}],"replies":[{"embeddable":true,"href":"https:\/\/oncleachour.ma\/ar\/wp-json\/wp\/v2\/comments?post=6486"}],"wp:featuredmedia":[{"embeddable":true,"href":"https:\/\/oncleachour.ma\/ar\/wp-json\/wp\/v2\/media\/6487"}],"wp:attachment":[{"href":"https:\/\/oncleachour.ma\/ar\/wp-json\/wp\/v2\/media?parent=6486"}],"wp:term":[{"taxonomy":"product_brand","embeddable":true,"href":"https:\/\/oncleachour.ma\/ar\/wp-json\/wp\/v2\/product_brand?post=6486"},{"taxonomy":"product_cat","embeddable":true,"href":"https:\/\/oncleachour.ma\/ar\/wp-json\/wp\/v2\/product_cat?post=6486"},{"taxonomy":"product_tag","embeddable":true,"href":"https:\/\/oncleachour.ma\/ar\/wp-json\/wp\/v2\/product_tag?post=6486"}],"curies":[{"name":"wp","href":"https:\/\/api.w.org\/{rel}","templated":true}]}}