{"id":6496,"date":"2026-02-13T11:55:29","date_gmt":"2026-02-13T11:55:29","guid":{"rendered":"https:\/\/oncleachour.ma\/?post_type=product&#038;p=6496"},"modified":"2026-02-13T15:33:41","modified_gmt":"2026-02-13T15:33:41","slug":"%d9%84%d9%88%d8%b2-%d9%85%d8%aa%d8%a8%d9%84-%d8%a8%d8%a7%d9%84%d9%83%d9%8a%d8%aa%d8%b4%d9%88%d8%a8-%d9%88%d8%a7%d9%84%d8%b2%d8%b9%d8%aa%d8%b1-amandes-assaisonnees-ketchup-zaatar","status":"publish","type":"product","link":"https:\/\/oncleachour.ma\/ar\/product\/%d9%84%d9%88%d8%b2-%d9%85%d8%aa%d8%a8%d9%84-%d8%a8%d8%a7%d9%84%d9%83%d9%8a%d8%aa%d8%b4%d9%88%d8%a8-%d9%88%d8%a7%d9%84%d8%b2%d8%b9%d8%aa%d8%b1-amandes-assaisonnees-ketchup-zaatar\/","title":{"rendered":"\u0644\u0648\u0632 \u0645\u062a\u0628\u0644 \u0628\u0627\u0644\u0643\u064a\u062a\u0634\u0648\u0628 \u0648\u0627\u0644\u0632\u0639\u062a\u0631 &#8211; Amandes Assaisonn\u00e9es Ketchup &amp; Zaatar"},"content":{"rendered":"<p data-start=\"681\" data-end=\"835\">\u0627\u0633\u062a\u0645\u062a\u0639 \u0628\u0627\u0644\u0644\u0648\u0632 \u0627\u0644\u0645\u062d\u0645\u0635 \u0648\u0627\u0644\u0645\u0642\u0631\u0645\u0634\u060c \u0627\u0644\u0645\u0645\u0632\u0648\u062c \u0628\u062a\u062a\u0628\u064a\u0644\u0629 \u0627\u0644\u0643\u064a\u062a\u0634\u0648\u0628 \u0627\u0644\u063a\u0646\u064a\u0629 \u0648\u0644\u0645\u0633\u0629 \u0627\u0644\u0632\u0639\u062a\u0631 \u0627\u0644\u0639\u0637\u0631\u064a\u060c \u0645\u0646\u062a\u062c \u0645\u0628\u062a\u0643\u0631 \u064a\u062c\u0645\u0639 \u0628\u064a\u0646 \u0627\u0644\u0646\u0643\u0647\u0627\u062a \u0627\u0644\u0643\u0644\u0627\u0633\u064a\u0643\u064a\u0629 \u0648\u0627\u0644\u0645\u0645\u064a\u0632\u0629 \u0644\u0639\u0634\u0627\u0642 \u0627\u0644\u062a\u062c\u0631\u0628\u0629 \u0627\u0644\u062c\u062f\u064a\u062f\u0629.<\/p>\n<p data-start=\"837\" data-end=\"849\"><strong data-start=\"837\" data-end=\"849\">\u0627\u0644\u0645\u0632\u0627\u064a\u0627:<\/strong><\/p>\n<ul data-start=\"850\" data-end=\"957\">\n<li data-start=\"850\" data-end=\"872\">\n<p data-start=\"852\" data-end=\"872\">\u0646\u0643\u0647\u0629 \u0645\u0628\u062a\u0643\u0631\u0629 \u0648\u0641\u0631\u064a\u062f\u0629<\/p>\n<\/li>\n<li data-start=\"873\" data-end=\"905\">\n<p data-start=\"875\" data-end=\"905\">\u063a\u0646\u064a \u0628\u0627\u0644\u0628\u0631\u0648\u062a\u064a\u0646 \u0648\u0627\u0644\u062f\u0647\u0648\u0646 \u0627\u0644\u0635\u062d\u064a\u0629<\/p>\n<\/li>\n<li data-start=\"906\" data-end=\"935\">\n<p data-start=\"908\" data-end=\"935\">\u0645\u0646\u0627\u0633\u0628 \u0643\u0633\u0646\u0627\u0643 \u0623\u0648 \u0648\u062c\u0628\u0629 \u062e\u0641\u064a\u0641\u0629<\/p>\n<\/li>\n<li data-start=\"936\" data-end=\"957\">\n<p data-start=\"938\" data-end=\"957\">\u0642\u0631\u0645\u0634\u0629 \u062a\u062f\u0648\u0645 \u0637\u0648\u064a\u0644\u0627\u064b<\/p>\n<\/li>\n<\/ul>\n<p data-start=\"959\" data-end=\"979\"><strong data-start=\"959\" data-end=\"979\">\u0637\u0631\u064a\u0642\u0629 \u0627\u0644\u0627\u0633\u062a\u0639\u0645\u0627\u0644:<\/strong><\/p>\n<ul data-start=\"980\" data-end=\"1066\">\n<li data-start=\"980\" data-end=\"1007\">\n<p data-start=\"982\" data-end=\"1007\">\u0643\u0648\u062c\u0628\u0629 \u062e\u0641\u064a\u0641\u0629 \u0628\u064a\u0646 \u0627\u0644\u0648\u062c\u0628\u0627\u062a<\/p>\n<\/li>\n<li data-start=\"1008\" data-end=\"1035\">\n<p data-start=\"1010\" data-end=\"1035\">\u0645\u0639 \u0627\u0644\u0645\u0634\u0631\u0648\u0628\u0627\u062a \u0623\u0648 \u0627\u0644\u0639\u0635\u0627\u0626\u0631<\/p>\n<\/li>\n<li data-start=\"1036\" data-end=\"1066\">\n<p data-start=\"1038\" data-end=\"1066\">\u0636\u0645\u0646 \u0623\u0637\u0628\u0627\u0642 \u0627\u0644\u0645\u0643\u0633\u0631\u0627\u062a \u0627\u0644\u0645\u0634\u0643\u0644\u0629<\/p>\n<\/li>\n<\/ul>\n<p data-start=\"1068\" data-end=\"1162\"><strong data-start=\"1068\" data-end=\"1086\">\u0637\u0631\u064a\u0642\u0629 \u0627\u0644\u062a\u062e\u0632\u064a\u0646:<\/strong><br data-start=\"1086\" data-end=\"1089\" \/>\u064a\u062d\u0641\u0638 \u0641\u064a \u0645\u0643\u0627\u0646 \u062c\u0627\u0641 \u0648\u0628\u0627\u0631\u062f \u062f\u0627\u062e\u0644 \u0639\u0644\u0628\u0629 \u0645\u062d\u0643\u0645\u0629 \u0627\u0644\u0625\u063a\u0644\u0627\u0642 \u0644\u0644\u062d\u0641\u0627\u0638 \u0639\u0644\u0649 \u0627\u0644\u0637\u0639\u0645 \u0648\u0627\u0644\u0642\u0631\u0645\u0634\u0629.<\/p>\n<h3 data-start=\"1169\" data-end=\"1186\"><\/h3>\n<p data-start=\"1187\" data-end=\"1359\">Savourez les amandes grill\u00e9es et croustillantes assaisonn\u00e9es avec un m\u00e9lange original de ketchup et zaatar. Une combinaison parfaite pour les amateurs de saveurs nouvelles.<\/p>\n<p data-start=\"1361\" data-end=\"1376\"><strong data-start=\"1361\" data-end=\"1376\">\u2705 \u0627\u0644\u0645\u0645\u064a\u0632\u0627\u062a :<\/strong><\/p>\n<ul data-start=\"1377\" data-end=\"1502\">\n<li data-start=\"1377\" data-end=\"1407\">\n<p data-start=\"1379\" data-end=\"1407\">Saveur innovante et unique<\/p>\n<\/li>\n<li data-start=\"1408\" data-end=\"1446\">\n<p data-start=\"1410\" data-end=\"1446\">Riche en prot\u00e9ines et bons lipides<\/p>\n<\/li>\n<li data-start=\"1447\" data-end=\"1481\">\n<p data-start=\"1449\" data-end=\"1481\">Id\u00e9al comme snack ou collation<\/p>\n<\/li>\n<li data-start=\"1482\" data-end=\"1502\">\n<p data-start=\"1484\" data-end=\"1502\">Croquant durable<\/p>\n<\/li>\n<\/ul>\n<p data-start=\"1504\" data-end=\"1521\"><strong data-start=\"1504\" data-end=\"1521\">\u0627\u0644\u0627\u0633\u062a\u0639\u0645\u0627\u0644\u0627\u062a<\/strong><\/p>\n<ul data-start=\"1522\" data-end=\"1621\">\n<li data-start=\"1522\" data-end=\"1554\">\n<p data-start=\"1524\" data-end=\"1554\">En collation entre les repas<\/p>\n<\/li>\n<li data-start=\"1555\" data-end=\"1583\">\n<p data-start=\"1557\" data-end=\"1583\">Avec des boissons ou jus<\/p>\n<\/li>\n<li data-start=\"1584\" data-end=\"1621\">\n<p data-start=\"1586\" data-end=\"1621\">Dans un m\u00e9lange de fruits \u00e0 coque<\/p>\n<\/li>\n<\/ul>\n<p data-start=\"1623\" data-end=\"1715\"><strong data-start=\"1623\" data-end=\"1641\">Conservation :<\/strong><br data-start=\"1641\" data-end=\"1644\" \/>\u00c0 conserver dans un endroit sec et frais, dans un r\u00e9cipient herm\u00e9tique.<\/p>","protected":false},"excerpt":{"rendered":"<p data-start=\"338\" data-end=\"460\">\u0644\u0648\u0632 \u0645\u062d\u0645\u0635 \u0648\u0645\u062a\u0628\u0651\u0644 \u0628\u0645\u0632\u064a\u062c \u0627\u0644\u0643\u064a\u062a\u0634\u0648\u0628 \u0627\u0644\u0645\u0645\u064a\u0632 \u0648\u0627\u0644\u0632\u0639\u062a\u0631 \u0627\u0644\u0639\u0637\u0631\u064a\u060c \u0637\u0639\u0645 \u062c\u062f\u064a\u062f \u0648\u0644\u0630\u064a\u0630 \u064a\u062c\u0645\u0639 \u0628\u064a\u0646 \u0627\u0644\u062d\u0645\u0648\u0636\u0629 \u0627\u0644\u062d\u0644\u0648\u0629 \u0644\u0644\u0646\u0643\u0629 \u0627\u0644\u0643\u064a\u062a\u0634\u0648\u0628 \u0648\u0639\u0628\u064a\u0631 \u0627\u0644\u0623\u0639\u0634\u0627\u0628.<\/p>\n<h3 data-start=\"462\" data-end=\"476\"><\/h3>\n<p data-start=\"477\" data-end=\"623\">Amandes grill\u00e9es et assaisonn\u00e9es avec une combinaison originale de ketchup et zaatar. Une saveur unique entre douceur acidul\u00e9e et ar\u00f4mes d\u2019herbes.<\/p>","protected":false},"featured_media":6497,"comment_status":"open","ping_status":"closed","template":"","meta":{"iawp_total_views":4,"_joinchat":[]},"product_brand":[],"product_cat":[67],"product_tag":[],"class_list":{"0":"post-6496","1":"product","2":"type-product","3":"status-publish","4":"has-post-thumbnail","6":"product_cat-fruits-secs-grilles-avec-sel","8":"first","9":"instock","10":"shipping-taxable","11":"purchasable","12":"product-type-variable"},"aioseo_notices":[],"jetpack_sharing_enabled":true,"_links":{"self":[{"href":"https:\/\/oncleachour.ma\/ar\/wp-json\/wp\/v2\/product\/6496","targetHints":{"allow":["GET"]}}],"collection":[{"href":"https:\/\/oncleachour.ma\/ar\/wp-json\/wp\/v2\/product"}],"about":[{"href":"https:\/\/oncleachour.ma\/ar\/wp-json\/wp\/v2\/types\/product"}],"replies":[{"embeddable":true,"href":"https:\/\/oncleachour.ma\/ar\/wp-json\/wp\/v2\/comments?post=6496"}],"wp:featuredmedia":[{"embeddable":true,"href":"https:\/\/oncleachour.ma\/ar\/wp-json\/wp\/v2\/media\/6497"}],"wp:attachment":[{"href":"https:\/\/oncleachour.ma\/ar\/wp-json\/wp\/v2\/media?parent=6496"}],"wp:term":[{"taxonomy":"product_brand","embeddable":true,"href":"https:\/\/oncleachour.ma\/ar\/wp-json\/wp\/v2\/product_brand?post=6496"},{"taxonomy":"product_cat","embeddable":true,"href":"https:\/\/oncleachour.ma\/ar\/wp-json\/wp\/v2\/product_cat?post=6496"},{"taxonomy":"product_tag","embeddable":true,"href":"https:\/\/oncleachour.ma\/ar\/wp-json\/wp\/v2\/product_tag?post=6496"}],"curies":[{"name":"wp","href":"https:\/\/api.w.org\/{rel}","templated":true}]}}