{"id":6525,"date":"2026-02-13T16:45:58","date_gmt":"2026-02-13T16:45:58","guid":{"rendered":"https:\/\/oncleachour.ma\/?post_type=product&#038;p=6525"},"modified":"2026-02-13T16:45:58","modified_gmt":"2026-02-13T16:45:58","slug":"%d8%af%d8%b4%d9%8a%d8%b4%d8%a9-%d8%a8%d8%a7%d9%84%d8%a3%d8%b9%d8%b4%d8%a7%d8%a8-%d8%a7%d9%84%d8%b7%d8%a8%d9%8a%d8%b9%d9%8a%d8%a9-dchicha-aux-herbes-naturelles","status":"publish","type":"product","link":"https:\/\/oncleachour.ma\/ar\/product\/%d8%af%d8%b4%d9%8a%d8%b4%d8%a9-%d8%a8%d8%a7%d9%84%d8%a3%d8%b9%d8%b4%d8%a7%d8%a8-%d8%a7%d9%84%d8%b7%d8%a8%d9%8a%d8%b9%d9%8a%d8%a9-dchicha-aux-herbes-naturelles\/","title":{"rendered":"\u062f\u0634\u064a\u0634\u0629 \u0628\u0627\u0644\u0623\u0639\u0634\u0627\u0628 \u0627\u0644\u0637\u0628\u064a\u0639\u064a\u0629 &#8211; Dchicha aux Herbes Naturelles"},"content":{"rendered":"<p data-start=\"716\" data-end=\"848\">\u062f\u0634\u064a\u0634\u0629 \u0628\u0627\u0644\u0623\u0639\u0634\u0627\u0628 \u0645\u0646\u062a\u062c \u062a\u0642\u0644\u064a\u062f\u064a \u0645\u0633\u062a\u0648\u062d\u0649 \u0645\u0646 \u0627\u0644\u0645\u0637\u0628\u062e \u0627\u0644\u0645\u063a\u0631\u0628\u064a \u0627\u0644\u0623\u0635\u064a\u0644\u060c \u064a\u062c\u0645\u0639 \u0628\u064a\u0646 \u0627\u0644\u0642\u0645\u062d \u0627\u0644\u0645\u062c\u0631\u0648\u0634 \u0648\u0623\u0639\u0634\u0627\u0628 \u0637\u0628\u064a\u0639\u064a\u0629 \u062a\u0636\u064a\u0641 \u0646\u0643\u0647\u0629 \u063a\u0646\u064a\u0629 \u0648\u0641\u0648\u0627\u0626\u062f \u063a\u0630\u0627\u0626\u064a\u0629 \u0645\u0645\u064a\u0632\u0629.<\/p>\n<p data-start=\"850\" data-end=\"951\"><strong data-start=\"850\" data-end=\"863\">\u0627\u0644\u0645\u0643\u0648\u0646\u0627\u062a:<\/strong><br data-start=\"863\" data-end=\"866\" \/>\u0642\u0645\u062d \u0645\u062c\u0631\u0648\u0634 + \u0623\u0639\u0634\u0627\u0628 \u0637\u0628\u064a\u0639\u064a\u0629 (\u0642\u062f \u062a\u0634\u0645\u0644 \u0627\u0644\u0632\u0639\u062a\u0631\u060c \u0627\u0644\u0634\u064a\u0628\u0629\u060c \u0627\u0644\u062d\u0644\u0628\u0629 \u0623\u0648 \u0623\u0639\u0634\u0627\u0628 \u0645\u0648\u0633\u0645\u064a\u0629 \u062d\u0633\u0628 \u0627\u0644\u062e\u0644\u0637\u0629).<\/p>\n<p data-start=\"953\" data-end=\"968\"><strong data-start=\"953\" data-end=\"966\">\u0627\u0644\u0645\u0645\u064a\u0632\u0627\u062a:<\/strong><\/p>\n<ul data-start=\"969\" data-end=\"1061\">\n<li data-start=\"969\" data-end=\"991\">\n<p data-start=\"971\" data-end=\"991\">\u0648\u0635\u0641\u0629 \u062a\u0642\u0644\u064a\u062f\u064a\u0629 \u0645\u063a\u0630\u064a\u0629<\/p>\n<\/li>\n<li data-start=\"992\" data-end=\"1009\">\n<p data-start=\"994\" data-end=\"1009\">\u063a\u0646\u064a\u0629 \u0628\u0627\u0644\u0623\u0644\u064a\u0627\u0641<\/p>\n<\/li>\n<li data-start=\"1010\" data-end=\"1038\">\n<p data-start=\"1012\" data-end=\"1038\">\u062a\u0633\u0627\u0639\u062f \u0639\u0644\u0649 \u0627\u0644\u0625\u062d\u0633\u0627\u0633 \u0628\u0627\u0644\u0634\u0628\u0639<\/p>\n<\/li>\n<li data-start=\"1039\" data-end=\"1061\">\n<p data-start=\"1041\" data-end=\"1061\">\u0645\u062b\u0627\u0644\u064a\u0629 \u0644\u0641\u0635\u0644 \u0627\u0644\u0634\u062a\u0627\u0621<\/p>\n<\/li>\n<\/ul>\n<p data-start=\"1063\" data-end=\"1083\"><strong data-start=\"1063\" data-end=\"1081\">\u0637\u0631\u064a\u0642\u0629 \u0627\u0644\u062a\u062d\u0636\u064a\u0631:<\/strong><\/p>\n<ol data-start=\"1084\" data-end=\"1194\">\n<li data-start=\"1084\" data-end=\"1109\">\n<p data-start=\"1087\" data-end=\"1109\">\u062a\u064f\u063a\u0633\u0644 \u0627\u0644\u062f\u0634\u064a\u0634\u0629 \u062c\u064a\u062f\u0627\u064b.<\/p>\n<\/li>\n<li data-start=\"1110\" data-end=\"1154\">\n<p data-start=\"1113\" data-end=\"1154\">\u062a\u064f\u0637\u0647\u0649 \u0641\u064a \u0627\u0644\u0645\u0627\u0621 \u0645\u0639 \u0642\u0644\u064a\u0644 \u0645\u0646 \u0627\u0644\u0632\u064a\u062a \u0648\u0627\u0644\u0645\u0644\u062d.<\/p>\n<\/li>\n<li data-start=\"1155\" data-end=\"1194\">\n<p data-start=\"1158\" data-end=\"1194\">\u064a\u0645\u0643\u0646 \u0625\u0636\u0627\u0641\u0629 \u062e\u0636\u0627\u0631 \u0623\u0648 \u0644\u062d\u0645 \u062d\u0633\u0628 \u0627\u0644\u0631\u063a\u0628\u0629.<\/p>\n<\/li>\n<\/ol>\n<p data-start=\"1196\" data-end=\"1261\"><strong data-start=\"1196\" data-end=\"1214\">\u0637\u0631\u064a\u0642\u0629 \u0627\u0644\u062a\u062e\u0632\u064a\u0646:<\/strong><br data-start=\"1214\" data-end=\"1217\" \/>\u064a\u062d\u0641\u0638 \u0641\u064a \u0645\u0643\u0627\u0646 \u062c\u0627\u0641 \u0628\u0639\u064a\u062f\u0627\u064b \u0639\u0646 \u0627\u0644\u0631\u0637\u0648\u0628\u0629 \u0648\u0627\u0644\u062d\u0631\u0627\u0631\u0629.<\/p>\n<p data-start=\"1287\" data-end=\"1451\">La Dchicha aux herbes est un produit traditionnel inspir\u00e9 de la cuisine marocaine, combinant bl\u00e9 concass\u00e9 et herbes naturelles pour une saveur riche et authentique.<\/p>\n<p data-start=\"1453\" data-end=\"1566\"><strong data-start=\"1453\" data-end=\"1470\">Ingr\u00e9dients :<\/strong><br data-start=\"1470\" data-end=\"1473\" \/>Bl\u00e9 concass\u00e9 + herbes naturelles (thym, armoise, fenugrec ou autres herbes selon le m\u00e9lange).<\/p>\n<p data-start=\"1568\" data-end=\"1585\"><strong data-start=\"1568\" data-end=\"1583\">\u2705 \u0627\u0644\u0645\u0645\u064a\u0632\u0627\u062a :<\/strong><\/p>\n<ul data-start=\"1586\" data-end=\"1681\">\n<li data-start=\"1586\" data-end=\"1622\">\n<p data-start=\"1588\" data-end=\"1622\">Recette traditionnelle nutritive<\/p>\n<\/li>\n<li data-start=\"1623\" data-end=\"1642\">\n<p data-start=\"1625\" data-end=\"1642\">Riche en fibres<\/p>\n<\/li>\n<li data-start=\"1643\" data-end=\"1662\">\n<p data-start=\"1645\" data-end=\"1662\">Apporte sati\u00e9t\u00e9<\/p>\n<\/li>\n<li data-start=\"1663\" data-end=\"1681\">\n<p data-start=\"1665\" data-end=\"1681\">Id\u00e9al en hiver<\/p>\n<\/li>\n<\/ul>\n<p data-start=\"1683\" data-end=\"1702\"><strong data-start=\"1683\" data-end=\"1700\">Pr\u00e9paration :<\/strong><\/p>\n<ol data-start=\"1703\" data-end=\"1828\">\n<li data-start=\"1703\" data-end=\"1726\">\n<p data-start=\"1706\" data-end=\"1726\">Rincer le m\u00e9lange.<\/p>\n<\/li>\n<li data-start=\"1727\" data-end=\"1779\">\n<p data-start=\"1730\" data-end=\"1779\">Cuire dans l\u2019eau avec un peu d\u2019huile et du sel.<\/p>\n<\/li>\n<li data-start=\"1780\" data-end=\"1828\">\n<p data-start=\"1783\" data-end=\"1828\">Ajouter l\u00e9gumes ou viande selon pr\u00e9f\u00e9rence.<\/p>\n<\/li>\n<\/ol>\n<p data-start=\"1830\" data-end=\"1907\"><strong data-start=\"1830\" data-end=\"1848\">Conservation :<\/strong><br data-start=\"1848\" data-end=\"1851\" \/>\u00c0 conserver dans un endroit sec, \u00e0 l\u2019abri de l\u2019humidit\u00e9.<\/p>","protected":false},"excerpt":{"rendered":"<p data-start=\"308\" data-end=\"453\">\u062f\u0634\u064a\u0634\u0629 \u0628\u0627\u0644\u0623\u0639\u0634\u0627\u0628 \u062e\u0644\u064a\u0637 \u062a\u0642\u0644\u064a\u062f\u064a \u0645\u063a\u0631\u0628\u064a \u064a\u062c\u0645\u0639 \u0628\u064a\u0646 \u0627\u0644\u0642\u0645\u062d \u0627\u0644\u0645\u062c\u0631\u0648\u0634 \u0648\u0623\u0639\u0634\u0627\u0628 \u0637\u0628\u064a\u0639\u064a\u0629 \u0645\u062e\u062a\u0627\u0631\u0629\u060c \u0645\u062b\u0627\u0644\u064a\u0629 \u0644\u062a\u062d\u0636\u064a\u0631 \u062d\u0633\u0627\u0621 \u0645\u063a\u0630\u064a \u0628\u0646\u0643\u0647\u0629 \u0639\u0637\u0631\u064a\u0629 \u0645\u0645\u064a\u0632\u0629\u060c \u0633\u0647\u0644 \u0627\u0644\u062a\u062d\u0636\u064a\u0631 \u0648\u0645\u0641\u064a\u062f \u0644\u0644\u062c\u0633\u0645.<\/p>\n<h3 data-start=\"455\" data-end=\"469\"><\/h3>\n<p data-start=\"470\" data-end=\"657\">La Dchicha aux herbes est un m\u00e9lange traditionnel marocain \u00e0 base de bl\u00e9 concass\u00e9 et d\u2019herbes naturelles s\u00e9lectionn\u00e9es. Id\u00e9ale pour pr\u00e9parer une soupe nutritive au go\u00fbt aromatique unique.<\/p>","protected":false},"featured_media":6526,"comment_status":"open","ping_status":"closed","template":"","meta":{"iawp_total_views":32,"_joinchat":[]},"product_brand":[],"product_cat":[59],"product_tag":[],"class_list":{"0":"post-6525","1":"product","2":"type-product","3":"status-publish","4":"has-post-thumbnail","6":"product_cat-terroir-2","8":"first","9":"instock","10":"shipping-taxable","11":"purchasable","12":"product-type-variable"},"aioseo_notices":[],"jetpack_sharing_enabled":true,"_links":{"self":[{"href":"https:\/\/oncleachour.ma\/ar\/wp-json\/wp\/v2\/product\/6525","targetHints":{"allow":["GET"]}}],"collection":[{"href":"https:\/\/oncleachour.ma\/ar\/wp-json\/wp\/v2\/product"}],"about":[{"href":"https:\/\/oncleachour.ma\/ar\/wp-json\/wp\/v2\/types\/product"}],"replies":[{"embeddable":true,"href":"https:\/\/oncleachour.ma\/ar\/wp-json\/wp\/v2\/comments?post=6525"}],"wp:featuredmedia":[{"embeddable":true,"href":"https:\/\/oncleachour.ma\/ar\/wp-json\/wp\/v2\/media\/6526"}],"wp:attachment":[{"href":"https:\/\/oncleachour.ma\/ar\/wp-json\/wp\/v2\/media?parent=6525"}],"wp:term":[{"taxonomy":"product_brand","embeddable":true,"href":"https:\/\/oncleachour.ma\/ar\/wp-json\/wp\/v2\/product_brand?post=6525"},{"taxonomy":"product_cat","embeddable":true,"href":"https:\/\/oncleachour.ma\/ar\/wp-json\/wp\/v2\/product_cat?post=6525"},{"taxonomy":"product_tag","embeddable":true,"href":"https:\/\/oncleachour.ma\/ar\/wp-json\/wp\/v2\/product_tag?post=6525"}],"curies":[{"name":"wp","href":"https:\/\/api.w.org\/{rel}","templated":true}]}}