{"id":6531,"date":"2026-02-13T16:52:27","date_gmt":"2026-02-13T16:52:27","guid":{"rendered":"https:\/\/oncleachour.ma\/?post_type=product&#038;p=6531"},"modified":"2026-02-13T16:52:27","modified_gmt":"2026-02-13T16:52:27","slug":"%d8%a7%d9%84%d8%a8%d9%84%d8%a8%d9%88%d9%84%d8%a9-%d8%a7%d9%84%d8%aa%d9%82%d9%84%d9%8a%d8%af%d9%8a%d8%a9-%d9%82%d9%85%d8%ad-%d9%85%d8%ac%d8%b1%d9%88%d8%b4-belboula-traditionnelle-ble-concasse","status":"publish","type":"product","link":"https:\/\/oncleachour.ma\/ar\/product\/%d8%a7%d9%84%d8%a8%d9%84%d8%a8%d9%88%d9%84%d8%a9-%d8%a7%d9%84%d8%aa%d9%82%d9%84%d9%8a%d8%af%d9%8a%d8%a9-%d9%82%d9%85%d8%ad-%d9%85%d8%ac%d8%b1%d9%88%d8%b4-belboula-traditionnelle-ble-concasse\/","title":{"rendered":"\u0627\u0644\u0628\u0644\u0628\u0648\u0644\u0629 \u0627\u0644\u062a\u0642\u0644\u064a\u062f\u064a\u0629 (\u0642\u0645\u062d \u0645\u062c\u0631\u0648\u0634) &#8211; Belboula Traditionnelle (Bl\u00e9 Concass\u00e9)"},"content":{"rendered":"<p data-start=\"693\" data-end=\"818\">\u0627\u0644\u0628\u0644\u0628\u0648\u0644\u0629 \u0647\u064a \u0642\u0645\u062d \u0645\u062c\u0631\u0648\u0634 \u064a\u064f\u0633\u062a\u0639\u0645\u0644 \u0641\u064a \u0627\u0644\u0645\u0637\u0628\u062e \u0627\u0644\u0645\u063a\u0631\u0628\u064a \u0644\u062a\u062d\u0636\u064a\u0631 \u062d\u0633\u0627\u0621 \u062a\u0642\u0644\u064a\u062f\u064a \u062f\u0627\u0641\u0626 \u0648\u0645\u063a\u0630\u064d. \u062a\u062a\u0645\u064a\u0632 \u0628\u0642\u064a\u0645\u062a\u0647\u0627 \u0627\u0644\u063a\u0630\u0627\u0626\u064a\u0629 \u0627\u0644\u0639\u0627\u0644\u064a\u0629 \u0648\u0633\u0647\u0648\u0644\u0629 \u062a\u062d\u0636\u064a\u0631\u0647\u0627.<\/p>\n<p data-start=\"820\" data-end=\"857\"><strong data-start=\"820\" data-end=\"833\">\u0627\u0644\u0645\u0643\u0648\u0646\u0627\u062a:<\/strong><br data-start=\"833\" data-end=\"836\" \/>100% \u0642\u0645\u062d \u0645\u062c\u0631\u0648\u0634 \u0637\u0628\u064a\u0639\u064a.<\/p>\n<p data-start=\"859\" data-end=\"874\"><strong data-start=\"859\" data-end=\"872\">\u0627\u0644\u0645\u0645\u064a\u0632\u0627\u062a:<\/strong><\/p>\n<ul data-start=\"875\" data-end=\"971\">\n<li data-start=\"875\" data-end=\"892\">\n<p data-start=\"877\" data-end=\"892\">\u063a\u0646\u064a\u0629 \u0628\u0627\u0644\u0623\u0644\u064a\u0627\u0641<\/p>\n<\/li>\n<li data-start=\"893\" data-end=\"912\">\n<p data-start=\"895\" data-end=\"912\">\u0645\u0635\u062f\u0631 \u062c\u064a\u062f \u0644\u0644\u0637\u0627\u0642\u0629<\/p>\n<\/li>\n<li data-start=\"913\" data-end=\"941\">\n<p data-start=\"915\" data-end=\"941\">\u062a\u0633\u0627\u0639\u062f \u0639\u0644\u0649 \u0627\u0644\u0625\u062d\u0633\u0627\u0633 \u0628\u0627\u0644\u0634\u0628\u0639<\/p>\n<\/li>\n<li data-start=\"942\" data-end=\"971\">\n<p data-start=\"944\" data-end=\"971\">\u0645\u0646\u0627\u0633\u0628\u0629 \u0644\u0646\u0638\u0627\u0645 \u063a\u0630\u0627\u0626\u064a \u0645\u062a\u0648\u0627\u0632\u0646<\/p>\n<\/li>\n<\/ul>\n<p data-start=\"973\" data-end=\"993\"><strong data-start=\"973\" data-end=\"991\">\u0637\u0631\u064a\u0642\u0629 \u0627\u0644\u062a\u062d\u0636\u064a\u0631:<\/strong><\/p>\n<ol data-start=\"994\" data-end=\"1111\">\n<li data-start=\"994\" data-end=\"1018\">\n<p data-start=\"997\" data-end=\"1018\">\u062a\u064f\u063a\u0633\u0644 \u062c\u064a\u062f\u0627\u064b \u0628\u0627\u0644\u0645\u0627\u0621.<\/p>\n<\/li>\n<li data-start=\"1019\" data-end=\"1063\">\n<p data-start=\"1022\" data-end=\"1063\">\u062a\u064f\u0637\u0647\u0649 \u0641\u064a \u0627\u0644\u0645\u0627\u0621 \u0645\u0639 \u0642\u0644\u064a\u0644 \u0645\u0646 \u0627\u0644\u0632\u064a\u062a \u0648\u0627\u0644\u0645\u0644\u062d.<\/p>\n<\/li>\n<li data-start=\"1064\" data-end=\"1111\">\n<p data-start=\"1067\" data-end=\"1111\">\u064a\u0645\u0643\u0646 \u0625\u0636\u0627\u0641\u0629 \u062d\u0644\u064a\u0628 \u0623\u0648 \u062e\u0636\u0627\u0631 \u0623\u0648 \u0644\u062d\u0645 \u062d\u0633\u0628 \u0627\u0644\u0648\u0635\u0641\u0629.<\/p>\n<\/li>\n<\/ol>\n<p data-start=\"1113\" data-end=\"1163\"><strong data-start=\"1113\" data-end=\"1125\">\u0627\u0644\u062a\u062e\u0632\u064a\u0646:<\/strong><br data-start=\"1125\" data-end=\"1128\" \/>\u064a\u062d\u0641\u0638 \u0641\u064a \u0645\u0643\u0627\u0646 \u062c\u0627\u0641 \u0628\u0639\u064a\u062f\u0627\u064b \u0639\u0646 \u0627\u0644\u0631\u0637\u0648\u0628\u0629.<\/p>\n<p data-start=\"1189\" data-end=\"1314\">La Belboula est du bl\u00e9 concass\u00e9 utilis\u00e9 dans la cuisine marocaine pour pr\u00e9parer une soupe traditionnelle chaude et nutritive.<\/p>\n<p data-start=\"1316\" data-end=\"1362\"><strong data-start=\"1316\" data-end=\"1333\">Ingr\u00e9dients :<\/strong><br data-start=\"1333\" data-end=\"1336\" \/>100% bl\u00e9 concass\u00e9 naturel.<\/p>\n<p data-start=\"1364\" data-end=\"1381\"><strong data-start=\"1364\" data-end=\"1379\">\u2705 \u0627\u0644\u0645\u0645\u064a\u0632\u0627\u062a :<\/strong><\/p>\n<ul data-start=\"1382\" data-end=\"1501\">\n<li data-start=\"1382\" data-end=\"1401\">\n<p data-start=\"1384\" data-end=\"1401\">Riche en fibres<\/p>\n<\/li>\n<li data-start=\"1402\" data-end=\"1422\">\n<p data-start=\"1404\" data-end=\"1422\">Source d\u2019\u00e9nergie<\/p>\n<\/li>\n<li data-start=\"1423\" data-end=\"1459\">\n<p data-start=\"1425\" data-end=\"1459\">Apporte une sensation de sati\u00e9t\u00e9<\/p>\n<\/li>\n<li data-start=\"1460\" data-end=\"1501\">\n<p data-start=\"1462\" data-end=\"1501\">Adapt\u00e9e \u00e0 une alimentation \u00e9quilibr\u00e9e<\/p>\n<\/li>\n<\/ul>\n<p data-start=\"1503\" data-end=\"1522\"><strong data-start=\"1503\" data-end=\"1520\">Pr\u00e9paration :<\/strong><\/p>\n<ol data-start=\"1523\" data-end=\"1657\">\n<li data-start=\"1523\" data-end=\"1549\">\n<p data-start=\"1526\" data-end=\"1549\">Rincer soigneusement.<\/p>\n<\/li>\n<li data-start=\"1550\" data-end=\"1602\">\n<p data-start=\"1553\" data-end=\"1602\">Cuire dans l\u2019eau avec un peu d\u2019huile et de sel.<\/p>\n<\/li>\n<li data-start=\"1603\" data-end=\"1657\">\n<p data-start=\"1606\" data-end=\"1657\">Ajouter lait, l\u00e9gumes ou viande selon la recette.<\/p>\n<\/li>\n<\/ol>\n<p data-start=\"1659\" data-end=\"1712\"><strong data-start=\"1659\" data-end=\"1677\">Conservation :<\/strong><br data-start=\"1677\" data-end=\"1680\" \/>\u00c0 conserver dans un endroit sec.<\/p>","protected":false},"excerpt":{"rendered":"<p data-start=\"316\" data-end=\"446\">\u0627\u0644\u0628\u0644\u0628\u0648\u0644\u0629 \u0627\u0644\u062a\u0642\u0644\u064a\u062f\u064a\u0629 \u0645\u0646 \u0627\u0644\u0642\u0645\u062d \u0627\u0644\u0645\u062c\u0631\u0648\u0634\u060c \u0645\u0646\u062a\u062c \u0645\u063a\u0631\u0628\u064a \u0623\u0635\u064a\u0644 \u0644\u062a\u062d\u0636\u064a\u0631 \u062d\u0633\u0627\u0621 \u0645\u063a\u0630\u064a \u0628\u0637\u0639\u0645 \u063a\u0646\u064a \u0648\u0642\u0648\u0627\u0645 \u0634\u0647\u064a. \u0645\u062b\u0627\u0644\u064a\u0629 \u0644\u0641\u0635\u0644 \u0627\u0644\u0634\u062a\u0627\u0621 \u0648\u0644\u0648\u062c\u0628\u0627\u062a \u0635\u062d\u064a\u0629 \u0645\u062a\u0648\u0627\u0632\u0646\u0629.<\/p>\n<h3 data-start=\"448\" data-end=\"462\"><\/h3>\n<p data-start=\"463\" data-end=\"634\">La Belboula traditionnelle \u00e0 base de bl\u00e9 concass\u00e9 est un produit marocain authentique, id\u00e9al pour pr\u00e9parer une soupe nourrissante au go\u00fbt riche et \u00e0 la texture savoureuse.<\/p>","protected":false},"featured_media":6532,"comment_status":"open","ping_status":"closed","template":"","meta":{"iawp_total_views":15,"_joinchat":[]},"product_brand":[],"product_cat":[59],"product_tag":[],"class_list":{"0":"post-6531","1":"product","2":"type-product","3":"status-publish","4":"has-post-thumbnail","6":"product_cat-terroir-2","8":"first","9":"instock","10":"shipping-taxable","11":"purchasable","12":"product-type-variable"},"aioseo_notices":[],"jetpack_sharing_enabled":true,"_links":{"self":[{"href":"https:\/\/oncleachour.ma\/ar\/wp-json\/wp\/v2\/product\/6531","targetHints":{"allow":["GET"]}}],"collection":[{"href":"https:\/\/oncleachour.ma\/ar\/wp-json\/wp\/v2\/product"}],"about":[{"href":"https:\/\/oncleachour.ma\/ar\/wp-json\/wp\/v2\/types\/product"}],"replies":[{"embeddable":true,"href":"https:\/\/oncleachour.ma\/ar\/wp-json\/wp\/v2\/comments?post=6531"}],"wp:featuredmedia":[{"embeddable":true,"href":"https:\/\/oncleachour.ma\/ar\/wp-json\/wp\/v2\/media\/6532"}],"wp:attachment":[{"href":"https:\/\/oncleachour.ma\/ar\/wp-json\/wp\/v2\/media?parent=6531"}],"wp:term":[{"taxonomy":"product_brand","embeddable":true,"href":"https:\/\/oncleachour.ma\/ar\/wp-json\/wp\/v2\/product_brand?post=6531"},{"taxonomy":"product_cat","embeddable":true,"href":"https:\/\/oncleachour.ma\/ar\/wp-json\/wp\/v2\/product_cat?post=6531"},{"taxonomy":"product_tag","embeddable":true,"href":"https:\/\/oncleachour.ma\/ar\/wp-json\/wp\/v2\/product_tag?post=6531"}],"curies":[{"name":"wp","href":"https:\/\/api.w.org\/{rel}","templated":true}]}}