{"id":6537,"date":"2026-02-13T17:12:57","date_gmt":"2026-02-13T17:12:57","guid":{"rendered":"https:\/\/oncleachour.ma\/?post_type=product&#038;p=6537"},"modified":"2026-02-13T18:41:13","modified_gmt":"2026-02-13T18:41:13","slug":"%d9%83%d9%88%d9%81%d9%8a%d8%a7-%d8%a7%d9%84%d8%b0%d8%b1%d8%a9-%d8%a7%d9%84%d8%aa%d9%82%d9%84%d9%8a%d8%af%d9%8a%d8%a9-kofiya-de-mais-traditionnelle","status":"publish","type":"product","link":"https:\/\/oncleachour.ma\/ar\/product\/%d9%83%d9%88%d9%81%d9%8a%d8%a7-%d8%a7%d9%84%d8%b0%d8%b1%d8%a9-%d8%a7%d9%84%d8%aa%d9%82%d9%84%d9%8a%d8%af%d9%8a%d8%a9-kofiya-de-mais-traditionnelle\/","title":{"rendered":"\u0643\u0648\u0641\u064a\u0627 \u0627\u0644\u0630\u0631\u0629 \u0627\u0644\u062a\u0642\u0644\u064a\u062f\u064a\u0629 &#8211; Kofiya de Ma\u00efs Traditionnelle"},"content":{"rendered":"<p data-start=\"649\" data-end=\"757\">\u0643\u0648\u0641\u064a\u0627 \u0627\u0644\u0630\u0631\u0629 \u0645\u0646 \u0627\u0644\u0645\u0646\u062a\u062c\u0627\u062a \u0627\u0644\u062a\u0642\u0644\u064a\u062f\u064a\u0629 \u0641\u064a \u0627\u0644\u0645\u0637\u0628\u062e \u0627\u0644\u0645\u063a\u0631\u0628\u064a\u060c \u062a\u064f\u0633\u062a\u0639\u0645\u0644 \u0644\u062a\u062d\u0636\u064a\u0631 \u0623\u0637\u0628\u0627\u0642 \u062f\u0627\u0641\u0626\u0629 \u0648\u0645\u063a\u0630\u064a\u0629 \u062e\u0635\u0648\u0635\u0627\u064b \u0641\u064a \u0641\u0635\u0644 \u0627\u0644\u0634\u062a\u0627\u0621.<\/p>\n<p data-start=\"759\" data-end=\"798\"><strong data-start=\"759\" data-end=\"772\">\u0627\u0644\u0645\u0643\u0648\u0646\u0627\u062a:<\/strong><br data-start=\"772\" data-end=\"775\" \/>100% \u0630\u0631\u0629 \u0645\u062c\u0631\u0648\u0634\u0629 \u0637\u0628\u064a\u0639\u064a\u0629.<\/p>\n<p data-start=\"800\" data-end=\"815\"><strong data-start=\"800\" data-end=\"813\">\u0627\u0644\u0645\u0645\u064a\u0632\u0627\u062a:<\/strong><\/p>\n<ul data-start=\"816\" data-end=\"910\">\n<li data-start=\"816\" data-end=\"837\">\n<p data-start=\"818\" data-end=\"837\">\u0645\u0635\u062f\u0631 \u0637\u0628\u064a\u0639\u064a \u0644\u0644\u0637\u0627\u0642\u0629<\/p>\n<\/li>\n<li data-start=\"838\" data-end=\"868\">\n<p data-start=\"840\" data-end=\"868\">\u063a\u0646\u064a\u0629 \u0628\u0627\u0644\u0643\u0631\u0628\u0648\u0647\u064a\u062f\u0631\u0627\u062a \u0627\u0644\u0645\u0639\u0642\u062f\u0629<\/p>\n<\/li>\n<li data-start=\"869\" data-end=\"883\">\n<p data-start=\"871\" data-end=\"883\">\u0633\u0647\u0644\u0629 \u0627\u0644\u0647\u0636\u0645<\/p>\n<\/li>\n<li data-start=\"884\" data-end=\"910\">\n<p data-start=\"886\" data-end=\"910\">\u0645\u0646\u0627\u0633\u0628\u0629 \u0644\u0644\u0623\u0637\u0641\u0627\u0644 \u0648\u0627\u0644\u0643\u0628\u0627\u0631<\/p>\n<\/li>\n<\/ul>\n<p data-start=\"912\" data-end=\"932\"><strong data-start=\"912\" data-end=\"930\">\u0637\u0631\u064a\u0642\u0629 \u0627\u0644\u062a\u062d\u0636\u064a\u0631:<\/strong><\/p>\n<ol data-start=\"933\" data-end=\"1044\">\n<li data-start=\"933\" data-end=\"950\">\n<p data-start=\"936\" data-end=\"950\">\u062a\u064f\u063a\u0633\u0644 \u062c\u064a\u062f\u0627\u064b.<\/p>\n<\/li>\n<li data-start=\"951\" data-end=\"1000\">\n<p data-start=\"954\" data-end=\"1000\">\u062a\u064f\u0637\u0647\u0649 \u0641\u064a \u0627\u0644\u0645\u0627\u0621 \u0623\u0648 \u0627\u0644\u062d\u0644\u064a\u0628 \u0645\u0639 \u0627\u0644\u062a\u062d\u0631\u064a\u0643 \u0627\u0644\u0645\u0633\u062a\u0645\u0631.<\/p>\n<\/li>\n<li data-start=\"1001\" data-end=\"1044\">\n<p data-start=\"1004\" data-end=\"1044\">\u064a\u0645\u0643\u0646 \u0625\u0636\u0627\u0641\u0629 \u0627\u0644\u0639\u0633\u0644 \u0623\u0648 \u0627\u0644\u0632\u0628\u062f\u0629 \u062d\u0633\u0628 \u0627\u0644\u0631\u063a\u0628\u0629.<\/p>\n<\/li>\n<\/ol>\n<p data-start=\"1046\" data-end=\"1096\"><strong data-start=\"1046\" data-end=\"1058\">\u0627\u0644\u062a\u062e\u0632\u064a\u0646:<\/strong><br data-start=\"1058\" data-end=\"1061\" \/>\u064a\u062d\u0641\u0638 \u0641\u064a \u0645\u0643\u0627\u0646 \u062c\u0627\u0641 \u0628\u0639\u064a\u062f\u0627\u064b \u0639\u0646 \u0627\u0644\u0631\u0637\u0648\u0628\u0629.<\/p>\n<p data-start=\"1122\" data-end=\"1248\">La Kofiya de ma\u00efs est un ingr\u00e9dient traditionnel de la cuisine marocaine, utilis\u00e9 pour pr\u00e9parer des plats chauds et nutritifs.<\/p>\n<p data-start=\"1250\" data-end=\"1297\"><strong data-start=\"1250\" data-end=\"1267\">Ingr\u00e9dients :<\/strong><br data-start=\"1267\" data-end=\"1270\" \/>100% ma\u00efs concass\u00e9 naturel.<\/p>\n<p data-start=\"1299\" data-end=\"1316\"><strong data-start=\"1299\" data-end=\"1314\">\u2705 \u0627\u0644\u0645\u0645\u064a\u0632\u0627\u062a :<\/strong><\/p>\n<ul data-start=\"1317\" data-end=\"1434\">\n<li data-start=\"1317\" data-end=\"1347\">\n<p data-start=\"1319\" data-end=\"1347\">Source naturelle d\u2019\u00e9nergie<\/p>\n<\/li>\n<li data-start=\"1348\" data-end=\"1379\">\n<p data-start=\"1350\" data-end=\"1379\">Riche en glucides complexes<\/p>\n<\/li>\n<li data-start=\"1380\" data-end=\"1400\">\n<p data-start=\"1382\" data-end=\"1400\">Facile \u00e0 dig\u00e9rer<\/p>\n<\/li>\n<li data-start=\"1401\" data-end=\"1434\">\n<p data-start=\"1403\" data-end=\"1434\">Convient aux petits et grands<\/p>\n<\/li>\n<\/ul>\n<p data-start=\"1436\" data-end=\"1455\"><strong data-start=\"1436\" data-end=\"1453\">Pr\u00e9paration :<\/strong><\/p>\n<ol data-start=\"1456\" data-end=\"1573\">\n<li data-start=\"1456\" data-end=\"1482\">\n<p data-start=\"1459\" data-end=\"1482\">Rincer soigneusement.<\/p>\n<\/li>\n<li data-start=\"1483\" data-end=\"1527\">\n<p data-start=\"1486\" data-end=\"1527\">Cuire dans l\u2019eau ou le lait en remuant.<\/p>\n<\/li>\n<li data-start=\"1528\" data-end=\"1573\">\n<p data-start=\"1531\" data-end=\"1573\">Ajouter miel ou beurre selon pr\u00e9f\u00e9rence.<\/p>\n<\/li>\n<\/ol>\n<p data-start=\"1575\" data-end=\"1628\"><strong data-start=\"1575\" data-end=\"1593\">Conservation :<\/strong><br data-start=\"1593\" data-end=\"1596\" \/>\u00c0 conserver dans un endroit sec.<\/p>","protected":false},"excerpt":{"rendered":"<p data-start=\"303\" data-end=\"423\">\u0643\u0648\u0641\u064a\u0627 \u0627\u0644\u0630\u0631\u0629 \u0645\u0646\u062a\u062c \u062a\u0642\u0644\u064a\u062f\u064a \u0645\u0635\u0646\u0648\u0639 \u0645\u0646 \u0627\u0644\u0630\u0631\u0629 \u0627\u0644\u0645\u062c\u0631\u0648\u0634\u0629\u060c \u0645\u062b\u0627\u0644\u064a\u0629 \u0644\u062a\u062d\u0636\u064a\u0631 \u0639\u0635\u064a\u062f\u0629 \u0623\u0648 \u062d\u0633\u0627\u0621 \u0645\u063a\u0630\u064a \u0628\u0637\u0639\u0645 \u0623\u0635\u064a\u0644. \u0633\u0647\u0644\u0629 \u0627\u0644\u062a\u062d\u0636\u064a\u0631 \u0648\u063a\u0646\u064a\u0629 \u0628\u0627\u0644\u0637\u0627\u0642\u0629.<\/p>\n<h3 data-start=\"425\" data-end=\"439\"><\/h3>\n<p data-start=\"440\" data-end=\"590\">La Kofiya de ma\u00efs est un produit traditionnel \u00e0 base de ma\u00efs concass\u00e9, id\u00e9al pour pr\u00e9parer une bouillie ou une soupe nourrissante au go\u00fbt authentique.<\/p>","protected":false},"featured_media":6553,"comment_status":"open","ping_status":"closed","template":"","meta":{"iawp_total_views":16,"_joinchat":[]},"product_brand":[],"product_cat":[59],"product_tag":[],"class_list":{"0":"post-6537","1":"product","2":"type-product","3":"status-publish","4":"has-post-thumbnail","6":"product_cat-terroir-2","8":"first","9":"instock","10":"shipping-taxable","11":"purchasable","12":"product-type-variable"},"aioseo_notices":[],"jetpack_sharing_enabled":true,"_links":{"self":[{"href":"https:\/\/oncleachour.ma\/ar\/wp-json\/wp\/v2\/product\/6537","targetHints":{"allow":["GET"]}}],"collection":[{"href":"https:\/\/oncleachour.ma\/ar\/wp-json\/wp\/v2\/product"}],"about":[{"href":"https:\/\/oncleachour.ma\/ar\/wp-json\/wp\/v2\/types\/product"}],"replies":[{"embeddable":true,"href":"https:\/\/oncleachour.ma\/ar\/wp-json\/wp\/v2\/comments?post=6537"}],"wp:featuredmedia":[{"embeddable":true,"href":"https:\/\/oncleachour.ma\/ar\/wp-json\/wp\/v2\/media\/6553"}],"wp:attachment":[{"href":"https:\/\/oncleachour.ma\/ar\/wp-json\/wp\/v2\/media?parent=6537"}],"wp:term":[{"taxonomy":"product_brand","embeddable":true,"href":"https:\/\/oncleachour.ma\/ar\/wp-json\/wp\/v2\/product_brand?post=6537"},{"taxonomy":"product_cat","embeddable":true,"href":"https:\/\/oncleachour.ma\/ar\/wp-json\/wp\/v2\/product_cat?post=6537"},{"taxonomy":"product_tag","embeddable":true,"href":"https:\/\/oncleachour.ma\/ar\/wp-json\/wp\/v2\/product_tag?post=6537"}],"curies":[{"name":"wp","href":"https:\/\/api.w.org\/{rel}","templated":true}]}}