{"id":6543,"date":"2026-02-13T17:23:43","date_gmt":"2026-02-13T17:23:43","guid":{"rendered":"https:\/\/oncleachour.ma\/?post_type=product&#038;p=6543"},"modified":"2026-02-13T18:40:25","modified_gmt":"2026-02-13T18:40:25","slug":"%d8%af%d9%82%d9%8a%d9%82-%d8%a7%d9%84%d8%b5%d9%88%d8%ac%d8%a7-%d8%a7%d9%84%d8%b7%d8%a8%d9%8a%d8%b9%d9%8a-farine-de-soja-naturelle","status":"publish","type":"product","link":"https:\/\/oncleachour.ma\/ar\/product\/%d8%af%d9%82%d9%8a%d9%82-%d8%a7%d9%84%d8%b5%d9%88%d8%ac%d8%a7-%d8%a7%d9%84%d8%b7%d8%a8%d9%8a%d8%b9%d9%8a-farine-de-soja-naturelle\/","title":{"rendered":"\u062f\u0642\u064a\u0642 \u0627\u0644\u0635\u0648\u062c\u0627 \u0627\u0644\u0637\u0628\u064a\u0639\u064a &#8211; Farine de Soja Naturelle"},"content":{"rendered":"<p data-start=\"697\" data-end=\"808\">\u062f\u0642\u064a\u0642 \u0627\u0644\u0635\u0648\u062c\u0627 \u0645\u0646\u062a\u062c \u063a\u0630\u0627\u0626\u064a \u0639\u0627\u0644\u064a \u0627\u0644\u0642\u064a\u0645\u0629 \u0627\u0644\u063a\u0630\u0627\u0626\u064a\u0629\u060c \u064a\u064f\u0633\u062a\u062e\u0631\u062c \u0645\u0646 \u062d\u0628\u0648\u0628 \u0627\u0644\u0635\u0648\u062c\u0627 \u0627\u0644\u0645\u0637\u062d\u0648\u0646\u0629 \u0628\u0639\u0646\u0627\u064a\u0629 \u0644\u064a\u062d\u0627\u0641\u0638 \u0639\u0644\u0649 \u062e\u0635\u0627\u0626\u0635\u0647 \u0627\u0644\u0637\u0628\u064a\u0639\u064a\u0629.<\/p>\n<p data-start=\"810\" data-end=\"843\"><strong data-start=\"810\" data-end=\"823\">\u0627\u0644\u0645\u0643\u0648\u0646\u0627\u062a:<\/strong><br data-start=\"823\" data-end=\"826\" \/>100% \u0635\u0648\u062c\u0627 \u0645\u0637\u062d\u0648\u0646\u0629.<\/p>\n<p data-start=\"845\" data-end=\"860\"><strong data-start=\"845\" data-end=\"858\">\u0627\u0644\u0645\u0645\u064a\u0632\u0627\u062a:<\/strong><\/p>\n<ul data-start=\"861\" data-end=\"993\">\n<li data-start=\"861\" data-end=\"886\">\n<p data-start=\"863\" data-end=\"886\">\u063a\u0646\u064a \u0628\u0627\u0644\u0628\u0631\u0648\u062a\u064a\u0646 \u0627\u0644\u0646\u0628\u0627\u062a\u064a<\/p>\n<\/li>\n<li data-start=\"887\" data-end=\"911\">\n<p data-start=\"889\" data-end=\"911\">\u064a\u062d\u062a\u0648\u064a \u0639\u0644\u0649 \u0623\u0644\u064a\u0627\u0641 \u0645\u0647\u0645\u0629<\/p>\n<\/li>\n<li data-start=\"912\" data-end=\"959\">\n<p data-start=\"914\" data-end=\"959\">\u0645\u0646\u062e\u0641\u0636 \u0627\u0644\u0643\u0631\u0628\u0648\u0647\u064a\u062f\u0631\u0627\u062a \u0645\u0642\u0627\u0631\u0646\u0629 \u0628\u0628\u0639\u0636 \u0623\u0646\u0648\u0627\u0639 \u0627\u0644\u062f\u0642\u064a\u0642<\/p>\n<\/li>\n<li data-start=\"960\" data-end=\"993\">\n<p data-start=\"962\" data-end=\"993\">\u0645\u0646\u0627\u0633\u0628 \u0644\u0644\u0623\u0646\u0638\u0645\u0629 \u0627\u0644\u063a\u0630\u0627\u0626\u064a\u0629 \u0627\u0644\u0635\u062d\u064a\u0629<\/p>\n<\/li>\n<\/ul>\n<p data-start=\"995\" data-end=\"1017\"><strong data-start=\"995\" data-end=\"1015\">\u0637\u0631\u064a\u0642\u0629 \u0627\u0644\u0627\u0633\u062a\u0639\u0645\u0627\u0644:<\/strong><\/p>\n<ul data-start=\"1018\" data-end=\"1132\">\n<li data-start=\"1018\" data-end=\"1056\">\n<p data-start=\"1020\" data-end=\"1056\">\u064a\u062e\u0644\u0637 \u0645\u0639 \u0627\u0644\u062f\u0642\u064a\u0642 \u0627\u0644\u0639\u0627\u062f\u064a \u0641\u064a \u0627\u0644\u0645\u062e\u0628\u0648\u0632\u0627\u062a<\/p>\n<\/li>\n<li data-start=\"1057\" data-end=\"1092\">\n<p data-start=\"1059\" data-end=\"1092\">\u064a\u064f\u0633\u062a\u0639\u0645\u0644 \u0641\u064a \u062a\u062d\u0636\u064a\u0631 \u0627\u0644\u0639\u0635\u0627\u0626\u0631 \u0627\u0644\u0635\u062d\u064a\u0629<\/p>\n<\/li>\n<li data-start=\"1093\" data-end=\"1132\">\n<p data-start=\"1095\" data-end=\"1132\">\u064a\u062f\u062e\u0644 \u0641\u064a \u0648\u0635\u0641\u0627\u062a \u0627\u0644\u062d\u0644\u0648\u064a\u0627\u062a \u0648\u0627\u0644\u062e\u0628\u0632 \u0627\u0644\u0635\u062d\u064a<\/p>\n<\/li>\n<\/ul>\n<p data-start=\"1134\" data-end=\"1190\"><strong data-start=\"1134\" data-end=\"1146\">\u0627\u0644\u062a\u062e\u0632\u064a\u0646:<\/strong><br data-start=\"1146\" data-end=\"1149\" \/>\u064a\u062d\u0641\u0638 \u0641\u064a \u0645\u0643\u0627\u0646 \u062c\u0627\u0641 \u0648\u0628\u0627\u0631\u062f \u0628\u0639\u064a\u062f\u0627\u064b \u0639\u0646 \u0627\u0644\u0631\u0637\u0648\u0628\u0629.<\/p>\n<p data-start=\"1216\" data-end=\"1333\">La farine de soja est un produit \u00e0 haute valeur nutritionnelle, obtenue \u00e0 partir de graines de soja finement moulues.<\/p>\n<p data-start=\"1335\" data-end=\"1371\"><strong data-start=\"1335\" data-end=\"1352\">Ingr\u00e9dients :<\/strong><br data-start=\"1352\" data-end=\"1355\" \/>100% soja moulu.<\/p>\n<p data-start=\"1373\" data-end=\"1390\"><strong data-start=\"1373\" data-end=\"1388\">\u2705 \u0627\u0644\u0645\u0645\u064a\u0632\u0627\u062a :<\/strong><\/p>\n<ul data-start=\"1391\" data-end=\"1556\">\n<li data-start=\"1391\" data-end=\"1423\">\n<p data-start=\"1393\" data-end=\"1423\">Riche en prot\u00e9ines v\u00e9g\u00e9tales<\/p>\n<\/li>\n<li data-start=\"1424\" data-end=\"1447\">\n<p data-start=\"1426\" data-end=\"1447\">Contient des fibres<\/p>\n<\/li>\n<li data-start=\"1448\" data-end=\"1508\">\n<p data-start=\"1450\" data-end=\"1508\">Moins riche en glucides que certaines farines classiques<\/p>\n<\/li>\n<li data-start=\"1509\" data-end=\"1556\">\n<p data-start=\"1511\" data-end=\"1556\">Adapt\u00e9e aux r\u00e9gimes alimentaires \u00e9quilibr\u00e9s<\/p>\n<\/li>\n<\/ul>\n<p data-start=\"1558\" data-end=\"1577\"><strong data-start=\"1558\" data-end=\"1575\">\u0627\u0644\u0627\u0633\u062a\u0639\u0645\u0627\u0644\u0627\u062a<\/strong><\/p>\n<ul data-start=\"1578\" data-end=\"1711\">\n<li data-start=\"1578\" data-end=\"1632\">\n<p data-start=\"1580\" data-end=\"1632\">M\u00e9lang\u00e9e avec de la farine classique en p\u00e2tisserie<\/p>\n<\/li>\n<li data-start=\"1633\" data-end=\"1675\">\n<p data-start=\"1635\" data-end=\"1675\">Dans les smoothies et recettes healthy<\/p>\n<\/li>\n<li data-start=\"1676\" data-end=\"1711\">\n<p data-start=\"1678\" data-end=\"1711\">Pour pains et g\u00e2teaux prot\u00e9in\u00e9s<\/p>\n<\/li>\n<\/ul>\n<p data-start=\"1713\" data-end=\"1775\"><strong data-start=\"1713\" data-end=\"1731\">Conservation :<\/strong><br data-start=\"1731\" data-end=\"1734\" \/>\u00c0 conserver dans un endroit frais et sec.<\/p>","protected":false},"excerpt":{"rendered":"<p data-start=\"296\" data-end=\"430\">\u062f\u0642\u064a\u0642 \u0627\u0644\u0635\u0648\u062c\u0627 \u0627\u0644\u0637\u0628\u064a\u0639\u064a \u063a\u0646\u064a \u0628\u0627\u0644\u0628\u0631\u0648\u062a\u064a\u0646 \u0627\u0644\u0646\u0628\u0627\u062a\u064a\u060c \u0645\u062b\u0627\u0644\u064a \u0644\u062a\u062d\u0636\u064a\u0631 \u0648\u0635\u0641\u0627\u062a \u0635\u062d\u064a\u0629 \u0648\u0645\u062a\u0648\u0627\u0632\u0646\u0629. \u0645\u0646\u0627\u0633\u0628 \u0644\u0644\u0631\u064a\u0627\u0636\u064a\u064a\u0646 \u0648\u0644\u0645\u0646 \u064a\u0628\u062d\u062b\u0648\u0646 \u0639\u0646 \u0628\u062f\u064a\u0644 \u0645\u063a\u0630\u064d \u0644\u0644\u062f\u0642\u064a\u0642 \u0627\u0644\u062a\u0642\u0644\u064a\u062f\u064a.<\/p>\n<h3 data-start=\"432\" data-end=\"446\"><\/h3>\n<p data-start=\"447\" data-end=\"638\">La farine de soja naturelle est riche en prot\u00e9ines v\u00e9g\u00e9tales. Id\u00e9ale pour des recettes saines et \u00e9quilibr\u00e9es, parfaite pour les sportifs et comme alternative nutritive aux farines classiques.<\/p>","protected":false},"featured_media":6553,"comment_status":"open","ping_status":"closed","template":"","meta":{"iawp_total_views":13,"_joinchat":[]},"product_brand":[],"product_cat":[59],"product_tag":[],"class_list":{"0":"post-6543","1":"product","2":"type-product","3":"status-publish","4":"has-post-thumbnail","6":"product_cat-terroir-2","8":"first","9":"instock","10":"shipping-taxable","11":"purchasable","12":"product-type-variable"},"aioseo_notices":[],"jetpack_sharing_enabled":true,"_links":{"self":[{"href":"https:\/\/oncleachour.ma\/ar\/wp-json\/wp\/v2\/product\/6543","targetHints":{"allow":["GET"]}}],"collection":[{"href":"https:\/\/oncleachour.ma\/ar\/wp-json\/wp\/v2\/product"}],"about":[{"href":"https:\/\/oncleachour.ma\/ar\/wp-json\/wp\/v2\/types\/product"}],"replies":[{"embeddable":true,"href":"https:\/\/oncleachour.ma\/ar\/wp-json\/wp\/v2\/comments?post=6543"}],"wp:featuredmedia":[{"embeddable":true,"href":"https:\/\/oncleachour.ma\/ar\/wp-json\/wp\/v2\/media\/6553"}],"wp:attachment":[{"href":"https:\/\/oncleachour.ma\/ar\/wp-json\/wp\/v2\/media?parent=6543"}],"wp:term":[{"taxonomy":"product_brand","embeddable":true,"href":"https:\/\/oncleachour.ma\/ar\/wp-json\/wp\/v2\/product_brand?post=6543"},{"taxonomy":"product_cat","embeddable":true,"href":"https:\/\/oncleachour.ma\/ar\/wp-json\/wp\/v2\/product_cat?post=6543"},{"taxonomy":"product_tag","embeddable":true,"href":"https:\/\/oncleachour.ma\/ar\/wp-json\/wp\/v2\/product_tag?post=6543"}],"curies":[{"name":"wp","href":"https:\/\/api.w.org\/{rel}","templated":true}]}}