{"id":6583,"date":"2026-02-15T15:57:39","date_gmt":"2026-02-15T15:57:39","guid":{"rendered":"https:\/\/oncleachour.ma\/?post_type=product&#038;p=6583"},"modified":"2026-02-16T13:54:47","modified_gmt":"2026-02-16T13:54:47","slug":"%d8%ac%d9%88%d8%b2-%d8%a7%d9%84%d8%a8%d9%8a%d9%83%d8%a7%d9%86-%d8%a7%d9%84%d9%81%d8%a7%d8%ae%d8%b1-noix-de-pecan-premium","status":"publish","type":"product","link":"https:\/\/oncleachour.ma\/ar\/product\/%d8%ac%d9%88%d8%b2-%d8%a7%d9%84%d8%a8%d9%8a%d9%83%d8%a7%d9%86-%d8%a7%d9%84%d9%81%d8%a7%d8%ae%d8%b1-noix-de-pecan-premium\/","title":{"rendered":"\u062c\u0648\u0632 \u0627\u0644\u0628\u064a\u0643\u0627\u0646 \u0627\u0644\u0641\u0627\u062e\u0631 &#8211; Noix de P\u00e9can Premium"},"content":{"rendered":"<p data-start=\"681\" data-end=\"775\">\u062c\u0648\u0632 \u0627\u0644\u0628\u064a\u0643\u0627\u0646 \u0645\u0646 \u0627\u0644\u0645\u0643\u0633\u0631\u0627\u062a \u0627\u0644\u0641\u0627\u062e\u0631\u0629 \u0630\u0627\u062a \u0627\u0644\u0642\u064a\u0645\u0629 \u0627\u0644\u063a\u0630\u0627\u0626\u064a\u0629 \u0627\u0644\u0639\u0627\u0644\u064a\u0629\u060c \u064a\u062a\u0645\u064a\u0632 \u0628\u0637\u0639\u0645\u0647 \u0627\u0644\u063a\u0646\u064a \u0648\u0642\u0648\u0627\u0645\u0647 \u0627\u0644\u0645\u0642\u0631\u0645\u0634.<\/p>\n<p data-start=\"777\" data-end=\"792\"><strong data-start=\"777\" data-end=\"790\">\u0627\u0644\u0645\u0645\u064a\u0632\u0627\u062a:<\/strong><\/p>\n<ul data-start=\"793\" data-end=\"904\">\n<li data-start=\"793\" data-end=\"815\">\n<p data-start=\"795\" data-end=\"815\">\u063a\u0646\u064a \u0628\u0627\u0644\u062f\u0647\u0648\u0646 \u0627\u0644\u0635\u062d\u064a\u0629<\/p>\n<\/li>\n<li data-start=\"816\" data-end=\"837\">\n<p data-start=\"818\" data-end=\"837\">\u0645\u0635\u062f\u0631 \u0637\u0628\u064a\u0639\u064a \u0644\u0644\u0637\u0627\u0642\u0629<\/p>\n<\/li>\n<li data-start=\"838\" data-end=\"866\">\n<p data-start=\"840\" data-end=\"866\">\u064a\u062d\u062a\u0648\u064a \u0639\u0644\u0649 \u0645\u0636\u0627\u062f\u0627\u062a \u0627\u0644\u0623\u0643\u0633\u062f\u0629<\/p>\n<\/li>\n<li data-start=\"867\" data-end=\"904\">\n<p data-start=\"869\" data-end=\"904\">\u0645\u062b\u0627\u0644\u064a \u0644\u0644\u0631\u064a\u0627\u0636\u064a\u064a\u0646 \u0648\u0646\u0645\u0637 \u0627\u0644\u062d\u064a\u0627\u0629 \u0627\u0644\u0635\u062d\u064a<\/p>\n<\/li>\n<\/ul>\n<p data-start=\"906\" data-end=\"928\"><strong data-start=\"906\" data-end=\"926\">\u0637\u0631\u064a\u0642\u0629 \u0627\u0644\u0627\u0633\u062a\u0639\u0645\u0627\u0644:<\/strong><\/p>\n<ul data-start=\"929\" data-end=\"1013\">\n<li data-start=\"929\" data-end=\"949\">\n<p data-start=\"931\" data-end=\"949\">\u064a\u0624\u0643\u0644 \u0643\u0648\u062c\u0628\u0629 \u062e\u0641\u064a\u0641\u0629<\/p>\n<\/li>\n<li data-start=\"950\" data-end=\"983\">\n<p data-start=\"952\" data-end=\"983\">\u064a\u062f\u062e\u0644 \u0641\u064a \u062a\u062d\u0636\u064a\u0631 \u0627\u0644\u0643\u064a\u0643 \u0648\u0627\u0644\u0628\u0633\u0643\u0648\u064a\u062a<\/p>\n<\/li>\n<li data-start=\"984\" data-end=\"1013\">\n<p data-start=\"986\" data-end=\"1013\">\u064a\u0636\u0627\u0641 \u0625\u0644\u0649 \u0627\u0644\u0633\u0644\u0637\u0627\u062a \u0648\u0627\u0644\u0634\u0648\u0641\u0627\u0646<\/p>\n<\/li>\n<\/ul>\n<p data-start=\"1015\" data-end=\"1081\"><strong data-start=\"1015\" data-end=\"1027\">\u0627\u0644\u062a\u062e\u0632\u064a\u0646:<\/strong><br data-start=\"1027\" data-end=\"1030\" \/>\u064a\u062d\u0641\u0638 \u0641\u064a \u0645\u0643\u0627\u0646 \u0628\u0627\u0631\u062f \u0648\u062c\u0627\u0641\u060c \u0648\u064a\u0641\u0636\u0644 \u0641\u064a \u0648\u0639\u0627\u0621 \u0645\u062d\u0643\u0645 \u0627\u0644\u0625\u063a\u0644\u0627\u0642.<\/p>\n<p data-start=\"1107\" data-end=\"1223\">Les noix de p\u00e9can sont des fruits secs de haute qualit\u00e9, appr\u00e9ci\u00e9s pour leur saveur riche et leur texture croquante.<\/p>\n<p data-start=\"1225\" data-end=\"1242\"><strong data-start=\"1225\" data-end=\"1240\">\u2705 \u0627\u0644\u0645\u0645\u064a\u0632\u0627\u062a :<\/strong><\/p>\n<ul data-start=\"1243\" data-end=\"1363\">\n<li data-start=\"1243\" data-end=\"1269\">\n<p data-start=\"1245\" data-end=\"1269\">Riches en bons lipides<\/p>\n<\/li>\n<li data-start=\"1270\" data-end=\"1300\">\n<p data-start=\"1272\" data-end=\"1300\">Source naturelle d\u2019\u00e9nergie<\/p>\n<\/li>\n<li data-start=\"1301\" data-end=\"1333\">\n<p data-start=\"1303\" data-end=\"1333\">Contiennent des antioxydants<\/p>\n<\/li>\n<li data-start=\"1334\" data-end=\"1363\">\n<p data-start=\"1336\" data-end=\"1363\">Id\u00e9ales pour les sportifs<\/p>\n<\/li>\n<\/ul>\n<p data-start=\"1365\" data-end=\"1384\"><strong data-start=\"1365\" data-end=\"1382\">\u0627\u0644\u0627\u0633\u062a\u0639\u0645\u0627\u0644\u0627\u062a<\/strong><\/p>\n<ul data-start=\"1385\" data-end=\"1469\">\n<li data-start=\"1385\" data-end=\"1397\">\n<p data-start=\"1387\" data-end=\"1397\">En snack<\/p>\n<\/li>\n<li data-start=\"1398\" data-end=\"1434\">\n<p data-start=\"1400\" data-end=\"1434\">En p\u00e2tisserie (cookies, g\u00e2teaux)<\/p>\n<\/li>\n<li data-start=\"1435\" data-end=\"1469\">\n<p data-start=\"1437\" data-end=\"1469\">Dans les salades ou le granola<\/p>\n<\/li>\n<\/ul>\n<p data-start=\"1471\" data-end=\"1577\"><strong data-start=\"1471\" data-end=\"1489\">Conservation :<\/strong><br data-start=\"1489\" data-end=\"1492\" \/>\u00c0 conserver dans un endroit frais et sec, de pr\u00e9f\u00e9rence dans un r\u00e9cipient herm\u00e9tique.<\/p>","protected":false},"excerpt":{"rendered":"<p data-start=\"327\" data-end=\"457\">\u062c\u0648\u0632 \u0627\u0644\u0628\u064a\u0643\u0627\u0646 \u0627\u0644\u0641\u0627\u062e\u0631 \u0628\u0642\u0648\u0627\u0645 \u0645\u0642\u0631\u0645\u0634 \u0648\u0637\u0639\u0645 \u063a\u0646\u064a \u0645\u0627\u0626\u0644 \u0644\u0644\u062d\u0644\u0627\u0648\u0629\u060c \u0645\u062b\u0627\u0644\u064a \u0644\u0644\u0648\u062c\u0628\u0627\u062a \u0627\u0644\u0635\u062d\u064a\u0629\u060c \u0627\u0644\u062d\u0644\u0648\u064a\u0627\u062a \u0648\u0627\u0644\u0645\u062e\u0628\u0648\u0632\u0627\u062a. \u0645\u0635\u062f\u0631 \u0637\u0628\u064a\u0639\u064a \u0644\u0644\u0637\u0627\u0642\u0629 \u0648\u0627\u0644\u062f\u0647\u0648\u0646 \u0627\u0644\u0635\u062d\u064a\u0629.<\/p>\n<h3 data-start=\"459\" data-end=\"473\"><\/h3>\n<p data-start=\"474\" data-end=\"622\">Noix de p\u00e9can premium au go\u00fbt riche l\u00e9g\u00e8rement sucr\u00e9 et \u00e0 la texture croquante. Id\u00e9ales pour les snacks, p\u00e2tisseries et une alimentation \u00e9quilibr\u00e9e.<\/p>","protected":false},"featured_media":6584,"comment_status":"open","ping_status":"closed","template":"","meta":{"iawp_total_views":96,"_joinchat":[]},"product_brand":[],"product_cat":[40],"product_tag":[],"class_list":{"0":"post-6583","1":"product","2":"type-product","3":"status-publish","4":"has-post-thumbnail","6":"product_cat-fruits-secs","8":"first","9":"instock","10":"shipping-taxable","11":"purchasable","12":"product-type-variable"},"aioseo_notices":[],"jetpack_sharing_enabled":true,"_links":{"self":[{"href":"https:\/\/oncleachour.ma\/ar\/wp-json\/wp\/v2\/product\/6583","targetHints":{"allow":["GET"]}}],"collection":[{"href":"https:\/\/oncleachour.ma\/ar\/wp-json\/wp\/v2\/product"}],"about":[{"href":"https:\/\/oncleachour.ma\/ar\/wp-json\/wp\/v2\/types\/product"}],"replies":[{"embeddable":true,"href":"https:\/\/oncleachour.ma\/ar\/wp-json\/wp\/v2\/comments?post=6583"}],"wp:featuredmedia":[{"embeddable":true,"href":"https:\/\/oncleachour.ma\/ar\/wp-json\/wp\/v2\/media\/6584"}],"wp:attachment":[{"href":"https:\/\/oncleachour.ma\/ar\/wp-json\/wp\/v2\/media?parent=6583"}],"wp:term":[{"taxonomy":"product_brand","embeddable":true,"href":"https:\/\/oncleachour.ma\/ar\/wp-json\/wp\/v2\/product_brand?post=6583"},{"taxonomy":"product_cat","embeddable":true,"href":"https:\/\/oncleachour.ma\/ar\/wp-json\/wp\/v2\/product_cat?post=6583"},{"taxonomy":"product_tag","embeddable":true,"href":"https:\/\/oncleachour.ma\/ar\/wp-json\/wp\/v2\/product_tag?post=6583"}],"curies":[{"name":"wp","href":"https:\/\/api.w.org\/{rel}","templated":true}]}}