{"id":6587,"date":"2026-02-15T16:17:51","date_gmt":"2026-02-15T16:17:51","guid":{"rendered":"https:\/\/oncleachour.ma\/?post_type=product&#038;p=6587"},"modified":"2026-02-16T13:56:27","modified_gmt":"2026-02-16T13:56:27","slug":"%d8%ac%d9%88%d8%b2-%d8%a7%d9%84%d8%a8%d8%b1%d8%a7%d8%b2%d9%8a%d9%84-%d8%a7%d9%84%d8%b7%d8%a8%d9%8a%d8%b9%d9%8a-noix-du-bresil-naturelles","status":"publish","type":"product","link":"https:\/\/oncleachour.ma\/ar\/product\/%d8%ac%d9%88%d8%b2-%d8%a7%d9%84%d8%a8%d8%b1%d8%a7%d8%b2%d9%8a%d9%84-%d8%a7%d9%84%d8%b7%d8%a8%d9%8a%d8%b9%d9%8a-noix-du-bresil-naturelles\/","title":{"rendered":"\u062c\u0648\u0632 \u0627\u0644\u0628\u0631\u0627\u0632\u064a\u0644 \u0627\u0644\u0637\u0628\u064a\u0639\u064a &#8211; Noix du Br\u00e9sil Naturelles"},"content":{"rendered":"<p data-start=\"656\" data-end=\"785\">\u062c\u0648\u0632 \u0627\u0644\u0628\u0631\u0627\u0632\u064a\u0644 \u0645\u0646 \u0627\u0644\u0645\u0643\u0633\u0631\u0627\u062a \u0627\u0644\u0641\u0627\u062e\u0631\u0629 \u0630\u0627\u062a \u0627\u0644\u0642\u064a\u0645\u0629 \u0627\u0644\u063a\u0630\u0627\u0626\u064a\u0629 \u0627\u0644\u0639\u0627\u0644\u064a\u0629\u060c \u064a\u064f\u0639\u0631\u0641 \u0628\u063a\u0646\u0627\u0647 \u0628\u0645\u0639\u062f\u0646 \u0627\u0644\u0633\u064a\u0644\u064a\u0646\u064a\u0648\u0645 \u0627\u0644\u0645\u0647\u0645 \u0644\u062f\u0639\u0645 \u0627\u0644\u0645\u0646\u0627\u0639\u0629 \u0648\u0635\u062d\u0629 \u0627\u0644\u063a\u062f\u0629 \u0627\u0644\u062f\u0631\u0642\u064a\u0629.<\/p>\n<p data-start=\"787\" data-end=\"811\"><strong data-start=\"787\" data-end=\"809\">\u0627\u0644\u0645\u0645\u064a\u0632\u0627\u062a \u0627\u0644\u063a\u0630\u0627\u0626\u064a\u0629:<\/strong><\/p>\n<ul data-start=\"812\" data-end=\"909\">\n<li data-start=\"812\" data-end=\"831\">\n<p data-start=\"814\" data-end=\"831\">\u063a\u0646\u064a \u0628\u0627\u0644\u0633\u064a\u0644\u064a\u0646\u064a\u0648\u0645<\/p>\n<\/li>\n<li data-start=\"832\" data-end=\"858\">\n<p data-start=\"834\" data-end=\"858\">\u0645\u0635\u062f\u0631 \u062c\u064a\u062f \u0644\u0644\u062f\u0647\u0648\u0646 \u0627\u0644\u0635\u062d\u064a\u0629<\/p>\n<\/li>\n<li data-start=\"859\" data-end=\"885\">\n<p data-start=\"861\" data-end=\"885\">\u064a\u062d\u062a\u0648\u064a \u0639\u0644\u0649 \u0628\u0631\u0648\u062a\u064a\u0646 \u0646\u0628\u0627\u062a\u064a<\/p>\n<\/li>\n<li data-start=\"886\" data-end=\"909\">\n<p data-start=\"888\" data-end=\"909\">\u064a\u062f\u0639\u0645 \u0627\u0644\u0637\u0627\u0642\u0629 \u0627\u0644\u064a\u0648\u0645\u064a\u0629<\/p>\n<\/li>\n<\/ul>\n<p data-start=\"911\" data-end=\"933\"><strong data-start=\"911\" data-end=\"931\">\u0637\u0631\u064a\u0642\u0629 \u0627\u0644\u0627\u0633\u062a\u0639\u0645\u0627\u0644:<\/strong><\/p>\n<ul data-start=\"934\" data-end=\"1018\">\n<li data-start=\"934\" data-end=\"954\">\n<p data-start=\"936\" data-end=\"954\">\u064a\u0624\u0643\u0644 \u0643\u0648\u062c\u0628\u0629 \u062e\u0641\u064a\u0641\u0629<\/p>\n<\/li>\n<li data-start=\"955\" data-end=\"986\">\n<p data-start=\"957\" data-end=\"986\">\u064a\u0636\u0627\u0641 \u0625\u0644\u0649 \u0627\u0644\u062c\u0631\u0627\u0646\u0648\u0644\u0627 \u0648\u0627\u0644\u0634\u0648\u0641\u0627\u0646<\/p>\n<\/li>\n<li data-start=\"987\" data-end=\"1018\">\n<p data-start=\"989\" data-end=\"1018\">\u064a\u062f\u062e\u0644 \u0641\u064a \u0627\u0644\u062d\u0644\u0648\u064a\u0627\u062a \u0648\u0627\u0644\u0645\u062e\u0628\u0648\u0632\u0627\u062a<\/p>\n<\/li>\n<\/ul>\n<p data-start=\"1020\" data-end=\"1086\"><strong data-start=\"1020\" data-end=\"1032\">\u0627\u0644\u062a\u062e\u0632\u064a\u0646:<\/strong><br data-start=\"1032\" data-end=\"1035\" \/>\u064a\u062d\u0641\u0638 \u0641\u064a \u0645\u0643\u0627\u0646 \u0628\u0627\u0631\u062f \u0648\u062c\u0627\u0641\u060c \u0648\u064a\u0641\u0636\u0644 \u0641\u064a \u0648\u0639\u0627\u0621 \u0645\u062d\u0643\u0645 \u0627\u0644\u0625\u063a\u0644\u0627\u0642.<\/p>\n<p data-start=\"1112\" data-end=\"1259\">Les noix du Br\u00e9sil sont des fruits secs premium, r\u00e9put\u00e9es pour leur forte teneur en s\u00e9l\u00e9nium, essentiel pour le syst\u00e8me immunitaire et la thyro\u00efde.<\/p>\n<p data-start=\"1261\" data-end=\"1278\"><strong data-start=\"1261\" data-end=\"1276\">Bienfaits :<\/strong><\/p>\n<ul data-start=\"1279\" data-end=\"1404\">\n<li data-start=\"1279\" data-end=\"1306\">\n<p data-start=\"1281\" data-end=\"1306\">Tr\u00e8s riches en s\u00e9l\u00e9nium<\/p>\n<\/li>\n<li data-start=\"1307\" data-end=\"1333\">\n<p data-start=\"1309\" data-end=\"1333\">Source de bons lipides<\/p>\n<\/li>\n<li data-start=\"1334\" data-end=\"1373\">\n<p data-start=\"1336\" data-end=\"1373\">Contiennent des prot\u00e9ines v\u00e9g\u00e9tales<\/p>\n<\/li>\n<li data-start=\"1374\" data-end=\"1404\">\n<p data-start=\"1376\" data-end=\"1404\">Apport \u00e9nerg\u00e9tique naturel<\/p>\n<\/li>\n<\/ul>\n<p data-start=\"1406\" data-end=\"1425\"><strong data-start=\"1406\" data-end=\"1423\">\u0627\u0644\u0627\u0633\u062a\u0639\u0645\u0627\u0644\u0627\u062a<\/strong><\/p>\n<ul data-start=\"1426\" data-end=\"1492\">\n<li data-start=\"1426\" data-end=\"1438\">\n<p data-start=\"1428\" data-end=\"1438\">En snack<\/p>\n<\/li>\n<li data-start=\"1439\" data-end=\"1474\">\n<p data-start=\"1441\" data-end=\"1474\">Dans le granola et les c\u00e9r\u00e9ales<\/p>\n<\/li>\n<li data-start=\"1475\" data-end=\"1492\">\n<p data-start=\"1477\" data-end=\"1492\">En p\u00e2tisserie<\/p>\n<\/li>\n<\/ul>\n<p data-start=\"1494\" data-end=\"1556\"><strong data-start=\"1494\" data-end=\"1512\">Conservation :<\/strong><br data-start=\"1512\" data-end=\"1515\" \/>\u00c0 conserver dans un endroit frais et sec.<\/p>","protected":false},"excerpt":{"rendered":"<p data-start=\"312\" data-end=\"438\">\u062c\u0648\u0632 \u0627\u0644\u0628\u0631\u0627\u0632\u064a\u0644 \u0627\u0644\u0637\u0628\u064a\u0639\u064a \u0645\u0646 \u0627\u0644\u0645\u0643\u0633\u0631\u0627\u062a \u0627\u0644\u063a\u0646\u064a\u0629 \u0628\u0627\u0644\u0633\u064a\u0644\u064a\u0646\u064a\u0648\u0645 \u0648\u0627\u0644\u0639\u0646\u0627\u0635\u0631 \u0627\u0644\u063a\u0630\u0627\u0626\u064a\u0629\u060c \u064a\u062a\u0645\u064a\u0632 \u0628\u0642\u0648\u0627\u0645\u0647 \u0627\u0644\u0643\u0631\u064a\u0645\u064a \u0648\u0637\u0639\u0645\u0647 \u0627\u0644\u063a\u0646\u064a\u060c \u0645\u062b\u0627\u0644\u064a \u0644\u0644\u0648\u062c\u0628\u0627\u062a \u0627\u0644\u0635\u062d\u064a\u0629.<\/p>\n<h3 data-start=\"440\" data-end=\"454\"><\/h3>\n<p data-start=\"455\" data-end=\"597\">Les noix du Br\u00e9sil sont riches en s\u00e9l\u00e9nium et en nutriments essentiels. Texture cr\u00e9meuse et go\u00fbt d\u00e9licat, id\u00e9ales pour une alimentation saine.<\/p>","protected":false},"featured_media":6589,"comment_status":"open","ping_status":"closed","template":"","meta":{"iawp_total_views":126,"_joinchat":[]},"product_brand":[],"product_cat":[40],"product_tag":[],"class_list":{"0":"post-6587","1":"product","2":"type-product","3":"status-publish","4":"has-post-thumbnail","6":"product_cat-fruits-secs","8":"first","9":"instock","10":"shipping-taxable","11":"purchasable","12":"product-type-variable"},"aioseo_notices":[],"jetpack_sharing_enabled":true,"_links":{"self":[{"href":"https:\/\/oncleachour.ma\/ar\/wp-json\/wp\/v2\/product\/6587","targetHints":{"allow":["GET"]}}],"collection":[{"href":"https:\/\/oncleachour.ma\/ar\/wp-json\/wp\/v2\/product"}],"about":[{"href":"https:\/\/oncleachour.ma\/ar\/wp-json\/wp\/v2\/types\/product"}],"replies":[{"embeddable":true,"href":"https:\/\/oncleachour.ma\/ar\/wp-json\/wp\/v2\/comments?post=6587"}],"wp:featuredmedia":[{"embeddable":true,"href":"https:\/\/oncleachour.ma\/ar\/wp-json\/wp\/v2\/media\/6589"}],"wp:attachment":[{"href":"https:\/\/oncleachour.ma\/ar\/wp-json\/wp\/v2\/media?parent=6587"}],"wp:term":[{"taxonomy":"product_brand","embeddable":true,"href":"https:\/\/oncleachour.ma\/ar\/wp-json\/wp\/v2\/product_brand?post=6587"},{"taxonomy":"product_cat","embeddable":true,"href":"https:\/\/oncleachour.ma\/ar\/wp-json\/wp\/v2\/product_cat?post=6587"},{"taxonomy":"product_tag","embeddable":true,"href":"https:\/\/oncleachour.ma\/ar\/wp-json\/wp\/v2\/product_tag?post=6587"}],"curies":[{"name":"wp","href":"https:\/\/api.w.org\/{rel}","templated":true}]}}