{"id":6592,"date":"2026-02-15T16:24:21","date_gmt":"2026-02-15T16:24:21","guid":{"rendered":"https:\/\/oncleachour.ma\/?post_type=product&#038;p=6592"},"modified":"2026-04-25T14:13:55","modified_gmt":"2026-04-25T14:13:55","slug":"%d8%ac%d9%88%d8%b2-%d8%a7%d9%84%d9%85%d9%83%d8%a7%d8%af%d9%8a%d9%85%d9%8a%d8%a7-%d8%a7%d9%84%d9%81%d8%a7%d8%ae%d8%b1-noix-de-macadamia-premium","status":"publish","type":"product","link":"https:\/\/oncleachour.ma\/ar\/product\/%d8%ac%d9%88%d8%b2-%d8%a7%d9%84%d9%85%d9%83%d8%a7%d8%af%d9%8a%d9%85%d9%8a%d8%a7-%d8%a7%d9%84%d9%81%d8%a7%d8%ae%d8%b1-noix-de-macadamia-premium\/","title":{"rendered":"\u0627\u0644\u0641\u0627\u062e\u0631 &#8211;  Macadamia"},"content":{"rendered":"<p data-start=\"687\" data-end=\"779\">\u062c\u0648\u0632 \u0627\u0644\u0645\u0643\u0627\u062f\u064a\u0645\u064a\u0627 \u0645\u0646 \u0623\u0641\u062e\u0645 \u0623\u0646\u0648\u0627\u0639 \u0627\u0644\u0645\u0643\u0633\u0631\u0627\u062a \u0641\u064a \u0627\u0644\u0639\u0627\u0644\u0645\u060c \u064a\u062a\u0645\u064a\u0632 \u0628\u0637\u0639\u0645\u0647 \u0627\u0644\u0646\u0627\u0639\u0645 \u0648\u0642\u064a\u0645\u062a\u0647 \u0627\u0644\u063a\u0630\u0627\u0626\u064a\u0629 \u0627\u0644\u0639\u0627\u0644\u064a\u0629.<\/p>\n<p data-start=\"781\" data-end=\"805\"><strong data-start=\"781\" data-end=\"803\">\u0627\u0644\u0645\u0645\u064a\u0632\u0627\u062a \u0627\u0644\u063a\u0630\u0627\u0626\u064a\u0629:<\/strong><\/p>\n<ul data-start=\"806\" data-end=\"940\">\n<li data-start=\"806\" data-end=\"837\">\n<p data-start=\"808\" data-end=\"837\">\u063a\u0646\u064a \u0628\u0627\u0644\u062f\u0647\u0648\u0646 \u0627\u0644\u0635\u062d\u064a\u0629 \u0627\u0644\u0623\u062d\u0627\u062f\u064a\u0629<\/p>\n<\/li>\n<li data-start=\"838\" data-end=\"859\">\n<p data-start=\"840\" data-end=\"859\">\u0645\u0635\u062f\u0631 \u0637\u0628\u064a\u0639\u064a \u0644\u0644\u0637\u0627\u0642\u0629<\/p>\n<\/li>\n<li data-start=\"860\" data-end=\"888\">\n<p data-start=\"862\" data-end=\"888\">\u064a\u062d\u062a\u0648\u064a \u0639\u0644\u0649 \u0645\u0636\u0627\u062f\u0627\u062a \u0627\u0644\u0623\u0643\u0633\u062f\u0629<\/p>\n<\/li>\n<li data-start=\"889\" data-end=\"940\">\n<p data-start=\"891\" data-end=\"940\">\u0645\u0646\u0627\u0633\u0628 \u0644\u0646\u0638\u0627\u0645 \u0627\u0644\u0643\u064a\u062a\u0648 \u0648\u0627\u0644\u0623\u0646\u0638\u0645\u0629 \u0645\u0646\u062e\u0641\u0636\u0629 \u0627\u0644\u0643\u0631\u0628\u0648\u0647\u064a\u062f\u0631\u0627\u062a<\/p>\n<\/li>\n<\/ul>\n<p data-start=\"942\" data-end=\"964\"><strong data-start=\"942\" data-end=\"962\">\u0637\u0631\u064a\u0642\u0629 \u0627\u0644\u0627\u0633\u062a\u0639\u0645\u0627\u0644:<\/strong><\/p>\n<ul data-start=\"965\" data-end=\"1058\">\n<li data-start=\"965\" data-end=\"991\">\n<p data-start=\"967\" data-end=\"991\">\u064a\u0624\u0643\u0644 \u0643\u0648\u062c\u0628\u0629 \u062e\u0641\u064a\u0641\u0629 \u0641\u0627\u062e\u0631\u0629<\/p>\n<\/li>\n<li data-start=\"992\" data-end=\"1027\">\n<p data-start=\"994\" data-end=\"1027\">\u064a\u062f\u062e\u0644 \u0641\u064a \u062a\u062d\u0636\u064a\u0631 \u0627\u0644\u0643\u0648\u0643\u064a\u0632 \u0648\u0627\u0644\u062d\u0644\u0648\u064a\u0627\u062a<\/p>\n<\/li>\n<li data-start=\"1028\" data-end=\"1058\">\n<p data-start=\"1030\" data-end=\"1058\">\u064a\u0636\u0627\u0641 \u0644\u0644\u0633\u0644\u0637\u0627\u062a \u0623\u0648 \u0627\u0644\u0634\u0648\u0643\u0648\u0644\u0627\u062a\u0629<\/p>\n<\/li>\n<\/ul>\n<p data-start=\"1060\" data-end=\"1126\"><strong data-start=\"1060\" data-end=\"1072\">\u0627\u0644\u062a\u062e\u0632\u064a\u0646:<\/strong><br data-start=\"1072\" data-end=\"1075\" \/>\u064a\u062d\u0641\u0638 \u0641\u064a \u0645\u0643\u0627\u0646 \u0628\u0627\u0631\u062f \u0648\u062c\u0627\u0641 \u0648\u064a\u0641\u0636\u0644 \u0641\u064a \u0639\u0644\u0628\u0629 \u0645\u062d\u0643\u0645\u0629 \u0627\u0644\u0625\u063a\u0644\u0627\u0642.<\/p>\n<p data-start=\"1152\" data-end=\"1294\">Les noix de macadamia sont parmi les fruits secs les plus raffin\u00e9s, reconnues pour leur texture fondante et leur valeur nutritionnelle \u00e9lev\u00e9e.<\/p>\n<p data-start=\"1296\" data-end=\"1313\"><strong data-start=\"1296\" data-end=\"1311\">Bienfaits :<\/strong><\/p>\n<ul data-start=\"1314\" data-end=\"1449\">\n<li data-start=\"1314\" data-end=\"1357\">\n<p data-start=\"1316\" data-end=\"1357\">Riches en bons lipides (mono-insatur\u00e9s)<\/p>\n<\/li>\n<li data-start=\"1358\" data-end=\"1388\">\n<p data-start=\"1360\" data-end=\"1388\">Source d\u2019\u00e9nergie naturelle<\/p>\n<\/li>\n<li data-start=\"1389\" data-end=\"1421\">\n<p data-start=\"1391\" data-end=\"1421\">Contiennent des antioxydants<\/p>\n<\/li>\n<li data-start=\"1422\" data-end=\"1449\">\n<p data-start=\"1424\" data-end=\"1449\">Adapt\u00e9es au r\u00e9gime keto<\/p>\n<\/li>\n<\/ul>\n<p data-start=\"1451\" data-end=\"1470\"><strong data-start=\"1451\" data-end=\"1468\">\u0627\u0644\u0627\u0633\u062a\u0639\u0645\u0627\u0644\u0627\u062a<\/strong><\/p>\n<ul data-start=\"1471\" data-end=\"1558\">\n<li data-start=\"1471\" data-end=\"1491\">\n<p data-start=\"1473\" data-end=\"1491\">En snack premium<\/p>\n<\/li>\n<li data-start=\"1492\" data-end=\"1529\">\n<p data-start=\"1494\" data-end=\"1529\">En p\u00e2tisserie (cookies, desserts)<\/p>\n<\/li>\n<li data-start=\"1530\" data-end=\"1558\">\n<p data-start=\"1532\" data-end=\"1558\">Avec chocolat ou salades<\/p>\n<\/li>\n<\/ul>\n<p data-start=\"1560\" data-end=\"1622\"><strong data-start=\"1560\" data-end=\"1578\">Conservation :<\/strong><br data-start=\"1578\" data-end=\"1581\" \/>\u00c0 conserver dans un endroit frais et sec.<\/p>","protected":false},"excerpt":{"rendered":"<p data-start=\"329\" data-end=\"456\">\u062c\u0648\u0632 \u0627\u0644\u0645\u0643\u0627\u062f\u064a\u0645\u064a\u0627 \u0627\u0644\u0641\u0627\u062e\u0631 \u0628\u0642\u0648\u0627\u0645\u0647 \u0627\u0644\u0643\u0631\u064a\u0645\u064a \u0648\u0637\u0639\u0645\u0647 \u0627\u0644\u063a\u0646\u064a \u0627\u0644\u0645\u0627\u0626\u0644 \u0644\u0644\u0632\u0628\u062f\u0629\u060c \u0645\u0646 \u0623\u0641\u062e\u0631 \u0623\u0646\u0648\u0627\u0639 \u0627\u0644\u0645\u0643\u0633\u0631\u0627\u062a\u060c \u0645\u062b\u0627\u0644\u064a \u0644\u0644\u0648\u062c\u0628\u0627\u062a \u0627\u0644\u0635\u062d\u064a\u0629 \u0648\u0627\u0644\u062d\u0644\u0648\u064a\u0627\u062a \u0627\u0644\u0631\u0627\u0642\u064a\u0629.<\/p>\n<h3 data-start=\"458\" data-end=\"472\"><\/h3>\n<p data-start=\"473\" data-end=\"628\">Les noix de macadamia premium offrent une texture cr\u00e9meuse et un go\u00fbt d\u00e9licatement beurr\u00e9. Id\u00e9ales pour les snacks raffin\u00e9s et la p\u00e2tisserie haut de gamme.<\/p>","protected":false},"featured_media":6593,"comment_status":"open","ping_status":"closed","template":"","meta":{"iawp_total_views":59,"_joinchat":[]},"product_brand":[],"product_cat":[40],"product_tag":[],"class_list":{"0":"post-6592","1":"product","2":"type-product","3":"status-publish","4":"has-post-thumbnail","6":"product_cat-fruits-secs","8":"first","9":"instock","10":"shipping-taxable","11":"purchasable","12":"product-type-variable"},"aioseo_notices":[],"jetpack_sharing_enabled":true,"_links":{"self":[{"href":"https:\/\/oncleachour.ma\/ar\/wp-json\/wp\/v2\/product\/6592","targetHints":{"allow":["GET"]}}],"collection":[{"href":"https:\/\/oncleachour.ma\/ar\/wp-json\/wp\/v2\/product"}],"about":[{"href":"https:\/\/oncleachour.ma\/ar\/wp-json\/wp\/v2\/types\/product"}],"replies":[{"embeddable":true,"href":"https:\/\/oncleachour.ma\/ar\/wp-json\/wp\/v2\/comments?post=6592"}],"wp:featuredmedia":[{"embeddable":true,"href":"https:\/\/oncleachour.ma\/ar\/wp-json\/wp\/v2\/media\/6593"}],"wp:attachment":[{"href":"https:\/\/oncleachour.ma\/ar\/wp-json\/wp\/v2\/media?parent=6592"}],"wp:term":[{"taxonomy":"product_brand","embeddable":true,"href":"https:\/\/oncleachour.ma\/ar\/wp-json\/wp\/v2\/product_brand?post=6592"},{"taxonomy":"product_cat","embeddable":true,"href":"https:\/\/oncleachour.ma\/ar\/wp-json\/wp\/v2\/product_cat?post=6592"},{"taxonomy":"product_tag","embeddable":true,"href":"https:\/\/oncleachour.ma\/ar\/wp-json\/wp\/v2\/product_tag?post=6592"}],"curies":[{"name":"wp","href":"https:\/\/api.w.org\/{rel}","templated":true}]}}