{"id":6596,"date":"2026-02-15T16:35:03","date_gmt":"2026-02-15T16:35:03","guid":{"rendered":"https:\/\/oncleachour.ma\/?post_type=product&#038;p=6596"},"modified":"2026-02-26T16:21:35","modified_gmt":"2026-02-26T16:21:35","slug":"%d8%aa%d9%88%d8%aa-%d8%a7%d9%84%d8%ba%d9%88%d8%ac%d9%8a-%d8%a7%d9%84%d9%85%d8%ac%d9%81%d9%81-%d8%a7%d9%84%d8%b7%d8%a8%d9%8a%d8%b9%d9%8a-baies-de-goji-sechees-naturelles","status":"publish","type":"product","link":"https:\/\/oncleachour.ma\/ar\/product\/%d8%aa%d9%88%d8%aa-%d8%a7%d9%84%d8%ba%d9%88%d8%ac%d9%8a-%d8%a7%d9%84%d9%85%d8%ac%d9%81%d9%81-%d8%a7%d9%84%d8%b7%d8%a8%d9%8a%d8%b9%d9%8a-baies-de-goji-sechees-naturelles\/","title":{"rendered":"\u062a\u0648\u062a \u0627\u0644\u063a\u0648\u062c\u064a \u0627\u0644\u0645\u062c\u0641\u0641 \u0627\u0644\u0637\u0628\u064a\u0639\u064a &#8211; Baies de Goji S\u00e9ch\u00e9es Naturelles"},"content":{"rendered":"<p data-start=\"883\" data-end=\"1062\">\u064a\u064f\u0639\u0631\u0641 \u062a\u0648\u062a \u0627\u0644\u063a\u0648\u062c\u064a \u0628\u0640&#8221;\u0627\u0644\u0641\u0627\u0643\u0647\u0629 \u0627\u0644\u062e\u0627\u0631\u0642\u0629&#8221; \u0644\u0642\u064a\u0645\u062a\u0647 \u0627\u0644\u063a\u0630\u0627\u0626\u064a\u0629 \u0627\u0644\u0639\u0627\u0644\u064a\u0629. \u064a\u062a\u0645\u064a\u0632 \u0628\u0637\u0639\u0645 \u062d\u0644\u0648 \u0645\u0627\u0626\u0644 \u0644\u0644\u062d\u0645\u0648\u0636\u0629\u060c \u0648\u064a\u062d\u062a\u0648\u064a \u0639\u0644\u0649:<br data-start=\"992\" data-end=\"995\" \/>\u2714 \u0645\u0636\u0627\u062f\u0627\u062a \u0623\u0643\u0633\u062f\u0629 \u0642\u0648\u064a\u0629<br data-start=\"1014\" data-end=\"1017\" \/>\u2714 \u0641\u064a\u062a\u0627\u0645\u064a\u0646 C<br data-start=\"1028\" data-end=\"1031\" \/>\u2714 \u0623\u0644\u064a\u0627\u0641 \u0637\u0628\u064a\u0639\u064a\u0629<br data-start=\"1045\" data-end=\"1048\" \/>\u2714 \u0645\u0639\u0627\u062f\u0646 \u0645\u0647\u0645\u0629<\/p>\n<p data-start=\"1064\" data-end=\"1105\">\u0645\u062b\u0627\u0644\u064a \u0644\u0646\u0645\u0637 \u062d\u064a\u0627\u0629 \u0635\u062d\u064a\u060c \u0648\u064a\u0645\u0643\u0646 \u0627\u0633\u062a\u062e\u062f\u0627\u0645\u0647 \u0641\u064a:<\/p>\n<ul data-start=\"1106\" data-end=\"1161\">\n<li data-start=\"1106\" data-end=\"1117\">\n<p data-start=\"1108\" data-end=\"1117\">\u0627\u0644\u0639\u0635\u0627\u0626\u0631<\/p>\n<\/li>\n<li data-start=\"1118\" data-end=\"1129\">\n<p data-start=\"1120\" data-end=\"1129\">\u0627\u0644\u0632\u0628\u0627\u062f\u064a<\/p>\n<\/li>\n<li data-start=\"1130\" data-end=\"1142\">\n<p data-start=\"1132\" data-end=\"1142\">\u0627\u0644\u062d\u0644\u0648\u064a\u0627\u062a<\/p>\n<\/li>\n<li data-start=\"1143\" data-end=\"1161\">\n<p data-start=\"1145\" data-end=\"1161\">\u062e\u0644\u0637\u0627\u062a \u0627\u0644\u0645\u0643\u0633\u0631\u0627\u062a<\/p>\n<\/li>\n<li data-start=\"1143\" data-end=\"1161\">\n<p data-start=\"1163\" data-end=\"1420\">Les baies de goji sont connues comme un &#8220;super aliment&#8221; gr\u00e2ce \u00e0 leur haute valeur nutritionnelle. Leur go\u00fbt est l\u00e9g\u00e8rement sucr\u00e9 et acidul\u00e9. Elles contiennent :<br data-start=\"1330\" data-end=\"1333\" \/>\u2714 Antioxydants puissants<br data-start=\"1357\" data-end=\"1360\" \/>\u2714 Vitamine C<br data-start=\"1372\" data-end=\"1375\" \/>\u2714 Fibres naturelles<br data-start=\"1394\" data-end=\"1397\" \/>\u2714 Min\u00e9raux essentiels<\/p>\n<p data-start=\"1422\" data-end=\"1477\">Parfaites pour un mode de vie sain. \u00c0 utiliser dans :<\/p>\n<ul data-start=\"1478\" data-end=\"1543\">\n<li data-start=\"1478\" data-end=\"1491\">\n<p data-start=\"1480\" data-end=\"1491\">Smoothies<\/p>\n<\/li>\n<li data-start=\"1492\" data-end=\"1502\">\n<p data-start=\"1494\" data-end=\"1502\">Yaourt<\/p>\n<\/li>\n<li data-start=\"1503\" data-end=\"1515\">\n<p data-start=\"1505\" data-end=\"1515\">Desserts<\/p>\n<\/li>\n<li data-start=\"1516\" data-end=\"1543\">\n<p data-start=\"1518\" data-end=\"1543\">M\u00e9langes de fruits secs<\/p>\n<\/li>\n<\/ul>\n<\/li>\n<\/ul>","protected":false},"excerpt":{"rendered":"<p data-start=\"492\" data-end=\"647\"><br data-start=\"496\" data-end=\"499\" \/>\u062a\u0648\u062a \u0627\u0644\u063a\u0648\u062c\u064a \u0627\u0644\u0645\u062c\u0641\u0641 \u0637\u0628\u064a\u0639\u064a 100%\u060c \u063a\u0646\u064a \u0628\u0645\u0636\u0627\u062f\u0627\u062a \u0627\u0644\u0623\u0643\u0633\u062f\u0629 \u0648\u0627\u0644\u0641\u064a\u062a\u0627\u0645\u064a\u0646\u0627\u062a\u060c \u0645\u062b\u0627\u0644\u064a \u0644\u062a\u0639\u0632\u064a\u0632 \u0627\u0644\u0637\u0627\u0642\u0629 \u0648\u0627\u0644\u0645\u0646\u0627\u0639\u0629. \u064a\u0645\u0643\u0646 \u062a\u0646\u0627\u0648\u0644\u0647 \u0643\u0648\u062c\u0628\u0629 \u062e\u0641\u064a\u0641\u0629 \u0623\u0648 \u0625\u0636\u0627\u0641\u062a\u0647 \u0644\u0644\u0639\u0635\u0627\u0626\u0631 \u0648\u0627\u0644\u062d\u0644\u0648\u064a\u0627\u062a.<\/p>\n<p data-start=\"649\" data-end=\"836\"><br data-start=\"653\" data-end=\"656\" \/>Baies de goji 100% naturelles, riches en antioxydants et vitamines. Id\u00e9ales pour renforcer l\u2019\u00e9nergie et l\u2019immunit\u00e9. \u00c0 consommer en collation ou \u00e0 ajouter aux smoothies et desserts.<\/p>","protected":false},"featured_media":6597,"comment_status":"open","ping_status":"closed","template":"","meta":{"iawp_total_views":224,"_joinchat":[]},"product_brand":[],"product_cat":[66,40],"product_tag":[],"class_list":{"0":"post-6596","1":"product","2":"type-product","3":"status-publish","4":"has-post-thumbnail","6":"product_cat-fruits-seche","7":"product_cat-fruits-secs","9":"first","10":"instock","11":"shipping-taxable","12":"purchasable","13":"product-type-variable"},"aioseo_notices":[],"jetpack_sharing_enabled":true,"_links":{"self":[{"href":"https:\/\/oncleachour.ma\/ar\/wp-json\/wp\/v2\/product\/6596","targetHints":{"allow":["GET"]}}],"collection":[{"href":"https:\/\/oncleachour.ma\/ar\/wp-json\/wp\/v2\/product"}],"about":[{"href":"https:\/\/oncleachour.ma\/ar\/wp-json\/wp\/v2\/types\/product"}],"replies":[{"embeddable":true,"href":"https:\/\/oncleachour.ma\/ar\/wp-json\/wp\/v2\/comments?post=6596"}],"wp:featuredmedia":[{"embeddable":true,"href":"https:\/\/oncleachour.ma\/ar\/wp-json\/wp\/v2\/media\/6597"}],"wp:attachment":[{"href":"https:\/\/oncleachour.ma\/ar\/wp-json\/wp\/v2\/media?parent=6596"}],"wp:term":[{"taxonomy":"product_brand","embeddable":true,"href":"https:\/\/oncleachour.ma\/ar\/wp-json\/wp\/v2\/product_brand?post=6596"},{"taxonomy":"product_cat","embeddable":true,"href":"https:\/\/oncleachour.ma\/ar\/wp-json\/wp\/v2\/product_cat?post=6596"},{"taxonomy":"product_tag","embeddable":true,"href":"https:\/\/oncleachour.ma\/ar\/wp-json\/wp\/v2\/product_tag?post=6596"}],"curies":[{"name":"wp","href":"https:\/\/api.w.org\/{rel}","templated":true}]}}