{"id":6613,"date":"2026-02-15T17:15:54","date_gmt":"2026-02-15T17:15:54","guid":{"rendered":"https:\/\/oncleachour.ma\/?post_type=product&#038;p=6613"},"modified":"2026-02-16T14:20:34","modified_gmt":"2026-02-16T14:20:34","slug":"%d9%83%d9%88%d9%83%d8%a7%d9%88-%d9%85%d8%ba%d9%84%d9%81-%d8%a8%d8%a8%d8%b0%d9%88%d8%b1-%d8%a7%d9%84%d9%83%d8%aa%d8%a7%d9%86-arachides-enrobees-aux-graines-de-lin","status":"publish","type":"product","link":"https:\/\/oncleachour.ma\/ar\/product\/%d9%83%d9%88%d9%83%d8%a7%d9%88-%d9%85%d8%ba%d9%84%d9%81-%d8%a8%d8%a8%d8%b0%d9%88%d8%b1-%d8%a7%d9%84%d9%83%d8%aa%d8%a7%d9%86-arachides-enrobees-aux-graines-de-lin\/","title":{"rendered":"\u0643\u0627\u0648\u0643\u0627\u0648 \u0645\u063a\u0644\u0641 \u0628\u0628\u0630\u0648\u0631 \u0627\u0644\u0643\u062a\u0627\u0646 &#8211; Cacahu\u00e8tes enrob\u00e9es de graines de lin"},"content":{"rendered":"<p data-start=\"521\" data-end=\"701\">\u0627\u0633\u062a\u0645\u062a\u0639 \u0628\u0645\u0632\u064a\u062c \u0627\u0644\u0643\u0627\u0648\u0643\u0627\u0648 \u0627\u0644\u0645\u0642\u0631\u0645\u0634 \u0645\u0639 \u0628\u0630\u0648\u0631 \u0627\u0644\u0643\u062a\u0627\u0646 \u0627\u0644\u063a\u0646\u064a\u0629 \u0628\u0627\u0644\u0623\u0644\u064a\u0627\u0641 \u0648\u0623\u0648\u0645\u064a\u063a\u0627 3. \u0645\u0646\u062a\u062c \u064a\u062c\u0645\u0639 \u0628\u064a\u0646 \u0627\u0644\u0637\u0639\u0645 \u0627\u0644\u0644\u0630\u064a\u0630 \u0648\u0627\u0644\u0641\u0648\u0627\u0626\u062f \u0627\u0644\u0635\u062d\u064a\u0629\u060c \u0645\u0646\u0627\u0633\u0628 \u0643\u0648\u062c\u0628\u0629 \u062e\u0641\u064a\u0641\u0629 \u064a\u0648\u0645\u064a\u0629 \u0623\u0648 \u0644\u0644\u062a\u0642\u062f\u064a\u0645 \u0645\u0639 \u0627\u0644\u0634\u0627\u064a.<\/p>\n<p data-start=\"703\" data-end=\"800\">\u2714 \u063a\u0646\u064a \u0628\u0627\u0644\u0628\u0631\u0648\u062a\u064a\u0646 \u0627\u0644\u0646\u0628\u0627\u062a\u064a<br data-start=\"726\" data-end=\"729\" \/>\u2714 \u064a\u062d\u062a\u0648\u064a \u0639\u0644\u0649 \u0623\u0644\u064a\u0627\u0641 \u0637\u0628\u064a\u0639\u064a\u0629<br data-start=\"753\" data-end=\"756\" \/>\u2714 \u0645\u0635\u062f\u0631 \u0644\u0623\u0648\u0645\u064a\u063a\u0627 3<br data-start=\"772\" data-end=\"775\" \/>\u2714 \u064a\u0645\u0646\u062d \u0637\u0627\u0642\u0629 \u0648\u0646\u0643\u0647\u0629 \u0645\u0645\u064a\u0632\u0629<\/p>\n<p data-start=\"802\" data-end=\"1003\"><br data-start=\"821\" data-end=\"824\" \/>Savourez l\u2019alliance parfaite entre la cacahu\u00e8te croquante et les graines de lin riches en fibres et en om\u00e9ga-3. Un snack gourmand et b\u00e9n\u00e9fique pour votre alimentation quotidienne.<\/p>\n<p data-start=\"1005\" data-end=\"1120\">\u2714 Riche en prot\u00e9ines v\u00e9g\u00e9tales<br data-start=\"1035\" data-end=\"1038\" \/>\u2714 Source de fibres<br data-start=\"1056\" data-end=\"1059\" \/>\u2714 Contient des om\u00e9ga-3<br data-start=\"1081\" data-end=\"1084\" \/>\u2714 Apporte \u00e9nergie et saveur unique<\/p>\n<p data-start=\"1570\" data-end=\"1632\">","protected":false},"excerpt":{"rendered":"<p data-start=\"262\" data-end=\"363\">\u0643\u0627\u0648\u0643\u0627\u0648 \u0645\u062d\u0645\u0635 \u0648\u0645\u063a\u0644\u0641 \u0628\u0637\u0628\u0642\u0629 \u0645\u0642\u0631\u0645\u0634\u0629 \u0645\u0646 \u0628\u0630\u0648\u0631 \u0627\u0644\u0643\u062a\u0627\u0646\u060c \u0633\u0646\u0627\u0643 \u063a\u0646\u064a \u0628\u0627\u0644\u0646\u0643\u0647\u0629 \u0648\u0627\u0644\u0642\u064a\u0645\u0629 \u0627\u0644\u063a\u0630\u0627\u0626\u064a\u0629.<\/p>\n<p data-start=\"365\" data-end=\"493\"><br data-start=\"384\" data-end=\"387\" \/>Cacahu\u00e8tes grill\u00e9es enrob\u00e9es d\u2019une couche croustillante de graines de lin, un snack savoureux et nutritif.<\/p>","protected":false},"featured_media":6614,"comment_status":"open","ping_status":"closed","template":"","meta":{"iawp_total_views":41,"_joinchat":[]},"product_brand":[],"product_cat":[40],"product_tag":[],"class_list":{"0":"post-6613","1":"product","2":"type-product","3":"status-publish","4":"has-post-thumbnail","6":"product_cat-fruits-secs","8":"first","9":"instock","10":"shipping-taxable","11":"purchasable","12":"product-type-variable"},"aioseo_notices":[],"jetpack_sharing_enabled":true,"_links":{"self":[{"href":"https:\/\/oncleachour.ma\/ar\/wp-json\/wp\/v2\/product\/6613","targetHints":{"allow":["GET"]}}],"collection":[{"href":"https:\/\/oncleachour.ma\/ar\/wp-json\/wp\/v2\/product"}],"about":[{"href":"https:\/\/oncleachour.ma\/ar\/wp-json\/wp\/v2\/types\/product"}],"replies":[{"embeddable":true,"href":"https:\/\/oncleachour.ma\/ar\/wp-json\/wp\/v2\/comments?post=6613"}],"wp:featuredmedia":[{"embeddable":true,"href":"https:\/\/oncleachour.ma\/ar\/wp-json\/wp\/v2\/media\/6614"}],"wp:attachment":[{"href":"https:\/\/oncleachour.ma\/ar\/wp-json\/wp\/v2\/media?parent=6613"}],"wp:term":[{"taxonomy":"product_brand","embeddable":true,"href":"https:\/\/oncleachour.ma\/ar\/wp-json\/wp\/v2\/product_brand?post=6613"},{"taxonomy":"product_cat","embeddable":true,"href":"https:\/\/oncleachour.ma\/ar\/wp-json\/wp\/v2\/product_cat?post=6613"},{"taxonomy":"product_tag","embeddable":true,"href":"https:\/\/oncleachour.ma\/ar\/wp-json\/wp\/v2\/product_tag?post=6613"}],"curies":[{"name":"wp","href":"https:\/\/api.w.org\/{rel}","templated":true}]}}