{"id":6617,"date":"2026-02-15T18:21:21","date_gmt":"2026-02-15T18:21:21","guid":{"rendered":"https:\/\/oncleachour.ma\/?post_type=product&#038;p=6617"},"modified":"2026-02-16T14:22:55","modified_gmt":"2026-02-16T14:22:55","slug":"%d9%83%d8%a7%d9%88%d9%83%d8%a7%d9%88-%d9%85%d8%ba%d9%84%d9%81-%d8%a8%d8%a7%d9%84%d9%86%d8%a7%d9%81%d8%b9-cacahuetes-enrobees-de-graines-de-fenouil","status":"publish","type":"product","link":"https:\/\/oncleachour.ma\/ar\/product\/%d9%83%d8%a7%d9%88%d9%83%d8%a7%d9%88-%d9%85%d8%ba%d9%84%d9%81-%d8%a8%d8%a7%d9%84%d9%86%d8%a7%d9%81%d8%b9-cacahuetes-enrobees-de-graines-de-fenouil\/","title":{"rendered":"\u0643\u0627\u0648\u0643\u0627\u0648 \u0645\u063a\u0644\u0641 \u0628\u0627\u0644\u0646\u0627\u0641\u0639 &#8211; Cacahu\u00e8tes enrob\u00e9es de graines de fenouil"},"content":{"rendered":"<p data-start=\"601\" data-end=\"821\">\u0627\u0633\u062a\u0645\u062a\u0639 \u0628\u0637\u0639\u0645 \u0627\u0644\u0643\u0627\u0648\u0643\u0627\u0648 \u0627\u0644\u0645\u0642\u0631\u0645\u0634 \u0627\u0644\u0645\u063a\u0644\u0641 \u0628\u0628\u0630\u0648\u0631 \u0627\u0644\u0646\u0627\u0641\u0639 \u0627\u0644\u0639\u0637\u0631\u064a\u0629\u060c \u0645\u0646\u062a\u062c \u062a\u0642\u0644\u064a\u062f\u064a \u064a\u062c\u0645\u0639 \u0628\u064a\u0646 \u0627\u0644\u0646\u0643\u0647\u0629 \u0627\u0644\u062d\u0644\u0648\u0629 \u0648\u0627\u0644\u0641\u0648\u0627\u0626\u062f \u0627\u0644\u0637\u0628\u064a\u0639\u064a\u0629 \u0644\u0644\u0634\u0645\u0631 \u0627\u0644\u0645\u0639\u0631\u0648\u0641 \u0628\u062f\u0639\u0645\u0647 \u0644\u0639\u0645\u0644\u064a\u0629 \u0627\u0644\u0647\u0636\u0645.<br data-start=\"765\" data-end=\"768\" \/>\u0645\u062b\u0627\u0644\u064a \u0643\u0648\u062c\u0628\u0629 \u062e\u0641\u064a\u0641\u0629\u060c \u0645\u0639 \u0627\u0644\u0634\u0627\u064a\u060c \u0623\u0648 \u0644\u0644\u062a\u0642\u062f\u064a\u0645 \u0641\u064a \u0627\u0644\u0645\u0646\u0627\u0633\u0628\u0627\u062a.<\/p>\n<p data-start=\"823\" data-end=\"914\">\u2714 \u063a\u0646\u064a \u0628\u0627\u0644\u0628\u0631\u0648\u062a\u064a\u0646 \u0627\u0644\u0646\u0628\u0627\u062a\u064a<br data-start=\"846\" data-end=\"849\" \/>\u2714 \u0645\u0635\u062f\u0631 \u062c\u064a\u062f \u0644\u0644\u0637\u0627\u0642\u0629<br data-start=\"866\" data-end=\"869\" \/>\u2714 \u064a\u062d\u062a\u0648\u064a \u0639\u0644\u0649 \u062f\u0647\u0648\u0646 \u0635\u062d\u064a\u0629<br data-start=\"890\" data-end=\"893\" \/>\u2714 \u0646\u0643\u0647\u0629 \u0637\u0628\u064a\u0639\u064a\u0629 \u0645\u0645\u064a\u0632\u0629<\/p>\n<p data-start=\"916\" data-end=\"1152\"><br data-start=\"935\" data-end=\"938\" \/>Savourez des cacahu\u00e8tes croustillantes enrob\u00e9es de graines de fenouil aromatiques. Un produit traditionnel alliant go\u00fbt sucr\u00e9 et bienfaits digestifs du fenouil.<br data-start=\"1098\" data-end=\"1101\" \/>Id\u00e9al en snack, avec le th\u00e9 ou pour vos r\u00e9ceptions.<\/p>\n<p data-start=\"1154\" data-end=\"1279\">\u2714 Riche en prot\u00e9ines v\u00e9g\u00e9tales<br data-start=\"1184\" data-end=\"1187\" \/>\u2714 Bonne source d\u2019\u00e9nergie<br data-start=\"1211\" data-end=\"1214\" \/>\u2714 Contient des bonnes graisses<br data-start=\"1244\" data-end=\"1247\" \/>\u2714 Saveur naturelle et parfum\u00e9e<\/p>\n<p data-start=\"1154\" data-end=\"1279\">","protected":false},"excerpt":{"rendered":"<p data-start=\"281\" data-end=\"413\">\u0643\u0627\u0648\u0643\u0627\u0648 \u0645\u062d\u0645\u0635 \u0648\u0645\u063a\u0644\u0641 \u0628\u0637\u0628\u0642\u0629 \u0645\u0642\u0631\u0645\u0634\u0629 \u0645\u0646 \u0628\u0630\u0648\u0631 \u0627\u0644\u0646\u0627\u0641\u0639 (\u0627\u0644\u0634\u0645\u0631)\u060c \u0645\u0632\u064a\u062c \u0644\u0630\u064a\u0630 \u064a\u062c\u0645\u0639 \u0628\u064a\u0646 \u0627\u0644\u0646\u0643\u0647\u0629 \u0627\u0644\u062d\u0644\u0648\u0629 \u0648\u0627\u0644\u0639\u0637\u0631\u064a\u0629 \u0645\u0639 \u0642\u0631\u0645\u0634\u0629 \u0645\u0645\u064a\u0632\u0629.<\/p>\n<p data-start=\"415\" data-end=\"573\"><br data-start=\"434\" data-end=\"437\" \/>Cacahu\u00e8tes grill\u00e9es enrob\u00e9es d\u2019une fine couche croustillante de graines de fenouil, un m\u00e9lange savoureux entre douceur et ar\u00f4me parfum\u00e9.<\/p>","protected":false},"featured_media":6618,"comment_status":"open","ping_status":"closed","template":"","meta":{"iawp_total_views":65,"_joinchat":[]},"product_brand":[],"product_cat":[40],"product_tag":[],"class_list":{"0":"post-6617","1":"product","2":"type-product","3":"status-publish","4":"has-post-thumbnail","6":"product_cat-fruits-secs","8":"first","9":"instock","10":"shipping-taxable","11":"purchasable","12":"product-type-variable"},"aioseo_notices":[],"jetpack_sharing_enabled":true,"_links":{"self":[{"href":"https:\/\/oncleachour.ma\/ar\/wp-json\/wp\/v2\/product\/6617","targetHints":{"allow":["GET"]}}],"collection":[{"href":"https:\/\/oncleachour.ma\/ar\/wp-json\/wp\/v2\/product"}],"about":[{"href":"https:\/\/oncleachour.ma\/ar\/wp-json\/wp\/v2\/types\/product"}],"replies":[{"embeddable":true,"href":"https:\/\/oncleachour.ma\/ar\/wp-json\/wp\/v2\/comments?post=6617"}],"wp:featuredmedia":[{"embeddable":true,"href":"https:\/\/oncleachour.ma\/ar\/wp-json\/wp\/v2\/media\/6618"}],"wp:attachment":[{"href":"https:\/\/oncleachour.ma\/ar\/wp-json\/wp\/v2\/media?parent=6617"}],"wp:term":[{"taxonomy":"product_brand","embeddable":true,"href":"https:\/\/oncleachour.ma\/ar\/wp-json\/wp\/v2\/product_brand?post=6617"},{"taxonomy":"product_cat","embeddable":true,"href":"https:\/\/oncleachour.ma\/ar\/wp-json\/wp\/v2\/product_cat?post=6617"},{"taxonomy":"product_tag","embeddable":true,"href":"https:\/\/oncleachour.ma\/ar\/wp-json\/wp\/v2\/product_tag?post=6617"}],"curies":[{"name":"wp","href":"https:\/\/api.w.org\/{rel}","templated":true}]}}