{"id":6628,"date":"2026-02-15T22:38:36","date_gmt":"2026-02-15T22:38:36","guid":{"rendered":"https:\/\/oncleachour.ma\/?post_type=product&#038;p=6628"},"modified":"2026-02-16T14:26:29","modified_gmt":"2026-02-16T14:26:29","slug":"%d9%83%d8%a7%d9%88%d9%83%d8%a7%d9%88-%d9%85%d8%ba%d9%84%d9%81-%d8%a8%d8%a7%d9%84%d8%ac%d9%86%d8%ac%d9%84%d8%a7%d9%86-cacahuetes-enrobees-de-sesame","status":"publish","type":"product","link":"https:\/\/oncleachour.ma\/ar\/product\/%d9%83%d8%a7%d9%88%d9%83%d8%a7%d9%88-%d9%85%d8%ba%d9%84%d9%81-%d8%a8%d8%a7%d9%84%d8%ac%d9%86%d8%ac%d9%84%d8%a7%d9%86-cacahuetes-enrobees-de-sesame\/","title":{"rendered":"\u0643\u0627\u0648\u0643\u0627\u0648 \u0645\u063a\u0644\u0641 \u0628\u0627\u0644\u062c\u0646\u062c\u0644\u0627\u0646 &#8211; Cacahu\u00e8tes enrob\u00e9es de s\u00e9same"},"content":{"rendered":"<p data-start=\"527\" data-end=\"750\">\u0627\u0633\u062a\u0645\u062a\u0639 \u0628\u0637\u0639\u0645 \u0627\u0644\u0643\u0627\u0648\u0643\u0627\u0648 \u0627\u0644\u0645\u0642\u0631\u0645\u0634 \u0627\u0644\u0645\u063a\u0644\u0641 \u0628\u062d\u0628\u0648\u0628 \u0627\u0644\u062c\u0646\u062c\u0644\u0627\u0646 \u0627\u0644\u0630\u0647\u0628\u064a\u0629\u060c \u0633\u0646\u0627\u0643 \u062a\u0642\u0644\u064a\u062f\u064a \u063a\u0646\u064a \u0628\u0627\u0644\u0646\u0643\u0647\u0629 \u0648\u0627\u0644\u0637\u0627\u0642\u0629.<br data-start=\"639\" data-end=\"642\" \/>\u064a\u062c\u0645\u0639 \u0628\u064a\u0646 \u0627\u0644\u0628\u0631\u0648\u062a\u064a\u0646 \u0627\u0644\u0646\u0628\u0627\u062a\u064a \u0648\u0641\u0648\u0627\u0626\u062f \u0627\u0644\u0633\u0645\u0633\u0645 \u0627\u0644\u0645\u0639\u0631\u0648\u0641 \u0628\u063a\u0646\u0627\u0647 \u0628\u0627\u0644\u0645\u0639\u0627\u062f\u0646. \u0645\u062b\u0627\u0644\u064a \u0644\u0644\u062a\u0642\u062f\u064a\u0645 \u0645\u0639 \u0627\u0644\u0634\u0627\u064a \u0623\u0648 \u0643\u0648\u062c\u0628\u0629 \u062e\u0641\u064a\u0641\u0629 \u064a\u0648\u0645\u064a\u0629.<\/p>\n<p data-start=\"752\" data-end=\"843\">\u2714 \u063a\u0646\u064a \u0628\u0627\u0644\u0628\u0631\u0648\u062a\u064a\u0646<br data-start=\"767\" data-end=\"770\" \/>\u2714 \u0645\u0635\u062f\u0631 \u062c\u064a\u062f \u0644\u0644\u0637\u0627\u0642\u0629<br data-start=\"787\" data-end=\"790\" \/>\u2714 \u064a\u062d\u062a\u0648\u064a \u0639\u0644\u0649 \u062f\u0647\u0648\u0646 \u0635\u062d\u064a\u0629<br data-start=\"811\" data-end=\"814\" \/>\u2714 \u0642\u0631\u0645\u0634\u0629 \u0645\u0645\u064a\u0632\u0629 \u0648\u0646\u0643\u0647\u0629 \u062a\u0642\u0644\u064a\u062f\u064a\u0629<\/p>\n<p data-start=\"845\" data-end=\"1099\"><br data-start=\"864\" data-end=\"867\" \/>Savourez des cacahu\u00e8tes croustillantes enrob\u00e9es de graines de s\u00e9same dor\u00e9es.<br data-start=\"943\" data-end=\"946\" \/>Un snack traditionnel riche en go\u00fbt et en \u00e9nergie, combinant prot\u00e9ines v\u00e9g\u00e9tales et bienfaits nutritionnels du s\u00e9same. Id\u00e9al avec le th\u00e9 ou en collation.<\/p>\n<p data-start=\"1101\" data-end=\"1230\">\u2714 Riche en prot\u00e9ines<br data-start=\"1121\" data-end=\"1124\" \/>\u2714 Bonne source d\u2019\u00e9nergie<br data-start=\"1148\" data-end=\"1151\" \/>\u2714 Contient de bonnes graisses<br data-start=\"1180\" data-end=\"1183\" \/>\u2714 Texture croustillante et saveur authentique<\/p>","protected":false},"excerpt":{"rendered":"<p data-start=\"251\" data-end=\"365\">\u0643\u0627\u0648\u0643\u0627\u0648 \u0645\u062d\u0645\u0635 \u0648\u0645\u063a\u0644\u0641 \u0628\u0637\u0628\u0642\u0629 \u0645\u0642\u0631\u0645\u0634\u0629 \u0645\u0646 \u062d\u0628\u0648\u0628 \u0627\u0644\u062c\u0646\u062c\u0644\u0627\u0646\u060c \u0645\u0632\u064a\u062c \u0634\u0647\u064a \u064a\u062c\u0645\u0639 \u0628\u064a\u0646 \u0627\u0644\u0642\u0631\u0645\u0634\u0629 \u0648\u0627\u0644\u0637\u0639\u0645 \u0627\u0644\u062d\u0644\u0648 \u0627\u0644\u063a\u0646\u064a.<\/p>\n<p data-start=\"367\" data-end=\"499\"><br data-start=\"386\" data-end=\"389\" \/>Cacahu\u00e8tes grill\u00e9es enrob\u00e9es d\u2019une couche croustillante de graines de s\u00e9same, un m\u00e9lange gourmand et croquant.<\/p>","protected":false},"featured_media":6629,"comment_status":"open","ping_status":"closed","template":"","meta":{"iawp_total_views":171,"_joinchat":[]},"product_brand":[],"product_cat":[40],"product_tag":[],"class_list":{"0":"post-6628","1":"product","2":"type-product","3":"status-publish","4":"has-post-thumbnail","6":"product_cat-fruits-secs","8":"first","9":"instock","10":"shipping-taxable","11":"purchasable","12":"product-type-variable"},"aioseo_notices":[],"jetpack_sharing_enabled":true,"_links":{"self":[{"href":"https:\/\/oncleachour.ma\/ar\/wp-json\/wp\/v2\/product\/6628","targetHints":{"allow":["GET"]}}],"collection":[{"href":"https:\/\/oncleachour.ma\/ar\/wp-json\/wp\/v2\/product"}],"about":[{"href":"https:\/\/oncleachour.ma\/ar\/wp-json\/wp\/v2\/types\/product"}],"replies":[{"embeddable":true,"href":"https:\/\/oncleachour.ma\/ar\/wp-json\/wp\/v2\/comments?post=6628"}],"wp:featuredmedia":[{"embeddable":true,"href":"https:\/\/oncleachour.ma\/ar\/wp-json\/wp\/v2\/media\/6629"}],"wp:attachment":[{"href":"https:\/\/oncleachour.ma\/ar\/wp-json\/wp\/v2\/media?parent=6628"}],"wp:term":[{"taxonomy":"product_brand","embeddable":true,"href":"https:\/\/oncleachour.ma\/ar\/wp-json\/wp\/v2\/product_brand?post=6628"},{"taxonomy":"product_cat","embeddable":true,"href":"https:\/\/oncleachour.ma\/ar\/wp-json\/wp\/v2\/product_cat?post=6628"},{"taxonomy":"product_tag","embeddable":true,"href":"https:\/\/oncleachour.ma\/ar\/wp-json\/wp\/v2\/product_tag?post=6628"}],"curies":[{"name":"wp","href":"https:\/\/api.w.org\/{rel}","templated":true}]}}