{"id":6632,"date":"2026-02-15T23:06:34","date_gmt":"2026-02-15T23:06:34","guid":{"rendered":"https:\/\/oncleachour.ma\/?post_type=product&#038;p=6632"},"modified":"2026-04-27T13:09:16","modified_gmt":"2026-04-27T13:09:16","slug":"%d8%a7%d9%84%d8%b4%d8%a7%d9%8a-%d8%a7%d9%84%d8%a3%d8%ae%d8%b6%d8%b1-%d8%ac%d9%88%d8%af%d8%a9-%d8%b9%d8%a7%d9%84%d9%8a%d8%a9-the-vert-qualite-superieure","status":"publish","type":"product","link":"https:\/\/oncleachour.ma\/ar\/product\/%d8%a7%d9%84%d8%b4%d8%a7%d9%8a-%d8%a7%d9%84%d8%a3%d8%ae%d8%b6%d8%b1-%d8%ac%d9%88%d8%af%d8%a9-%d8%b9%d8%a7%d9%84%d9%8a%d8%a9-the-vert-qualite-superieure\/","title":{"rendered":"\u0627\u0644\u0634\u0627\u064a \u0627\u0644\u0623\u062e\u0636\u0631 \u2013 \u062c\u0648\u062f\u0629 \u0639\u0627\u0644\u064a\u0629 &#8211; Th\u00e9 vert \u2013 Qualit\u00e9 sup\u00e9rieure"},"content":{"rendered":"<p data-start=\"578\" data-end=\"759\">\u0627\u0633\u062a\u0645\u062a\u0639 \u0628\u0643\u0648\u0628 \u0645\u0646 \u0627\u0644\u0634\u0627\u064a \u0627\u0644\u0623\u062e\u0636\u0631 \u0627\u0644\u0641\u0627\u062e\u0631 \u0645\u0646 Oncle Achour\u060c \u064a\u062a\u0645\u064a\u0632 \u0628\u0623\u0648\u0631\u0627\u0642 \u0645\u062e\u062a\u0627\u0631\u0629 \u0628\u0639\u0646\u0627\u064a\u0629 \u0644\u0636\u0645\u0627\u0646 \u0646\u0643\u0647\u0629 \u0645\u062a\u0648\u0627\u0632\u0646\u0629 \u0648\u0644\u0648\u0646 \u0630\u0647\u0628\u064a \u062c\u0630\u0627\u0628.<br data-start=\"711\" data-end=\"714\" \/>\u0645\u062b\u0627\u0644\u064a \u0644\u0644\u062a\u062d\u0636\u064a\u0631 \u0627\u0644\u062a\u0642\u0644\u064a\u062f\u064a \u0623\u0648 \u0645\u0639 \u0627\u0644\u0646\u0639\u0646\u0627\u0639 \u0627\u0644\u0645\u063a\u0631\u0628\u064a.<\/p>\n<p data-start=\"761\" data-end=\"866\">\u2714 \u063a\u0646\u064a \u0628\u0645\u0636\u0627\u062f\u0627\u062a \u0627\u0644\u0623\u0643\u0633\u062f\u0629<br data-start=\"782\" data-end=\"785\" \/>\u2714 \u0645\u0646\u0639\u0634 \u0648\u062e\u0641\u064a\u0641 \u0639\u0644\u0649 \u0627\u0644\u0645\u0639\u062f\u0629<br data-start=\"808\" data-end=\"811\" \/>\u2714 \u0645\u0646\u0627\u0633\u0628 \u0644\u0644\u0627\u0633\u062a\u0647\u0644\u0627\u0643 \u0627\u0644\u064a\u0648\u0645\u064a<br data-start=\"835\" data-end=\"838\" \/>\u2714 \u062c\u0648\u062f\u0629 \u0639\u0627\u0644\u064a\u0629 \u0645\u062e\u062a\u0627\u0631\u0629 \u0628\u0639\u0646\u0627\u064a\u0629<\/p>\n<p data-start=\"868\" data-end=\"1081\"><br data-start=\"887\" data-end=\"890\" \/>Savourez un th\u00e9 vert premium s\u00e9lectionn\u00e9 avec soin pour garantir une saveur \u00e9quilibr\u00e9e et une belle couleur dor\u00e9e.<br data-start=\"1004\" data-end=\"1007\" \/>Parfait pour la pr\u00e9paration traditionnelle ou avec de la menthe marocaine.<\/p>\n<p data-start=\"1083\" data-end=\"1190\">\u2714 Riche en antioxydants<br data-start=\"1106\" data-end=\"1109\" \/>\u2714 L\u00e9ger et rafra\u00eechissant<br data-start=\"1134\" data-end=\"1137\" \/>\u2714 Id\u00e9al au quotidien<br data-start=\"1157\" data-end=\"1160\" \/>\u2714 S\u00e9lection de haute qualit\u00e9<\/p>","protected":false},"excerpt":{"rendered":"<p data-start=\"301\" data-end=\"410\">\u0634\u0627\u064a \u0623\u062e\u0636\u0631 \u0637\u0628\u064a\u0639\u064a \u0639\u0627\u0644\u064a \u0627\u0644\u062c\u0648\u062f\u0629\u060c \u063a\u0646\u064a \u0628\u0627\u0644\u0646\u0643\u0647\u0629 \u0627\u0644\u0637\u0627\u0632\u062c\u0629 \u0648\u0627\u0644\u0631\u0627\u0626\u062d\u0629 \u0627\u0644\u0645\u0646\u0639\u0634\u0629\u060c \u0645\u062b\u0627\u0644\u064a \u0644\u0644\u0627\u0633\u062a\u0647\u0644\u0627\u0643 \u0627\u0644\u064a\u0648\u0645\u064a.<\/p>\n<p data-start=\"412\" data-end=\"550\"><br data-start=\"431\" data-end=\"434\" \/>Th\u00e9 vert naturel de qualit\u00e9 sup\u00e9rieure, au go\u00fbt frais et \u00e0 l\u2019ar\u00f4me d\u00e9licat, id\u00e9al pour une consommation quotidienne.<\/p>","protected":false},"featured_media":6633,"comment_status":"open","ping_status":"closed","template":"","meta":{"iawp_total_views":107,"_joinchat":[]},"product_brand":[],"product_cat":[95,58],"product_tag":[],"class_list":{"0":"post-6632","1":"product","2":"type-product","3":"status-publish","4":"has-post-thumbnail","6":"product_cat-dattes-b","7":"product_cat-herbes-2","9":"first","10":"instock","11":"shipping-taxable","12":"purchasable","13":"product-type-variable"},"aioseo_notices":[],"jetpack_sharing_enabled":true,"_links":{"self":[{"href":"https:\/\/oncleachour.ma\/ar\/wp-json\/wp\/v2\/product\/6632","targetHints":{"allow":["GET"]}}],"collection":[{"href":"https:\/\/oncleachour.ma\/ar\/wp-json\/wp\/v2\/product"}],"about":[{"href":"https:\/\/oncleachour.ma\/ar\/wp-json\/wp\/v2\/types\/product"}],"replies":[{"embeddable":true,"href":"https:\/\/oncleachour.ma\/ar\/wp-json\/wp\/v2\/comments?post=6632"}],"wp:featuredmedia":[{"embeddable":true,"href":"https:\/\/oncleachour.ma\/ar\/wp-json\/wp\/v2\/media\/6633"}],"wp:attachment":[{"href":"https:\/\/oncleachour.ma\/ar\/wp-json\/wp\/v2\/media?parent=6632"}],"wp:term":[{"taxonomy":"product_brand","embeddable":true,"href":"https:\/\/oncleachour.ma\/ar\/wp-json\/wp\/v2\/product_brand?post=6632"},{"taxonomy":"product_cat","embeddable":true,"href":"https:\/\/oncleachour.ma\/ar\/wp-json\/wp\/v2\/product_cat?post=6632"},{"taxonomy":"product_tag","embeddable":true,"href":"https:\/\/oncleachour.ma\/ar\/wp-json\/wp\/v2\/product_tag?post=6632"}],"curies":[{"name":"wp","href":"https:\/\/api.w.org\/{rel}","templated":true}]}}