{"id":6827,"date":"2026-05-14T01:30:15","date_gmt":"2026-05-14T01:30:15","guid":{"rendered":"https:\/\/oncleachour.ma\/?post_type=product&#038;p=6827"},"modified":"2026-05-15T16:15:59","modified_gmt":"2026-05-15T16:15:59","slug":"pack-special-aid-al-adha-%d8%a8%d8%a7%d9%83-%d8%b9%d9%8a%d8%af-%d8%a7%d9%84%d8%a3%d8%b6%d8%ad%d9%89-copie","status":"publish","type":"product","link":"https:\/\/oncleachour.ma\/ar\/product\/pack-special-aid-al-adha-%d8%a8%d8%a7%d9%83-%d8%b9%d9%8a%d8%af-%d8%a7%d9%84%d8%a3%d8%b6%d8%ad%d9%89-copie\/","title":{"rendered":"Pack Sp\u00e9cial A\u00efd Al-Adha &#8211; \u0628\u0627\u0643 \u0639\u064a\u062f \u0627\u0644\u0623\u0636\u062d\u0649"},"content":{"rendered":"<h2>\ud83c\udf81 <strong>Pack Aid Al-Adha &#8211; \u00c9dition Sp\u00e9ciale<\/strong> | 21 produits \u2013 \u00c9pices &amp; Fruits secs<\/h2>\n<p>Offrez \u00e0 vos plats de f\u00eate les saveurs authentiques du Maroc avec ce <strong>pack exclusif compos\u00e9 de 21 produits soigneusement s\u00e9lectionn\u00e9s<\/strong>. Un m\u00e9lange parfait d&#8217;\u00e9pices traditionnelles et de fruits secs premium pour r\u00e9ussir tous vos plats de l&#8217;A\u00efd.<\/p>\n<h3>\ud83d\udce6 <strong>Contenu du pack<\/strong> :<\/h3>\n<h4>\ud83e\uddc2 <strong>\u00c9pices (200g chacune)<\/strong> :<\/h4>\n<ul>\n<li>Safran<\/li>\n<li>Cumin du terroir \u2013 200g<\/li>\n<li>Curcuma \u2013 200g<\/li>\n<li>Gingembre \u2013 200g<\/li>\n<li>Paprika doux \u2013 200g<\/li>\n<li>Paprika sans huile \u2013 200g<\/li>\n<li>Cannelle \u2013 200g<\/li>\n<li>Ail en poudre \u2013 200g<\/li>\n<li>\u00c9pices pour brochettes \u2013 200g<\/li>\n<li>\u00c9pices pour kefta \u2013 200g<\/li>\n<li>\u00c9pices pour viande \u2013 200g<\/li>\n<li>\u00c9pices pour Mrouzia \u2013 200g<\/li>\n<li>Paprika fum\u00e9 \u2013 200g<\/li>\n<li>Poivre noir moulu \u2013 200g<\/li>\n<li>Coriandre moulue \u2013 200g<\/li>\n<\/ul>\n<h4>\ud83c\udf51 <strong>\u0641\u0648\u0627\u0643\u0647 \u062c\u0627\u0641\u0629<\/strong> et s\u00e9ches:<\/h4>\n<ul>\n<li>Pruneaux d\u00e9noyaut\u00e9s \u2013 500g<\/li>\n<li>Amandes enti\u00e8res naturelles \u2013 500g<\/li>\n<li>M\u00e9lange d&#8217;ananas et de kiwi s\u00e9ch\u00e9s\u2013 500g<\/li>\n<li>Raisins jaunes Jumbo \u2013 500g<\/li>\n<li>Raisins rouges \u2013 500g<\/li>\n<li>Th\u00e9 oncle achour &#8211; 500g<br \/>\n\u2705 <strong>Caract\u00e9ristiques<\/strong> :<\/li>\n<\/ul>\n<ul>\n<li>Produits 100% naturels et de haute qualit\u00e9<\/li>\n<li>S\u00e9lectionn\u00e9s avec soin pour les plats traditionnels marocains<\/li>\n<li>Conditionnement hygi\u00e9nique et s\u00e9curis\u00e9<\/li>\n<\/ul>\n<p>&nbsp;<\/p>","protected":false},"excerpt":{"rendered":"<ul>\n<li>Produits 100% naturels et de haute qualit\u00e9<\/li>\n<li>S\u00e9lectionn\u00e9s avec soin pour les plats traditionnels marocains<\/li>\n<li>Conditionnement hygi\u00e9nique et s\u00e9curis\u00e9<\/li>\n<\/ul>","protected":false},"featured_media":6828,"comment_status":"open","ping_status":"closed","template":"","meta":{"iawp_total_views":87,"_joinchat":[]},"product_brand":[],"product_cat":[71],"product_tag":[],"class_list":{"0":"post-6827","1":"product","2":"type-product","3":"status-publish","4":"has-post-thumbnail","6":"product_cat-pack","8":"first","9":"instock","10":"shipping-taxable","11":"purchasable","12":"product-type-simple"},"aioseo_notices":[],"jetpack_sharing_enabled":true,"_links":{"self":[{"href":"https:\/\/oncleachour.ma\/ar\/wp-json\/wp\/v2\/product\/6827","targetHints":{"allow":["GET"]}}],"collection":[{"href":"https:\/\/oncleachour.ma\/ar\/wp-json\/wp\/v2\/product"}],"about":[{"href":"https:\/\/oncleachour.ma\/ar\/wp-json\/wp\/v2\/types\/product"}],"replies":[{"embeddable":true,"href":"https:\/\/oncleachour.ma\/ar\/wp-json\/wp\/v2\/comments?post=6827"}],"wp:featuredmedia":[{"embeddable":true,"href":"https:\/\/oncleachour.ma\/ar\/wp-json\/wp\/v2\/media\/6828"}],"wp:attachment":[{"href":"https:\/\/oncleachour.ma\/ar\/wp-json\/wp\/v2\/media?parent=6827"}],"wp:term":[{"taxonomy":"product_brand","embeddable":true,"href":"https:\/\/oncleachour.ma\/ar\/wp-json\/wp\/v2\/product_brand?post=6827"},{"taxonomy":"product_cat","embeddable":true,"href":"https:\/\/oncleachour.ma\/ar\/wp-json\/wp\/v2\/product_cat?post=6827"},{"taxonomy":"product_tag","embeddable":true,"href":"https:\/\/oncleachour.ma\/ar\/wp-json\/wp\/v2\/product_tag?post=6827"}],"curies":[{"name":"wp","href":"https:\/\/api.w.org\/{rel}","templated":true}]}}