{"id":6833,"date":"2026-05-15T16:16:12","date_gmt":"2026-05-15T16:16:12","guid":{"rendered":"https:\/\/oncleachour.ma\/?post_type=product&#038;p=6833"},"modified":"2026-05-15T16:20:24","modified_gmt":"2026-05-15T16:20:24","slug":"pack-aid-royal","status":"publish","type":"product","link":"https:\/\/oncleachour.ma\/ar\/product\/pack-aid-royal\/","title":{"rendered":"Pack  A\u00efd  Royal &#8211; \u0628\u0627\u0643 \u0627\u0644\u0639\u064a\u062f \u0627\u0644\u0645\u0644\u0643\u064a"},"content":{"rendered":"<h2>\ud83c\udf81 <strong>\u00a0Pack A\u00efd Royal &#8211; \u00c9dition Sp\u00e9ciale<\/strong> | 6 produits<\/h2>\n<p>Offrez \u00e0 vos plats de f\u00eate les saveurs authentiques du Maroc avec ce <strong>pack exclusif compos\u00e9 de 6 produits soigneusement s\u00e9lectionn\u00e9s<\/strong>.<\/p>\n<h3>\ud83d\udce6 <strong>Contenu du pack<\/strong> :<\/h3>\n<h4>\ud83c\udf51 <strong>\u0641\u0648\u0627\u0643\u0647 \u062c\u0627\u0641\u0629<\/strong> et s\u00e9ches:<\/h4>\n<ul>\n<li>Pruneaux\u00a0 \u2013 500g<\/li>\n<li>Amandes enti\u00e8res naturelles \u2013 500g<\/li>\n<li>M\u00e9lange d&#8217;ananas et de kiwi s\u00e9ch\u00e9s\u2013 500g<\/li>\n<li>Raisins jaunes Jumbo \u2013 500g<\/li>\n<li>Raisins rouges \u2013 500g<\/li>\n<li>Th\u00e9 oncle achour &#8211; 500g<br \/>\n\u2705 <strong>Caract\u00e9ristiques<\/strong> :<\/li>\n<\/ul>\n<ul>\n<li>Produits 100% naturels et de haute qualit\u00e9<\/li>\n<li>S\u00e9lectionn\u00e9s avec soin pour les plats traditionnels marocains<\/li>\n<li>Conditionnement hygi\u00e9nique et s\u00e9curis\u00e9<\/li>\n<\/ul>\n<p>&nbsp;<\/p>","protected":false},"excerpt":{"rendered":"<ul>\n<li>Produits 100% naturels et de haute qualit\u00e9<\/li>\n<li>S\u00e9lectionn\u00e9s avec soin pour les plats traditionnels marocains<\/li>\n<li>Conditionnement hygi\u00e9nique et s\u00e9curis\u00e9<\/li>\n<\/ul>","protected":false},"featured_media":6834,"comment_status":"open","ping_status":"closed","template":"","meta":{"iawp_total_views":44,"_joinchat":[]},"product_brand":[],"product_cat":[71],"product_tag":[],"class_list":{"0":"post-6833","1":"product","2":"type-product","3":"status-publish","4":"has-post-thumbnail","6":"product_cat-pack","8":"first","9":"instock","10":"shipping-taxable","11":"purchasable","12":"product-type-simple"},"aioseo_notices":[],"jetpack_sharing_enabled":true,"_links":{"self":[{"href":"https:\/\/oncleachour.ma\/ar\/wp-json\/wp\/v2\/product\/6833","targetHints":{"allow":["GET"]}}],"collection":[{"href":"https:\/\/oncleachour.ma\/ar\/wp-json\/wp\/v2\/product"}],"about":[{"href":"https:\/\/oncleachour.ma\/ar\/wp-json\/wp\/v2\/types\/product"}],"replies":[{"embeddable":true,"href":"https:\/\/oncleachour.ma\/ar\/wp-json\/wp\/v2\/comments?post=6833"}],"wp:featuredmedia":[{"embeddable":true,"href":"https:\/\/oncleachour.ma\/ar\/wp-json\/wp\/v2\/media\/6834"}],"wp:attachment":[{"href":"https:\/\/oncleachour.ma\/ar\/wp-json\/wp\/v2\/media?parent=6833"}],"wp:term":[{"taxonomy":"product_brand","embeddable":true,"href":"https:\/\/oncleachour.ma\/ar\/wp-json\/wp\/v2\/product_brand?post=6833"},{"taxonomy":"product_cat","embeddable":true,"href":"https:\/\/oncleachour.ma\/ar\/wp-json\/wp\/v2\/product_cat?post=6833"},{"taxonomy":"product_tag","embeddable":true,"href":"https:\/\/oncleachour.ma\/ar\/wp-json\/wp\/v2\/product_tag?post=6833"}],"curies":[{"name":"wp","href":"https:\/\/api.w.org\/{rel}","templated":true}]}}