{"id":6836,"date":"2026-05-15T16:22:36","date_gmt":"2026-05-15T16:22:36","guid":{"rendered":"https:\/\/oncleachour.ma\/?post_type=product&#038;p=6836"},"modified":"2026-05-15T16:26:16","modified_gmt":"2026-05-15T16:26:16","slug":"pack-saveurs-de-laid","status":"publish","type":"product","link":"https:\/\/oncleachour.ma\/ar\/product\/pack-saveurs-de-laid\/","title":{"rendered":"Pack saveurs de l&#8217;A\u00efd &#8211; \u0628\u0627\u0643 \u0646\u0643\u0647\u0629 \u0627\u0644\u0639\u064a\u062f"},"content":{"rendered":"<h2>\ud83c\udf81 <strong>Pack saveurs de l&#8217;A\u00efd &#8211; \u00c9dition Sp\u00e9ciale<\/strong> | 15 produits \u2013 \u00c9pices<\/h2>\n<p>Offrez \u00e0 vos plats de f\u00eate les saveurs authentiques du Maroc avec ce <strong>pack exclusif compos\u00e9 de 15 produits soigneusement s\u00e9lectionn\u00e9s<\/strong>. Un m\u00e9lange parfait d&#8217;\u00e9pices traditionnelles\u00a0 pour r\u00e9ussir tous vos plats de l&#8217;A\u00efd.<\/p>\n<h3>\ud83d\udce6 <strong>Contenu du pack<\/strong> :<\/h3>\n<h4>\ud83e\uddc2 <strong>\u00c9pices (200g chacune)<\/strong> :<\/h4>\n<ul>\n<li>Safran<\/li>\n<li>Cumin du terroir \u2013 200g<\/li>\n<li>Curcuma \u2013 200g<\/li>\n<li>Gingembre \u2013 200g<\/li>\n<li>Paprika doux \u2013 200g<\/li>\n<li>Paprika sans huile \u2013 200g<\/li>\n<li>Cannelle \u2013 200g<\/li>\n<li>Ail en poudre \u2013 200g<\/li>\n<li>\u00c9pices pour brochettes \u2013 200g<\/li>\n<li>\u00c9pices pour kefta \u2013 200g<\/li>\n<li>\u00c9pices pour viande \u2013 200g<\/li>\n<li>\u00c9pices pour Mrouzia \u2013 200g<\/li>\n<li>Paprika fum\u00e9 \u2013 200g<\/li>\n<li>Poivre noir moulu \u2013 200g<\/li>\n<li>Coriandre moulue \u2013 200g<\/li>\n<\/ul>\n<ul>\n<li>\u2705 <strong>Caract\u00e9ristiques<\/strong> :<\/li>\n<\/ul>\n<ul>\n<li>Produits 100% naturels et de haute qualit\u00e9<\/li>\n<li>S\u00e9lectionn\u00e9s avec soin pour les plats traditionnels marocains<\/li>\n<li>Conditionnement hygi\u00e9nique et s\u00e9curis\u00e9<\/li>\n<\/ul>\n<p>&nbsp;<\/p>","protected":false},"excerpt":{"rendered":"<ul>\n<li>Produits 100% naturels et de haute qualit\u00e9<\/li>\n<li>S\u00e9lectionn\u00e9s avec soin pour les plats traditionnels marocains<\/li>\n<li>Conditionnement hygi\u00e9nique et s\u00e9curis\u00e9<\/li>\n<\/ul>","protected":false},"featured_media":6837,"comment_status":"open","ping_status":"closed","template":"","meta":{"iawp_total_views":61,"_joinchat":[]},"product_brand":[],"product_cat":[71],"product_tag":[],"class_list":{"0":"post-6836","1":"product","2":"type-product","3":"status-publish","4":"has-post-thumbnail","6":"product_cat-pack","8":"first","9":"instock","10":"shipping-taxable","11":"purchasable","12":"product-type-simple"},"aioseo_notices":[],"jetpack_sharing_enabled":true,"_links":{"self":[{"href":"https:\/\/oncleachour.ma\/ar\/wp-json\/wp\/v2\/product\/6836","targetHints":{"allow":["GET"]}}],"collection":[{"href":"https:\/\/oncleachour.ma\/ar\/wp-json\/wp\/v2\/product"}],"about":[{"href":"https:\/\/oncleachour.ma\/ar\/wp-json\/wp\/v2\/types\/product"}],"replies":[{"embeddable":true,"href":"https:\/\/oncleachour.ma\/ar\/wp-json\/wp\/v2\/comments?post=6836"}],"wp:featuredmedia":[{"embeddable":true,"href":"https:\/\/oncleachour.ma\/ar\/wp-json\/wp\/v2\/media\/6837"}],"wp:attachment":[{"href":"https:\/\/oncleachour.ma\/ar\/wp-json\/wp\/v2\/media?parent=6836"}],"wp:term":[{"taxonomy":"product_brand","embeddable":true,"href":"https:\/\/oncleachour.ma\/ar\/wp-json\/wp\/v2\/product_brand?post=6836"},{"taxonomy":"product_cat","embeddable":true,"href":"https:\/\/oncleachour.ma\/ar\/wp-json\/wp\/v2\/product_cat?post=6836"},{"taxonomy":"product_tag","embeddable":true,"href":"https:\/\/oncleachour.ma\/ar\/wp-json\/wp\/v2\/product_tag?post=6836"}],"curies":[{"name":"wp","href":"https:\/\/api.w.org\/{rel}","templated":true}]}}